{"id":50540,"date":"2023-03-21T15:12:57","date_gmt":"2023-03-21T15:12:57","guid":{"rendered":"https:\/\/www.istegroup.com\/?post_type=product&#038;p=50540"},"modified":"2024-06-21T10:48:39","modified_gmt":"2024-06-21T09:48:39","slug":"mediatisation-de-la-science-et-diffusion-des-connaissances","status":"publish","type":"product","link":"https:\/\/www.istegroup.com\/fr\/produit\/mediatisation-de-la-science-et-diffusion-des-connaissances\/","title":{"rendered":"M\u00e9diatisation de la science et diffusion des connaissances"},"content":{"rendered":"<p>M\u00e9diatiser les questions scientifiques est un processus d\u2019une grande complexit\u00e9. Il s\u2019agit de rendre un domaine sp\u00e9cialis\u00e9 accessible au citoyen, sans n\u00e9cessairement diffuser les termes ou les connaissances scientifiques associ\u00e9es.<\/p>\n<p><em>M\u00e9diatisation de la science et diffusion des connaissances<\/em> met en perspective la question de la m\u00e9diatisation scientifique \u00e0 travers une \u00e9tude de cas dans le domaine de l\u2019agro\u00e9cologie. L\u2019analyse de donn\u00e9es textuelles porte sur des articles de presse g\u00e9n\u00e9raliste en langue fran\u00e7aise et anglaise consacr\u00e9s aux pratiques de protection des plantes par des m\u00e9canismes naturels (lutte biologique et biocontr\u00f4le).<\/p>\n<p>Cet ouvrage apporte un regard terminologique et cognitif sur les probl\u00e9matiques de vulgarisation scientifique dans un domaine en plein essor et sur les d\u00e9fis \u00e0 relever dans le secteur constamment renouvel\u00e9 de la communication environnementale.<\/p>","protected":false},"excerpt":{"rendered":"<p>M\u00e9diatiser les questions scientifiques est un processus d\u2019une grande complexit\u00e9. Il s\u2019agit de rendre un domaine sp\u00e9cialis\u00e9 accessible au citoyen, sans n\u00e9cessairement diffuser les termes ou les connaissances scientifiques associ\u00e9es. M\u00e9diatisation de la science et diffusion des connaissances met en perspective la question de la m\u00e9diatisation scientifique \u00e0 travers une \u00e9tude de cas dans le [&hellip;]<\/p>\n","protected":false},"featured_media":50548,"template":"","meta":{"_acf_changed":false,"_links_to":"","_links_to_target":""},"product_brand":[],"product_cat":[684],"product_tag":[],"class_list":{"0":"post-50540","1":"product","2":"type-product","3":"status-publish","4":"has-post-thumbnail","6":"product_cat-sciences-socit-et-nouvelles-technologies-188422468","8":"first","9":"instock","10":"shipping-taxable","11":"purchasable","12":"product-type-variable"},"acf":[],"yoast_head":"<!-- This site is optimized with the Yoast SEO plugin v27.2 - https:\/\/yoast.com\/product\/yoast-seo-wordpress\/ -->\n<title>M\u00e9diatisation de la science et diffusion des connaissances - ISTE Group<\/title>\n<meta name=\"robots\" content=\"index, follow, max-snippet:-1, max-image-preview:large, max-video-preview:-1\" \/>\n<link rel=\"canonical\" href=\"https:\/\/www.istegroup.com\/fr\/produit\/mediatisation-de-la-science-et-diffusion-des-connaissances\/\" \/>\n<meta property=\"og:locale\" content=\"fr_FR\" \/>\n<meta property=\"og:type\" content=\"article\" \/>\n<meta property=\"og:title\" content=\"M\u00e9diatisation de la science et diffusion des connaissances - ISTE Group\" \/>\n<meta property=\"og:description\" content=\"M\u00e9diatiser les questions scientifiques est un processus d\u2019une grande complexit\u00e9. Il s\u2019agit de rendre un domaine sp\u00e9cialis\u00e9 accessible au citoyen, sans n\u00e9cessairement diffuser les termes ou les connaissances scientifiques associ\u00e9es. M\u00e9diatisation de la science et diffusion des connaissances met en perspective la question de la m\u00e9diatisation scientifique \u00e0 travers une \u00e9tude de cas dans le [&hellip;]\" \/>\n<meta property=\"og:url\" content=\"https:\/\/www.istegroup.com\/fr\/produit\/mediatisation-de-la-science-et-diffusion-des-connaissances\/\" \/>\n<meta property=\"og:site_name\" content=\"ISTE Group\" \/>\n<meta property=\"article:modified_time\" content=\"2024-06-21T09:48:39+00:00\" \/>\n<meta property=\"og:image\" content=\"https:\/\/www.istegroup.com\/wp-content\/uploads\/2023\/03\/Mediatisation-de-la-science-et-diffusion-des-connaissances.jpg\" \/>\n\t<meta property=\"og:image:width\" content=\"597\" \/>\n\t<meta property=\"og:image:height\" content=\"897\" \/>\n\t<meta property=\"og:image:type\" content=\"image\/jpeg\" \/>\n<meta name=\"twitter:card\" content=\"summary_large_image\" \/>\n<meta name=\"twitter:label1\" content=\"Est. reading time\" \/>\n\t<meta name=\"twitter:data1\" content=\"1 minute\" \/>\n<script type=\"application\/ld+json\" class=\"yoast-schema-graph\">{\"@context\":\"https:\/\/schema.org\",\"@graph\":[{\"@type\":\"WebPage\",\"@id\":\"https:\/\/www.istegroup.com\/fr\/produit\/mediatisation-de-la-science-et-diffusion-des-connaissances\/\",\"url\":\"https:\/\/www.istegroup.com\/fr\/produit\/mediatisation-de-la-science-et-diffusion-des-connaissances\/\",\"name\":\"M\u00e9diatisation de la science et diffusion des connaissances - ISTE Group\",\"isPartOf\":{\"@id\":\"https:\/\/www.istegroup.com\/#website\"},\"primaryImageOfPage\":{\"@id\":\"https:\/\/www.istegroup.com\/fr\/produit\/mediatisation-de-la-science-et-diffusion-des-connaissances\/#primaryimage\"},\"image\":{\"@id\":\"https:\/\/www.istegroup.com\/fr\/produit\/mediatisation-de-la-science-et-diffusion-des-connaissances\/#primaryimage\"},\"thumbnailUrl\":\"https:\/\/www.istegroup.com\/wp-content\/uploads\/2023\/03\/Mediatisation-de-la-science-et-diffusion-des-connaissances.jpg\",\"datePublished\":\"2023-03-21T15:12:57+00:00\",\"dateModified\":\"2024-06-21T09:48:39+00:00\",\"breadcrumb\":{\"@id\":\"https:\/\/www.istegroup.com\/fr\/produit\/mediatisation-de-la-science-et-diffusion-des-connaissances\/#breadcrumb\"},\"inLanguage\":\"fr-FR\",\"potentialAction\":[{\"@type\":\"ReadAction\",\"target\":[\"https:\/\/www.istegroup.com\/fr\/produit\/mediatisation-de-la-science-et-diffusion-des-connaissances\/\"]}]},{\"@type\":\"ImageObject\",\"inLanguage\":\"fr-FR\",\"@id\":\"https:\/\/www.istegroup.com\/fr\/produit\/mediatisation-de-la-science-et-diffusion-des-connaissances\/#primaryimage\",\"url\":\"https:\/\/www.istegroup.com\/wp-content\/uploads\/2023\/03\/Mediatisation-de-la-science-et-diffusion-des-connaissances.jpg\",\"contentUrl\":\"https:\/\/www.istegroup.com\/wp-content\/uploads\/2023\/03\/Mediatisation-de-la-science-et-diffusion-des-connaissances.jpg\",\"width\":597,\"height\":897,\"caption\":\"Livre scientifique - M\u00e9diatisation de la science et diffusion des connaissances\"},{\"@type\":\"BreadcrumbList\",\"@id\":\"https:\/\/www.istegroup.com\/fr\/produit\/mediatisation-de-la-science-et-diffusion-des-connaissances\/#breadcrumb\",\"itemListElement\":[{\"@type\":\"ListItem\",\"position\":1,\"name\":\"Home\",\"item\":\"https:\/\/www.istegroup.com\/\"},{\"@type\":\"ListItem\",\"position\":2,\"name\":\"Shop\",\"item\":\"https:\/\/www.istegroup.com\/fr\/nouveautes\/\"},{\"@type\":\"ListItem\",\"position\":3,\"name\":\"M\u00e9diatisation de la science et diffusion des connaissances\"}]},{\"@type\":\"WebSite\",\"@id\":\"https:\/\/www.istegroup.com\/#website\",\"url\":\"https:\/\/www.istegroup.com\/\",\"name\":\"ISTE Group\",\"description\":\"\u00c9diteur des Sciences\",\"potentialAction\":[{\"@type\":\"SearchAction\",\"target\":{\"@type\":\"EntryPoint\",\"urlTemplate\":\"https:\/\/www.istegroup.com\/?s={search_term_string}\"},\"query-input\":{\"@type\":\"PropertyValueSpecification\",\"valueRequired\":true,\"valueName\":\"search_term_string\"}}],\"inLanguage\":\"fr-FR\"}]}<\/script>\n<!-- \/ Yoast SEO plugin. -->","yoast_head_json":{"title":"M\u00e9diatisation de la science et diffusion des connaissances - ISTE Group","robots":{"index":"index","follow":"follow","max-snippet":"max-snippet:-1","max-image-preview":"max-image-preview:large","max-video-preview":"max-video-preview:-1"},"canonical":"https:\/\/www.istegroup.com\/fr\/produit\/mediatisation-de-la-science-et-diffusion-des-connaissances\/","og_locale":"fr_FR","og_type":"article","og_title":"M\u00e9diatisation de la science et diffusion des connaissances - ISTE Group","og_description":"M\u00e9diatiser les questions scientifiques est un processus d\u2019une grande complexit\u00e9. Il s\u2019agit de rendre un domaine sp\u00e9cialis\u00e9 accessible au citoyen, sans n\u00e9cessairement diffuser les termes ou les connaissances scientifiques associ\u00e9es. M\u00e9diatisation de la science et diffusion des connaissances met en perspective la question de la m\u00e9diatisation scientifique \u00e0 travers une \u00e9tude de cas dans le [&hellip;]","og_url":"https:\/\/www.istegroup.com\/fr\/produit\/mediatisation-de-la-science-et-diffusion-des-connaissances\/","og_site_name":"ISTE Group","article_modified_time":"2024-06-21T09:48:39+00:00","og_image":[{"width":597,"height":897,"url":"https:\/\/www.istegroup.com\/wp-content\/uploads\/2023\/03\/Mediatisation-de-la-science-et-diffusion-des-connaissances.jpg","type":"image\/jpeg"}],"twitter_card":"summary_large_image","twitter_misc":{"Est. reading time":"1 minute"},"schema":{"@context":"https:\/\/schema.org","@graph":[{"@type":"WebPage","@id":"https:\/\/www.istegroup.com\/fr\/produit\/mediatisation-de-la-science-et-diffusion-des-connaissances\/","url":"https:\/\/www.istegroup.com\/fr\/produit\/mediatisation-de-la-science-et-diffusion-des-connaissances\/","name":"M\u00e9diatisation de la science et diffusion des connaissances - ISTE Group","isPartOf":{"@id":"https:\/\/www.istegroup.com\/#website"},"primaryImageOfPage":{"@id":"https:\/\/www.istegroup.com\/fr\/produit\/mediatisation-de-la-science-et-diffusion-des-connaissances\/#primaryimage"},"image":{"@id":"https:\/\/www.istegroup.com\/fr\/produit\/mediatisation-de-la-science-et-diffusion-des-connaissances\/#primaryimage"},"thumbnailUrl":"https:\/\/www.istegroup.com\/wp-content\/uploads\/2023\/03\/Mediatisation-de-la-science-et-diffusion-des-connaissances.jpg","datePublished":"2023-03-21T15:12:57+00:00","dateModified":"2024-06-21T09:48:39+00:00","breadcrumb":{"@id":"https:\/\/www.istegroup.com\/fr\/produit\/mediatisation-de-la-science-et-diffusion-des-connaissances\/#breadcrumb"},"inLanguage":"fr-FR","potentialAction":[{"@type":"ReadAction","target":["https:\/\/www.istegroup.com\/fr\/produit\/mediatisation-de-la-science-et-diffusion-des-connaissances\/"]}]},{"@type":"ImageObject","inLanguage":"fr-FR","@id":"https:\/\/www.istegroup.com\/fr\/produit\/mediatisation-de-la-science-et-diffusion-des-connaissances\/#primaryimage","url":"https:\/\/www.istegroup.com\/wp-content\/uploads\/2023\/03\/Mediatisation-de-la-science-et-diffusion-des-connaissances.jpg","contentUrl":"https:\/\/www.istegroup.com\/wp-content\/uploads\/2023\/03\/Mediatisation-de-la-science-et-diffusion-des-connaissances.jpg","width":597,"height":897,"caption":"Livre scientifique - M\u00e9diatisation de la science et diffusion des connaissances"},{"@type":"BreadcrumbList","@id":"https:\/\/www.istegroup.com\/fr\/produit\/mediatisation-de-la-science-et-diffusion-des-connaissances\/#breadcrumb","itemListElement":[{"@type":"ListItem","position":1,"name":"Home","item":"https:\/\/www.istegroup.com\/"},{"@type":"ListItem","position":2,"name":"Shop","item":"https:\/\/www.istegroup.com\/fr\/nouveautes\/"},{"@type":"ListItem","position":3,"name":"M\u00e9diatisation de la science et diffusion des connaissances"}]},{"@type":"WebSite","@id":"https:\/\/www.istegroup.com\/#website","url":"https:\/\/www.istegroup.com\/","name":"ISTE Group","description":"\u00c9diteur des Sciences","potentialAction":[{"@type":"SearchAction","target":{"@type":"EntryPoint","urlTemplate":"https:\/\/www.istegroup.com\/?s={search_term_string}"},"query-input":{"@type":"PropertyValueSpecification","valueRequired":true,"valueName":"search_term_string"}}],"inLanguage":"fr-FR"}]}},"_links":{"self":[{"href":"https:\/\/www.istegroup.com\/fr\/wp-json\/wp\/v2\/product\/50540","targetHints":{"allow":["GET"]}}],"collection":[{"href":"https:\/\/www.istegroup.com\/fr\/wp-json\/wp\/v2\/product"}],"about":[{"href":"https:\/\/www.istegroup.com\/fr\/wp-json\/wp\/v2\/types\/product"}],"wp:featuredmedia":[{"embeddable":true,"href":"https:\/\/www.istegroup.com\/fr\/wp-json\/wp\/v2\/media\/50548"}],"wp:attachment":[{"href":"https:\/\/www.istegroup.com\/fr\/wp-json\/wp\/v2\/media?parent=50540"}],"wp:term":[{"taxonomy":"product_brand","embeddable":true,"href":"https:\/\/www.istegroup.com\/fr\/wp-json\/wp\/v2\/product_brand?post=50540"},{"taxonomy":"product_cat","embeddable":true,"href":"https:\/\/www.istegroup.com\/fr\/wp-json\/wp\/v2\/product_cat?post=50540"},{"taxonomy":"product_tag","embeddable":true,"href":"https:\/\/www.istegroup.com\/fr\/wp-json\/wp\/v2\/product_tag?post=50540"}],"curies":[{"name":"wp","href":"https:\/\/api.w.org\/{rel}","templated":true}]}}