{"id":505,"date":"2017-07-28T14:58:51","date_gmt":"2017-07-28T12:58:51","guid":{"rendered":"https:\/\/iste.yhello.co\/product\/modeles-geographiques-avec-le-langage-mathematica\/"},"modified":"2024-01-03T13:40:20","modified_gmt":"2024-01-03T13:40:20","slug":"modeles-geographiques-avec-le-langage-mathematica","status":"publish","type":"product","link":"https:\/\/www.istegroup.com\/fr\/produit\/modeles-geographiques-avec-le-langage-mathematica\/","title":{"rendered":"Mod\u00e8les g\u00e9ographiques avec le langage Mathematica"},"content":{"rendered":"<p>Les g\u00e9ographes construisent des mod\u00e8les afin de comprendre et d\u2019expliquer les relations soci\u00e9t\u00e9s-nature, les localisations d\u2019objets, de personnes et d\u2019activit\u00e9s, et les organisations territoriales.<\/p>\n<p><em>Mod\u00e8les g\u00e9ographiques avec le langage Mathematica\u00a0<\/em>dresse un panorama complet des types de mod\u00e8les n\u00e9cessaires \u00e0 la mise au point de nouvelles connaissances g\u00e9ographiques : mod\u00e8les stochastiques, de chroniques, d\u2019analyses de donn\u00e9es, de g\u00e9ostatistiques, de r\u00e9seaux, de syst\u00e8mes dynamiques, d\u2019automates cellulaires et de syst\u00e8mes multi-agents.<\/p>\n<p>Cet ouvrage didactique replace ces mod\u00e8les dans leur contexte th\u00e9orique. Il propose plus de 65 programmes \u00e9crits en langage Mathematica formalisant ces mod\u00e8les. Des \u00e9tudes de cas permettent de montrer leur pertinence. Le lecteur pourra appliquer imm\u00e9diatement ces programmes \u00e0 ses propres questionnements et donn\u00e9es.<\/p>\n","protected":false},"excerpt":{"rendered":"<p>Les g\u00e9ographes construisent des mod\u00e8les afin de comprendre et d\u2019expliquer les relations soci\u00e9t\u00e9s-nature, les localisations d\u2019objets, de personnes et d\u2019activit\u00e9s, et les organisations territoriales. Mod\u00e8les g\u00e9ographiques avec le langage Mathematica\u00a0dresse un panorama complet des types de mod\u00e8les n\u00e9cessaires \u00e0 la mise au point de nouvelles connaissances g\u00e9ographiques : mod\u00e8les stochastiques, de chroniques, d\u2019analyses de donn\u00e9es, [&hellip;]<\/p>\n","protected":false},"featured_media":506,"template":"","meta":{"_acf_changed":false,"_links_to":"","_links_to_target":""},"product_brand":[],"product_cat":[675,707],"product_tag":[268,31,196,269,18,19,218,219,20,270,197,198,199,21,200,22,201,271,203,204,63,25,205,172,26,206,207,27,99,208,209,272,273,274,212,38,192,145,28,29,213,214],"class_list":{"0":"post-505","1":"product","2":"type-product","3":"status-publish","4":"has-post-thumbnail","6":"product_cat-nouveauts-12519446","7":"product_cat-systmes-dinformation-web-et-socit-12506570","8":"product_tag-andre-dauphine","9":"product_tag-ebook","10":"product_tag-ebooks","11":"product_tag-edition-francaise","12":"product_tag-edition-scientifique","13":"product_tag-editions-francaise","14":"product_tag-editions-ouvrage","15":"product_tag-editions-ouvrages","16":"product_tag-editions-technique","17":"product_tag-geographiques","18":"product_tag-iste","19":"product_tag-iste-edition","20":"product_tag-iste-editions","21":"product_tag-iste-group","22":"product_tag-isteedition","23":"product_tag-istegroup","24":"product_tag-kindle","25":"product_tag-langage","26":"product_tag-liseuse","27":"product_tag-livre","28":"product_tag-livre-electronique","29":"product_tag-livre-numerique","30":"product_tag-livre-science","31":"product_tag-livre-scientifique","32":"product_tag-livre-scientifique-francais","33":"product_tag-livre-scientique","34":"product_tag-livre-technique","35":"product_tag-livre-technique-francais","36":"product_tag-livres-numeriques","37":"product_tag-livres-scientifique","38":"product_tag-livres-scientifiques","39":"product_tag-mathematica","40":"product_tag-modeles-geographiques","41":"product_tag-modeles-geographiques-avec-le-langage-mathematica","42":"product_tag-ouvrage","43":"product_tag-ouvrage-numerique","44":"product_tag-ouvrage-science","45":"product_tag-ouvrage-scientifique","46":"product_tag-ouvrage-scientifique-francais","47":"product_tag-ouvrage-technique","48":"product_tag-ouvrages-scientifiques","49":"product_tag-ouvrages-techniques","51":"first","52":"instock","53":"shipping-taxable","54":"purchasable","55":"product-type-variable"},"acf":[],"yoast_head":"<!-- This site is optimized with the Yoast SEO plugin v27.2 - https:\/\/yoast.com\/product\/yoast-seo-wordpress\/ -->\n<title>Mod\u00e8les g\u00e9ographiques avec le langage Mathematica - ISTE Group<\/title>\n<meta name=\"description\" content=\"Mod\u00e8les g\u00e9ographiques avec le langage Mathematica\u00a0dresse un panorama complet des types de mod\u00e8les n\u00e9cessaires \u00e0 la mise au point de nouvelles connaissances g\u00e9ographiques.\" \/>\n<meta name=\"robots\" content=\"index, follow, max-snippet:-1, max-image-preview:large, max-video-preview:-1\" \/>\n<link rel=\"canonical\" href=\"https:\/\/www.istegroup.com\/fr\/produit\/modeles-geographiques-avec-le-langage-mathematica\/\" \/>\n<meta property=\"og:locale\" content=\"fr_FR\" \/>\n<meta property=\"og:type\" content=\"article\" \/>\n<meta property=\"og:title\" content=\"Mod\u00e8les g\u00e9ographiques avec le langage Mathematica - ISTE Group\" \/>\n<meta property=\"og:description\" content=\"Mod\u00e8les g\u00e9ographiques avec le langage Mathematica\u00a0dresse un panorama complet des types de mod\u00e8les n\u00e9cessaires \u00e0 la mise au point de nouvelles connaissances g\u00e9ographiques.\" \/>\n<meta property=\"og:url\" content=\"https:\/\/www.istegroup.com\/fr\/produit\/modeles-geographiques-avec-le-langage-mathematica\/\" \/>\n<meta property=\"og:site_name\" content=\"ISTE Group\" \/>\n<meta property=\"article:modified_time\" content=\"2024-01-03T13:40:20+00:00\" \/>\n<meta property=\"og:image\" content=\"https:\/\/www.istegroup.com\/wp-content\/uploads\/2017\/07\/19393899089_8751810897-1.jpg\" \/>\n\t<meta property=\"og:image:width\" content=\"1370\" \/>\n\t<meta property=\"og:image:height\" content=\"2048\" \/>\n\t<meta property=\"og:image:type\" content=\"image\/jpeg\" \/>\n<meta name=\"twitter:card\" content=\"summary_large_image\" \/>\n<meta name=\"twitter:label1\" content=\"Est. reading time\" \/>\n\t<meta name=\"twitter:data1\" content=\"1 minute\" \/>\n<script type=\"application\/ld+json\" class=\"yoast-schema-graph\">{\"@context\":\"https:\/\/schema.org\",\"@graph\":[{\"@type\":\"WebPage\",\"@id\":\"https:\/\/www.istegroup.com\/fr\/produit\/modeles-geographiques-avec-le-langage-mathematica\/\",\"url\":\"https:\/\/www.istegroup.com\/fr\/produit\/modeles-geographiques-avec-le-langage-mathematica\/\",\"name\":\"Mod\u00e8les g\u00e9ographiques avec le langage Mathematica - ISTE Group\",\"isPartOf\":{\"@id\":\"https:\/\/www.istegroup.com\/#website\"},\"primaryImageOfPage\":{\"@id\":\"https:\/\/www.istegroup.com\/fr\/produit\/modeles-geographiques-avec-le-langage-mathematica\/#primaryimage\"},\"image\":{\"@id\":\"https:\/\/www.istegroup.com\/fr\/produit\/modeles-geographiques-avec-le-langage-mathematica\/#primaryimage\"},\"thumbnailUrl\":\"https:\/\/www.istegroup.com\/wp-content\/uploads\/2017\/07\/19393899089_8751810897-1.jpg\",\"datePublished\":\"2017-07-28T12:58:51+00:00\",\"dateModified\":\"2024-01-03T13:40:20+00:00\",\"description\":\"Mod\u00e8les g\u00e9ographiques avec le langage Mathematica\u00a0dresse un panorama complet des types de mod\u00e8les n\u00e9cessaires \u00e0 la mise au point de nouvelles connaissances g\u00e9ographiques.\",\"breadcrumb\":{\"@id\":\"https:\/\/www.istegroup.com\/fr\/produit\/modeles-geographiques-avec-le-langage-mathematica\/#breadcrumb\"},\"inLanguage\":\"fr-FR\",\"potentialAction\":[{\"@type\":\"ReadAction\",\"target\":[\"https:\/\/www.istegroup.com\/fr\/produit\/modeles-geographiques-avec-le-langage-mathematica\/\"]}]},{\"@type\":\"ImageObject\",\"inLanguage\":\"fr-FR\",\"@id\":\"https:\/\/www.istegroup.com\/fr\/produit\/modeles-geographiques-avec-le-langage-mathematica\/#primaryimage\",\"url\":\"https:\/\/www.istegroup.com\/wp-content\/uploads\/2017\/07\/19393899089_8751810897-1.jpg\",\"contentUrl\":\"https:\/\/www.istegroup.com\/wp-content\/uploads\/2017\/07\/19393899089_8751810897-1.jpg\",\"width\":1370,\"height\":2048,\"caption\":\"Mod\u00e8les g\u00e9ographiques avec le langage Mathematica\"},{\"@type\":\"BreadcrumbList\",\"@id\":\"https:\/\/www.istegroup.com\/fr\/produit\/modeles-geographiques-avec-le-langage-mathematica\/#breadcrumb\",\"itemListElement\":[{\"@type\":\"ListItem\",\"position\":1,\"name\":\"Home\",\"item\":\"https:\/\/www.istegroup.com\/\"},{\"@type\":\"ListItem\",\"position\":2,\"name\":\"Shop\",\"item\":\"https:\/\/www.istegroup.com\/fr\/nouveautes\/\"},{\"@type\":\"ListItem\",\"position\":3,\"name\":\"Mod\u00e8les g\u00e9ographiques avec le langage Mathematica\"}]},{\"@type\":\"WebSite\",\"@id\":\"https:\/\/www.istegroup.com\/#website\",\"url\":\"https:\/\/www.istegroup.com\/\",\"name\":\"ISTE Group\",\"description\":\"\u00c9diteur des Sciences\",\"potentialAction\":[{\"@type\":\"SearchAction\",\"target\":{\"@type\":\"EntryPoint\",\"urlTemplate\":\"https:\/\/www.istegroup.com\/?s={search_term_string}\"},\"query-input\":{\"@type\":\"PropertyValueSpecification\",\"valueRequired\":true,\"valueName\":\"search_term_string\"}}],\"inLanguage\":\"fr-FR\"}]}<\/script>\n<!-- \/ Yoast SEO plugin. -->","yoast_head_json":{"title":"Mod\u00e8les g\u00e9ographiques avec le langage Mathematica - ISTE Group","description":"Mod\u00e8les g\u00e9ographiques avec le langage Mathematica\u00a0dresse un panorama complet des types de mod\u00e8les n\u00e9cessaires \u00e0 la mise au point de nouvelles connaissances g\u00e9ographiques.","robots":{"index":"index","follow":"follow","max-snippet":"max-snippet:-1","max-image-preview":"max-image-preview:large","max-video-preview":"max-video-preview:-1"},"canonical":"https:\/\/www.istegroup.com\/fr\/produit\/modeles-geographiques-avec-le-langage-mathematica\/","og_locale":"fr_FR","og_type":"article","og_title":"Mod\u00e8les g\u00e9ographiques avec le langage Mathematica - ISTE Group","og_description":"Mod\u00e8les g\u00e9ographiques avec le langage Mathematica\u00a0dresse un panorama complet des types de mod\u00e8les n\u00e9cessaires \u00e0 la mise au point de nouvelles connaissances g\u00e9ographiques.","og_url":"https:\/\/www.istegroup.com\/fr\/produit\/modeles-geographiques-avec-le-langage-mathematica\/","og_site_name":"ISTE Group","article_modified_time":"2024-01-03T13:40:20+00:00","og_image":[{"width":1370,"height":2048,"url":"https:\/\/www.istegroup.com\/wp-content\/uploads\/2017\/07\/19393899089_8751810897-1.jpg","type":"image\/jpeg"}],"twitter_card":"summary_large_image","twitter_misc":{"Est. reading time":"1 minute"},"schema":{"@context":"https:\/\/schema.org","@graph":[{"@type":"WebPage","@id":"https:\/\/www.istegroup.com\/fr\/produit\/modeles-geographiques-avec-le-langage-mathematica\/","url":"https:\/\/www.istegroup.com\/fr\/produit\/modeles-geographiques-avec-le-langage-mathematica\/","name":"Mod\u00e8les g\u00e9ographiques avec le langage Mathematica - ISTE Group","isPartOf":{"@id":"https:\/\/www.istegroup.com\/#website"},"primaryImageOfPage":{"@id":"https:\/\/www.istegroup.com\/fr\/produit\/modeles-geographiques-avec-le-langage-mathematica\/#primaryimage"},"image":{"@id":"https:\/\/www.istegroup.com\/fr\/produit\/modeles-geographiques-avec-le-langage-mathematica\/#primaryimage"},"thumbnailUrl":"https:\/\/www.istegroup.com\/wp-content\/uploads\/2017\/07\/19393899089_8751810897-1.jpg","datePublished":"2017-07-28T12:58:51+00:00","dateModified":"2024-01-03T13:40:20+00:00","description":"Mod\u00e8les g\u00e9ographiques avec le langage Mathematica\u00a0dresse un panorama complet des types de mod\u00e8les n\u00e9cessaires \u00e0 la mise au point de nouvelles connaissances g\u00e9ographiques.","breadcrumb":{"@id":"https:\/\/www.istegroup.com\/fr\/produit\/modeles-geographiques-avec-le-langage-mathematica\/#breadcrumb"},"inLanguage":"fr-FR","potentialAction":[{"@type":"ReadAction","target":["https:\/\/www.istegroup.com\/fr\/produit\/modeles-geographiques-avec-le-langage-mathematica\/"]}]},{"@type":"ImageObject","inLanguage":"fr-FR","@id":"https:\/\/www.istegroup.com\/fr\/produit\/modeles-geographiques-avec-le-langage-mathematica\/#primaryimage","url":"https:\/\/www.istegroup.com\/wp-content\/uploads\/2017\/07\/19393899089_8751810897-1.jpg","contentUrl":"https:\/\/www.istegroup.com\/wp-content\/uploads\/2017\/07\/19393899089_8751810897-1.jpg","width":1370,"height":2048,"caption":"Mod\u00e8les g\u00e9ographiques avec le langage Mathematica"},{"@type":"BreadcrumbList","@id":"https:\/\/www.istegroup.com\/fr\/produit\/modeles-geographiques-avec-le-langage-mathematica\/#breadcrumb","itemListElement":[{"@type":"ListItem","position":1,"name":"Home","item":"https:\/\/www.istegroup.com\/"},{"@type":"ListItem","position":2,"name":"Shop","item":"https:\/\/www.istegroup.com\/fr\/nouveautes\/"},{"@type":"ListItem","position":3,"name":"Mod\u00e8les g\u00e9ographiques avec le langage Mathematica"}]},{"@type":"WebSite","@id":"https:\/\/www.istegroup.com\/#website","url":"https:\/\/www.istegroup.com\/","name":"ISTE Group","description":"\u00c9diteur des Sciences","potentialAction":[{"@type":"SearchAction","target":{"@type":"EntryPoint","urlTemplate":"https:\/\/www.istegroup.com\/?s={search_term_string}"},"query-input":{"@type":"PropertyValueSpecification","valueRequired":true,"valueName":"search_term_string"}}],"inLanguage":"fr-FR"}]}},"_links":{"self":[{"href":"https:\/\/www.istegroup.com\/fr\/wp-json\/wp\/v2\/product\/505","targetHints":{"allow":["GET"]}}],"collection":[{"href":"https:\/\/www.istegroup.com\/fr\/wp-json\/wp\/v2\/product"}],"about":[{"href":"https:\/\/www.istegroup.com\/fr\/wp-json\/wp\/v2\/types\/product"}],"wp:featuredmedia":[{"embeddable":true,"href":"https:\/\/www.istegroup.com\/fr\/wp-json\/wp\/v2\/media\/506"}],"wp:attachment":[{"href":"https:\/\/www.istegroup.com\/fr\/wp-json\/wp\/v2\/media?parent=505"}],"wp:term":[{"taxonomy":"product_brand","embeddable":true,"href":"https:\/\/www.istegroup.com\/fr\/wp-json\/wp\/v2\/product_brand?post=505"},{"taxonomy":"product_cat","embeddable":true,"href":"https:\/\/www.istegroup.com\/fr\/wp-json\/wp\/v2\/product_cat?post=505"},{"taxonomy":"product_tag","embeddable":true,"href":"https:\/\/www.istegroup.com\/fr\/wp-json\/wp\/v2\/product_tag?post=505"}],"curies":[{"name":"wp","href":"https:\/\/api.w.org\/{rel}","templated":true}]}}