{"id":501,"date":"2017-07-28T14:58:42","date_gmt":"2017-07-28T12:58:42","guid":{"rendered":"https:\/\/iste.yhello.co\/product\/mise-en-oeuvre-dip-et-ethernet-dans-le-reseau-de-mobiles-4g\/"},"modified":"2024-01-03T13:40:19","modified_gmt":"2024-01-03T13:40:19","slug":"mise-en-oeuvre-dip-et-ethernet-dans-le-reseau-de-mobiles-4g","status":"publish","type":"product","link":"https:\/\/www.istegroup.com\/fr\/produit\/mise-en-oeuvre-dip-et-ethernet-dans-le-reseau-de-mobiles-4g\/","title":{"rendered":"Mise en oeuvre d\u2019IP et Ethernet dans le r\u00e9seau de mobiles 4G"},"content":{"rendered":"<p>Cet ouvrage \u00e9tudie la combinaison du r\u00e9seau de mobiles 4G et des r\u00e9seaux de transport IP et Ethernet. Le r\u00e9seau de mobiles 4G permet la transmission de paquets IP entre le mobile et sa passerelle. Les r\u00e9seaux de transport construisent une interconnexion entre les diff\u00e9rentes entit\u00e9s du r\u00e9seau de mobiles 4G \u00e0 partir des technologies MPLS-VPN (IP), VPLS (Ethernet) et OTN.<\/p>\n<p>Il analyse les processus relatifs \u00e0 la qualit\u00e9 de service, bas\u00e9s sur l\u2019indice QCI (r\u00e9seau 4G) et sur les marques DSCP (IP), PCP (Ethernet) et TC (MPLS). Il d\u00e9crit les m\u00e9canismes de s\u00e9curit\u00e9 pour l\u2019interface radio\u00e9lectrique LTE, pour les messages NAS et pour les liens de transport par l\u2019interm\u00e9diaire du m\u00e9canisme IPSec.<\/p>\n<p>Enfin, il d\u00e9taille les aspects relatifs \u00e0 la synchronisation des entit\u00e9s eNB \u00e0 partir des m\u00e9canismes SyncE (synchronisation fr\u00e9quentielle) et IEEE 1588 (synchronisation temporelle).<\/p>\n","protected":false},"excerpt":{"rendered":"<p>Cet ouvrage \u00e9tudie la combinaison du r\u00e9seau de mobiles 4G et des r\u00e9seaux de transport IP et Ethernet. Le r\u00e9seau de mobiles 4G permet la transmission de paquets IP entre le mobile et sa passerelle. Les r\u00e9seaux de transport construisent une interconnexion entre les diff\u00e9rentes entit\u00e9s du r\u00e9seau de mobiles 4G \u00e0 partir des technologies [&hellip;]<\/p>\n","protected":false},"featured_media":502,"template":"","meta":{"_acf_changed":false,"_links_to":"","_links_to_target":""},"product_brand":[],"product_cat":[675,679],"product_tag":[306,307,18,19,20,308,198,199,205,172,26,206,207,27,99,208,209,310,292,311,212,38,192,28,214,312,313,314,315,253,262,316,317],"class_list":{"0":"post-501","1":"product","2":"type-product","3":"status-publish","4":"has-post-thumbnail","6":"product_cat-nouveauts-12519446","7":"product_cat-rseaux-et-tlcommunications-12506534","8":"product_tag-4g","9":"product_tag-andre-perez","10":"product_tag-edition-scientifique","11":"product_tag-editions-francaise","12":"product_tag-editions-technique","13":"product_tag-ethernet","14":"product_tag-iste-edition","15":"product_tag-iste-editions","16":"product_tag-livre-science","17":"product_tag-livre-scientifique","18":"product_tag-livre-scientifique-francais","19":"product_tag-livre-scientique","20":"product_tag-livre-technique","21":"product_tag-livre-technique-francais","22":"product_tag-livres-numeriques","23":"product_tag-livres-scientifique","24":"product_tag-livres-scientifiques","25":"product_tag-mpls-vpn","26":"product_tag-numerique","27":"product_tag-otn","28":"product_tag-ouvrage","29":"product_tag-ouvrage-numerique","30":"product_tag-ouvrage-science","31":"product_tag-ouvrage-scientifique-francais","32":"product_tag-ouvrages-techniques","33":"product_tag-reseau","34":"product_tag-reseau-de-mobiles","35":"product_tag-reseaux","36":"product_tag-reseaux-et-telecommunications","37":"product_tag-technologie","38":"product_tag-technologies","39":"product_tag-telecommunications","40":"product_tag-vpls","42":"first","43":"instock","44":"shipping-taxable","45":"purchasable","46":"product-type-variable"},"acf":[],"yoast_head":"<!-- This site is optimized with the Yoast SEO plugin v27.2 - https:\/\/yoast.com\/product\/yoast-seo-wordpress\/ -->\n<title>Mise en oeuvre d\u2019IP et Ethernet dans le r\u00e9seau de mobiles 4G - ISTE Group<\/title>\n<meta name=\"description\" content=\"Cet ouvrage \u00e9tudie la combinaison du r\u00e9seau de mobiles 4G et des r\u00e9seaux de transport IP et Ethernet.\" \/>\n<meta name=\"robots\" content=\"index, follow, max-snippet:-1, max-image-preview:large, max-video-preview:-1\" \/>\n<link rel=\"canonical\" href=\"https:\/\/www.istegroup.com\/fr\/produit\/mise-en-oeuvre-dip-et-ethernet-dans-le-reseau-de-mobiles-4g\/\" \/>\n<meta property=\"og:locale\" content=\"fr_FR\" \/>\n<meta property=\"og:type\" content=\"article\" \/>\n<meta property=\"og:title\" content=\"Mise en oeuvre d\u2019IP et Ethernet dans le r\u00e9seau de mobiles 4G - ISTE Group\" \/>\n<meta property=\"og:description\" content=\"Cet ouvrage \u00e9tudie la combinaison du r\u00e9seau de mobiles 4G et des r\u00e9seaux de transport IP et Ethernet.\" \/>\n<meta property=\"og:url\" content=\"https:\/\/www.istegroup.com\/fr\/produit\/mise-en-oeuvre-dip-et-ethernet-dans-le-reseau-de-mobiles-4g\/\" \/>\n<meta property=\"og:site_name\" content=\"ISTE Group\" \/>\n<meta property=\"article:modified_time\" content=\"2024-01-03T13:40:19+00:00\" \/>\n<meta property=\"og:image\" content=\"https:\/\/www.istegroup.com\/wp-content\/uploads\/2017\/07\/19248033489_8714935825-1.jpg\" \/>\n\t<meta property=\"og:image:width\" content=\"1361\" \/>\n\t<meta property=\"og:image:height\" content=\"2048\" \/>\n\t<meta property=\"og:image:type\" content=\"image\/jpeg\" \/>\n<meta name=\"twitter:card\" content=\"summary_large_image\" \/>\n<meta name=\"twitter:label1\" content=\"Est. reading time\" \/>\n\t<meta name=\"twitter:data1\" content=\"1 minute\" \/>\n<script type=\"application\/ld+json\" class=\"yoast-schema-graph\">{\"@context\":\"https:\/\/schema.org\",\"@graph\":[{\"@type\":\"WebPage\",\"@id\":\"https:\/\/www.istegroup.com\/fr\/produit\/mise-en-oeuvre-dip-et-ethernet-dans-le-reseau-de-mobiles-4g\/\",\"url\":\"https:\/\/www.istegroup.com\/fr\/produit\/mise-en-oeuvre-dip-et-ethernet-dans-le-reseau-de-mobiles-4g\/\",\"name\":\"Mise en oeuvre d\u2019IP et Ethernet dans le r\u00e9seau de mobiles 4G - ISTE Group\",\"isPartOf\":{\"@id\":\"https:\/\/www.istegroup.com\/#website\"},\"primaryImageOfPage\":{\"@id\":\"https:\/\/www.istegroup.com\/fr\/produit\/mise-en-oeuvre-dip-et-ethernet-dans-le-reseau-de-mobiles-4g\/#primaryimage\"},\"image\":{\"@id\":\"https:\/\/www.istegroup.com\/fr\/produit\/mise-en-oeuvre-dip-et-ethernet-dans-le-reseau-de-mobiles-4g\/#primaryimage\"},\"thumbnailUrl\":\"https:\/\/www.istegroup.com\/wp-content\/uploads\/2017\/07\/19248033489_8714935825-1.jpg\",\"datePublished\":\"2017-07-28T12:58:42+00:00\",\"dateModified\":\"2024-01-03T13:40:19+00:00\",\"description\":\"Cet ouvrage \u00e9tudie la combinaison du r\u00e9seau de mobiles 4G et des r\u00e9seaux de transport IP et Ethernet.\",\"breadcrumb\":{\"@id\":\"https:\/\/www.istegroup.com\/fr\/produit\/mise-en-oeuvre-dip-et-ethernet-dans-le-reseau-de-mobiles-4g\/#breadcrumb\"},\"inLanguage\":\"fr-FR\",\"potentialAction\":[{\"@type\":\"ReadAction\",\"target\":[\"https:\/\/www.istegroup.com\/fr\/produit\/mise-en-oeuvre-dip-et-ethernet-dans-le-reseau-de-mobiles-4g\/\"]}]},{\"@type\":\"ImageObject\",\"inLanguage\":\"fr-FR\",\"@id\":\"https:\/\/www.istegroup.com\/fr\/produit\/mise-en-oeuvre-dip-et-ethernet-dans-le-reseau-de-mobiles-4g\/#primaryimage\",\"url\":\"https:\/\/www.istegroup.com\/wp-content\/uploads\/2017\/07\/19248033489_8714935825-1.jpg\",\"contentUrl\":\"https:\/\/www.istegroup.com\/wp-content\/uploads\/2017\/07\/19248033489_8714935825-1.jpg\",\"width\":1361,\"height\":2048,\"caption\":\"Mise en oeuvre d\u2019IP et Ethernet dans le r\u00e9seau de mobiles 4G\"},{\"@type\":\"BreadcrumbList\",\"@id\":\"https:\/\/www.istegroup.com\/fr\/produit\/mise-en-oeuvre-dip-et-ethernet-dans-le-reseau-de-mobiles-4g\/#breadcrumb\",\"itemListElement\":[{\"@type\":\"ListItem\",\"position\":1,\"name\":\"Home\",\"item\":\"https:\/\/www.istegroup.com\/\"},{\"@type\":\"ListItem\",\"position\":2,\"name\":\"Shop\",\"item\":\"https:\/\/www.istegroup.com\/fr\/nouveautes\/\"},{\"@type\":\"ListItem\",\"position\":3,\"name\":\"Mise en oeuvre d\u2019IP et Ethernet dans le r\u00e9seau de mobiles 4G\"}]},{\"@type\":\"WebSite\",\"@id\":\"https:\/\/www.istegroup.com\/#website\",\"url\":\"https:\/\/www.istegroup.com\/\",\"name\":\"ISTE Group\",\"description\":\"\u00c9diteur des Sciences\",\"potentialAction\":[{\"@type\":\"SearchAction\",\"target\":{\"@type\":\"EntryPoint\",\"urlTemplate\":\"https:\/\/www.istegroup.com\/?s={search_term_string}\"},\"query-input\":{\"@type\":\"PropertyValueSpecification\",\"valueRequired\":true,\"valueName\":\"search_term_string\"}}],\"inLanguage\":\"fr-FR\"}]}<\/script>\n<!-- \/ Yoast SEO plugin. -->","yoast_head_json":{"title":"Mise en oeuvre d\u2019IP et Ethernet dans le r\u00e9seau de mobiles 4G - ISTE Group","description":"Cet ouvrage \u00e9tudie la combinaison du r\u00e9seau de mobiles 4G et des r\u00e9seaux de transport IP et Ethernet.","robots":{"index":"index","follow":"follow","max-snippet":"max-snippet:-1","max-image-preview":"max-image-preview:large","max-video-preview":"max-video-preview:-1"},"canonical":"https:\/\/www.istegroup.com\/fr\/produit\/mise-en-oeuvre-dip-et-ethernet-dans-le-reseau-de-mobiles-4g\/","og_locale":"fr_FR","og_type":"article","og_title":"Mise en oeuvre d\u2019IP et Ethernet dans le r\u00e9seau de mobiles 4G - ISTE Group","og_description":"Cet ouvrage \u00e9tudie la combinaison du r\u00e9seau de mobiles 4G et des r\u00e9seaux de transport IP et Ethernet.","og_url":"https:\/\/www.istegroup.com\/fr\/produit\/mise-en-oeuvre-dip-et-ethernet-dans-le-reseau-de-mobiles-4g\/","og_site_name":"ISTE Group","article_modified_time":"2024-01-03T13:40:19+00:00","og_image":[{"width":1361,"height":2048,"url":"https:\/\/www.istegroup.com\/wp-content\/uploads\/2017\/07\/19248033489_8714935825-1.jpg","type":"image\/jpeg"}],"twitter_card":"summary_large_image","twitter_misc":{"Est. reading time":"1 minute"},"schema":{"@context":"https:\/\/schema.org","@graph":[{"@type":"WebPage","@id":"https:\/\/www.istegroup.com\/fr\/produit\/mise-en-oeuvre-dip-et-ethernet-dans-le-reseau-de-mobiles-4g\/","url":"https:\/\/www.istegroup.com\/fr\/produit\/mise-en-oeuvre-dip-et-ethernet-dans-le-reseau-de-mobiles-4g\/","name":"Mise en oeuvre d\u2019IP et Ethernet dans le r\u00e9seau de mobiles 4G - ISTE Group","isPartOf":{"@id":"https:\/\/www.istegroup.com\/#website"},"primaryImageOfPage":{"@id":"https:\/\/www.istegroup.com\/fr\/produit\/mise-en-oeuvre-dip-et-ethernet-dans-le-reseau-de-mobiles-4g\/#primaryimage"},"image":{"@id":"https:\/\/www.istegroup.com\/fr\/produit\/mise-en-oeuvre-dip-et-ethernet-dans-le-reseau-de-mobiles-4g\/#primaryimage"},"thumbnailUrl":"https:\/\/www.istegroup.com\/wp-content\/uploads\/2017\/07\/19248033489_8714935825-1.jpg","datePublished":"2017-07-28T12:58:42+00:00","dateModified":"2024-01-03T13:40:19+00:00","description":"Cet ouvrage \u00e9tudie la combinaison du r\u00e9seau de mobiles 4G et des r\u00e9seaux de transport IP et Ethernet.","breadcrumb":{"@id":"https:\/\/www.istegroup.com\/fr\/produit\/mise-en-oeuvre-dip-et-ethernet-dans-le-reseau-de-mobiles-4g\/#breadcrumb"},"inLanguage":"fr-FR","potentialAction":[{"@type":"ReadAction","target":["https:\/\/www.istegroup.com\/fr\/produit\/mise-en-oeuvre-dip-et-ethernet-dans-le-reseau-de-mobiles-4g\/"]}]},{"@type":"ImageObject","inLanguage":"fr-FR","@id":"https:\/\/www.istegroup.com\/fr\/produit\/mise-en-oeuvre-dip-et-ethernet-dans-le-reseau-de-mobiles-4g\/#primaryimage","url":"https:\/\/www.istegroup.com\/wp-content\/uploads\/2017\/07\/19248033489_8714935825-1.jpg","contentUrl":"https:\/\/www.istegroup.com\/wp-content\/uploads\/2017\/07\/19248033489_8714935825-1.jpg","width":1361,"height":2048,"caption":"Mise en oeuvre d\u2019IP et Ethernet dans le r\u00e9seau de mobiles 4G"},{"@type":"BreadcrumbList","@id":"https:\/\/www.istegroup.com\/fr\/produit\/mise-en-oeuvre-dip-et-ethernet-dans-le-reseau-de-mobiles-4g\/#breadcrumb","itemListElement":[{"@type":"ListItem","position":1,"name":"Home","item":"https:\/\/www.istegroup.com\/"},{"@type":"ListItem","position":2,"name":"Shop","item":"https:\/\/www.istegroup.com\/fr\/nouveautes\/"},{"@type":"ListItem","position":3,"name":"Mise en oeuvre d\u2019IP et Ethernet dans le r\u00e9seau de mobiles 4G"}]},{"@type":"WebSite","@id":"https:\/\/www.istegroup.com\/#website","url":"https:\/\/www.istegroup.com\/","name":"ISTE Group","description":"\u00c9diteur des Sciences","potentialAction":[{"@type":"SearchAction","target":{"@type":"EntryPoint","urlTemplate":"https:\/\/www.istegroup.com\/?s={search_term_string}"},"query-input":{"@type":"PropertyValueSpecification","valueRequired":true,"valueName":"search_term_string"}}],"inLanguage":"fr-FR"}]}},"_links":{"self":[{"href":"https:\/\/www.istegroup.com\/fr\/wp-json\/wp\/v2\/product\/501","targetHints":{"allow":["GET"]}}],"collection":[{"href":"https:\/\/www.istegroup.com\/fr\/wp-json\/wp\/v2\/product"}],"about":[{"href":"https:\/\/www.istegroup.com\/fr\/wp-json\/wp\/v2\/types\/product"}],"wp:featuredmedia":[{"embeddable":true,"href":"https:\/\/www.istegroup.com\/fr\/wp-json\/wp\/v2\/media\/502"}],"wp:attachment":[{"href":"https:\/\/www.istegroup.com\/fr\/wp-json\/wp\/v2\/media?parent=501"}],"wp:term":[{"taxonomy":"product_brand","embeddable":true,"href":"https:\/\/www.istegroup.com\/fr\/wp-json\/wp\/v2\/product_brand?post=501"},{"taxonomy":"product_cat","embeddable":true,"href":"https:\/\/www.istegroup.com\/fr\/wp-json\/wp\/v2\/product_cat?post=501"},{"taxonomy":"product_tag","embeddable":true,"href":"https:\/\/www.istegroup.com\/fr\/wp-json\/wp\/v2\/product_tag?post=501"}],"curies":[{"name":"wp","href":"https:\/\/api.w.org\/{rel}","templated":true}]}}