{"id":50009,"date":"2023-02-26T16:07:15","date_gmt":"2023-02-26T16:07:15","guid":{"rendered":"https:\/\/www.istegroup.com\/?post_type=product&#038;p=50009"},"modified":"2024-01-03T13:46:58","modified_gmt":"2024-01-03T13:46:58","slug":"cinquante-ans-devolution-de-la-recherche-en-biologie","status":"publish","type":"product","link":"https:\/\/www.istegroup.com\/fr\/produit\/cinquante-ans-devolution-de-la-recherche-en-biologie\/","title":{"rendered":"Cinquante ans d\u2019\u00e9volution de la recherche en biologie"},"content":{"rendered":"<p>La recherche en biologie et dans toutes les sciences fondamentales a connu au cours des derni\u00e8res d\u00e9cennies des transformations profondes. On a vu se d\u00e9velopper des techniques extr\u00eamement sophistiqu\u00e9es qui permettent d\u00e9sormais d\u2019\u00e9tudier de fa\u00e7on objective des questions qui relevaient encore de la science-fiction \u00e0 la fin du si\u00e8cle dernier. Tout ceci a permis de d\u00e9velopper une connaissance approfondie de vastes sujets comme la biologie du cerveau par exemple.<\/p>\n<p><em>Cinquante ans d\u2019\u00e9volution de la recherche en biologie<\/em> pr\u00e9sente un panorama de ces diff\u00e9rents progr\u00e8s techniques. Cependant, on a vu en parall\u00e8le s\u2019accro\u00eetre de nombreuses contraintes qui p\u00e8sent sur les chercheurs, une mon\u00e9tarisation de la recherche et corr\u00e9lativement une pression croissante \u00e0 toujours publier plus et dans des journaux plus prestigieux. Il en a r\u00e9sult\u00e9 une certaine d\u00e9gradation de qualit\u00e9 de l\u2019activit\u00e9 de recherche. Cet ouvrage analyse cette \u00e9volution et propose des solutions pour y rem\u00e9dier.<\/p>","protected":false},"excerpt":{"rendered":"<p>La recherche en biologie et dans toutes les sciences fondamentales a connu au cours des derni\u00e8res d\u00e9cennies des transformations profondes. On a vu se d\u00e9velopper des techniques extr\u00eamement sophistiqu\u00e9es qui permettent d\u00e9sormais d\u2019\u00e9tudier de fa\u00e7on objective des questions qui relevaient encore de la science-fiction \u00e0 la fin du si\u00e8cle dernier. Tout ceci a permis de [&hellip;]<\/p>\n","protected":false},"featured_media":50015,"template":"","meta":{"_acf_changed":false,"_links_to":"","_links_to_target":""},"product_brand":[],"product_cat":[3262],"product_tag":[],"class_list":{"0":"post-50009","1":"product","2":"type-product","3":"status-publish","4":"has-post-thumbnail","6":"product_cat-non-classe","8":"first","9":"instock","10":"shipping-taxable","11":"purchasable","12":"product-type-variable"},"acf":[],"yoast_head":"<!-- This site is optimized with the Yoast SEO plugin v27.2 - https:\/\/yoast.com\/product\/yoast-seo-wordpress\/ -->\n<title>Cinquante ans d\u2019\u00e9volution de la recherche en biologie - ISTE Group<\/title>\n<meta name=\"robots\" content=\"index, follow, max-snippet:-1, max-image-preview:large, max-video-preview:-1\" \/>\n<link rel=\"canonical\" href=\"https:\/\/www.istegroup.com\/fr\/produit\/cinquante-ans-devolution-de-la-recherche-en-biologie\/\" \/>\n<meta property=\"og:locale\" content=\"fr_FR\" \/>\n<meta property=\"og:type\" content=\"article\" \/>\n<meta property=\"og:title\" content=\"Cinquante ans d\u2019\u00e9volution de la recherche en biologie - ISTE Group\" \/>\n<meta property=\"og:description\" content=\"La recherche en biologie et dans toutes les sciences fondamentales a connu au cours des derni\u00e8res d\u00e9cennies des transformations profondes. On a vu se d\u00e9velopper des techniques extr\u00eamement sophistiqu\u00e9es qui permettent d\u00e9sormais d\u2019\u00e9tudier de fa\u00e7on objective des questions qui relevaient encore de la science-fiction \u00e0 la fin du si\u00e8cle dernier. Tout ceci a permis de [&hellip;]\" \/>\n<meta property=\"og:url\" content=\"https:\/\/www.istegroup.com\/fr\/produit\/cinquante-ans-devolution-de-la-recherche-en-biologie\/\" \/>\n<meta property=\"og:site_name\" content=\"ISTE Group\" \/>\n<meta property=\"article:modified_time\" content=\"2024-01-03T13:46:58+00:00\" \/>\n<meta property=\"og:image\" content=\"https:\/\/www.istegroup.com\/wp-content\/uploads\/2023\/02\/Cinquante-ans-devolution-de-la-recherche-en-biologie.jpg\" \/>\n\t<meta property=\"og:image:width\" content=\"599\" \/>\n\t<meta property=\"og:image:height\" content=\"903\" \/>\n\t<meta property=\"og:image:type\" content=\"image\/jpeg\" \/>\n<meta name=\"twitter:card\" content=\"summary_large_image\" \/>\n<meta name=\"twitter:label1\" content=\"Est. reading time\" \/>\n\t<meta name=\"twitter:data1\" content=\"1 minute\" \/>\n<script type=\"application\/ld+json\" class=\"yoast-schema-graph\">{\"@context\":\"https:\/\/schema.org\",\"@graph\":[{\"@type\":\"WebPage\",\"@id\":\"https:\/\/www.istegroup.com\/fr\/produit\/cinquante-ans-devolution-de-la-recherche-en-biologie\/\",\"url\":\"https:\/\/www.istegroup.com\/fr\/produit\/cinquante-ans-devolution-de-la-recherche-en-biologie\/\",\"name\":\"Cinquante ans d\u2019\u00e9volution de la recherche en biologie - ISTE Group\",\"isPartOf\":{\"@id\":\"https:\/\/www.istegroup.com\/#website\"},\"primaryImageOfPage\":{\"@id\":\"https:\/\/www.istegroup.com\/fr\/produit\/cinquante-ans-devolution-de-la-recherche-en-biologie\/#primaryimage\"},\"image\":{\"@id\":\"https:\/\/www.istegroup.com\/fr\/produit\/cinquante-ans-devolution-de-la-recherche-en-biologie\/#primaryimage\"},\"thumbnailUrl\":\"https:\/\/www.istegroup.com\/wp-content\/uploads\/2023\/02\/Cinquante-ans-devolution-de-la-recherche-en-biologie.jpg\",\"datePublished\":\"2023-02-26T16:07:15+00:00\",\"dateModified\":\"2024-01-03T13:46:58+00:00\",\"breadcrumb\":{\"@id\":\"https:\/\/www.istegroup.com\/fr\/produit\/cinquante-ans-devolution-de-la-recherche-en-biologie\/#breadcrumb\"},\"inLanguage\":\"fr-FR\",\"potentialAction\":[{\"@type\":\"ReadAction\",\"target\":[\"https:\/\/www.istegroup.com\/fr\/produit\/cinquante-ans-devolution-de-la-recherche-en-biologie\/\"]}]},{\"@type\":\"ImageObject\",\"inLanguage\":\"fr-FR\",\"@id\":\"https:\/\/www.istegroup.com\/fr\/produit\/cinquante-ans-devolution-de-la-recherche-en-biologie\/#primaryimage\",\"url\":\"https:\/\/www.istegroup.com\/wp-content\/uploads\/2023\/02\/Cinquante-ans-devolution-de-la-recherche-en-biologie.jpg\",\"contentUrl\":\"https:\/\/www.istegroup.com\/wp-content\/uploads\/2023\/02\/Cinquante-ans-devolution-de-la-recherche-en-biologie.jpg\",\"width\":599,\"height\":903,\"caption\":\"Livre scientifique - Cinquante ans d'\u00e9volution de la recherche en biologie\"},{\"@type\":\"BreadcrumbList\",\"@id\":\"https:\/\/www.istegroup.com\/fr\/produit\/cinquante-ans-devolution-de-la-recherche-en-biologie\/#breadcrumb\",\"itemListElement\":[{\"@type\":\"ListItem\",\"position\":1,\"name\":\"Home\",\"item\":\"https:\/\/www.istegroup.com\/\"},{\"@type\":\"ListItem\",\"position\":2,\"name\":\"Shop\",\"item\":\"https:\/\/www.istegroup.com\/fr\/nouveautes\/\"},{\"@type\":\"ListItem\",\"position\":3,\"name\":\"Cinquante ans d\u2019\u00e9volution de la recherche en biologie\"}]},{\"@type\":\"WebSite\",\"@id\":\"https:\/\/www.istegroup.com\/#website\",\"url\":\"https:\/\/www.istegroup.com\/\",\"name\":\"ISTE Group\",\"description\":\"\u00c9diteur des Sciences\",\"potentialAction\":[{\"@type\":\"SearchAction\",\"target\":{\"@type\":\"EntryPoint\",\"urlTemplate\":\"https:\/\/www.istegroup.com\/?s={search_term_string}\"},\"query-input\":{\"@type\":\"PropertyValueSpecification\",\"valueRequired\":true,\"valueName\":\"search_term_string\"}}],\"inLanguage\":\"fr-FR\"}]}<\/script>\n<!-- \/ Yoast SEO plugin. -->","yoast_head_json":{"title":"Cinquante ans d\u2019\u00e9volution de la recherche en biologie - ISTE Group","robots":{"index":"index","follow":"follow","max-snippet":"max-snippet:-1","max-image-preview":"max-image-preview:large","max-video-preview":"max-video-preview:-1"},"canonical":"https:\/\/www.istegroup.com\/fr\/produit\/cinquante-ans-devolution-de-la-recherche-en-biologie\/","og_locale":"fr_FR","og_type":"article","og_title":"Cinquante ans d\u2019\u00e9volution de la recherche en biologie - ISTE Group","og_description":"La recherche en biologie et dans toutes les sciences fondamentales a connu au cours des derni\u00e8res d\u00e9cennies des transformations profondes. On a vu se d\u00e9velopper des techniques extr\u00eamement sophistiqu\u00e9es qui permettent d\u00e9sormais d\u2019\u00e9tudier de fa\u00e7on objective des questions qui relevaient encore de la science-fiction \u00e0 la fin du si\u00e8cle dernier. Tout ceci a permis de [&hellip;]","og_url":"https:\/\/www.istegroup.com\/fr\/produit\/cinquante-ans-devolution-de-la-recherche-en-biologie\/","og_site_name":"ISTE Group","article_modified_time":"2024-01-03T13:46:58+00:00","og_image":[{"width":599,"height":903,"url":"https:\/\/www.istegroup.com\/wp-content\/uploads\/2023\/02\/Cinquante-ans-devolution-de-la-recherche-en-biologie.jpg","type":"image\/jpeg"}],"twitter_card":"summary_large_image","twitter_misc":{"Est. reading time":"1 minute"},"schema":{"@context":"https:\/\/schema.org","@graph":[{"@type":"WebPage","@id":"https:\/\/www.istegroup.com\/fr\/produit\/cinquante-ans-devolution-de-la-recherche-en-biologie\/","url":"https:\/\/www.istegroup.com\/fr\/produit\/cinquante-ans-devolution-de-la-recherche-en-biologie\/","name":"Cinquante ans d\u2019\u00e9volution de la recherche en biologie - ISTE Group","isPartOf":{"@id":"https:\/\/www.istegroup.com\/#website"},"primaryImageOfPage":{"@id":"https:\/\/www.istegroup.com\/fr\/produit\/cinquante-ans-devolution-de-la-recherche-en-biologie\/#primaryimage"},"image":{"@id":"https:\/\/www.istegroup.com\/fr\/produit\/cinquante-ans-devolution-de-la-recherche-en-biologie\/#primaryimage"},"thumbnailUrl":"https:\/\/www.istegroup.com\/wp-content\/uploads\/2023\/02\/Cinquante-ans-devolution-de-la-recherche-en-biologie.jpg","datePublished":"2023-02-26T16:07:15+00:00","dateModified":"2024-01-03T13:46:58+00:00","breadcrumb":{"@id":"https:\/\/www.istegroup.com\/fr\/produit\/cinquante-ans-devolution-de-la-recherche-en-biologie\/#breadcrumb"},"inLanguage":"fr-FR","potentialAction":[{"@type":"ReadAction","target":["https:\/\/www.istegroup.com\/fr\/produit\/cinquante-ans-devolution-de-la-recherche-en-biologie\/"]}]},{"@type":"ImageObject","inLanguage":"fr-FR","@id":"https:\/\/www.istegroup.com\/fr\/produit\/cinquante-ans-devolution-de-la-recherche-en-biologie\/#primaryimage","url":"https:\/\/www.istegroup.com\/wp-content\/uploads\/2023\/02\/Cinquante-ans-devolution-de-la-recherche-en-biologie.jpg","contentUrl":"https:\/\/www.istegroup.com\/wp-content\/uploads\/2023\/02\/Cinquante-ans-devolution-de-la-recherche-en-biologie.jpg","width":599,"height":903,"caption":"Livre scientifique - Cinquante ans d'\u00e9volution de la recherche en biologie"},{"@type":"BreadcrumbList","@id":"https:\/\/www.istegroup.com\/fr\/produit\/cinquante-ans-devolution-de-la-recherche-en-biologie\/#breadcrumb","itemListElement":[{"@type":"ListItem","position":1,"name":"Home","item":"https:\/\/www.istegroup.com\/"},{"@type":"ListItem","position":2,"name":"Shop","item":"https:\/\/www.istegroup.com\/fr\/nouveautes\/"},{"@type":"ListItem","position":3,"name":"Cinquante ans d\u2019\u00e9volution de la recherche en biologie"}]},{"@type":"WebSite","@id":"https:\/\/www.istegroup.com\/#website","url":"https:\/\/www.istegroup.com\/","name":"ISTE Group","description":"\u00c9diteur des Sciences","potentialAction":[{"@type":"SearchAction","target":{"@type":"EntryPoint","urlTemplate":"https:\/\/www.istegroup.com\/?s={search_term_string}"},"query-input":{"@type":"PropertyValueSpecification","valueRequired":true,"valueName":"search_term_string"}}],"inLanguage":"fr-FR"}]}},"_links":{"self":[{"href":"https:\/\/www.istegroup.com\/fr\/wp-json\/wp\/v2\/product\/50009","targetHints":{"allow":["GET"]}}],"collection":[{"href":"https:\/\/www.istegroup.com\/fr\/wp-json\/wp\/v2\/product"}],"about":[{"href":"https:\/\/www.istegroup.com\/fr\/wp-json\/wp\/v2\/types\/product"}],"wp:featuredmedia":[{"embeddable":true,"href":"https:\/\/www.istegroup.com\/fr\/wp-json\/wp\/v2\/media\/50015"}],"wp:attachment":[{"href":"https:\/\/www.istegroup.com\/fr\/wp-json\/wp\/v2\/media?parent=50009"}],"wp:term":[{"taxonomy":"product_brand","embeddable":true,"href":"https:\/\/www.istegroup.com\/fr\/wp-json\/wp\/v2\/product_brand?post=50009"},{"taxonomy":"product_cat","embeddable":true,"href":"https:\/\/www.istegroup.com\/fr\/wp-json\/wp\/v2\/product_cat?post=50009"},{"taxonomy":"product_tag","embeddable":true,"href":"https:\/\/www.istegroup.com\/fr\/wp-json\/wp\/v2\/product_tag?post=50009"}],"curies":[{"name":"wp","href":"https:\/\/api.w.org\/{rel}","templated":true}]}}