{"id":49993,"date":"2023-02-26T15:50:25","date_gmt":"2023-02-26T15:50:25","guid":{"rendered":"https:\/\/www.istegroup.com\/?post_type=product&#038;p=49993"},"modified":"2024-01-03T13:46:58","modified_gmt":"2024-01-03T13:46:58","slug":"machines-synchrones-a-double-excitation","status":"publish","type":"product","link":"https:\/\/www.istegroup.com\/fr\/produit\/machines-synchrones-a-double-excitation\/","title":{"rendered":"Machines synchrones \u00e0 double excitation"},"content":{"rendered":"<p>La transition vers des usages propres et p\u00e9rennes de l\u2019\u00e9nergie n\u00e9cessite de d\u00e9velopper des outils et des m\u00e9thodes permettant d\u2019\u00e9tudier les objets \u00e9lectrotechniques afin d\u2019assurer leur bon fonctionnement, et ce, le plus longtemps possible. Il faut pour cela disposer d\u2019outils permettant d\u2019appr\u00e9hender leurs comportements, en tant que composant, mais aussi dans les syst\u00e8mes o\u00f9 ils se trouvent, sur l\u2019ensemble de leur cycle de vie.<\/p>\n<p><em>Machines synchrones \u00e0 double excitation<\/em> pr\u00e9sente les outils n\u00e9cessaires aux chercheurs, aux \u00e9tudiants et aux ing\u00e9nieurs en g\u00e9nie \u00e9lectrique pour analyser le fonctionnement des machines synchrones sur l\u2019ensemble du plan d\u2019op\u00e9ration. L\u2019accent est mis sur les machines synchrones \u00e0 double excitation (MSDE). La th\u00e9matique des MSDE permet d\u2019apporter des r\u00e9ponses \u00e0 des probl\u00e9matiques fondamentales telles que le \u00ab d\u00e9fluxage \u00bb des machines \u00e0 aimants permanents, l\u2019optimisation \u00e9nerg\u00e9tique, et enfin l\u2019augmentation du co\u00fbt des aimants permanents.<\/p>","protected":false},"excerpt":{"rendered":"<p>La transition vers des usages propres et p\u00e9rennes de l\u2019\u00e9nergie n\u00e9cessite de d\u00e9velopper des outils et des m\u00e9thodes permettant d\u2019\u00e9tudier les objets \u00e9lectrotechniques afin d\u2019assurer leur bon fonctionnement, et ce, le plus longtemps possible. Il faut pour cela disposer d\u2019outils permettant d\u2019appr\u00e9hender leurs comportements, en tant que composant, mais aussi dans les syst\u00e8mes o\u00f9 ils [&hellip;]<\/p>\n","protected":false},"featured_media":50008,"template":"","meta":{"_acf_changed":false,"_links_to":"","_links_to_target":""},"product_brand":[],"product_cat":[3262],"product_tag":[],"class_list":{"0":"post-49993","1":"product","2":"type-product","3":"status-publish","4":"has-post-thumbnail","6":"product_cat-non-classe","8":"first","9":"instock","10":"shipping-taxable","11":"purchasable","12":"product-type-variable"},"acf":[],"yoast_head":"<!-- This site is optimized with the Yoast SEO plugin v27.2 - https:\/\/yoast.com\/product\/yoast-seo-wordpress\/ -->\n<title>Machines synchrones \u00e0 double excitation - ISTE Group<\/title>\n<meta name=\"description\" content=\"Machines synchrones \u00e0 double excitation pr\u00e9sente les outils n\u00e9cessaires aux chercheurs, aux \u00e9tudiants et aux ing\u00e9nieurs en g\u00e9nie \u00e9lectrique pour analyser le fonctionnement des machines synchrones sur l\u2019ensemble du plan d\u2019op\u00e9ration.\" \/>\n<meta name=\"robots\" content=\"index, follow, max-snippet:-1, max-image-preview:large, max-video-preview:-1\" \/>\n<link rel=\"canonical\" href=\"https:\/\/www.istegroup.com\/en\/produit\/machines-synchrones-a-double-excitation\/\" \/>\n<meta property=\"og:locale\" content=\"fr_FR\" \/>\n<meta property=\"og:type\" content=\"article\" \/>\n<meta property=\"og:title\" content=\"Machines synchrones \u00e0 double excitation - ISTE Group\" \/>\n<meta property=\"og:description\" content=\"Machines synchrones \u00e0 double excitation pr\u00e9sente les outils n\u00e9cessaires aux chercheurs, aux \u00e9tudiants et aux ing\u00e9nieurs en g\u00e9nie \u00e9lectrique pour analyser le fonctionnement des machines synchrones sur l\u2019ensemble du plan d\u2019op\u00e9ration.\" \/>\n<meta property=\"og:url\" content=\"https:\/\/www.istegroup.com\/en\/produit\/machines-synchrones-a-double-excitation\/\" \/>\n<meta property=\"og:site_name\" content=\"ISTE Group\" \/>\n<meta property=\"article:modified_time\" content=\"2024-01-03T13:46:58+00:00\" \/>\n<meta property=\"og:image\" content=\"https:\/\/www.istegroup.com\/wp-content\/uploads\/2023\/02\/Machines-synchrones-a-double-excitation.jpg\" \/>\n\t<meta property=\"og:image:width\" content=\"601\" \/>\n\t<meta property=\"og:image:height\" content=\"902\" \/>\n\t<meta property=\"og:image:type\" content=\"image\/jpeg\" \/>\n<meta name=\"twitter:card\" content=\"summary_large_image\" \/>\n<meta name=\"twitter:label1\" content=\"Est. reading time\" \/>\n\t<meta name=\"twitter:data1\" content=\"1 minute\" \/>\n<script type=\"application\/ld+json\" class=\"yoast-schema-graph\">{\"@context\":\"https:\/\/schema.org\",\"@graph\":[{\"@type\":\"WebPage\",\"@id\":\"https:\/\/www.istegroup.com\/en\/produit\/machines-synchrones-a-double-excitation\/\",\"url\":\"https:\/\/www.istegroup.com\/en\/produit\/machines-synchrones-a-double-excitation\/\",\"name\":\"Machines synchrones \u00e0 double excitation - ISTE Group\",\"isPartOf\":{\"@id\":\"https:\/\/www.istegroup.com\/#website\"},\"primaryImageOfPage\":{\"@id\":\"https:\/\/www.istegroup.com\/en\/produit\/machines-synchrones-a-double-excitation\/#primaryimage\"},\"image\":{\"@id\":\"https:\/\/www.istegroup.com\/en\/produit\/machines-synchrones-a-double-excitation\/#primaryimage\"},\"thumbnailUrl\":\"https:\/\/www.istegroup.com\/wp-content\/uploads\/2023\/02\/Machines-synchrones-a-double-excitation.jpg\",\"datePublished\":\"2023-02-26T15:50:25+00:00\",\"dateModified\":\"2024-01-03T13:46:58+00:00\",\"description\":\"Machines synchrones \u00e0 double excitation pr\u00e9sente les outils n\u00e9cessaires aux chercheurs, aux \u00e9tudiants et aux ing\u00e9nieurs en g\u00e9nie \u00e9lectrique pour analyser le fonctionnement des machines synchrones sur l\u2019ensemble du plan d\u2019op\u00e9ration.\",\"breadcrumb\":{\"@id\":\"https:\/\/www.istegroup.com\/en\/produit\/machines-synchrones-a-double-excitation\/#breadcrumb\"},\"inLanguage\":\"fr-FR\",\"potentialAction\":[{\"@type\":\"ReadAction\",\"target\":[\"https:\/\/www.istegroup.com\/en\/produit\/machines-synchrones-a-double-excitation\/\"]}]},{\"@type\":\"ImageObject\",\"inLanguage\":\"fr-FR\",\"@id\":\"https:\/\/www.istegroup.com\/en\/produit\/machines-synchrones-a-double-excitation\/#primaryimage\",\"url\":\"https:\/\/www.istegroup.com\/wp-content\/uploads\/2023\/02\/Machines-synchrones-a-double-excitation.jpg\",\"contentUrl\":\"https:\/\/www.istegroup.com\/wp-content\/uploads\/2023\/02\/Machines-synchrones-a-double-excitation.jpg\",\"width\":601,\"height\":902,\"caption\":\"Livre scientifique - Machines synchrones \u00e0 double excitation\"},{\"@type\":\"BreadcrumbList\",\"@id\":\"https:\/\/www.istegroup.com\/en\/produit\/machines-synchrones-a-double-excitation\/#breadcrumb\",\"itemListElement\":[{\"@type\":\"ListItem\",\"position\":1,\"name\":\"Home\",\"item\":\"https:\/\/www.istegroup.com\/\"},{\"@type\":\"ListItem\",\"position\":2,\"name\":\"Shop\",\"item\":\"https:\/\/www.istegroup.com\/fr\/nouveautes\/\"},{\"@type\":\"ListItem\",\"position\":3,\"name\":\"Machines synchrones \u00e0 double excitation\"}]},{\"@type\":\"WebSite\",\"@id\":\"https:\/\/www.istegroup.com\/#website\",\"url\":\"https:\/\/www.istegroup.com\/\",\"name\":\"ISTE Group\",\"description\":\"\u00c9diteur des Sciences\",\"potentialAction\":[{\"@type\":\"SearchAction\",\"target\":{\"@type\":\"EntryPoint\",\"urlTemplate\":\"https:\/\/www.istegroup.com\/?s={search_term_string}\"},\"query-input\":{\"@type\":\"PropertyValueSpecification\",\"valueRequired\":true,\"valueName\":\"search_term_string\"}}],\"inLanguage\":\"fr-FR\"}]}<\/script>\n<!-- \/ Yoast SEO plugin. -->","yoast_head_json":{"title":"Machines synchrones \u00e0 double excitation - ISTE Group","description":"Machines synchrones \u00e0 double excitation pr\u00e9sente les outils n\u00e9cessaires aux chercheurs, aux \u00e9tudiants et aux ing\u00e9nieurs en g\u00e9nie \u00e9lectrique pour analyser le fonctionnement des machines synchrones sur l\u2019ensemble du plan d\u2019op\u00e9ration.","robots":{"index":"index","follow":"follow","max-snippet":"max-snippet:-1","max-image-preview":"max-image-preview:large","max-video-preview":"max-video-preview:-1"},"canonical":"https:\/\/www.istegroup.com\/en\/produit\/machines-synchrones-a-double-excitation\/","og_locale":"fr_FR","og_type":"article","og_title":"Machines synchrones \u00e0 double excitation - ISTE Group","og_description":"Machines synchrones \u00e0 double excitation pr\u00e9sente les outils n\u00e9cessaires aux chercheurs, aux \u00e9tudiants et aux ing\u00e9nieurs en g\u00e9nie \u00e9lectrique pour analyser le fonctionnement des machines synchrones sur l\u2019ensemble du plan d\u2019op\u00e9ration.","og_url":"https:\/\/www.istegroup.com\/en\/produit\/machines-synchrones-a-double-excitation\/","og_site_name":"ISTE Group","article_modified_time":"2024-01-03T13:46:58+00:00","og_image":[{"width":601,"height":902,"url":"https:\/\/www.istegroup.com\/wp-content\/uploads\/2023\/02\/Machines-synchrones-a-double-excitation.jpg","type":"image\/jpeg"}],"twitter_card":"summary_large_image","twitter_misc":{"Est. reading time":"1 minute"},"schema":{"@context":"https:\/\/schema.org","@graph":[{"@type":"WebPage","@id":"https:\/\/www.istegroup.com\/en\/produit\/machines-synchrones-a-double-excitation\/","url":"https:\/\/www.istegroup.com\/en\/produit\/machines-synchrones-a-double-excitation\/","name":"Machines synchrones \u00e0 double excitation - ISTE Group","isPartOf":{"@id":"https:\/\/www.istegroup.com\/#website"},"primaryImageOfPage":{"@id":"https:\/\/www.istegroup.com\/en\/produit\/machines-synchrones-a-double-excitation\/#primaryimage"},"image":{"@id":"https:\/\/www.istegroup.com\/en\/produit\/machines-synchrones-a-double-excitation\/#primaryimage"},"thumbnailUrl":"https:\/\/www.istegroup.com\/wp-content\/uploads\/2023\/02\/Machines-synchrones-a-double-excitation.jpg","datePublished":"2023-02-26T15:50:25+00:00","dateModified":"2024-01-03T13:46:58+00:00","description":"Machines synchrones \u00e0 double excitation pr\u00e9sente les outils n\u00e9cessaires aux chercheurs, aux \u00e9tudiants et aux ing\u00e9nieurs en g\u00e9nie \u00e9lectrique pour analyser le fonctionnement des machines synchrones sur l\u2019ensemble du plan d\u2019op\u00e9ration.","breadcrumb":{"@id":"https:\/\/www.istegroup.com\/en\/produit\/machines-synchrones-a-double-excitation\/#breadcrumb"},"inLanguage":"fr-FR","potentialAction":[{"@type":"ReadAction","target":["https:\/\/www.istegroup.com\/en\/produit\/machines-synchrones-a-double-excitation\/"]}]},{"@type":"ImageObject","inLanguage":"fr-FR","@id":"https:\/\/www.istegroup.com\/en\/produit\/machines-synchrones-a-double-excitation\/#primaryimage","url":"https:\/\/www.istegroup.com\/wp-content\/uploads\/2023\/02\/Machines-synchrones-a-double-excitation.jpg","contentUrl":"https:\/\/www.istegroup.com\/wp-content\/uploads\/2023\/02\/Machines-synchrones-a-double-excitation.jpg","width":601,"height":902,"caption":"Livre scientifique - Machines synchrones \u00e0 double excitation"},{"@type":"BreadcrumbList","@id":"https:\/\/www.istegroup.com\/en\/produit\/machines-synchrones-a-double-excitation\/#breadcrumb","itemListElement":[{"@type":"ListItem","position":1,"name":"Home","item":"https:\/\/www.istegroup.com\/"},{"@type":"ListItem","position":2,"name":"Shop","item":"https:\/\/www.istegroup.com\/fr\/nouveautes\/"},{"@type":"ListItem","position":3,"name":"Machines synchrones \u00e0 double excitation"}]},{"@type":"WebSite","@id":"https:\/\/www.istegroup.com\/#website","url":"https:\/\/www.istegroup.com\/","name":"ISTE Group","description":"\u00c9diteur des Sciences","potentialAction":[{"@type":"SearchAction","target":{"@type":"EntryPoint","urlTemplate":"https:\/\/www.istegroup.com\/?s={search_term_string}"},"query-input":{"@type":"PropertyValueSpecification","valueRequired":true,"valueName":"search_term_string"}}],"inLanguage":"fr-FR"}]}},"_links":{"self":[{"href":"https:\/\/www.istegroup.com\/fr\/wp-json\/wp\/v2\/product\/49993","targetHints":{"allow":["GET"]}}],"collection":[{"href":"https:\/\/www.istegroup.com\/fr\/wp-json\/wp\/v2\/product"}],"about":[{"href":"https:\/\/www.istegroup.com\/fr\/wp-json\/wp\/v2\/types\/product"}],"wp:featuredmedia":[{"embeddable":true,"href":"https:\/\/www.istegroup.com\/fr\/wp-json\/wp\/v2\/media\/50008"}],"wp:attachment":[{"href":"https:\/\/www.istegroup.com\/fr\/wp-json\/wp\/v2\/media?parent=49993"}],"wp:term":[{"taxonomy":"product_brand","embeddable":true,"href":"https:\/\/www.istegroup.com\/fr\/wp-json\/wp\/v2\/product_brand?post=49993"},{"taxonomy":"product_cat","embeddable":true,"href":"https:\/\/www.istegroup.com\/fr\/wp-json\/wp\/v2\/product_cat?post=49993"},{"taxonomy":"product_tag","embeddable":true,"href":"https:\/\/www.istegroup.com\/fr\/wp-json\/wp\/v2\/product_tag?post=49993"}],"curies":[{"name":"wp","href":"https:\/\/api.w.org\/{rel}","templated":true}]}}