{"id":49980,"date":"2023-02-26T15:26:22","date_gmt":"2023-02-26T15:26:22","guid":{"rendered":"https:\/\/www.istegroup.com\/?post_type=product&#038;p=49980"},"modified":"2024-01-03T13:46:58","modified_gmt":"2024-01-03T13:46:58","slug":"des-files-dattente-au-teletrafic","status":"publish","type":"product","link":"https:\/\/www.istegroup.com\/fr\/produit\/des-files-dattente-au-teletrafic\/","title":{"rendered":"Des files d\u2019attente au t\u00e9l\u00e9trafic"},"content":{"rendered":"<p>Les files d\u2019attente sont omnipr\u00e9sentes dans notre vie quotidienne (\u00e0 la banque, au supermarch\u00e9, dans un magasin, sur la route, etc.), mais ces derni\u00e8res existent \u00e9galement dans le domaine des t\u00e9l\u00e9communications.<\/p>\n<p>Cet ouvrage pr\u00e9sente la partie th\u00e9orique de ces files d\u2019attente, en passant par les processus de Poisson, les cha\u00eenes de Markov et les syst\u00e8mes d\u2019attente aux r\u00e9seaux de files d\u2019attente.<\/p>\n<p>L\u2019analyse de l\u2019utilisation de leurs ressources, nomm\u00e9e t\u00e9l\u00e9trafic, est \u00e9galement \u00e9tudi\u00e9e. Notamment les bases de sa th\u00e9orie, en pr\u00e9sentant les t\u00e9l\u00e9trafics des syst\u00e8mes \u00e0 perte et ceux des syst\u00e8mes \u00e0 attente.<\/p>\n<p>Didactique, <em>Des files d\u2019attente au t\u00e9l\u00e9trafic<\/em> propose des cours th\u00e9oriques et des applications concr\u00e8tes orient\u00e9es vers le domaine des t\u00e9l\u00e9communications, ainsi que plus de soixante exercices pratiques et leurs corrig\u00e9s.<\/p>","protected":false},"excerpt":{"rendered":"<p>Les files d\u2019attente sont omnipr\u00e9sentes dans notre vie quotidienne (\u00e0 la banque, au supermarch\u00e9, dans un magasin, sur la route, etc.), mais ces derni\u00e8res existent \u00e9galement dans le domaine des t\u00e9l\u00e9communications. Cet ouvrage pr\u00e9sente la partie th\u00e9orique de ces files d\u2019attente, en passant par les processus de Poisson, les cha\u00eenes de Markov et les syst\u00e8mes [&hellip;]<\/p>\n","protected":false},"featured_media":49992,"template":"","meta":{"_acf_changed":false,"_links_to":"","_links_to_target":""},"product_brand":[],"product_cat":[679],"product_tag":[],"class_list":{"0":"post-49980","1":"product","2":"type-product","3":"status-publish","4":"has-post-thumbnail","6":"product_cat-rseaux-et-tlcommunications-12506534","8":"first","9":"instock","10":"shipping-taxable","11":"purchasable","12":"product-type-variable"},"acf":[],"yoast_head":"<!-- This site is optimized with the Yoast SEO plugin v27.2 - https:\/\/yoast.com\/product\/yoast-seo-wordpress\/ -->\n<title>Des files d\u2019attente au t\u00e9l\u00e9trafic - ISTE Group<\/title>\n<meta name=\"description\" content=\"Cet ouvrage pr\u00e9sente la partie th\u00e9orique de ces files d\u2019attente, en passant par les processus de Poisson, les cha\u00eenes de Markov et les syst\u00e8mes d\u2019attente aux r\u00e9seaux de files d\u2019attente.\" \/>\n<meta name=\"robots\" content=\"index, follow, max-snippet:-1, max-image-preview:large, max-video-preview:-1\" \/>\n<link rel=\"canonical\" href=\"https:\/\/www.istegroup.com\/en\/produit\/des-files-dattente-au-teletrafic\/\" \/>\n<meta property=\"og:locale\" content=\"fr_FR\" \/>\n<meta property=\"og:type\" content=\"article\" \/>\n<meta property=\"og:title\" content=\"Des files d\u2019attente au t\u00e9l\u00e9trafic - ISTE Group\" \/>\n<meta property=\"og:description\" content=\"Cet ouvrage pr\u00e9sente la partie th\u00e9orique de ces files d\u2019attente, en passant par les processus de Poisson, les cha\u00eenes de Markov et les syst\u00e8mes d\u2019attente aux r\u00e9seaux de files d\u2019attente.\" \/>\n<meta property=\"og:url\" content=\"https:\/\/www.istegroup.com\/en\/produit\/des-files-dattente-au-teletrafic\/\" \/>\n<meta property=\"og:site_name\" content=\"ISTE Group\" \/>\n<meta property=\"article:modified_time\" content=\"2024-01-03T13:46:58+00:00\" \/>\n<meta property=\"og:image\" content=\"https:\/\/www.istegroup.com\/wp-content\/uploads\/2023\/02\/Des-files-dattente-au-teletrafic.jpg\" \/>\n\t<meta property=\"og:image:width\" content=\"600\" \/>\n\t<meta property=\"og:image:height\" content=\"901\" \/>\n\t<meta property=\"og:image:type\" content=\"image\/jpeg\" \/>\n<meta name=\"twitter:card\" content=\"summary_large_image\" \/>\n<meta name=\"twitter:label1\" content=\"Est. reading time\" \/>\n\t<meta name=\"twitter:data1\" content=\"1 minute\" \/>\n<script type=\"application\/ld+json\" class=\"yoast-schema-graph\">{\"@context\":\"https:\/\/schema.org\",\"@graph\":[{\"@type\":\"WebPage\",\"@id\":\"https:\/\/www.istegroup.com\/en\/produit\/des-files-dattente-au-teletrafic\/\",\"url\":\"https:\/\/www.istegroup.com\/en\/produit\/des-files-dattente-au-teletrafic\/\",\"name\":\"Des files d\u2019attente au t\u00e9l\u00e9trafic - ISTE Group\",\"isPartOf\":{\"@id\":\"https:\/\/www.istegroup.com\/#website\"},\"primaryImageOfPage\":{\"@id\":\"https:\/\/www.istegroup.com\/en\/produit\/des-files-dattente-au-teletrafic\/#primaryimage\"},\"image\":{\"@id\":\"https:\/\/www.istegroup.com\/en\/produit\/des-files-dattente-au-teletrafic\/#primaryimage\"},\"thumbnailUrl\":\"https:\/\/www.istegroup.com\/wp-content\/uploads\/2023\/02\/Des-files-dattente-au-teletrafic.jpg\",\"datePublished\":\"2023-02-26T15:26:22+00:00\",\"dateModified\":\"2024-01-03T13:46:58+00:00\",\"description\":\"Cet ouvrage pr\u00e9sente la partie th\u00e9orique de ces files d\u2019attente, en passant par les processus de Poisson, les cha\u00eenes de Markov et les syst\u00e8mes d\u2019attente aux r\u00e9seaux de files d\u2019attente.\",\"breadcrumb\":{\"@id\":\"https:\/\/www.istegroup.com\/en\/produit\/des-files-dattente-au-teletrafic\/#breadcrumb\"},\"inLanguage\":\"fr-FR\",\"potentialAction\":[{\"@type\":\"ReadAction\",\"target\":[\"https:\/\/www.istegroup.com\/en\/produit\/des-files-dattente-au-teletrafic\/\"]}]},{\"@type\":\"ImageObject\",\"inLanguage\":\"fr-FR\",\"@id\":\"https:\/\/www.istegroup.com\/en\/produit\/des-files-dattente-au-teletrafic\/#primaryimage\",\"url\":\"https:\/\/www.istegroup.com\/wp-content\/uploads\/2023\/02\/Des-files-dattente-au-teletrafic.jpg\",\"contentUrl\":\"https:\/\/www.istegroup.com\/wp-content\/uploads\/2023\/02\/Des-files-dattente-au-teletrafic.jpg\",\"width\":600,\"height\":901,\"caption\":\"Livre scientifique - Des files d'attente au t\u00e9l\u00e9trafic\"},{\"@type\":\"BreadcrumbList\",\"@id\":\"https:\/\/www.istegroup.com\/en\/produit\/des-files-dattente-au-teletrafic\/#breadcrumb\",\"itemListElement\":[{\"@type\":\"ListItem\",\"position\":1,\"name\":\"Home\",\"item\":\"https:\/\/www.istegroup.com\/\"},{\"@type\":\"ListItem\",\"position\":2,\"name\":\"Shop\",\"item\":\"https:\/\/www.istegroup.com\/fr\/nouveautes\/\"},{\"@type\":\"ListItem\",\"position\":3,\"name\":\"Des files d\u2019attente au t\u00e9l\u00e9trafic\"}]},{\"@type\":\"WebSite\",\"@id\":\"https:\/\/www.istegroup.com\/#website\",\"url\":\"https:\/\/www.istegroup.com\/\",\"name\":\"ISTE Group\",\"description\":\"\u00c9diteur des Sciences\",\"potentialAction\":[{\"@type\":\"SearchAction\",\"target\":{\"@type\":\"EntryPoint\",\"urlTemplate\":\"https:\/\/www.istegroup.com\/?s={search_term_string}\"},\"query-input\":{\"@type\":\"PropertyValueSpecification\",\"valueRequired\":true,\"valueName\":\"search_term_string\"}}],\"inLanguage\":\"fr-FR\"}]}<\/script>\n<!-- \/ Yoast SEO plugin. -->","yoast_head_json":{"title":"Des files d\u2019attente au t\u00e9l\u00e9trafic - ISTE Group","description":"Cet ouvrage pr\u00e9sente la partie th\u00e9orique de ces files d\u2019attente, en passant par les processus de Poisson, les cha\u00eenes de Markov et les syst\u00e8mes d\u2019attente aux r\u00e9seaux de files d\u2019attente.","robots":{"index":"index","follow":"follow","max-snippet":"max-snippet:-1","max-image-preview":"max-image-preview:large","max-video-preview":"max-video-preview:-1"},"canonical":"https:\/\/www.istegroup.com\/en\/produit\/des-files-dattente-au-teletrafic\/","og_locale":"fr_FR","og_type":"article","og_title":"Des files d\u2019attente au t\u00e9l\u00e9trafic - ISTE Group","og_description":"Cet ouvrage pr\u00e9sente la partie th\u00e9orique de ces files d\u2019attente, en passant par les processus de Poisson, les cha\u00eenes de Markov et les syst\u00e8mes d\u2019attente aux r\u00e9seaux de files d\u2019attente.","og_url":"https:\/\/www.istegroup.com\/en\/produit\/des-files-dattente-au-teletrafic\/","og_site_name":"ISTE Group","article_modified_time":"2024-01-03T13:46:58+00:00","og_image":[{"width":600,"height":901,"url":"https:\/\/www.istegroup.com\/wp-content\/uploads\/2023\/02\/Des-files-dattente-au-teletrafic.jpg","type":"image\/jpeg"}],"twitter_card":"summary_large_image","twitter_misc":{"Est. reading time":"1 minute"},"schema":{"@context":"https:\/\/schema.org","@graph":[{"@type":"WebPage","@id":"https:\/\/www.istegroup.com\/en\/produit\/des-files-dattente-au-teletrafic\/","url":"https:\/\/www.istegroup.com\/en\/produit\/des-files-dattente-au-teletrafic\/","name":"Des files d\u2019attente au t\u00e9l\u00e9trafic - ISTE Group","isPartOf":{"@id":"https:\/\/www.istegroup.com\/#website"},"primaryImageOfPage":{"@id":"https:\/\/www.istegroup.com\/en\/produit\/des-files-dattente-au-teletrafic\/#primaryimage"},"image":{"@id":"https:\/\/www.istegroup.com\/en\/produit\/des-files-dattente-au-teletrafic\/#primaryimage"},"thumbnailUrl":"https:\/\/www.istegroup.com\/wp-content\/uploads\/2023\/02\/Des-files-dattente-au-teletrafic.jpg","datePublished":"2023-02-26T15:26:22+00:00","dateModified":"2024-01-03T13:46:58+00:00","description":"Cet ouvrage pr\u00e9sente la partie th\u00e9orique de ces files d\u2019attente, en passant par les processus de Poisson, les cha\u00eenes de Markov et les syst\u00e8mes d\u2019attente aux r\u00e9seaux de files d\u2019attente.","breadcrumb":{"@id":"https:\/\/www.istegroup.com\/en\/produit\/des-files-dattente-au-teletrafic\/#breadcrumb"},"inLanguage":"fr-FR","potentialAction":[{"@type":"ReadAction","target":["https:\/\/www.istegroup.com\/en\/produit\/des-files-dattente-au-teletrafic\/"]}]},{"@type":"ImageObject","inLanguage":"fr-FR","@id":"https:\/\/www.istegroup.com\/en\/produit\/des-files-dattente-au-teletrafic\/#primaryimage","url":"https:\/\/www.istegroup.com\/wp-content\/uploads\/2023\/02\/Des-files-dattente-au-teletrafic.jpg","contentUrl":"https:\/\/www.istegroup.com\/wp-content\/uploads\/2023\/02\/Des-files-dattente-au-teletrafic.jpg","width":600,"height":901,"caption":"Livre scientifique - Des files d'attente au t\u00e9l\u00e9trafic"},{"@type":"BreadcrumbList","@id":"https:\/\/www.istegroup.com\/en\/produit\/des-files-dattente-au-teletrafic\/#breadcrumb","itemListElement":[{"@type":"ListItem","position":1,"name":"Home","item":"https:\/\/www.istegroup.com\/"},{"@type":"ListItem","position":2,"name":"Shop","item":"https:\/\/www.istegroup.com\/fr\/nouveautes\/"},{"@type":"ListItem","position":3,"name":"Des files d\u2019attente au t\u00e9l\u00e9trafic"}]},{"@type":"WebSite","@id":"https:\/\/www.istegroup.com\/#website","url":"https:\/\/www.istegroup.com\/","name":"ISTE Group","description":"\u00c9diteur des Sciences","potentialAction":[{"@type":"SearchAction","target":{"@type":"EntryPoint","urlTemplate":"https:\/\/www.istegroup.com\/?s={search_term_string}"},"query-input":{"@type":"PropertyValueSpecification","valueRequired":true,"valueName":"search_term_string"}}],"inLanguage":"fr-FR"}]}},"_links":{"self":[{"href":"https:\/\/www.istegroup.com\/fr\/wp-json\/wp\/v2\/product\/49980","targetHints":{"allow":["GET"]}}],"collection":[{"href":"https:\/\/www.istegroup.com\/fr\/wp-json\/wp\/v2\/product"}],"about":[{"href":"https:\/\/www.istegroup.com\/fr\/wp-json\/wp\/v2\/types\/product"}],"wp:featuredmedia":[{"embeddable":true,"href":"https:\/\/www.istegroup.com\/fr\/wp-json\/wp\/v2\/media\/49992"}],"wp:attachment":[{"href":"https:\/\/www.istegroup.com\/fr\/wp-json\/wp\/v2\/media?parent=49980"}],"wp:term":[{"taxonomy":"product_brand","embeddable":true,"href":"https:\/\/www.istegroup.com\/fr\/wp-json\/wp\/v2\/product_brand?post=49980"},{"taxonomy":"product_cat","embeddable":true,"href":"https:\/\/www.istegroup.com\/fr\/wp-json\/wp\/v2\/product_cat?post=49980"},{"taxonomy":"product_tag","embeddable":true,"href":"https:\/\/www.istegroup.com\/fr\/wp-json\/wp\/v2\/product_tag?post=49980"}],"curies":[{"name":"wp","href":"https:\/\/api.w.org\/{rel}","templated":true}]}}