{"id":49970,"date":"2023-02-26T15:11:23","date_gmt":"2023-02-26T15:11:23","guid":{"rendered":"https:\/\/www.istegroup.com\/?post_type=product&#038;p=49970"},"modified":"2024-01-03T13:46:58","modified_gmt":"2024-01-03T13:46:58","slug":"strategies-dinnovation-collaborative","status":"publish","type":"product","link":"https:\/\/www.istegroup.com\/fr\/produit\/strategies-dinnovation-collaborative\/","title":{"rendered":"Strat\u00e9gies d\u2019innovation collaborative"},"content":{"rendered":"<p>V\u00e9ritable sujet de soci\u00e9t\u00e9, l\u2019innovation fait l\u2019objet d\u2019un int\u00e9r\u00eat croissant du fait de sa capacit\u00e9 \u00e0 devenir un puissant vecteur de changements positifs vis-\u00e0-vis des situations ou des produits.<\/p>\n<p><em>Strat\u00e9gies d\u2019innovation collaborative<\/em> analyse l\u2019innovation sous l\u2019angle de la collaboration en prenant une posture \u00e0 la fois statique et dynamique. Les approches interactives, <em>bottom-up<\/em> et plus largement l\u2019ensemble des processus collaboratifs apparaissent de plus en plus comme une v\u00e9ritable impulsion de cr\u00e9ation et d\u2019innovation participatives.<\/p>\n<p>L\u2019ouvrage d\u00e9crit les diff\u00e9rentes formes de l\u2019innovation collaborative et ses caract\u00e9ristiques fondamentales, telles que la capacit\u00e9 d\u2019absorption, la s\u00e9rendipit\u00e9 ou la cr\u00e9ativit\u00e9. Il retrace l\u2019\u00e9volution de la collaboration entre les acteurs des \u00e9cosyst\u00e8mes et la cr\u00e9ation des r\u00e9seaux d\u2019innovation. Il pr\u00e9sente aussi largement des exemples actuels tels que les <em>fab labs<\/em> ou les <em>living labs<\/em> et analyse le r\u00f4le des interm\u00e9diaires. Une ouverture critique sur les avantages et les inconv\u00e9nients de l\u2019innovation collaborative est \u00e9galement propos\u00e9e.<\/p>","protected":false},"excerpt":{"rendered":"<p>V\u00e9ritable sujet de soci\u00e9t\u00e9, l\u2019innovation fait l\u2019objet d\u2019un int\u00e9r\u00eat croissant du fait de sa capacit\u00e9 \u00e0 devenir un puissant vecteur de changements positifs vis-\u00e0-vis des situations ou des produits. Strat\u00e9gies d\u2019innovation collaborative analyse l\u2019innovation sous l\u2019angle de la collaboration en prenant une posture \u00e0 la fois statique et dynamique. Les approches interactives, bottom-up et plus [&hellip;]<\/p>\n","protected":false},"featured_media":49979,"template":"","meta":{"_acf_changed":false,"_links_to":"","_links_to_target":""},"product_brand":[],"product_cat":[670],"product_tag":[],"class_list":{"0":"post-49970","1":"product","2":"type-product","3":"status-publish","4":"has-post-thumbnail","6":"product_cat-innovation-entrepreneuriat-et-gestion-11041751","8":"first","9":"instock","10":"shipping-taxable","11":"purchasable","12":"product-type-variable"},"acf":[],"yoast_head":"<!-- This site is optimized with the Yoast SEO plugin v27.2 - https:\/\/yoast.com\/product\/yoast-seo-wordpress\/ -->\n<title>Strat\u00e9gies d\u2019innovation collaborative - ISTE Group<\/title>\n<meta name=\"description\" content=\"Strat\u00e9gies d\u2019innovation collaborative analyse l\u2019innovation sous l\u2019angle de la collaboration en prenant une posture \u00e0 la fois statique et dynamique.\" \/>\n<meta name=\"robots\" content=\"index, follow, max-snippet:-1, max-image-preview:large, max-video-preview:-1\" \/>\n<link rel=\"canonical\" href=\"https:\/\/www.istegroup.com\/fr\/produit\/strategies-dinnovation-collaborative\/\" \/>\n<meta property=\"og:locale\" content=\"fr_FR\" \/>\n<meta property=\"og:type\" content=\"article\" \/>\n<meta property=\"og:title\" content=\"Strat\u00e9gies d\u2019innovation collaborative - ISTE Group\" \/>\n<meta property=\"og:description\" content=\"Strat\u00e9gies d\u2019innovation collaborative analyse l\u2019innovation sous l\u2019angle de la collaboration en prenant une posture \u00e0 la fois statique et dynamique.\" \/>\n<meta property=\"og:url\" content=\"https:\/\/www.istegroup.com\/fr\/produit\/strategies-dinnovation-collaborative\/\" \/>\n<meta property=\"og:site_name\" content=\"ISTE Group\" \/>\n<meta property=\"article:modified_time\" content=\"2024-01-03T13:46:58+00:00\" \/>\n<meta property=\"og:image\" content=\"https:\/\/www.istegroup.com\/wp-content\/uploads\/2023\/02\/Strategies-dinnovation-collaborative.jpg\" \/>\n\t<meta property=\"og:image:width\" content=\"597\" \/>\n\t<meta property=\"og:image:height\" content=\"902\" \/>\n\t<meta property=\"og:image:type\" content=\"image\/jpeg\" \/>\n<meta name=\"twitter:card\" content=\"summary_large_image\" \/>\n<meta name=\"twitter:label1\" content=\"Est. reading time\" \/>\n\t<meta name=\"twitter:data1\" content=\"1 minute\" \/>\n<script type=\"application\/ld+json\" class=\"yoast-schema-graph\">{\"@context\":\"https:\/\/schema.org\",\"@graph\":[{\"@type\":\"WebPage\",\"@id\":\"https:\/\/www.istegroup.com\/fr\/produit\/strategies-dinnovation-collaborative\/\",\"url\":\"https:\/\/www.istegroup.com\/fr\/produit\/strategies-dinnovation-collaborative\/\",\"name\":\"Strat\u00e9gies d\u2019innovation collaborative - ISTE Group\",\"isPartOf\":{\"@id\":\"https:\/\/www.istegroup.com\/#website\"},\"primaryImageOfPage\":{\"@id\":\"https:\/\/www.istegroup.com\/fr\/produit\/strategies-dinnovation-collaborative\/#primaryimage\"},\"image\":{\"@id\":\"https:\/\/www.istegroup.com\/fr\/produit\/strategies-dinnovation-collaborative\/#primaryimage\"},\"thumbnailUrl\":\"https:\/\/www.istegroup.com\/wp-content\/uploads\/2023\/02\/Strategies-dinnovation-collaborative.jpg\",\"datePublished\":\"2023-02-26T15:11:23+00:00\",\"dateModified\":\"2024-01-03T13:46:58+00:00\",\"description\":\"Strat\u00e9gies d\u2019innovation collaborative analyse l\u2019innovation sous l\u2019angle de la collaboration en prenant une posture \u00e0 la fois statique et dynamique.\",\"breadcrumb\":{\"@id\":\"https:\/\/www.istegroup.com\/fr\/produit\/strategies-dinnovation-collaborative\/#breadcrumb\"},\"inLanguage\":\"fr-FR\",\"potentialAction\":[{\"@type\":\"ReadAction\",\"target\":[\"https:\/\/www.istegroup.com\/fr\/produit\/strategies-dinnovation-collaborative\/\"]}]},{\"@type\":\"ImageObject\",\"inLanguage\":\"fr-FR\",\"@id\":\"https:\/\/www.istegroup.com\/fr\/produit\/strategies-dinnovation-collaborative\/#primaryimage\",\"url\":\"https:\/\/www.istegroup.com\/wp-content\/uploads\/2023\/02\/Strategies-dinnovation-collaborative.jpg\",\"contentUrl\":\"https:\/\/www.istegroup.com\/wp-content\/uploads\/2023\/02\/Strategies-dinnovation-collaborative.jpg\",\"width\":597,\"height\":902,\"caption\":\"Livre scientifique - Strat\u00e9gies d'innovation collaborative\"},{\"@type\":\"BreadcrumbList\",\"@id\":\"https:\/\/www.istegroup.com\/fr\/produit\/strategies-dinnovation-collaborative\/#breadcrumb\",\"itemListElement\":[{\"@type\":\"ListItem\",\"position\":1,\"name\":\"Home\",\"item\":\"https:\/\/www.istegroup.com\/\"},{\"@type\":\"ListItem\",\"position\":2,\"name\":\"Shop\",\"item\":\"https:\/\/www.istegroup.com\/fr\/nouveautes\/\"},{\"@type\":\"ListItem\",\"position\":3,\"name\":\"Strat\u00e9gies d\u2019innovation collaborative\"}]},{\"@type\":\"WebSite\",\"@id\":\"https:\/\/www.istegroup.com\/#website\",\"url\":\"https:\/\/www.istegroup.com\/\",\"name\":\"ISTE Group\",\"description\":\"\u00c9diteur des Sciences\",\"potentialAction\":[{\"@type\":\"SearchAction\",\"target\":{\"@type\":\"EntryPoint\",\"urlTemplate\":\"https:\/\/www.istegroup.com\/?s={search_term_string}\"},\"query-input\":{\"@type\":\"PropertyValueSpecification\",\"valueRequired\":true,\"valueName\":\"search_term_string\"}}],\"inLanguage\":\"fr-FR\"}]}<\/script>\n<!-- \/ Yoast SEO plugin. -->","yoast_head_json":{"title":"Strat\u00e9gies d\u2019innovation collaborative - ISTE Group","description":"Strat\u00e9gies d\u2019innovation collaborative analyse l\u2019innovation sous l\u2019angle de la collaboration en prenant une posture \u00e0 la fois statique et dynamique.","robots":{"index":"index","follow":"follow","max-snippet":"max-snippet:-1","max-image-preview":"max-image-preview:large","max-video-preview":"max-video-preview:-1"},"canonical":"https:\/\/www.istegroup.com\/fr\/produit\/strategies-dinnovation-collaborative\/","og_locale":"fr_FR","og_type":"article","og_title":"Strat\u00e9gies d\u2019innovation collaborative - ISTE Group","og_description":"Strat\u00e9gies d\u2019innovation collaborative analyse l\u2019innovation sous l\u2019angle de la collaboration en prenant une posture \u00e0 la fois statique et dynamique.","og_url":"https:\/\/www.istegroup.com\/fr\/produit\/strategies-dinnovation-collaborative\/","og_site_name":"ISTE Group","article_modified_time":"2024-01-03T13:46:58+00:00","og_image":[{"width":597,"height":902,"url":"https:\/\/www.istegroup.com\/wp-content\/uploads\/2023\/02\/Strategies-dinnovation-collaborative.jpg","type":"image\/jpeg"}],"twitter_card":"summary_large_image","twitter_misc":{"Est. reading time":"1 minute"},"schema":{"@context":"https:\/\/schema.org","@graph":[{"@type":"WebPage","@id":"https:\/\/www.istegroup.com\/fr\/produit\/strategies-dinnovation-collaborative\/","url":"https:\/\/www.istegroup.com\/fr\/produit\/strategies-dinnovation-collaborative\/","name":"Strat\u00e9gies d\u2019innovation collaborative - ISTE Group","isPartOf":{"@id":"https:\/\/www.istegroup.com\/#website"},"primaryImageOfPage":{"@id":"https:\/\/www.istegroup.com\/fr\/produit\/strategies-dinnovation-collaborative\/#primaryimage"},"image":{"@id":"https:\/\/www.istegroup.com\/fr\/produit\/strategies-dinnovation-collaborative\/#primaryimage"},"thumbnailUrl":"https:\/\/www.istegroup.com\/wp-content\/uploads\/2023\/02\/Strategies-dinnovation-collaborative.jpg","datePublished":"2023-02-26T15:11:23+00:00","dateModified":"2024-01-03T13:46:58+00:00","description":"Strat\u00e9gies d\u2019innovation collaborative analyse l\u2019innovation sous l\u2019angle de la collaboration en prenant une posture \u00e0 la fois statique et dynamique.","breadcrumb":{"@id":"https:\/\/www.istegroup.com\/fr\/produit\/strategies-dinnovation-collaborative\/#breadcrumb"},"inLanguage":"fr-FR","potentialAction":[{"@type":"ReadAction","target":["https:\/\/www.istegroup.com\/fr\/produit\/strategies-dinnovation-collaborative\/"]}]},{"@type":"ImageObject","inLanguage":"fr-FR","@id":"https:\/\/www.istegroup.com\/fr\/produit\/strategies-dinnovation-collaborative\/#primaryimage","url":"https:\/\/www.istegroup.com\/wp-content\/uploads\/2023\/02\/Strategies-dinnovation-collaborative.jpg","contentUrl":"https:\/\/www.istegroup.com\/wp-content\/uploads\/2023\/02\/Strategies-dinnovation-collaborative.jpg","width":597,"height":902,"caption":"Livre scientifique - Strat\u00e9gies d'innovation collaborative"},{"@type":"BreadcrumbList","@id":"https:\/\/www.istegroup.com\/fr\/produit\/strategies-dinnovation-collaborative\/#breadcrumb","itemListElement":[{"@type":"ListItem","position":1,"name":"Home","item":"https:\/\/www.istegroup.com\/"},{"@type":"ListItem","position":2,"name":"Shop","item":"https:\/\/www.istegroup.com\/fr\/nouveautes\/"},{"@type":"ListItem","position":3,"name":"Strat\u00e9gies d\u2019innovation collaborative"}]},{"@type":"WebSite","@id":"https:\/\/www.istegroup.com\/#website","url":"https:\/\/www.istegroup.com\/","name":"ISTE Group","description":"\u00c9diteur des Sciences","potentialAction":[{"@type":"SearchAction","target":{"@type":"EntryPoint","urlTemplate":"https:\/\/www.istegroup.com\/?s={search_term_string}"},"query-input":{"@type":"PropertyValueSpecification","valueRequired":true,"valueName":"search_term_string"}}],"inLanguage":"fr-FR"}]}},"_links":{"self":[{"href":"https:\/\/www.istegroup.com\/fr\/wp-json\/wp\/v2\/product\/49970","targetHints":{"allow":["GET"]}}],"collection":[{"href":"https:\/\/www.istegroup.com\/fr\/wp-json\/wp\/v2\/product"}],"about":[{"href":"https:\/\/www.istegroup.com\/fr\/wp-json\/wp\/v2\/types\/product"}],"wp:featuredmedia":[{"embeddable":true,"href":"https:\/\/www.istegroup.com\/fr\/wp-json\/wp\/v2\/media\/49979"}],"wp:attachment":[{"href":"https:\/\/www.istegroup.com\/fr\/wp-json\/wp\/v2\/media?parent=49970"}],"wp:term":[{"taxonomy":"product_brand","embeddable":true,"href":"https:\/\/www.istegroup.com\/fr\/wp-json\/wp\/v2\/product_brand?post=49970"},{"taxonomy":"product_cat","embeddable":true,"href":"https:\/\/www.istegroup.com\/fr\/wp-json\/wp\/v2\/product_cat?post=49970"},{"taxonomy":"product_tag","embeddable":true,"href":"https:\/\/www.istegroup.com\/fr\/wp-json\/wp\/v2\/product_tag?post=49970"}],"curies":[{"name":"wp","href":"https:\/\/api.w.org\/{rel}","templated":true}]}}