{"id":49943,"date":"2023-02-26T14:39:13","date_gmt":"2023-02-26T14:39:13","guid":{"rendered":"https:\/\/www.istegroup.com\/?post_type=product&#038;p=49943"},"modified":"2024-01-03T13:46:54","modified_gmt":"2024-01-03T13:46:54","slug":"objets-pour-apprendre-objets-a-apprendre-1","status":"publish","type":"product","link":"https:\/\/www.istegroup.com\/fr\/produit\/objets-pour-apprendre-objets-a-apprendre-1\/","title":{"rendered":"Objets pour apprendre, objets \u00e0 apprendre 1"},"content":{"rendered":"<p>Ce livre examine la place et le r\u00f4le des objets lorsqu\u2019ils sont mis au centre de pratiques enseignantes de la maternelle \u00e0 l\u2019universit\u00e9, en France et ailleurs. Ces \u00ab objets pour apprendre \u00bb sont consid\u00e9r\u00e9s dans leur mat\u00e9rialit\u00e9 sensible comme production, oeuvre ou signe mobilis\u00e9s en vue d\u2019apprentissages. Ils deviennent des \u00ab objets \u00e0 apprendre \u00bb quand la vis\u00e9e d\u2019apprentissage est l\u2019objet m\u00eame. L\u2019ouvrage privil\u00e9gie une perspective transversale, en lien avec les domaines disciplinaires investigu\u00e9s et la pluralit\u00e9 des cadres de r\u00e9f\u00e9rence mobilis\u00e9s par les chercheurs.<\/p>\n<p>L\u2019ouvrage en deux volumes propose une vue d\u2019ensemble des recherches actuelles sur le sujet avec ce premier volume qui introduit les questionnements port\u00e9s par l\u2019ouvrage, puis traite des objets au coeur des apprentissages et des rapports entre objets et langages.<\/p>","protected":false},"excerpt":{"rendered":"<p>Ce livre examine la place et le r\u00f4le des objets lorsqu\u2019ils sont mis au centre de pratiques enseignantes de la maternelle \u00e0 l\u2019universit\u00e9, en France et ailleurs. Ces \u00ab objets pour apprendre \u00bb sont consid\u00e9r\u00e9s dans leur mat\u00e9rialit\u00e9 sensible comme production, oeuvre ou signe mobilis\u00e9s en vue d\u2019apprentissages. Ils deviennent des \u00ab objets \u00e0 apprendre [&hellip;]<\/p>\n","protected":false},"featured_media":49961,"template":"","meta":{"_acf_changed":false,"_links_to":"","_links_to_target":""},"product_brand":[],"product_cat":[669],"product_tag":[],"class_list":{"0":"post-49943","1":"product","2":"type-product","3":"status-publish","4":"has-post-thumbnail","6":"product_cat-innovation-en-sciences-de-lducation-433942033","8":"first","9":"instock","10":"shipping-taxable","11":"purchasable","12":"product-type-variable"},"acf":[],"yoast_head":"<!-- This site is optimized with the Yoast SEO plugin v27.2 - https:\/\/yoast.com\/product\/yoast-seo-wordpress\/ -->\n<title>Objets pour apprendre, objets \u00e0 apprendre 1 - ISTE Group<\/title>\n<meta name=\"description\" content=\"Ce livre examine la place et le r\u00f4le des objets lorsqu\u2019ils sont mis au centre de pratiques enseignantes de la maternelle \u00e0 l\u2019universit\u00e9, en France et ailleurs.\" \/>\n<meta name=\"robots\" content=\"index, follow, max-snippet:-1, max-image-preview:large, max-video-preview:-1\" \/>\n<link rel=\"canonical\" href=\"https:\/\/www.istegroup.com\/fr\/produit\/objets-pour-apprendre-objets-a-apprendre-1\/\" \/>\n<meta property=\"og:locale\" content=\"fr_FR\" \/>\n<meta property=\"og:type\" content=\"article\" \/>\n<meta property=\"og:title\" content=\"Objets pour apprendre, objets \u00e0 apprendre 1 - ISTE Group\" \/>\n<meta property=\"og:description\" content=\"Ce livre examine la place et le r\u00f4le des objets lorsqu\u2019ils sont mis au centre de pratiques enseignantes de la maternelle \u00e0 l\u2019universit\u00e9, en France et ailleurs.\" \/>\n<meta property=\"og:url\" content=\"https:\/\/www.istegroup.com\/fr\/produit\/objets-pour-apprendre-objets-a-apprendre-1\/\" \/>\n<meta property=\"og:site_name\" content=\"ISTE Group\" \/>\n<meta property=\"article:modified_time\" content=\"2024-01-03T13:46:54+00:00\" \/>\n<meta property=\"og:image\" content=\"https:\/\/www.istegroup.com\/wp-content\/uploads\/2023\/02\/Objets-pour-apprendre-objets-a-apprendre-1.jpg\" \/>\n\t<meta property=\"og:image:width\" content=\"599\" \/>\n\t<meta property=\"og:image:height\" content=\"902\" \/>\n\t<meta property=\"og:image:type\" content=\"image\/jpeg\" \/>\n<meta name=\"twitter:card\" content=\"summary_large_image\" \/>\n<meta name=\"twitter:label1\" content=\"Est. reading time\" \/>\n\t<meta name=\"twitter:data1\" content=\"1 minute\" \/>\n<script type=\"application\/ld+json\" class=\"yoast-schema-graph\">{\"@context\":\"https:\/\/schema.org\",\"@graph\":[{\"@type\":\"WebPage\",\"@id\":\"https:\/\/www.istegroup.com\/fr\/produit\/objets-pour-apprendre-objets-a-apprendre-1\/\",\"url\":\"https:\/\/www.istegroup.com\/fr\/produit\/objets-pour-apprendre-objets-a-apprendre-1\/\",\"name\":\"Objets pour apprendre, objets \u00e0 apprendre 1 - ISTE Group\",\"isPartOf\":{\"@id\":\"https:\/\/www.istegroup.com\/#website\"},\"primaryImageOfPage\":{\"@id\":\"https:\/\/www.istegroup.com\/fr\/produit\/objets-pour-apprendre-objets-a-apprendre-1\/#primaryimage\"},\"image\":{\"@id\":\"https:\/\/www.istegroup.com\/fr\/produit\/objets-pour-apprendre-objets-a-apprendre-1\/#primaryimage\"},\"thumbnailUrl\":\"https:\/\/www.istegroup.com\/wp-content\/uploads\/2023\/02\/Objets-pour-apprendre-objets-a-apprendre-1.jpg\",\"datePublished\":\"2023-02-26T14:39:13+00:00\",\"dateModified\":\"2024-01-03T13:46:54+00:00\",\"description\":\"Ce livre examine la place et le r\u00f4le des objets lorsqu\u2019ils sont mis au centre de pratiques enseignantes de la maternelle \u00e0 l\u2019universit\u00e9, en France et ailleurs.\",\"breadcrumb\":{\"@id\":\"https:\/\/www.istegroup.com\/fr\/produit\/objets-pour-apprendre-objets-a-apprendre-1\/#breadcrumb\"},\"inLanguage\":\"fr-FR\",\"potentialAction\":[{\"@type\":\"ReadAction\",\"target\":[\"https:\/\/www.istegroup.com\/fr\/produit\/objets-pour-apprendre-objets-a-apprendre-1\/\"]}]},{\"@type\":\"ImageObject\",\"inLanguage\":\"fr-FR\",\"@id\":\"https:\/\/www.istegroup.com\/fr\/produit\/objets-pour-apprendre-objets-a-apprendre-1\/#primaryimage\",\"url\":\"https:\/\/www.istegroup.com\/wp-content\/uploads\/2023\/02\/Objets-pour-apprendre-objets-a-apprendre-1.jpg\",\"contentUrl\":\"https:\/\/www.istegroup.com\/wp-content\/uploads\/2023\/02\/Objets-pour-apprendre-objets-a-apprendre-1.jpg\",\"width\":599,\"height\":902,\"caption\":\"Livre scientifique - Objets pour apprendre, objets \u00e0 apprendre 1\"},{\"@type\":\"BreadcrumbList\",\"@id\":\"https:\/\/www.istegroup.com\/fr\/produit\/objets-pour-apprendre-objets-a-apprendre-1\/#breadcrumb\",\"itemListElement\":[{\"@type\":\"ListItem\",\"position\":1,\"name\":\"Home\",\"item\":\"https:\/\/www.istegroup.com\/\"},{\"@type\":\"ListItem\",\"position\":2,\"name\":\"Shop\",\"item\":\"https:\/\/www.istegroup.com\/fr\/nouveautes\/\"},{\"@type\":\"ListItem\",\"position\":3,\"name\":\"Objets pour apprendre, objets \u00e0 apprendre 1\"}]},{\"@type\":\"WebSite\",\"@id\":\"https:\/\/www.istegroup.com\/#website\",\"url\":\"https:\/\/www.istegroup.com\/\",\"name\":\"ISTE Group\",\"description\":\"\u00c9diteur des Sciences\",\"potentialAction\":[{\"@type\":\"SearchAction\",\"target\":{\"@type\":\"EntryPoint\",\"urlTemplate\":\"https:\/\/www.istegroup.com\/?s={search_term_string}\"},\"query-input\":{\"@type\":\"PropertyValueSpecification\",\"valueRequired\":true,\"valueName\":\"search_term_string\"}}],\"inLanguage\":\"fr-FR\"}]}<\/script>\n<!-- \/ Yoast SEO plugin. -->","yoast_head_json":{"title":"Objets pour apprendre, objets \u00e0 apprendre 1 - ISTE Group","description":"Ce livre examine la place et le r\u00f4le des objets lorsqu\u2019ils sont mis au centre de pratiques enseignantes de la maternelle \u00e0 l\u2019universit\u00e9, en France et ailleurs.","robots":{"index":"index","follow":"follow","max-snippet":"max-snippet:-1","max-image-preview":"max-image-preview:large","max-video-preview":"max-video-preview:-1"},"canonical":"https:\/\/www.istegroup.com\/fr\/produit\/objets-pour-apprendre-objets-a-apprendre-1\/","og_locale":"fr_FR","og_type":"article","og_title":"Objets pour apprendre, objets \u00e0 apprendre 1 - ISTE Group","og_description":"Ce livre examine la place et le r\u00f4le des objets lorsqu\u2019ils sont mis au centre de pratiques enseignantes de la maternelle \u00e0 l\u2019universit\u00e9, en France et ailleurs.","og_url":"https:\/\/www.istegroup.com\/fr\/produit\/objets-pour-apprendre-objets-a-apprendre-1\/","og_site_name":"ISTE Group","article_modified_time":"2024-01-03T13:46:54+00:00","og_image":[{"width":599,"height":902,"url":"https:\/\/www.istegroup.com\/wp-content\/uploads\/2023\/02\/Objets-pour-apprendre-objets-a-apprendre-1.jpg","type":"image\/jpeg"}],"twitter_card":"summary_large_image","twitter_misc":{"Est. reading time":"1 minute"},"schema":{"@context":"https:\/\/schema.org","@graph":[{"@type":"WebPage","@id":"https:\/\/www.istegroup.com\/fr\/produit\/objets-pour-apprendre-objets-a-apprendre-1\/","url":"https:\/\/www.istegroup.com\/fr\/produit\/objets-pour-apprendre-objets-a-apprendre-1\/","name":"Objets pour apprendre, objets \u00e0 apprendre 1 - ISTE Group","isPartOf":{"@id":"https:\/\/www.istegroup.com\/#website"},"primaryImageOfPage":{"@id":"https:\/\/www.istegroup.com\/fr\/produit\/objets-pour-apprendre-objets-a-apprendre-1\/#primaryimage"},"image":{"@id":"https:\/\/www.istegroup.com\/fr\/produit\/objets-pour-apprendre-objets-a-apprendre-1\/#primaryimage"},"thumbnailUrl":"https:\/\/www.istegroup.com\/wp-content\/uploads\/2023\/02\/Objets-pour-apprendre-objets-a-apprendre-1.jpg","datePublished":"2023-02-26T14:39:13+00:00","dateModified":"2024-01-03T13:46:54+00:00","description":"Ce livre examine la place et le r\u00f4le des objets lorsqu\u2019ils sont mis au centre de pratiques enseignantes de la maternelle \u00e0 l\u2019universit\u00e9, en France et ailleurs.","breadcrumb":{"@id":"https:\/\/www.istegroup.com\/fr\/produit\/objets-pour-apprendre-objets-a-apprendre-1\/#breadcrumb"},"inLanguage":"fr-FR","potentialAction":[{"@type":"ReadAction","target":["https:\/\/www.istegroup.com\/fr\/produit\/objets-pour-apprendre-objets-a-apprendre-1\/"]}]},{"@type":"ImageObject","inLanguage":"fr-FR","@id":"https:\/\/www.istegroup.com\/fr\/produit\/objets-pour-apprendre-objets-a-apprendre-1\/#primaryimage","url":"https:\/\/www.istegroup.com\/wp-content\/uploads\/2023\/02\/Objets-pour-apprendre-objets-a-apprendre-1.jpg","contentUrl":"https:\/\/www.istegroup.com\/wp-content\/uploads\/2023\/02\/Objets-pour-apprendre-objets-a-apprendre-1.jpg","width":599,"height":902,"caption":"Livre scientifique - Objets pour apprendre, objets \u00e0 apprendre 1"},{"@type":"BreadcrumbList","@id":"https:\/\/www.istegroup.com\/fr\/produit\/objets-pour-apprendre-objets-a-apprendre-1\/#breadcrumb","itemListElement":[{"@type":"ListItem","position":1,"name":"Home","item":"https:\/\/www.istegroup.com\/"},{"@type":"ListItem","position":2,"name":"Shop","item":"https:\/\/www.istegroup.com\/fr\/nouveautes\/"},{"@type":"ListItem","position":3,"name":"Objets pour apprendre, objets \u00e0 apprendre 1"}]},{"@type":"WebSite","@id":"https:\/\/www.istegroup.com\/#website","url":"https:\/\/www.istegroup.com\/","name":"ISTE Group","description":"\u00c9diteur des Sciences","potentialAction":[{"@type":"SearchAction","target":{"@type":"EntryPoint","urlTemplate":"https:\/\/www.istegroup.com\/?s={search_term_string}"},"query-input":{"@type":"PropertyValueSpecification","valueRequired":true,"valueName":"search_term_string"}}],"inLanguage":"fr-FR"}]}},"_links":{"self":[{"href":"https:\/\/www.istegroup.com\/fr\/wp-json\/wp\/v2\/product\/49943","targetHints":{"allow":["GET"]}}],"collection":[{"href":"https:\/\/www.istegroup.com\/fr\/wp-json\/wp\/v2\/product"}],"about":[{"href":"https:\/\/www.istegroup.com\/fr\/wp-json\/wp\/v2\/types\/product"}],"wp:featuredmedia":[{"embeddable":true,"href":"https:\/\/www.istegroup.com\/fr\/wp-json\/wp\/v2\/media\/49961"}],"wp:attachment":[{"href":"https:\/\/www.istegroup.com\/fr\/wp-json\/wp\/v2\/media?parent=49943"}],"wp:term":[{"taxonomy":"product_brand","embeddable":true,"href":"https:\/\/www.istegroup.com\/fr\/wp-json\/wp\/v2\/product_brand?post=49943"},{"taxonomy":"product_cat","embeddable":true,"href":"https:\/\/www.istegroup.com\/fr\/wp-json\/wp\/v2\/product_cat?post=49943"},{"taxonomy":"product_tag","embeddable":true,"href":"https:\/\/www.istegroup.com\/fr\/wp-json\/wp\/v2\/product_tag?post=49943"}],"curies":[{"name":"wp","href":"https:\/\/api.w.org\/{rel}","templated":true}]}}