{"id":49692,"date":"2023-02-06T14:54:49","date_gmt":"2023-02-06T14:54:49","guid":{"rendered":"https:\/\/www.istegroup.com\/?post_type=product&#038;p=49692"},"modified":"2024-10-15T08:54:29","modified_gmt":"2024-10-15T07:54:29","slug":"lecotechnicisme","status":"publish","type":"product","link":"https:\/\/www.istegroup.com\/fr\/produit\/lecotechnicisme\/","title":{"rendered":"L\u2019\u00e9cotechnicisme"},"content":{"rendered":"<p>Cet ouvrage analyse le ph\u00e9nom\u00e8ne technique \u00e0 travers une r\u00e9flexion originale faisant intervenir innovation, industrialisation et num\u00e9rique dans un monde en mutation permanente marqu\u00e9 par des crises sociales, \u00e9conomiques et environnementales majeures.<\/p>\n<p><em>L\u2019\u00e9cotechnicisme<\/em> pr\u00e9sente une nouvelle approche socio-technique qui concerne trois formes sociales qui pratiquent et utilisent la technologie : les high-techers, les middle-techers et les low-techers. Cette \u00e9tude propose des r\u00e9flexions sur les relations entre le construit technique et la dimension sociale afin d\u2019ouvrir la discussion sur le devenir de notre soci\u00e9t\u00e9, et cela, en tenant compte des enjeux environnementaux contemporains.<\/p>","protected":false},"excerpt":{"rendered":"<p style=\"text-align: center;\"><strong>Cet ouvrage est uniquement disponible en version \u00e9lectronique.<\/strong><\/p>\n<hr \/>\n","protected":false},"featured_media":49697,"template":"","meta":{"_acf_changed":false,"_links_to":"","_links_to_target":""},"product_brand":[],"product_cat":[3262],"product_tag":[],"class_list":{"0":"post-49692","1":"product","2":"type-product","3":"status-publish","4":"has-post-thumbnail","6":"product_cat-non-classe","8":"first","9":"instock","10":"shipping-taxable","11":"purchasable","12":"product-type-variable"},"acf":[],"yoast_head":"<!-- This site is optimized with the Yoast SEO plugin v27.2 - https:\/\/yoast.com\/product\/yoast-seo-wordpress\/ -->\n<title>L\u2019\u00e9cotechnicisme - ISTE Group<\/title>\n<meta name=\"description\" content=\"L\u2019\u00e9cotechnicisme pr\u00e9sente une nouvelle approche socio-technique qui concerne trois formes sociales qui pratiquent et utilisent la technologie : les high-techers, les middle-techers et les low-techers.\" \/>\n<meta name=\"robots\" content=\"index, follow, max-snippet:-1, max-image-preview:large, max-video-preview:-1\" \/>\n<link rel=\"canonical\" href=\"https:\/\/www.istegroup.com\/fr\/produit\/lecotechnicisme\/\" \/>\n<meta property=\"og:locale\" content=\"fr_FR\" \/>\n<meta property=\"og:type\" content=\"article\" \/>\n<meta property=\"og:title\" content=\"L\u2019\u00e9cotechnicisme - ISTE Group\" \/>\n<meta property=\"og:description\" content=\"L\u2019\u00e9cotechnicisme pr\u00e9sente une nouvelle approche socio-technique qui concerne trois formes sociales qui pratiquent et utilisent la technologie : les high-techers, les middle-techers et les low-techers.\" \/>\n<meta property=\"og:url\" content=\"https:\/\/www.istegroup.com\/fr\/produit\/lecotechnicisme\/\" \/>\n<meta property=\"og:site_name\" content=\"ISTE Group\" \/>\n<meta property=\"article:modified_time\" content=\"2024-10-15T07:54:29+00:00\" \/>\n<meta property=\"og:image\" content=\"https:\/\/www.istegroup.com\/wp-content\/uploads\/2023\/01\/Lecotechnicisme.png\" \/>\n\t<meta property=\"og:image:width\" content=\"554\" \/>\n\t<meta property=\"og:image:height\" content=\"839\" \/>\n\t<meta property=\"og:image:type\" content=\"image\/png\" \/>\n<meta name=\"twitter:card\" content=\"summary_large_image\" \/>\n<meta name=\"twitter:label1\" content=\"Est. reading time\" \/>\n\t<meta name=\"twitter:data1\" content=\"1 minute\" \/>\n<script type=\"application\/ld+json\" class=\"yoast-schema-graph\">{\"@context\":\"https:\/\/schema.org\",\"@graph\":[{\"@type\":\"WebPage\",\"@id\":\"https:\/\/www.istegroup.com\/fr\/produit\/lecotechnicisme\/\",\"url\":\"https:\/\/www.istegroup.com\/fr\/produit\/lecotechnicisme\/\",\"name\":\"L\u2019\u00e9cotechnicisme - ISTE Group\",\"isPartOf\":{\"@id\":\"https:\/\/www.istegroup.com\/#website\"},\"primaryImageOfPage\":{\"@id\":\"https:\/\/www.istegroup.com\/fr\/produit\/lecotechnicisme\/#primaryimage\"},\"image\":{\"@id\":\"https:\/\/www.istegroup.com\/fr\/produit\/lecotechnicisme\/#primaryimage\"},\"thumbnailUrl\":\"https:\/\/www.istegroup.com\/wp-content\/uploads\/2023\/01\/Lecotechnicisme.png\",\"datePublished\":\"2023-02-06T14:54:49+00:00\",\"dateModified\":\"2024-10-15T07:54:29+00:00\",\"description\":\"L\u2019\u00e9cotechnicisme pr\u00e9sente une nouvelle approche socio-technique qui concerne trois formes sociales qui pratiquent et utilisent la technologie : les high-techers, les middle-techers et les low-techers.\",\"breadcrumb\":{\"@id\":\"https:\/\/www.istegroup.com\/fr\/produit\/lecotechnicisme\/#breadcrumb\"},\"inLanguage\":\"fr-FR\",\"potentialAction\":[{\"@type\":\"ReadAction\",\"target\":[\"https:\/\/www.istegroup.com\/fr\/produit\/lecotechnicisme\/\"]}]},{\"@type\":\"ImageObject\",\"inLanguage\":\"fr-FR\",\"@id\":\"https:\/\/www.istegroup.com\/fr\/produit\/lecotechnicisme\/#primaryimage\",\"url\":\"https:\/\/www.istegroup.com\/wp-content\/uploads\/2023\/01\/Lecotechnicisme.png\",\"contentUrl\":\"https:\/\/www.istegroup.com\/wp-content\/uploads\/2023\/01\/Lecotechnicisme.png\",\"width\":554,\"height\":839,\"caption\":\"Livre scientifique - L\u2019\u00e9cotechnicisme\"},{\"@type\":\"BreadcrumbList\",\"@id\":\"https:\/\/www.istegroup.com\/fr\/produit\/lecotechnicisme\/#breadcrumb\",\"itemListElement\":[{\"@type\":\"ListItem\",\"position\":1,\"name\":\"Home\",\"item\":\"https:\/\/www.istegroup.com\/\"},{\"@type\":\"ListItem\",\"position\":2,\"name\":\"Shop\",\"item\":\"https:\/\/www.istegroup.com\/fr\/nouveautes\/\"},{\"@type\":\"ListItem\",\"position\":3,\"name\":\"L\u2019\u00e9cotechnicisme\"}]},{\"@type\":\"WebSite\",\"@id\":\"https:\/\/www.istegroup.com\/#website\",\"url\":\"https:\/\/www.istegroup.com\/\",\"name\":\"ISTE Group\",\"description\":\"\u00c9diteur des Sciences\",\"potentialAction\":[{\"@type\":\"SearchAction\",\"target\":{\"@type\":\"EntryPoint\",\"urlTemplate\":\"https:\/\/www.istegroup.com\/?s={search_term_string}\"},\"query-input\":{\"@type\":\"PropertyValueSpecification\",\"valueRequired\":true,\"valueName\":\"search_term_string\"}}],\"inLanguage\":\"fr-FR\"}]}<\/script>\n<!-- \/ Yoast SEO plugin. -->","yoast_head_json":{"title":"L\u2019\u00e9cotechnicisme - ISTE Group","description":"L\u2019\u00e9cotechnicisme pr\u00e9sente une nouvelle approche socio-technique qui concerne trois formes sociales qui pratiquent et utilisent la technologie : les high-techers, les middle-techers et les low-techers.","robots":{"index":"index","follow":"follow","max-snippet":"max-snippet:-1","max-image-preview":"max-image-preview:large","max-video-preview":"max-video-preview:-1"},"canonical":"https:\/\/www.istegroup.com\/fr\/produit\/lecotechnicisme\/","og_locale":"fr_FR","og_type":"article","og_title":"L\u2019\u00e9cotechnicisme - ISTE Group","og_description":"L\u2019\u00e9cotechnicisme pr\u00e9sente une nouvelle approche socio-technique qui concerne trois formes sociales qui pratiquent et utilisent la technologie : les high-techers, les middle-techers et les low-techers.","og_url":"https:\/\/www.istegroup.com\/fr\/produit\/lecotechnicisme\/","og_site_name":"ISTE Group","article_modified_time":"2024-10-15T07:54:29+00:00","og_image":[{"width":554,"height":839,"url":"https:\/\/www.istegroup.com\/wp-content\/uploads\/2023\/01\/Lecotechnicisme.png","type":"image\/png"}],"twitter_card":"summary_large_image","twitter_misc":{"Est. reading time":"1 minute"},"schema":{"@context":"https:\/\/schema.org","@graph":[{"@type":"WebPage","@id":"https:\/\/www.istegroup.com\/fr\/produit\/lecotechnicisme\/","url":"https:\/\/www.istegroup.com\/fr\/produit\/lecotechnicisme\/","name":"L\u2019\u00e9cotechnicisme - ISTE Group","isPartOf":{"@id":"https:\/\/www.istegroup.com\/#website"},"primaryImageOfPage":{"@id":"https:\/\/www.istegroup.com\/fr\/produit\/lecotechnicisme\/#primaryimage"},"image":{"@id":"https:\/\/www.istegroup.com\/fr\/produit\/lecotechnicisme\/#primaryimage"},"thumbnailUrl":"https:\/\/www.istegroup.com\/wp-content\/uploads\/2023\/01\/Lecotechnicisme.png","datePublished":"2023-02-06T14:54:49+00:00","dateModified":"2024-10-15T07:54:29+00:00","description":"L\u2019\u00e9cotechnicisme pr\u00e9sente une nouvelle approche socio-technique qui concerne trois formes sociales qui pratiquent et utilisent la technologie : les high-techers, les middle-techers et les low-techers.","breadcrumb":{"@id":"https:\/\/www.istegroup.com\/fr\/produit\/lecotechnicisme\/#breadcrumb"},"inLanguage":"fr-FR","potentialAction":[{"@type":"ReadAction","target":["https:\/\/www.istegroup.com\/fr\/produit\/lecotechnicisme\/"]}]},{"@type":"ImageObject","inLanguage":"fr-FR","@id":"https:\/\/www.istegroup.com\/fr\/produit\/lecotechnicisme\/#primaryimage","url":"https:\/\/www.istegroup.com\/wp-content\/uploads\/2023\/01\/Lecotechnicisme.png","contentUrl":"https:\/\/www.istegroup.com\/wp-content\/uploads\/2023\/01\/Lecotechnicisme.png","width":554,"height":839,"caption":"Livre scientifique - L\u2019\u00e9cotechnicisme"},{"@type":"BreadcrumbList","@id":"https:\/\/www.istegroup.com\/fr\/produit\/lecotechnicisme\/#breadcrumb","itemListElement":[{"@type":"ListItem","position":1,"name":"Home","item":"https:\/\/www.istegroup.com\/"},{"@type":"ListItem","position":2,"name":"Shop","item":"https:\/\/www.istegroup.com\/fr\/nouveautes\/"},{"@type":"ListItem","position":3,"name":"L\u2019\u00e9cotechnicisme"}]},{"@type":"WebSite","@id":"https:\/\/www.istegroup.com\/#website","url":"https:\/\/www.istegroup.com\/","name":"ISTE Group","description":"\u00c9diteur des Sciences","potentialAction":[{"@type":"SearchAction","target":{"@type":"EntryPoint","urlTemplate":"https:\/\/www.istegroup.com\/?s={search_term_string}"},"query-input":{"@type":"PropertyValueSpecification","valueRequired":true,"valueName":"search_term_string"}}],"inLanguage":"fr-FR"}]}},"_links":{"self":[{"href":"https:\/\/www.istegroup.com\/fr\/wp-json\/wp\/v2\/product\/49692","targetHints":{"allow":["GET"]}}],"collection":[{"href":"https:\/\/www.istegroup.com\/fr\/wp-json\/wp\/v2\/product"}],"about":[{"href":"https:\/\/www.istegroup.com\/fr\/wp-json\/wp\/v2\/types\/product"}],"wp:featuredmedia":[{"embeddable":true,"href":"https:\/\/www.istegroup.com\/fr\/wp-json\/wp\/v2\/media\/49697"}],"wp:attachment":[{"href":"https:\/\/www.istegroup.com\/fr\/wp-json\/wp\/v2\/media?parent=49692"}],"wp:term":[{"taxonomy":"product_brand","embeddable":true,"href":"https:\/\/www.istegroup.com\/fr\/wp-json\/wp\/v2\/product_brand?post=49692"},{"taxonomy":"product_cat","embeddable":true,"href":"https:\/\/www.istegroup.com\/fr\/wp-json\/wp\/v2\/product_cat?post=49692"},{"taxonomy":"product_tag","embeddable":true,"href":"https:\/\/www.istegroup.com\/fr\/wp-json\/wp\/v2\/product_tag?post=49692"}],"curies":[{"name":"wp","href":"https:\/\/api.w.org\/{rel}","templated":true}]}}