{"id":49461,"date":"2023-01-19T10:41:43","date_gmt":"2023-01-19T10:41:43","guid":{"rendered":"https:\/\/www.istegroup.com\/?post_type=product&#038;p=49461"},"modified":"2024-01-03T13:46:53","modified_gmt":"2024-01-03T13:46:53","slug":"conservation-de-la-biodiversite-et-etat-de-reference","status":"publish","type":"product","link":"https:\/\/www.istegroup.com\/fr\/produit\/conservation-de-la-biodiversite-et-etat-de-reference\/","title":{"rendered":"Conservation de la biodiversit\u00e9 et \u00e9tat de r\u00e9f\u00e9rence"},"content":{"rendered":"<p>L\u2019\u00e8re de l&rsquo;Anthropoc\u00e8ne est marqu\u00e9e par une pression humaine si forte qu\u2019elle a conduit \u00e0 la sixi\u00e8me extinction de masse. La notion d\u2019\u00e9tat de r\u00e9f\u00e9rence appliqu\u00e9e au domaine de la conservation de la biodiversit\u00e9 permet d\u2019appr\u00e9hender la domination des humains sur Terre comme un processus de modification de nos paysages qui n\u2019est ni lin\u00e9aire ni homog\u00e8ne.<\/p>\n<p><em>Conservation de la biodiversit\u00e9 et \u00e9tat de r\u00e9f\u00e9rence<\/em> s\u2019articule autour de trois points cl\u00e9s. Il d\u00e9finit d\u2019abord o\u00f9 et quand tout a \u00ab mal tourn\u00e9 \u00bb, r\u00e9fl\u00e9chit ensuite \u00e0 l\u2019utilisation des \u00e9tats de r\u00e9f\u00e9rence pour \u00e9laborer des strat\u00e9gies de conservation et propose enfin des exemples d\u2019application concr\u00e8te de la notion d\u2019\u00e9tat de r\u00e9f\u00e9rence sur le littoral, la for\u00eat et les paysages agropastoraux.<\/p>\n<p>La conservation de la biodiversit\u00e9 est aujourd\u2019hui confront\u00e9e \u00e0 des choix n\u00e9cessaires : revenir \u00e0 des \u00e9tats moins modifi\u00e9s par les humains qu\u2019aujourd\u2019hui, mais dans un monde qui a beaucoup chang\u00e9 ; laisser la nature de demain s\u2019exprimer l\u00e0 o\u00f9 elle le peut encore, mais sans aucune feuille de route ; ou encore construire des alternatives bas\u00e9es sur des projets territoriaux.<\/p>","protected":false},"excerpt":{"rendered":"<p>L\u2019\u00e8re de l&rsquo;Anthropoc\u00e8ne est marqu\u00e9e par une pression humaine si forte qu\u2019elle a conduit \u00e0 la sixi\u00e8me extinction de masse. La notion d\u2019\u00e9tat de r\u00e9f\u00e9rence appliqu\u00e9e au domaine de la conservation de la biodiversit\u00e9 permet d\u2019appr\u00e9hender la domination des humains sur Terre comme un processus de modification de nos paysages qui n\u2019est ni lin\u00e9aire ni [&hellip;]<\/p>\n","protected":false},"featured_media":49476,"template":"","meta":{"_acf_changed":false,"_links_to":"","_links_to_target":""},"product_brand":[],"product_cat":[658],"product_tag":[],"class_list":{"0":"post-49461","1":"product","2":"type-product","3":"status-publish","4":"has-post-thumbnail","6":"product_cat-ecologie-14419669","8":"first","9":"instock","10":"shipping-taxable","11":"purchasable","12":"product-type-variable"},"acf":[],"yoast_head":"<!-- This site is optimized with the Yoast SEO plugin v27.2 - https:\/\/yoast.com\/product\/yoast-seo-wordpress\/ -->\n<title>Conservation de la biodiversit\u00e9 et \u00e9tat de r\u00e9f\u00e9rence - ISTE Group<\/title>\n<meta name=\"description\" content=\"L\u2019\u00e8re de l&#039;Anthropoc\u00e8ne est marqu\u00e9e par une pression humaine si forte qu\u2019elle a conduit \u00e0 la sixi\u00e8me extinction de masse.\" \/>\n<meta name=\"robots\" content=\"index, follow, max-snippet:-1, max-image-preview:large, max-video-preview:-1\" \/>\n<link rel=\"canonical\" href=\"https:\/\/www.istegroup.com\/en\/produit\/conservation-de-la-biodiversite-et-etat-de-reference\/\" \/>\n<meta property=\"og:locale\" content=\"fr_FR\" \/>\n<meta property=\"og:type\" content=\"article\" \/>\n<meta property=\"og:title\" content=\"Conservation de la biodiversit\u00e9 et \u00e9tat de r\u00e9f\u00e9rence - ISTE Group\" \/>\n<meta property=\"og:description\" content=\"L\u2019\u00e8re de l&#039;Anthropoc\u00e8ne est marqu\u00e9e par une pression humaine si forte qu\u2019elle a conduit \u00e0 la sixi\u00e8me extinction de masse.\" \/>\n<meta property=\"og:url\" content=\"https:\/\/www.istegroup.com\/en\/produit\/conservation-de-la-biodiversite-et-etat-de-reference\/\" \/>\n<meta property=\"og:site_name\" content=\"ISTE Group\" \/>\n<meta property=\"article:modified_time\" content=\"2024-01-03T13:46:53+00:00\" \/>\n<meta property=\"og:image\" content=\"https:\/\/www.istegroup.com\/wp-content\/uploads\/2023\/01\/Conservation-de-la-biodiversite-et-etat-de-reference.jpg\" \/>\n\t<meta property=\"og:image:width\" content=\"350\" \/>\n\t<meta property=\"og:image:height\" content=\"527\" \/>\n\t<meta property=\"og:image:type\" content=\"image\/jpeg\" \/>\n<meta name=\"twitter:card\" content=\"summary_large_image\" \/>\n<meta name=\"twitter:label1\" content=\"Est. reading time\" \/>\n\t<meta name=\"twitter:data1\" content=\"1 minute\" \/>\n<script type=\"application\/ld+json\" class=\"yoast-schema-graph\">{\"@context\":\"https:\/\/schema.org\",\"@graph\":[{\"@type\":\"WebPage\",\"@id\":\"https:\/\/www.istegroup.com\/en\/produit\/conservation-de-la-biodiversite-et-etat-de-reference\/\",\"url\":\"https:\/\/www.istegroup.com\/en\/produit\/conservation-de-la-biodiversite-et-etat-de-reference\/\",\"name\":\"Conservation de la biodiversit\u00e9 et \u00e9tat de r\u00e9f\u00e9rence - ISTE Group\",\"isPartOf\":{\"@id\":\"https:\/\/www.istegroup.com\/#website\"},\"primaryImageOfPage\":{\"@id\":\"https:\/\/www.istegroup.com\/en\/produit\/conservation-de-la-biodiversite-et-etat-de-reference\/#primaryimage\"},\"image\":{\"@id\":\"https:\/\/www.istegroup.com\/en\/produit\/conservation-de-la-biodiversite-et-etat-de-reference\/#primaryimage\"},\"thumbnailUrl\":\"https:\/\/www.istegroup.com\/wp-content\/uploads\/2023\/01\/Conservation-de-la-biodiversite-et-etat-de-reference.jpg\",\"datePublished\":\"2023-01-19T10:41:43+00:00\",\"dateModified\":\"2024-01-03T13:46:53+00:00\",\"description\":\"L\u2019\u00e8re de l'Anthropoc\u00e8ne est marqu\u00e9e par une pression humaine si forte qu\u2019elle a conduit \u00e0 la sixi\u00e8me extinction de masse.\",\"breadcrumb\":{\"@id\":\"https:\/\/www.istegroup.com\/en\/produit\/conservation-de-la-biodiversite-et-etat-de-reference\/#breadcrumb\"},\"inLanguage\":\"fr-FR\",\"potentialAction\":[{\"@type\":\"ReadAction\",\"target\":[\"https:\/\/www.istegroup.com\/en\/produit\/conservation-de-la-biodiversite-et-etat-de-reference\/\"]}]},{\"@type\":\"ImageObject\",\"inLanguage\":\"fr-FR\",\"@id\":\"https:\/\/www.istegroup.com\/en\/produit\/conservation-de-la-biodiversite-et-etat-de-reference\/#primaryimage\",\"url\":\"https:\/\/www.istegroup.com\/wp-content\/uploads\/2023\/01\/Conservation-de-la-biodiversite-et-etat-de-reference.jpg\",\"contentUrl\":\"https:\/\/www.istegroup.com\/wp-content\/uploads\/2023\/01\/Conservation-de-la-biodiversite-et-etat-de-reference.jpg\",\"width\":350,\"height\":527,\"caption\":\"Livre scientifique - Conservation de la biodiversit\u00e9 et \u00e9tat de r\u00e9f\u00e9rence\"},{\"@type\":\"BreadcrumbList\",\"@id\":\"https:\/\/www.istegroup.com\/en\/produit\/conservation-de-la-biodiversite-et-etat-de-reference\/#breadcrumb\",\"itemListElement\":[{\"@type\":\"ListItem\",\"position\":1,\"name\":\"Home\",\"item\":\"https:\/\/www.istegroup.com\/\"},{\"@type\":\"ListItem\",\"position\":2,\"name\":\"Shop\",\"item\":\"https:\/\/www.istegroup.com\/fr\/nouveautes\/\"},{\"@type\":\"ListItem\",\"position\":3,\"name\":\"Conservation de la biodiversit\u00e9 et \u00e9tat de r\u00e9f\u00e9rence\"}]},{\"@type\":\"WebSite\",\"@id\":\"https:\/\/www.istegroup.com\/#website\",\"url\":\"https:\/\/www.istegroup.com\/\",\"name\":\"ISTE Group\",\"description\":\"\u00c9diteur des Sciences\",\"potentialAction\":[{\"@type\":\"SearchAction\",\"target\":{\"@type\":\"EntryPoint\",\"urlTemplate\":\"https:\/\/www.istegroup.com\/?s={search_term_string}\"},\"query-input\":{\"@type\":\"PropertyValueSpecification\",\"valueRequired\":true,\"valueName\":\"search_term_string\"}}],\"inLanguage\":\"fr-FR\"}]}<\/script>\n<!-- \/ Yoast SEO plugin. -->","yoast_head_json":{"title":"Conservation de la biodiversit\u00e9 et \u00e9tat de r\u00e9f\u00e9rence - ISTE Group","description":"L\u2019\u00e8re de l'Anthropoc\u00e8ne est marqu\u00e9e par une pression humaine si forte qu\u2019elle a conduit \u00e0 la sixi\u00e8me extinction de masse.","robots":{"index":"index","follow":"follow","max-snippet":"max-snippet:-1","max-image-preview":"max-image-preview:large","max-video-preview":"max-video-preview:-1"},"canonical":"https:\/\/www.istegroup.com\/en\/produit\/conservation-de-la-biodiversite-et-etat-de-reference\/","og_locale":"fr_FR","og_type":"article","og_title":"Conservation de la biodiversit\u00e9 et \u00e9tat de r\u00e9f\u00e9rence - ISTE Group","og_description":"L\u2019\u00e8re de l'Anthropoc\u00e8ne est marqu\u00e9e par une pression humaine si forte qu\u2019elle a conduit \u00e0 la sixi\u00e8me extinction de masse.","og_url":"https:\/\/www.istegroup.com\/en\/produit\/conservation-de-la-biodiversite-et-etat-de-reference\/","og_site_name":"ISTE Group","article_modified_time":"2024-01-03T13:46:53+00:00","og_image":[{"width":350,"height":527,"url":"https:\/\/www.istegroup.com\/wp-content\/uploads\/2023\/01\/Conservation-de-la-biodiversite-et-etat-de-reference.jpg","type":"image\/jpeg"}],"twitter_card":"summary_large_image","twitter_misc":{"Est. reading time":"1 minute"},"schema":{"@context":"https:\/\/schema.org","@graph":[{"@type":"WebPage","@id":"https:\/\/www.istegroup.com\/en\/produit\/conservation-de-la-biodiversite-et-etat-de-reference\/","url":"https:\/\/www.istegroup.com\/en\/produit\/conservation-de-la-biodiversite-et-etat-de-reference\/","name":"Conservation de la biodiversit\u00e9 et \u00e9tat de r\u00e9f\u00e9rence - ISTE Group","isPartOf":{"@id":"https:\/\/www.istegroup.com\/#website"},"primaryImageOfPage":{"@id":"https:\/\/www.istegroup.com\/en\/produit\/conservation-de-la-biodiversite-et-etat-de-reference\/#primaryimage"},"image":{"@id":"https:\/\/www.istegroup.com\/en\/produit\/conservation-de-la-biodiversite-et-etat-de-reference\/#primaryimage"},"thumbnailUrl":"https:\/\/www.istegroup.com\/wp-content\/uploads\/2023\/01\/Conservation-de-la-biodiversite-et-etat-de-reference.jpg","datePublished":"2023-01-19T10:41:43+00:00","dateModified":"2024-01-03T13:46:53+00:00","description":"L\u2019\u00e8re de l'Anthropoc\u00e8ne est marqu\u00e9e par une pression humaine si forte qu\u2019elle a conduit \u00e0 la sixi\u00e8me extinction de masse.","breadcrumb":{"@id":"https:\/\/www.istegroup.com\/en\/produit\/conservation-de-la-biodiversite-et-etat-de-reference\/#breadcrumb"},"inLanguage":"fr-FR","potentialAction":[{"@type":"ReadAction","target":["https:\/\/www.istegroup.com\/en\/produit\/conservation-de-la-biodiversite-et-etat-de-reference\/"]}]},{"@type":"ImageObject","inLanguage":"fr-FR","@id":"https:\/\/www.istegroup.com\/en\/produit\/conservation-de-la-biodiversite-et-etat-de-reference\/#primaryimage","url":"https:\/\/www.istegroup.com\/wp-content\/uploads\/2023\/01\/Conservation-de-la-biodiversite-et-etat-de-reference.jpg","contentUrl":"https:\/\/www.istegroup.com\/wp-content\/uploads\/2023\/01\/Conservation-de-la-biodiversite-et-etat-de-reference.jpg","width":350,"height":527,"caption":"Livre scientifique - Conservation de la biodiversit\u00e9 et \u00e9tat de r\u00e9f\u00e9rence"},{"@type":"BreadcrumbList","@id":"https:\/\/www.istegroup.com\/en\/produit\/conservation-de-la-biodiversite-et-etat-de-reference\/#breadcrumb","itemListElement":[{"@type":"ListItem","position":1,"name":"Home","item":"https:\/\/www.istegroup.com\/"},{"@type":"ListItem","position":2,"name":"Shop","item":"https:\/\/www.istegroup.com\/fr\/nouveautes\/"},{"@type":"ListItem","position":3,"name":"Conservation de la biodiversit\u00e9 et \u00e9tat de r\u00e9f\u00e9rence"}]},{"@type":"WebSite","@id":"https:\/\/www.istegroup.com\/#website","url":"https:\/\/www.istegroup.com\/","name":"ISTE Group","description":"\u00c9diteur des Sciences","potentialAction":[{"@type":"SearchAction","target":{"@type":"EntryPoint","urlTemplate":"https:\/\/www.istegroup.com\/?s={search_term_string}"},"query-input":{"@type":"PropertyValueSpecification","valueRequired":true,"valueName":"search_term_string"}}],"inLanguage":"fr-FR"}]}},"_links":{"self":[{"href":"https:\/\/www.istegroup.com\/fr\/wp-json\/wp\/v2\/product\/49461","targetHints":{"allow":["GET"]}}],"collection":[{"href":"https:\/\/www.istegroup.com\/fr\/wp-json\/wp\/v2\/product"}],"about":[{"href":"https:\/\/www.istegroup.com\/fr\/wp-json\/wp\/v2\/types\/product"}],"wp:featuredmedia":[{"embeddable":true,"href":"https:\/\/www.istegroup.com\/fr\/wp-json\/wp\/v2\/media\/49476"}],"wp:attachment":[{"href":"https:\/\/www.istegroup.com\/fr\/wp-json\/wp\/v2\/media?parent=49461"}],"wp:term":[{"taxonomy":"product_brand","embeddable":true,"href":"https:\/\/www.istegroup.com\/fr\/wp-json\/wp\/v2\/product_brand?post=49461"},{"taxonomy":"product_cat","embeddable":true,"href":"https:\/\/www.istegroup.com\/fr\/wp-json\/wp\/v2\/product_cat?post=49461"},{"taxonomy":"product_tag","embeddable":true,"href":"https:\/\/www.istegroup.com\/fr\/wp-json\/wp\/v2\/product_tag?post=49461"}],"curies":[{"name":"wp","href":"https:\/\/api.w.org\/{rel}","templated":true}]}}