{"id":49454,"date":"2023-01-19T10:05:37","date_gmt":"2023-01-19T10:05:37","guid":{"rendered":"https:\/\/www.istegroup.com\/?post_type=product&#038;p=49454"},"modified":"2024-01-03T13:46:53","modified_gmt":"2024-01-03T13:46:53","slug":"impression-4d-2","status":"publish","type":"product","link":"https:\/\/www.istegroup.com\/fr\/produit\/impression-4d-2\/","title":{"rendered":"Impression 4D 2"},"content":{"rendered":"<p>L\u2019impression 4D r\u00e9pond \u00e0 un objectif, transformer la mati\u00e8re \u00e0 sa guise, \u00e0 travers l\u2019utilisation de mat\u00e9riaux capables de changer de forme et de propri\u00e9t\u00e9s sous l\u2019effet d\u2019une stimulation \u00e9nerg\u00e9tique.<\/p>\n<p>\u00c0 partir de la description des actions et des actionneurs, <em>Impression 4D 2<\/em> pr\u00e9sente les faiblesses qui limitent l\u2019industrialisation des proc\u00e9d\u00e9s d\u2019impression 4D, dont les performances des mat\u00e9riaux actifs et les modes de stimulation \u00e9nerg\u00e9tique. Pour pr\u00e9parer l\u2019avenir, il traite de la dualit\u00e9 mat\u00e9riau-proc\u00e9d\u00e9 dans l\u2019impression 4D industrielle et de l\u2019impression 4D en conception.<\/p>\n<p>Si la capitalisation et la r\u00e9utilisation des connaissances de l\u2019impression 4D semblent primordiales, cet ouvrage original offre une v\u00e9ritable feuille de route pr\u00e9parant la r\u00e9flexion et le d\u00e9bat scientifique sur un concept encore immature, mais plein de promesses.<\/p>","protected":false},"excerpt":{"rendered":"<p>L\u2019impression 4D r\u00e9pond \u00e0 un objectif, transformer la mati\u00e8re \u00e0 sa guise, \u00e0 travers l\u2019utilisation de mat\u00e9riaux capables de changer de forme et de propri\u00e9t\u00e9s sous l\u2019effet d\u2019une stimulation \u00e9nerg\u00e9tique. \u00c0 partir de la description des actions et des actionneurs, Impression 4D 2 pr\u00e9sente les faiblesses qui limitent l\u2019industrialisation des proc\u00e9d\u00e9s d\u2019impression 4D, dont les [&hellip;]<\/p>\n","protected":false},"featured_media":49460,"template":"","meta":{"_acf_changed":false,"_links_to":"","_links_to_target":""},"product_brand":[],"product_cat":[708],"product_tag":[],"class_list":{"0":"post-49454","1":"product","2":"type-product","3":"status-publish","4":"has-post-thumbnail","6":"product_cat-systmes-et-gnie-industriel-11476925","8":"first","9":"instock","10":"shipping-taxable","11":"purchasable","12":"product-type-variable"},"acf":[],"yoast_head":"<!-- This site is optimized with the Yoast SEO plugin v27.2 - https:\/\/yoast.com\/product\/yoast-seo-wordpress\/ -->\n<title>Impression 4D 2 - ISTE Group<\/title>\n<meta name=\"description\" content=\"Impression 4D 2 pr\u00e9sente les faiblesses qui limitent l\u2019industrialisation des proc\u00e9d\u00e9s d\u2019impression 4D, dont les performances des mat\u00e9riaux actifs et les modes de stimulation \u00e9nerg\u00e9tique.\" \/>\n<meta name=\"robots\" content=\"index, follow, max-snippet:-1, max-image-preview:large, max-video-preview:-1\" \/>\n<link rel=\"canonical\" href=\"https:\/\/www.istegroup.com\/fr\/produit\/impression-4d-2\/\" \/>\n<meta property=\"og:locale\" content=\"fr_FR\" \/>\n<meta property=\"og:type\" content=\"article\" \/>\n<meta property=\"og:title\" content=\"Impression 4D 2 - ISTE Group\" \/>\n<meta property=\"og:description\" content=\"Impression 4D 2 pr\u00e9sente les faiblesses qui limitent l\u2019industrialisation des proc\u00e9d\u00e9s d\u2019impression 4D, dont les performances des mat\u00e9riaux actifs et les modes de stimulation \u00e9nerg\u00e9tique.\" \/>\n<meta property=\"og:url\" content=\"https:\/\/www.istegroup.com\/fr\/produit\/impression-4d-2\/\" \/>\n<meta property=\"og:site_name\" content=\"ISTE Group\" \/>\n<meta property=\"article:modified_time\" content=\"2024-01-03T13:46:53+00:00\" \/>\n<meta property=\"og:image\" content=\"https:\/\/www.istegroup.com\/wp-content\/uploads\/2023\/01\/Impression-4D-2.jpg\" \/>\n\t<meta property=\"og:image:width\" content=\"350\" \/>\n\t<meta property=\"og:image:height\" content=\"525\" \/>\n\t<meta property=\"og:image:type\" content=\"image\/jpeg\" \/>\n<meta name=\"twitter:card\" content=\"summary_large_image\" \/>\n<meta name=\"twitter:label1\" content=\"Est. reading time\" \/>\n\t<meta name=\"twitter:data1\" content=\"1 minute\" \/>\n<script type=\"application\/ld+json\" class=\"yoast-schema-graph\">{\"@context\":\"https:\/\/schema.org\",\"@graph\":[{\"@type\":\"WebPage\",\"@id\":\"https:\/\/www.istegroup.com\/fr\/produit\/impression-4d-2\/\",\"url\":\"https:\/\/www.istegroup.com\/fr\/produit\/impression-4d-2\/\",\"name\":\"Impression 4D 2 - ISTE Group\",\"isPartOf\":{\"@id\":\"https:\/\/www.istegroup.com\/#website\"},\"primaryImageOfPage\":{\"@id\":\"https:\/\/www.istegroup.com\/fr\/produit\/impression-4d-2\/#primaryimage\"},\"image\":{\"@id\":\"https:\/\/www.istegroup.com\/fr\/produit\/impression-4d-2\/#primaryimage\"},\"thumbnailUrl\":\"https:\/\/www.istegroup.com\/wp-content\/uploads\/2023\/01\/Impression-4D-2.jpg\",\"datePublished\":\"2023-01-19T10:05:37+00:00\",\"dateModified\":\"2024-01-03T13:46:53+00:00\",\"description\":\"Impression 4D 2 pr\u00e9sente les faiblesses qui limitent l\u2019industrialisation des proc\u00e9d\u00e9s d\u2019impression 4D, dont les performances des mat\u00e9riaux actifs et les modes de stimulation \u00e9nerg\u00e9tique.\",\"breadcrumb\":{\"@id\":\"https:\/\/www.istegroup.com\/fr\/produit\/impression-4d-2\/#breadcrumb\"},\"inLanguage\":\"fr-FR\",\"potentialAction\":[{\"@type\":\"ReadAction\",\"target\":[\"https:\/\/www.istegroup.com\/fr\/produit\/impression-4d-2\/\"]}]},{\"@type\":\"ImageObject\",\"inLanguage\":\"fr-FR\",\"@id\":\"https:\/\/www.istegroup.com\/fr\/produit\/impression-4d-2\/#primaryimage\",\"url\":\"https:\/\/www.istegroup.com\/wp-content\/uploads\/2023\/01\/Impression-4D-2.jpg\",\"contentUrl\":\"https:\/\/www.istegroup.com\/wp-content\/uploads\/2023\/01\/Impression-4D-2.jpg\",\"width\":350,\"height\":525,\"caption\":\"Livre scientifique - Impression 4D 2\"},{\"@type\":\"BreadcrumbList\",\"@id\":\"https:\/\/www.istegroup.com\/fr\/produit\/impression-4d-2\/#breadcrumb\",\"itemListElement\":[{\"@type\":\"ListItem\",\"position\":1,\"name\":\"Home\",\"item\":\"https:\/\/www.istegroup.com\/\"},{\"@type\":\"ListItem\",\"position\":2,\"name\":\"Shop\",\"item\":\"https:\/\/www.istegroup.com\/fr\/nouveautes\/\"},{\"@type\":\"ListItem\",\"position\":3,\"name\":\"Impression 4D 2\"}]},{\"@type\":\"WebSite\",\"@id\":\"https:\/\/www.istegroup.com\/#website\",\"url\":\"https:\/\/www.istegroup.com\/\",\"name\":\"ISTE Group\",\"description\":\"\u00c9diteur des Sciences\",\"potentialAction\":[{\"@type\":\"SearchAction\",\"target\":{\"@type\":\"EntryPoint\",\"urlTemplate\":\"https:\/\/www.istegroup.com\/?s={search_term_string}\"},\"query-input\":{\"@type\":\"PropertyValueSpecification\",\"valueRequired\":true,\"valueName\":\"search_term_string\"}}],\"inLanguage\":\"fr-FR\"}]}<\/script>\n<!-- \/ Yoast SEO plugin. -->","yoast_head_json":{"title":"Impression 4D 2 - ISTE Group","description":"Impression 4D 2 pr\u00e9sente les faiblesses qui limitent l\u2019industrialisation des proc\u00e9d\u00e9s d\u2019impression 4D, dont les performances des mat\u00e9riaux actifs et les modes de stimulation \u00e9nerg\u00e9tique.","robots":{"index":"index","follow":"follow","max-snippet":"max-snippet:-1","max-image-preview":"max-image-preview:large","max-video-preview":"max-video-preview:-1"},"canonical":"https:\/\/www.istegroup.com\/fr\/produit\/impression-4d-2\/","og_locale":"fr_FR","og_type":"article","og_title":"Impression 4D 2 - ISTE Group","og_description":"Impression 4D 2 pr\u00e9sente les faiblesses qui limitent l\u2019industrialisation des proc\u00e9d\u00e9s d\u2019impression 4D, dont les performances des mat\u00e9riaux actifs et les modes de stimulation \u00e9nerg\u00e9tique.","og_url":"https:\/\/www.istegroup.com\/fr\/produit\/impression-4d-2\/","og_site_name":"ISTE Group","article_modified_time":"2024-01-03T13:46:53+00:00","og_image":[{"width":350,"height":525,"url":"https:\/\/www.istegroup.com\/wp-content\/uploads\/2023\/01\/Impression-4D-2.jpg","type":"image\/jpeg"}],"twitter_card":"summary_large_image","twitter_misc":{"Est. reading time":"1 minute"},"schema":{"@context":"https:\/\/schema.org","@graph":[{"@type":"WebPage","@id":"https:\/\/www.istegroup.com\/fr\/produit\/impression-4d-2\/","url":"https:\/\/www.istegroup.com\/fr\/produit\/impression-4d-2\/","name":"Impression 4D 2 - ISTE Group","isPartOf":{"@id":"https:\/\/www.istegroup.com\/#website"},"primaryImageOfPage":{"@id":"https:\/\/www.istegroup.com\/fr\/produit\/impression-4d-2\/#primaryimage"},"image":{"@id":"https:\/\/www.istegroup.com\/fr\/produit\/impression-4d-2\/#primaryimage"},"thumbnailUrl":"https:\/\/www.istegroup.com\/wp-content\/uploads\/2023\/01\/Impression-4D-2.jpg","datePublished":"2023-01-19T10:05:37+00:00","dateModified":"2024-01-03T13:46:53+00:00","description":"Impression 4D 2 pr\u00e9sente les faiblesses qui limitent l\u2019industrialisation des proc\u00e9d\u00e9s d\u2019impression 4D, dont les performances des mat\u00e9riaux actifs et les modes de stimulation \u00e9nerg\u00e9tique.","breadcrumb":{"@id":"https:\/\/www.istegroup.com\/fr\/produit\/impression-4d-2\/#breadcrumb"},"inLanguage":"fr-FR","potentialAction":[{"@type":"ReadAction","target":["https:\/\/www.istegroup.com\/fr\/produit\/impression-4d-2\/"]}]},{"@type":"ImageObject","inLanguage":"fr-FR","@id":"https:\/\/www.istegroup.com\/fr\/produit\/impression-4d-2\/#primaryimage","url":"https:\/\/www.istegroup.com\/wp-content\/uploads\/2023\/01\/Impression-4D-2.jpg","contentUrl":"https:\/\/www.istegroup.com\/wp-content\/uploads\/2023\/01\/Impression-4D-2.jpg","width":350,"height":525,"caption":"Livre scientifique - Impression 4D 2"},{"@type":"BreadcrumbList","@id":"https:\/\/www.istegroup.com\/fr\/produit\/impression-4d-2\/#breadcrumb","itemListElement":[{"@type":"ListItem","position":1,"name":"Home","item":"https:\/\/www.istegroup.com\/"},{"@type":"ListItem","position":2,"name":"Shop","item":"https:\/\/www.istegroup.com\/fr\/nouveautes\/"},{"@type":"ListItem","position":3,"name":"Impression 4D 2"}]},{"@type":"WebSite","@id":"https:\/\/www.istegroup.com\/#website","url":"https:\/\/www.istegroup.com\/","name":"ISTE Group","description":"\u00c9diteur des Sciences","potentialAction":[{"@type":"SearchAction","target":{"@type":"EntryPoint","urlTemplate":"https:\/\/www.istegroup.com\/?s={search_term_string}"},"query-input":{"@type":"PropertyValueSpecification","valueRequired":true,"valueName":"search_term_string"}}],"inLanguage":"fr-FR"}]}},"_links":{"self":[{"href":"https:\/\/www.istegroup.com\/fr\/wp-json\/wp\/v2\/product\/49454","targetHints":{"allow":["GET"]}}],"collection":[{"href":"https:\/\/www.istegroup.com\/fr\/wp-json\/wp\/v2\/product"}],"about":[{"href":"https:\/\/www.istegroup.com\/fr\/wp-json\/wp\/v2\/types\/product"}],"wp:featuredmedia":[{"embeddable":true,"href":"https:\/\/www.istegroup.com\/fr\/wp-json\/wp\/v2\/media\/49460"}],"wp:attachment":[{"href":"https:\/\/www.istegroup.com\/fr\/wp-json\/wp\/v2\/media?parent=49454"}],"wp:term":[{"taxonomy":"product_brand","embeddable":true,"href":"https:\/\/www.istegroup.com\/fr\/wp-json\/wp\/v2\/product_brand?post=49454"},{"taxonomy":"product_cat","embeddable":true,"href":"https:\/\/www.istegroup.com\/fr\/wp-json\/wp\/v2\/product_cat?post=49454"},{"taxonomy":"product_tag","embeddable":true,"href":"https:\/\/www.istegroup.com\/fr\/wp-json\/wp\/v2\/product_tag?post=49454"}],"curies":[{"name":"wp","href":"https:\/\/api.w.org\/{rel}","templated":true}]}}