{"id":49442,"date":"2023-01-19T10:05:11","date_gmt":"2023-01-19T10:05:11","guid":{"rendered":"https:\/\/www.istegroup.com\/?post_type=product&#038;p=49442"},"modified":"2024-01-03T13:46:53","modified_gmt":"2024-01-03T13:46:53","slug":"impression-4d-1","status":"publish","type":"product","link":"https:\/\/www.istegroup.com\/fr\/produit\/impression-4d-1\/","title":{"rendered":"Impression 4D 1"},"content":{"rendered":"<p>Chaque fois que des objets et leur (auto-)organisation doivent \u00eatre mis en service, leurs mod\u00e8les et leurs m\u00e9thodes de pens\u00e9e, ainsi que leur conception et leur fabrication, doivent \u00eatre r\u00e9invent\u00e9s.<\/p>\n<p>L\u2019impression 4D est une technologie d\u2019avenir capable de donner vie \u00e0 des objets en 3D. Cette capacit\u00e9, qui donne \u00e0 ces objets le pouvoir de changer de forme ou de propri\u00e9t\u00e9s au fil du temps gr\u00e2ce \u00e0 la stimulation \u00e9nerg\u00e9tique de mat\u00e9riaux actifs et \u00e0 la fabrication additive, permet d\u2019envisager des ruptures technologiques tout en remettant en question la relation au quotidien entre les humains et les art\u00e9facts.<\/p>\n<p><em>Impression 4D 1<\/em> pr\u00e9sente, de mani\u00e8re objective, critique, voire disruptive, les diff\u00e9rentes facettes de cette technologie. Il cherche \u00e0 soutenir son existence et son d\u00e9veloppement, ainsi qu\u2019\u00e0 stimuler l\u2019\u00e9lan cr\u00e9atif dont l\u2019industrie, la soci\u00e9t\u00e9 et l\u2019humanit\u00e9 ont besoin dans leur qu\u00eate perp\u00e9tuelle d\u2019\u00e9volution et de transformation.<\/p>","protected":false},"excerpt":{"rendered":"<p>Chaque fois que des objets et leur (auto-)organisation doivent \u00eatre mis en service, leurs mod\u00e8les et leurs m\u00e9thodes de pens\u00e9e, ainsi que leur conception et leur fabrication, doivent \u00eatre r\u00e9invent\u00e9s. L\u2019impression 4D est une technologie d\u2019avenir capable de donner vie \u00e0 des objets en 3D. Cette capacit\u00e9, qui donne \u00e0 ces objets le pouvoir de [&hellip;]<\/p>\n","protected":false},"featured_media":49453,"template":"","meta":{"_acf_changed":false,"_links_to":"","_links_to_target":""},"product_brand":[],"product_cat":[708],"product_tag":[],"class_list":{"0":"post-49442","1":"product","2":"type-product","3":"status-publish","4":"has-post-thumbnail","6":"product_cat-systmes-et-gnie-industriel-11476925","8":"first","9":"instock","10":"shipping-taxable","11":"purchasable","12":"product-type-variable"},"acf":[],"yoast_head":"<!-- This site is optimized with the Yoast SEO plugin v27.2 - https:\/\/yoast.com\/product\/yoast-seo-wordpress\/ -->\n<title>Impression 4D 1 - ISTE Group<\/title>\n<meta name=\"description\" content=\"Impression 4D 1 pr\u00e9sente, de mani\u00e8re objective, critique, voire disruptive, les diff\u00e9rentes facettes de cette technologie.\" \/>\n<meta name=\"robots\" content=\"index, follow, max-snippet:-1, max-image-preview:large, max-video-preview:-1\" \/>\n<link rel=\"canonical\" href=\"https:\/\/www.istegroup.com\/fr\/produit\/impression-4d-1\/\" \/>\n<meta property=\"og:locale\" content=\"fr_FR\" \/>\n<meta property=\"og:type\" content=\"article\" \/>\n<meta property=\"og:title\" content=\"Impression 4D 1 - ISTE Group\" \/>\n<meta property=\"og:description\" content=\"Impression 4D 1 pr\u00e9sente, de mani\u00e8re objective, critique, voire disruptive, les diff\u00e9rentes facettes de cette technologie.\" \/>\n<meta property=\"og:url\" content=\"https:\/\/www.istegroup.com\/fr\/produit\/impression-4d-1\/\" \/>\n<meta property=\"og:site_name\" content=\"ISTE Group\" \/>\n<meta property=\"article:modified_time\" content=\"2024-01-03T13:46:53+00:00\" \/>\n<meta property=\"og:image\" content=\"https:\/\/www.istegroup.com\/wp-content\/uploads\/2023\/01\/Impression-4D-1.jpg\" \/>\n\t<meta property=\"og:image:width\" content=\"350\" \/>\n\t<meta property=\"og:image:height\" content=\"527\" \/>\n\t<meta property=\"og:image:type\" content=\"image\/jpeg\" \/>\n<meta name=\"twitter:card\" content=\"summary_large_image\" \/>\n<meta name=\"twitter:label1\" content=\"Est. reading time\" \/>\n\t<meta name=\"twitter:data1\" content=\"1 minute\" \/>\n<script type=\"application\/ld+json\" class=\"yoast-schema-graph\">{\"@context\":\"https:\/\/schema.org\",\"@graph\":[{\"@type\":\"WebPage\",\"@id\":\"https:\/\/www.istegroup.com\/fr\/produit\/impression-4d-1\/\",\"url\":\"https:\/\/www.istegroup.com\/fr\/produit\/impression-4d-1\/\",\"name\":\"Impression 4D 1 - ISTE Group\",\"isPartOf\":{\"@id\":\"https:\/\/www.istegroup.com\/#website\"},\"primaryImageOfPage\":{\"@id\":\"https:\/\/www.istegroup.com\/fr\/produit\/impression-4d-1\/#primaryimage\"},\"image\":{\"@id\":\"https:\/\/www.istegroup.com\/fr\/produit\/impression-4d-1\/#primaryimage\"},\"thumbnailUrl\":\"https:\/\/www.istegroup.com\/wp-content\/uploads\/2023\/01\/Impression-4D-1.jpg\",\"datePublished\":\"2023-01-19T10:05:11+00:00\",\"dateModified\":\"2024-01-03T13:46:53+00:00\",\"description\":\"Impression 4D 1 pr\u00e9sente, de mani\u00e8re objective, critique, voire disruptive, les diff\u00e9rentes facettes de cette technologie.\",\"breadcrumb\":{\"@id\":\"https:\/\/www.istegroup.com\/fr\/produit\/impression-4d-1\/#breadcrumb\"},\"inLanguage\":\"fr-FR\",\"potentialAction\":[{\"@type\":\"ReadAction\",\"target\":[\"https:\/\/www.istegroup.com\/fr\/produit\/impression-4d-1\/\"]}]},{\"@type\":\"ImageObject\",\"inLanguage\":\"fr-FR\",\"@id\":\"https:\/\/www.istegroup.com\/fr\/produit\/impression-4d-1\/#primaryimage\",\"url\":\"https:\/\/www.istegroup.com\/wp-content\/uploads\/2023\/01\/Impression-4D-1.jpg\",\"contentUrl\":\"https:\/\/www.istegroup.com\/wp-content\/uploads\/2023\/01\/Impression-4D-1.jpg\",\"width\":350,\"height\":527,\"caption\":\"Livre scientifique - Impression 4D 1\"},{\"@type\":\"BreadcrumbList\",\"@id\":\"https:\/\/www.istegroup.com\/fr\/produit\/impression-4d-1\/#breadcrumb\",\"itemListElement\":[{\"@type\":\"ListItem\",\"position\":1,\"name\":\"Home\",\"item\":\"https:\/\/www.istegroup.com\/\"},{\"@type\":\"ListItem\",\"position\":2,\"name\":\"Shop\",\"item\":\"https:\/\/www.istegroup.com\/fr\/nouveautes\/\"},{\"@type\":\"ListItem\",\"position\":3,\"name\":\"Impression 4D 1\"}]},{\"@type\":\"WebSite\",\"@id\":\"https:\/\/www.istegroup.com\/#website\",\"url\":\"https:\/\/www.istegroup.com\/\",\"name\":\"ISTE Group\",\"description\":\"\u00c9diteur des Sciences\",\"potentialAction\":[{\"@type\":\"SearchAction\",\"target\":{\"@type\":\"EntryPoint\",\"urlTemplate\":\"https:\/\/www.istegroup.com\/?s={search_term_string}\"},\"query-input\":{\"@type\":\"PropertyValueSpecification\",\"valueRequired\":true,\"valueName\":\"search_term_string\"}}],\"inLanguage\":\"fr-FR\"}]}<\/script>\n<!-- \/ Yoast SEO plugin. -->","yoast_head_json":{"title":"Impression 4D 1 - ISTE Group","description":"Impression 4D 1 pr\u00e9sente, de mani\u00e8re objective, critique, voire disruptive, les diff\u00e9rentes facettes de cette technologie.","robots":{"index":"index","follow":"follow","max-snippet":"max-snippet:-1","max-image-preview":"max-image-preview:large","max-video-preview":"max-video-preview:-1"},"canonical":"https:\/\/www.istegroup.com\/fr\/produit\/impression-4d-1\/","og_locale":"fr_FR","og_type":"article","og_title":"Impression 4D 1 - ISTE Group","og_description":"Impression 4D 1 pr\u00e9sente, de mani\u00e8re objective, critique, voire disruptive, les diff\u00e9rentes facettes de cette technologie.","og_url":"https:\/\/www.istegroup.com\/fr\/produit\/impression-4d-1\/","og_site_name":"ISTE Group","article_modified_time":"2024-01-03T13:46:53+00:00","og_image":[{"width":350,"height":527,"url":"https:\/\/www.istegroup.com\/wp-content\/uploads\/2023\/01\/Impression-4D-1.jpg","type":"image\/jpeg"}],"twitter_card":"summary_large_image","twitter_misc":{"Est. reading time":"1 minute"},"schema":{"@context":"https:\/\/schema.org","@graph":[{"@type":"WebPage","@id":"https:\/\/www.istegroup.com\/fr\/produit\/impression-4d-1\/","url":"https:\/\/www.istegroup.com\/fr\/produit\/impression-4d-1\/","name":"Impression 4D 1 - ISTE Group","isPartOf":{"@id":"https:\/\/www.istegroup.com\/#website"},"primaryImageOfPage":{"@id":"https:\/\/www.istegroup.com\/fr\/produit\/impression-4d-1\/#primaryimage"},"image":{"@id":"https:\/\/www.istegroup.com\/fr\/produit\/impression-4d-1\/#primaryimage"},"thumbnailUrl":"https:\/\/www.istegroup.com\/wp-content\/uploads\/2023\/01\/Impression-4D-1.jpg","datePublished":"2023-01-19T10:05:11+00:00","dateModified":"2024-01-03T13:46:53+00:00","description":"Impression 4D 1 pr\u00e9sente, de mani\u00e8re objective, critique, voire disruptive, les diff\u00e9rentes facettes de cette technologie.","breadcrumb":{"@id":"https:\/\/www.istegroup.com\/fr\/produit\/impression-4d-1\/#breadcrumb"},"inLanguage":"fr-FR","potentialAction":[{"@type":"ReadAction","target":["https:\/\/www.istegroup.com\/fr\/produit\/impression-4d-1\/"]}]},{"@type":"ImageObject","inLanguage":"fr-FR","@id":"https:\/\/www.istegroup.com\/fr\/produit\/impression-4d-1\/#primaryimage","url":"https:\/\/www.istegroup.com\/wp-content\/uploads\/2023\/01\/Impression-4D-1.jpg","contentUrl":"https:\/\/www.istegroup.com\/wp-content\/uploads\/2023\/01\/Impression-4D-1.jpg","width":350,"height":527,"caption":"Livre scientifique - Impression 4D 1"},{"@type":"BreadcrumbList","@id":"https:\/\/www.istegroup.com\/fr\/produit\/impression-4d-1\/#breadcrumb","itemListElement":[{"@type":"ListItem","position":1,"name":"Home","item":"https:\/\/www.istegroup.com\/"},{"@type":"ListItem","position":2,"name":"Shop","item":"https:\/\/www.istegroup.com\/fr\/nouveautes\/"},{"@type":"ListItem","position":3,"name":"Impression 4D 1"}]},{"@type":"WebSite","@id":"https:\/\/www.istegroup.com\/#website","url":"https:\/\/www.istegroup.com\/","name":"ISTE Group","description":"\u00c9diteur des Sciences","potentialAction":[{"@type":"SearchAction","target":{"@type":"EntryPoint","urlTemplate":"https:\/\/www.istegroup.com\/?s={search_term_string}"},"query-input":{"@type":"PropertyValueSpecification","valueRequired":true,"valueName":"search_term_string"}}],"inLanguage":"fr-FR"}]}},"_links":{"self":[{"href":"https:\/\/www.istegroup.com\/fr\/wp-json\/wp\/v2\/product\/49442","targetHints":{"allow":["GET"]}}],"collection":[{"href":"https:\/\/www.istegroup.com\/fr\/wp-json\/wp\/v2\/product"}],"about":[{"href":"https:\/\/www.istegroup.com\/fr\/wp-json\/wp\/v2\/types\/product"}],"wp:featuredmedia":[{"embeddable":true,"href":"https:\/\/www.istegroup.com\/fr\/wp-json\/wp\/v2\/media\/49453"}],"wp:attachment":[{"href":"https:\/\/www.istegroup.com\/fr\/wp-json\/wp\/v2\/media?parent=49442"}],"wp:term":[{"taxonomy":"product_brand","embeddable":true,"href":"https:\/\/www.istegroup.com\/fr\/wp-json\/wp\/v2\/product_brand?post=49442"},{"taxonomy":"product_cat","embeddable":true,"href":"https:\/\/www.istegroup.com\/fr\/wp-json\/wp\/v2\/product_cat?post=49442"},{"taxonomy":"product_tag","embeddable":true,"href":"https:\/\/www.istegroup.com\/fr\/wp-json\/wp\/v2\/product_tag?post=49442"}],"curies":[{"name":"wp","href":"https:\/\/api.w.org\/{rel}","templated":true}]}}