{"id":49427,"date":"2023-01-19T09:35:16","date_gmt":"2023-01-19T09:35:16","guid":{"rendered":"https:\/\/www.istegroup.com\/?post_type=product&#038;p=49427"},"modified":"2024-01-03T13:46:53","modified_gmt":"2024-01-03T13:46:53","slug":"interceptions-des-communications-electroniques","status":"publish","type":"product","link":"https:\/\/www.istegroup.com\/fr\/produit\/interceptions-des-communications-electroniques\/","title":{"rendered":"Interceptions des communications \u00e9lectroniques"},"content":{"rendered":"<p>Dans le cyberespace, les flux de donn\u00e9es transitent massivement et librement \u00e0 l\u2019\u00e9chelle plan\u00e9taire. La g\u00e9n\u00e9ralisation du chiffrement, rendue n\u00e9cessaire par le besoin de protection de ces \u00e9changes, a pour cons\u00e9quence d\u2019opposer aux \u00c9tats et \u00e0 leurs services de renseignement une r\u00e9sistance qui contrarie leurs missions d&rsquo;\u00e9coute et d&rsquo;interception. Ces derniers ont d\u00fb trouver des moyens de briser ou de contourner ces protections.<\/p>\n<p><em>Interceptions des communications \u00e9lectroniques<\/em> analyse les \u00e9volutions des moyens de communication et d\u2019interception ainsi que leurs mises en oeuvre depuis l&rsquo;av\u00e8nement du t\u00e9l\u00e9graphe au XIXe si\u00e8cle. Cet ouvrage pr\u00e9sente ce sujet sensible sous les angles \u00e0 la fois technique, historique et politique. Il r\u00e9pond \u00e0 plusieurs interrogations : qui sont les acteurs de l\u2019interception ? Qui produit les technologies r\u00e9centes ? Comment s\u2019organisent les march\u00e9s des moyens d\u2019interception ? Les moyens de protection des communications sont-ils infaillibles ? Ou quelles formes de pouvoir conf\u00e8rent les interceptions ?<\/p>","protected":false},"excerpt":{"rendered":"<p>Dans le cyberespace, les flux de donn\u00e9es transitent massivement et librement \u00e0 l\u2019\u00e9chelle plan\u00e9taire. La g\u00e9n\u00e9ralisation du chiffrement, rendue n\u00e9cessaire par le besoin de protection de ces \u00e9changes, a pour cons\u00e9quence d\u2019opposer aux \u00c9tats et \u00e0 leurs services de renseignement une r\u00e9sistance qui contrarie leurs missions d&rsquo;\u00e9coute et d&rsquo;interception. Ces derniers ont d\u00fb trouver des [&hellip;]<\/p>\n","protected":false},"featured_media":49434,"template":"","meta":{"_acf_changed":false,"_links_to":"","_links_to_target":""},"product_brand":[],"product_cat":[684],"product_tag":[],"class_list":{"0":"post-49427","1":"product","2":"type-product","3":"status-publish","4":"has-post-thumbnail","6":"product_cat-sciences-socit-et-nouvelles-technologies-188422468","8":"first","9":"instock","10":"shipping-taxable","11":"purchasable","12":"product-type-variable"},"acf":[],"yoast_head":"<!-- This site is optimized with the Yoast SEO plugin v27.2 - https:\/\/yoast.com\/product\/yoast-seo-wordpress\/ -->\n<title>Interceptions des communications \u00e9lectroniques - ISTE Group<\/title>\n<meta name=\"robots\" content=\"index, follow, max-snippet:-1, max-image-preview:large, max-video-preview:-1\" \/>\n<link rel=\"canonical\" href=\"https:\/\/www.istegroup.com\/fr\/produit\/interceptions-des-communications-electroniques\/\" \/>\n<meta property=\"og:locale\" content=\"fr_FR\" \/>\n<meta property=\"og:type\" content=\"article\" \/>\n<meta property=\"og:title\" content=\"Interceptions des communications \u00e9lectroniques - ISTE Group\" \/>\n<meta property=\"og:description\" content=\"Dans le cyberespace, les flux de donn\u00e9es transitent massivement et librement \u00e0 l\u2019\u00e9chelle plan\u00e9taire. La g\u00e9n\u00e9ralisation du chiffrement, rendue n\u00e9cessaire par le besoin de protection de ces \u00e9changes, a pour cons\u00e9quence d\u2019opposer aux \u00c9tats et \u00e0 leurs services de renseignement une r\u00e9sistance qui contrarie leurs missions d&rsquo;\u00e9coute et d&rsquo;interception. Ces derniers ont d\u00fb trouver des [&hellip;]\" \/>\n<meta property=\"og:url\" content=\"https:\/\/www.istegroup.com\/fr\/produit\/interceptions-des-communications-electroniques\/\" \/>\n<meta property=\"og:site_name\" content=\"ISTE Group\" \/>\n<meta property=\"article:modified_time\" content=\"2024-01-03T13:46:53+00:00\" \/>\n<meta property=\"og:image\" content=\"https:\/\/www.istegroup.com\/wp-content\/uploads\/2023\/01\/Interceptions-des-communications-electroniques.jpg\" \/>\n\t<meta property=\"og:image:width\" content=\"350\" \/>\n\t<meta property=\"og:image:height\" content=\"523\" \/>\n\t<meta property=\"og:image:type\" content=\"image\/jpeg\" \/>\n<meta name=\"twitter:card\" content=\"summary_large_image\" \/>\n<meta name=\"twitter:label1\" content=\"Est. reading time\" \/>\n\t<meta name=\"twitter:data1\" content=\"1 minute\" \/>\n<script type=\"application\/ld+json\" class=\"yoast-schema-graph\">{\"@context\":\"https:\/\/schema.org\",\"@graph\":[{\"@type\":\"WebPage\",\"@id\":\"https:\/\/www.istegroup.com\/fr\/produit\/interceptions-des-communications-electroniques\/\",\"url\":\"https:\/\/www.istegroup.com\/fr\/produit\/interceptions-des-communications-electroniques\/\",\"name\":\"Interceptions des communications \u00e9lectroniques - ISTE Group\",\"isPartOf\":{\"@id\":\"https:\/\/www.istegroup.com\/#website\"},\"primaryImageOfPage\":{\"@id\":\"https:\/\/www.istegroup.com\/fr\/produit\/interceptions-des-communications-electroniques\/#primaryimage\"},\"image\":{\"@id\":\"https:\/\/www.istegroup.com\/fr\/produit\/interceptions-des-communications-electroniques\/#primaryimage\"},\"thumbnailUrl\":\"https:\/\/www.istegroup.com\/wp-content\/uploads\/2023\/01\/Interceptions-des-communications-electroniques.jpg\",\"datePublished\":\"2023-01-19T09:35:16+00:00\",\"dateModified\":\"2024-01-03T13:46:53+00:00\",\"breadcrumb\":{\"@id\":\"https:\/\/www.istegroup.com\/fr\/produit\/interceptions-des-communications-electroniques\/#breadcrumb\"},\"inLanguage\":\"fr-FR\",\"potentialAction\":[{\"@type\":\"ReadAction\",\"target\":[\"https:\/\/www.istegroup.com\/fr\/produit\/interceptions-des-communications-electroniques\/\"]}]},{\"@type\":\"ImageObject\",\"inLanguage\":\"fr-FR\",\"@id\":\"https:\/\/www.istegroup.com\/fr\/produit\/interceptions-des-communications-electroniques\/#primaryimage\",\"url\":\"https:\/\/www.istegroup.com\/wp-content\/uploads\/2023\/01\/Interceptions-des-communications-electroniques.jpg\",\"contentUrl\":\"https:\/\/www.istegroup.com\/wp-content\/uploads\/2023\/01\/Interceptions-des-communications-electroniques.jpg\",\"width\":350,\"height\":523,\"caption\":\"Livre scientifique - Interceptions des communications \u00e9lectroniques\"},{\"@type\":\"BreadcrumbList\",\"@id\":\"https:\/\/www.istegroup.com\/fr\/produit\/interceptions-des-communications-electroniques\/#breadcrumb\",\"itemListElement\":[{\"@type\":\"ListItem\",\"position\":1,\"name\":\"Home\",\"item\":\"https:\/\/www.istegroup.com\/\"},{\"@type\":\"ListItem\",\"position\":2,\"name\":\"Shop\",\"item\":\"https:\/\/www.istegroup.com\/fr\/nouveautes\/\"},{\"@type\":\"ListItem\",\"position\":3,\"name\":\"Interceptions des communications \u00e9lectroniques\"}]},{\"@type\":\"WebSite\",\"@id\":\"https:\/\/www.istegroup.com\/#website\",\"url\":\"https:\/\/www.istegroup.com\/\",\"name\":\"ISTE Group\",\"description\":\"\u00c9diteur des Sciences\",\"potentialAction\":[{\"@type\":\"SearchAction\",\"target\":{\"@type\":\"EntryPoint\",\"urlTemplate\":\"https:\/\/www.istegroup.com\/?s={search_term_string}\"},\"query-input\":{\"@type\":\"PropertyValueSpecification\",\"valueRequired\":true,\"valueName\":\"search_term_string\"}}],\"inLanguage\":\"fr-FR\"}]}<\/script>\n<!-- \/ Yoast SEO plugin. -->","yoast_head_json":{"title":"Interceptions des communications \u00e9lectroniques - ISTE Group","robots":{"index":"index","follow":"follow","max-snippet":"max-snippet:-1","max-image-preview":"max-image-preview:large","max-video-preview":"max-video-preview:-1"},"canonical":"https:\/\/www.istegroup.com\/fr\/produit\/interceptions-des-communications-electroniques\/","og_locale":"fr_FR","og_type":"article","og_title":"Interceptions des communications \u00e9lectroniques - ISTE Group","og_description":"Dans le cyberespace, les flux de donn\u00e9es transitent massivement et librement \u00e0 l\u2019\u00e9chelle plan\u00e9taire. La g\u00e9n\u00e9ralisation du chiffrement, rendue n\u00e9cessaire par le besoin de protection de ces \u00e9changes, a pour cons\u00e9quence d\u2019opposer aux \u00c9tats et \u00e0 leurs services de renseignement une r\u00e9sistance qui contrarie leurs missions d&rsquo;\u00e9coute et d&rsquo;interception. Ces derniers ont d\u00fb trouver des [&hellip;]","og_url":"https:\/\/www.istegroup.com\/fr\/produit\/interceptions-des-communications-electroniques\/","og_site_name":"ISTE Group","article_modified_time":"2024-01-03T13:46:53+00:00","og_image":[{"width":350,"height":523,"url":"https:\/\/www.istegroup.com\/wp-content\/uploads\/2023\/01\/Interceptions-des-communications-electroniques.jpg","type":"image\/jpeg"}],"twitter_card":"summary_large_image","twitter_misc":{"Est. reading time":"1 minute"},"schema":{"@context":"https:\/\/schema.org","@graph":[{"@type":"WebPage","@id":"https:\/\/www.istegroup.com\/fr\/produit\/interceptions-des-communications-electroniques\/","url":"https:\/\/www.istegroup.com\/fr\/produit\/interceptions-des-communications-electroniques\/","name":"Interceptions des communications \u00e9lectroniques - ISTE Group","isPartOf":{"@id":"https:\/\/www.istegroup.com\/#website"},"primaryImageOfPage":{"@id":"https:\/\/www.istegroup.com\/fr\/produit\/interceptions-des-communications-electroniques\/#primaryimage"},"image":{"@id":"https:\/\/www.istegroup.com\/fr\/produit\/interceptions-des-communications-electroniques\/#primaryimage"},"thumbnailUrl":"https:\/\/www.istegroup.com\/wp-content\/uploads\/2023\/01\/Interceptions-des-communications-electroniques.jpg","datePublished":"2023-01-19T09:35:16+00:00","dateModified":"2024-01-03T13:46:53+00:00","breadcrumb":{"@id":"https:\/\/www.istegroup.com\/fr\/produit\/interceptions-des-communications-electroniques\/#breadcrumb"},"inLanguage":"fr-FR","potentialAction":[{"@type":"ReadAction","target":["https:\/\/www.istegroup.com\/fr\/produit\/interceptions-des-communications-electroniques\/"]}]},{"@type":"ImageObject","inLanguage":"fr-FR","@id":"https:\/\/www.istegroup.com\/fr\/produit\/interceptions-des-communications-electroniques\/#primaryimage","url":"https:\/\/www.istegroup.com\/wp-content\/uploads\/2023\/01\/Interceptions-des-communications-electroniques.jpg","contentUrl":"https:\/\/www.istegroup.com\/wp-content\/uploads\/2023\/01\/Interceptions-des-communications-electroniques.jpg","width":350,"height":523,"caption":"Livre scientifique - Interceptions des communications \u00e9lectroniques"},{"@type":"BreadcrumbList","@id":"https:\/\/www.istegroup.com\/fr\/produit\/interceptions-des-communications-electroniques\/#breadcrumb","itemListElement":[{"@type":"ListItem","position":1,"name":"Home","item":"https:\/\/www.istegroup.com\/"},{"@type":"ListItem","position":2,"name":"Shop","item":"https:\/\/www.istegroup.com\/fr\/nouveautes\/"},{"@type":"ListItem","position":3,"name":"Interceptions des communications \u00e9lectroniques"}]},{"@type":"WebSite","@id":"https:\/\/www.istegroup.com\/#website","url":"https:\/\/www.istegroup.com\/","name":"ISTE Group","description":"\u00c9diteur des Sciences","potentialAction":[{"@type":"SearchAction","target":{"@type":"EntryPoint","urlTemplate":"https:\/\/www.istegroup.com\/?s={search_term_string}"},"query-input":{"@type":"PropertyValueSpecification","valueRequired":true,"valueName":"search_term_string"}}],"inLanguage":"fr-FR"}]}},"_links":{"self":[{"href":"https:\/\/www.istegroup.com\/fr\/wp-json\/wp\/v2\/product\/49427","targetHints":{"allow":["GET"]}}],"collection":[{"href":"https:\/\/www.istegroup.com\/fr\/wp-json\/wp\/v2\/product"}],"about":[{"href":"https:\/\/www.istegroup.com\/fr\/wp-json\/wp\/v2\/types\/product"}],"wp:featuredmedia":[{"embeddable":true,"href":"https:\/\/www.istegroup.com\/fr\/wp-json\/wp\/v2\/media\/49434"}],"wp:attachment":[{"href":"https:\/\/www.istegroup.com\/fr\/wp-json\/wp\/v2\/media?parent=49427"}],"wp:term":[{"taxonomy":"product_brand","embeddable":true,"href":"https:\/\/www.istegroup.com\/fr\/wp-json\/wp\/v2\/product_brand?post=49427"},{"taxonomy":"product_cat","embeddable":true,"href":"https:\/\/www.istegroup.com\/fr\/wp-json\/wp\/v2\/product_cat?post=49427"},{"taxonomy":"product_tag","embeddable":true,"href":"https:\/\/www.istegroup.com\/fr\/wp-json\/wp\/v2\/product_tag?post=49427"}],"curies":[{"name":"wp","href":"https:\/\/api.w.org\/{rel}","templated":true}]}}