{"id":493,"date":"2017-07-28T14:58:05","date_gmt":"2017-07-28T12:58:05","guid":{"rendered":"https:\/\/iste.yhello.co\/product\/metaheuristiques-pour-la-logistique\/"},"modified":"2024-01-03T13:40:18","modified_gmt":"2024-01-03T13:40:18","slug":"metaheuristiques-pour-la-logistique","status":"publish","type":"product","link":"https:\/\/www.istegroup.com\/fr\/produit\/metaheuristiques-pour-la-logistique\/","title":{"rendered":"M\u00e9taheuristiques pour la logistique"},"content":{"rendered":"<p>Les m\u00e9taheuristiques sont utilis\u00e9es pour r\u00e9soudre des probl\u00e8mes d\u2019optimisation complexes, \u00e0 chaque fois que l&rsquo;on veut identifier, avec un temps de calcul raisonnable, des solutions efficaces. Il s\u2019agit donc d\u2019une approche pragmatique, qui a des sources d&rsquo;inspiration multiples.<br \/>\nLa s\u00e9rie\u00a0<em>Les m\u00e9taheuristiques\u00a0<\/em>a pour objectif d&rsquo;\u00e9tendre leur champ d\u2019application, en proposant des approches transversales du domaine, des \u00e9tudes centr\u00e9es sur des applications sp\u00e9cifiques ou encore des analyses consacr\u00e9es \u00e0 des familles de m\u00e9taheuristiques particuli\u00e8res.<\/p>\n<p>De par leur diversit\u00e9 et leur difficult\u00e9, les probl\u00e8mes logistiques sont, pour la recherche op\u00e9rationnelle, un sujet d\u2019\u00e9tude \u00e0 l\u2019int\u00e9r\u00eat constamment renouvel\u00e9. Alors que les math\u00e9matiques semblent \u00e0 court d\u2019arguments pour les r\u00e9soudre, une famille de m\u00e9thodes appel\u00e9es m\u00e9taheuristiques permet d\u2019apporter des r\u00e9ponses en proposant une approche \u00e0 la fois flexible, robuste et efficace.<\/p>\n<p>Pour illustrer ces m\u00e9thodes, ce livre s\u2019appuie sur l\u2019\u00e9tude de nombreux probl\u00e8mes logistiques concrets : voyageur de commerce, sac-\u00e0-dos, ordonnancement, planification, localisation\u2026 Ces probl\u00e8mes, aussi diff\u00e9rents qu\u2019ils puissent para\u00eetre, peuvent tous \u00eatre r\u00e9solus avec un recuit simul\u00e9, une recherche locale it\u00e9r\u00e9e, un algorithme g\u00e9n\u00e9tique ou des essaims particulaires.<\/p>\n<p>La pr\u00e9sentation d\u2019approches simples et g\u00e9n\u00e9rales aidera les \u00e9tudiants \u00e0 programmer leurs premi\u00e8res m\u00e9taheuristiques, tandis que la description de techniques plus \u00e9labor\u00e9es (impl\u00e9mentation de Taillard, cha\u00eenes d\u2019\u00e9jection) permettra aux ing\u00e9nieurs plus aguerris d\u2019approfondir leurs connaissances.<\/p>\n","protected":false},"excerpt":{"rendered":"<p>Les m\u00e9taheuristiques sont utilis\u00e9es pour r\u00e9soudre des probl\u00e8mes d\u2019optimisation complexes, \u00e0 chaque fois que l&rsquo;on veut identifier, avec un temps de calcul raisonnable, des solutions efficaces. Il s\u2019agit donc d\u2019une approche pragmatique, qui a des sources d&rsquo;inspiration multiples. La s\u00e9rie\u00a0Les m\u00e9taheuristiques\u00a0a pour objectif d&rsquo;\u00e9tendre leur champ d\u2019application, en proposant des approches transversales du domaine, des [&hellip;]<\/p>\n","protected":false},"featured_media":494,"template":"","meta":{"_acf_changed":false,"_links_to":"","_links_to_target":""},"product_brand":[],"product_cat":[667,675,710],"product_tag":[1941,1942,1943,31,196,1944,1945,197,198,199,21,200,22,201,1946,203,204,63,25,172,209,1947,322,1948,127,1949,212,38,192,145,28,1950,1951,1952],"class_list":{"0":"post-493","1":"product","2":"type-product","3":"status-publish","4":"has-post-thumbnail","6":"product_cat-informatique-12506482","7":"product_cat-nouveauts-12519446","8":"product_cat-srie-les-mtaheuristiques-76440772","9":"product_tag-algorithme-genetique","10":"product_tag-calcul","11":"product_tag-chaines-dejection","12":"product_tag-ebook","13":"product_tag-ebooks","14":"product_tag-flow-shop","15":"product_tag-implementation-de-taillard","16":"product_tag-iste","17":"product_tag-iste-edition","18":"product_tag-iste-editions","19":"product_tag-iste-group","20":"product_tag-isteedition","21":"product_tag-istegroup","22":"product_tag-kindle","23":"product_tag-laurent-deroussi","24":"product_tag-liseuse","25":"product_tag-livre","26":"product_tag-livre-electronique","27":"product_tag-livre-numerique","28":"product_tag-livre-scientifique","29":"product_tag-livres-scientifiques","30":"product_tag-logistique","31":"product_tag-mathematiques","32":"product_tag-metaheuristique","33":"product_tag-metaheuristiques","34":"product_tag-metaheuristiques-pour-la-logistique","35":"product_tag-ouvrage","36":"product_tag-ouvrage-numerique","37":"product_tag-ouvrage-science","38":"product_tag-ouvrage-scientifique","39":"product_tag-ouvrage-scientifique-francais","40":"product_tag-recherche-operationnelle","41":"product_tag-taillard","42":"product_tag-voyageur-de-commerce","44":"first","45":"instock","46":"shipping-taxable","47":"purchasable","48":"product-type-variable"},"acf":[],"yoast_head":"<!-- This site is optimized with the Yoast SEO plugin v27.2 - https:\/\/yoast.com\/product\/yoast-seo-wordpress\/ -->\n<title>M\u00e9taheuristiques pour la logistique - ISTE Group<\/title>\n<meta name=\"description\" content=\"Les m\u00e9taheuristiques sont utilis\u00e9es pour r\u00e9soudre des probl\u00e8mes d\u2019optimisation complexes, \u00e0 chaque fois que l&#039;on veut identifier, avec un temps de calcul raisonnable, des solutions efficaces.\" \/>\n<meta name=\"robots\" content=\"index, follow, max-snippet:-1, max-image-preview:large, max-video-preview:-1\" \/>\n<link rel=\"canonical\" href=\"https:\/\/www.istegroup.com\/fr\/produit\/metaheuristiques-pour-la-logistique\/\" \/>\n<meta property=\"og:locale\" content=\"fr_FR\" \/>\n<meta property=\"og:type\" content=\"article\" \/>\n<meta property=\"og:title\" content=\"M\u00e9taheuristiques pour la logistique - ISTE Group\" \/>\n<meta property=\"og:description\" content=\"Les m\u00e9taheuristiques sont utilis\u00e9es pour r\u00e9soudre des probl\u00e8mes d\u2019optimisation complexes, \u00e0 chaque fois que l&#039;on veut identifier, avec un temps de calcul raisonnable, des solutions efficaces.\" \/>\n<meta property=\"og:url\" content=\"https:\/\/www.istegroup.com\/fr\/produit\/metaheuristiques-pour-la-logistique\/\" \/>\n<meta property=\"og:site_name\" content=\"ISTE Group\" \/>\n<meta property=\"article:modified_time\" content=\"2024-01-03T13:40:18+00:00\" \/>\n<meta property=\"og:image\" content=\"https:\/\/www.istegroup.com\/wp-content\/uploads\/2017\/07\/9548700356_4227796676-1.jpg\" \/>\n\t<meta property=\"og:image:width\" content=\"614\" \/>\n\t<meta property=\"og:image:height\" content=\"921\" \/>\n\t<meta property=\"og:image:type\" content=\"image\/jpeg\" \/>\n<meta name=\"twitter:card\" content=\"summary_large_image\" \/>\n<meta name=\"twitter:label1\" content=\"Est. reading time\" \/>\n\t<meta name=\"twitter:data1\" content=\"1 minute\" \/>\n<script type=\"application\/ld+json\" class=\"yoast-schema-graph\">{\"@context\":\"https:\/\/schema.org\",\"@graph\":[{\"@type\":\"WebPage\",\"@id\":\"https:\/\/www.istegroup.com\/fr\/produit\/metaheuristiques-pour-la-logistique\/\",\"url\":\"https:\/\/www.istegroup.com\/fr\/produit\/metaheuristiques-pour-la-logistique\/\",\"name\":\"M\u00e9taheuristiques pour la logistique - ISTE Group\",\"isPartOf\":{\"@id\":\"https:\/\/www.istegroup.com\/#website\"},\"primaryImageOfPage\":{\"@id\":\"https:\/\/www.istegroup.com\/fr\/produit\/metaheuristiques-pour-la-logistique\/#primaryimage\"},\"image\":{\"@id\":\"https:\/\/www.istegroup.com\/fr\/produit\/metaheuristiques-pour-la-logistique\/#primaryimage\"},\"thumbnailUrl\":\"https:\/\/www.istegroup.com\/wp-content\/uploads\/2017\/07\/9548700356_4227796676-1.jpg\",\"datePublished\":\"2017-07-28T12:58:05+00:00\",\"dateModified\":\"2024-01-03T13:40:18+00:00\",\"description\":\"Les m\u00e9taheuristiques sont utilis\u00e9es pour r\u00e9soudre des probl\u00e8mes d\u2019optimisation complexes, \u00e0 chaque fois que l'on veut identifier, avec un temps de calcul raisonnable, des solutions efficaces.\",\"breadcrumb\":{\"@id\":\"https:\/\/www.istegroup.com\/fr\/produit\/metaheuristiques-pour-la-logistique\/#breadcrumb\"},\"inLanguage\":\"fr-FR\",\"potentialAction\":[{\"@type\":\"ReadAction\",\"target\":[\"https:\/\/www.istegroup.com\/fr\/produit\/metaheuristiques-pour-la-logistique\/\"]}]},{\"@type\":\"ImageObject\",\"inLanguage\":\"fr-FR\",\"@id\":\"https:\/\/www.istegroup.com\/fr\/produit\/metaheuristiques-pour-la-logistique\/#primaryimage\",\"url\":\"https:\/\/www.istegroup.com\/wp-content\/uploads\/2017\/07\/9548700356_4227796676-1.jpg\",\"contentUrl\":\"https:\/\/www.istegroup.com\/wp-content\/uploads\/2017\/07\/9548700356_4227796676-1.jpg\",\"width\":614,\"height\":921,\"caption\":\"M\u00e9taheuristiques pour la logistique\"},{\"@type\":\"BreadcrumbList\",\"@id\":\"https:\/\/www.istegroup.com\/fr\/produit\/metaheuristiques-pour-la-logistique\/#breadcrumb\",\"itemListElement\":[{\"@type\":\"ListItem\",\"position\":1,\"name\":\"Home\",\"item\":\"https:\/\/www.istegroup.com\/\"},{\"@type\":\"ListItem\",\"position\":2,\"name\":\"Shop\",\"item\":\"https:\/\/www.istegroup.com\/fr\/nouveautes\/\"},{\"@type\":\"ListItem\",\"position\":3,\"name\":\"M\u00e9taheuristiques pour la logistique\"}]},{\"@type\":\"WebSite\",\"@id\":\"https:\/\/www.istegroup.com\/#website\",\"url\":\"https:\/\/www.istegroup.com\/\",\"name\":\"ISTE Group\",\"description\":\"\u00c9diteur des Sciences\",\"potentialAction\":[{\"@type\":\"SearchAction\",\"target\":{\"@type\":\"EntryPoint\",\"urlTemplate\":\"https:\/\/www.istegroup.com\/?s={search_term_string}\"},\"query-input\":{\"@type\":\"PropertyValueSpecification\",\"valueRequired\":true,\"valueName\":\"search_term_string\"}}],\"inLanguage\":\"fr-FR\"}]}<\/script>\n<!-- \/ Yoast SEO plugin. -->","yoast_head_json":{"title":"M\u00e9taheuristiques pour la logistique - ISTE Group","description":"Les m\u00e9taheuristiques sont utilis\u00e9es pour r\u00e9soudre des probl\u00e8mes d\u2019optimisation complexes, \u00e0 chaque fois que l'on veut identifier, avec un temps de calcul raisonnable, des solutions efficaces.","robots":{"index":"index","follow":"follow","max-snippet":"max-snippet:-1","max-image-preview":"max-image-preview:large","max-video-preview":"max-video-preview:-1"},"canonical":"https:\/\/www.istegroup.com\/fr\/produit\/metaheuristiques-pour-la-logistique\/","og_locale":"fr_FR","og_type":"article","og_title":"M\u00e9taheuristiques pour la logistique - ISTE Group","og_description":"Les m\u00e9taheuristiques sont utilis\u00e9es pour r\u00e9soudre des probl\u00e8mes d\u2019optimisation complexes, \u00e0 chaque fois que l'on veut identifier, avec un temps de calcul raisonnable, des solutions efficaces.","og_url":"https:\/\/www.istegroup.com\/fr\/produit\/metaheuristiques-pour-la-logistique\/","og_site_name":"ISTE Group","article_modified_time":"2024-01-03T13:40:18+00:00","og_image":[{"width":614,"height":921,"url":"https:\/\/www.istegroup.com\/wp-content\/uploads\/2017\/07\/9548700356_4227796676-1.jpg","type":"image\/jpeg"}],"twitter_card":"summary_large_image","twitter_misc":{"Est. reading time":"1 minute"},"schema":{"@context":"https:\/\/schema.org","@graph":[{"@type":"WebPage","@id":"https:\/\/www.istegroup.com\/fr\/produit\/metaheuristiques-pour-la-logistique\/","url":"https:\/\/www.istegroup.com\/fr\/produit\/metaheuristiques-pour-la-logistique\/","name":"M\u00e9taheuristiques pour la logistique - ISTE Group","isPartOf":{"@id":"https:\/\/www.istegroup.com\/#website"},"primaryImageOfPage":{"@id":"https:\/\/www.istegroup.com\/fr\/produit\/metaheuristiques-pour-la-logistique\/#primaryimage"},"image":{"@id":"https:\/\/www.istegroup.com\/fr\/produit\/metaheuristiques-pour-la-logistique\/#primaryimage"},"thumbnailUrl":"https:\/\/www.istegroup.com\/wp-content\/uploads\/2017\/07\/9548700356_4227796676-1.jpg","datePublished":"2017-07-28T12:58:05+00:00","dateModified":"2024-01-03T13:40:18+00:00","description":"Les m\u00e9taheuristiques sont utilis\u00e9es pour r\u00e9soudre des probl\u00e8mes d\u2019optimisation complexes, \u00e0 chaque fois que l'on veut identifier, avec un temps de calcul raisonnable, des solutions efficaces.","breadcrumb":{"@id":"https:\/\/www.istegroup.com\/fr\/produit\/metaheuristiques-pour-la-logistique\/#breadcrumb"},"inLanguage":"fr-FR","potentialAction":[{"@type":"ReadAction","target":["https:\/\/www.istegroup.com\/fr\/produit\/metaheuristiques-pour-la-logistique\/"]}]},{"@type":"ImageObject","inLanguage":"fr-FR","@id":"https:\/\/www.istegroup.com\/fr\/produit\/metaheuristiques-pour-la-logistique\/#primaryimage","url":"https:\/\/www.istegroup.com\/wp-content\/uploads\/2017\/07\/9548700356_4227796676-1.jpg","contentUrl":"https:\/\/www.istegroup.com\/wp-content\/uploads\/2017\/07\/9548700356_4227796676-1.jpg","width":614,"height":921,"caption":"M\u00e9taheuristiques pour la logistique"},{"@type":"BreadcrumbList","@id":"https:\/\/www.istegroup.com\/fr\/produit\/metaheuristiques-pour-la-logistique\/#breadcrumb","itemListElement":[{"@type":"ListItem","position":1,"name":"Home","item":"https:\/\/www.istegroup.com\/"},{"@type":"ListItem","position":2,"name":"Shop","item":"https:\/\/www.istegroup.com\/fr\/nouveautes\/"},{"@type":"ListItem","position":3,"name":"M\u00e9taheuristiques pour la logistique"}]},{"@type":"WebSite","@id":"https:\/\/www.istegroup.com\/#website","url":"https:\/\/www.istegroup.com\/","name":"ISTE Group","description":"\u00c9diteur des Sciences","potentialAction":[{"@type":"SearchAction","target":{"@type":"EntryPoint","urlTemplate":"https:\/\/www.istegroup.com\/?s={search_term_string}"},"query-input":{"@type":"PropertyValueSpecification","valueRequired":true,"valueName":"search_term_string"}}],"inLanguage":"fr-FR"}]}},"_links":{"self":[{"href":"https:\/\/www.istegroup.com\/fr\/wp-json\/wp\/v2\/product\/493","targetHints":{"allow":["GET"]}}],"collection":[{"href":"https:\/\/www.istegroup.com\/fr\/wp-json\/wp\/v2\/product"}],"about":[{"href":"https:\/\/www.istegroup.com\/fr\/wp-json\/wp\/v2\/types\/product"}],"wp:featuredmedia":[{"embeddable":true,"href":"https:\/\/www.istegroup.com\/fr\/wp-json\/wp\/v2\/media\/494"}],"wp:attachment":[{"href":"https:\/\/www.istegroup.com\/fr\/wp-json\/wp\/v2\/media?parent=493"}],"wp:term":[{"taxonomy":"product_brand","embeddable":true,"href":"https:\/\/www.istegroup.com\/fr\/wp-json\/wp\/v2\/product_brand?post=493"},{"taxonomy":"product_cat","embeddable":true,"href":"https:\/\/www.istegroup.com\/fr\/wp-json\/wp\/v2\/product_cat?post=493"},{"taxonomy":"product_tag","embeddable":true,"href":"https:\/\/www.istegroup.com\/fr\/wp-json\/wp\/v2\/product_tag?post=493"}],"curies":[{"name":"wp","href":"https:\/\/api.w.org\/{rel}","templated":true}]}}