{"id":49132,"date":"2022-11-25T09:47:42","date_gmt":"2022-11-25T09:47:42","guid":{"rendered":"https:\/\/www.istegroup.com\/?post_type=product&#038;p=49132"},"modified":"2024-01-03T13:46:49","modified_gmt":"2024-01-03T13:46:49","slug":"chimie-des-medicaments-de-type-beta-lactame","status":"publish","type":"product","link":"https:\/\/www.istegroup.com\/fr\/produit\/chimie-des-medicaments-de-type-beta-lactame\/","title":{"rendered":"Chimie des m\u00e9dicaments de type b\u00eata-lactame"},"content":{"rendered":"<p>Cet ouvrage pr\u00e9sente et analyse les diff\u00e9rentes \u00e9tapes dans lesquelles la chimie intervient lors de la conception des m\u00e9dicaments de type b\u00eata-lactame.<\/p>\n<p>Pour cela, diff\u00e9rents points de vue compl\u00e9mentaires sont trait\u00e9s pour chaque famille de m\u00e9dicaments : celui du chimiste (nomenclature, propri\u00e9t\u00e9s physicochimiques et synth\u00e8ses), du pharmacochimiste (modulations structurales), de l\u2019industriel (compos\u00e9s d\u00e9crits \u00e0 la <em>Pharmacop\u00e9e<\/em> europ\u00e9enne et impuret\u00e9s potentielles) et de l\u2019officinal (sp\u00e9cialit\u00e9s commercialis\u00e9es en France).<\/p>\n<p><em>Chimie des m\u00e9dicaments de type b\u00eata-lactame<\/em> pr\u00e9sente de nombreux rappels de m\u00e9canismes r\u00e9actionnels et de strat\u00e9gies de synth\u00e8se. Cela afin de permettre aux professionnels du m\u00e9dicament, aux \u00e9tudiants en pharmacie ainsi que ceux de niveau master de chimie de s\u2019approprier au mieux les notions de chimie de synth\u00e8se et de pharmacochimie. Un chapitre d\u2019exercices permet \u00e9galement d\u2019approfondir des points particuliers de chimie m\u00e9dicinale. Enfin, un glossaire d\u00e9crit les r\u00f4les des plus importants chimistes ayant contribu\u00e9 \u00e0 d\u00e9velopper cette science passionnante.<\/p>","protected":false},"excerpt":{"rendered":"<p>Cet ouvrage pr\u00e9sente et analyse les diff\u00e9rentes \u00e9tapes dans lesquelles la chimie intervient lors de la conception des m\u00e9dicaments de type b\u00eata-lactame. Pour cela, diff\u00e9rents points de vue compl\u00e9mentaires sont trait\u00e9s pour chaque famille de m\u00e9dicaments : celui du chimiste (nomenclature, propri\u00e9t\u00e9s physicochimiques et synth\u00e8ses), du pharmacochimiste (modulations structurales), de l\u2019industriel (compos\u00e9s d\u00e9crits \u00e0 la [&hellip;]<\/p>\n","protected":false},"featured_media":49140,"template":"","meta":{"_acf_changed":false,"_links_to":"","_links_to_target":""},"product_brand":[],"product_cat":[3262],"product_tag":[],"class_list":{"0":"post-49132","1":"product","2":"type-product","3":"status-publish","4":"has-post-thumbnail","6":"product_cat-non-classe","8":"first","9":"instock","10":"shipping-taxable","11":"purchasable","12":"product-type-variable"},"acf":[],"yoast_head":"<!-- This site is optimized with the Yoast SEO plugin v27.2 - https:\/\/yoast.com\/product\/yoast-seo-wordpress\/ -->\n<title>Chimie des m\u00e9dicaments de type b\u00eata-lactame - ISTE Group<\/title>\n<meta name=\"description\" content=\"Cet ouvrage pr\u00e9sente et analyse les diff\u00e9rentes \u00e9tapes dans lesquelles la chimie intervient lors de la conception des m\u00e9dicaments de type b\u00eata-lactame.\" \/>\n<meta name=\"robots\" content=\"index, follow, max-snippet:-1, max-image-preview:large, max-video-preview:-1\" \/>\n<link rel=\"canonical\" href=\"https:\/\/www.istegroup.com\/fr\/produit\/chimie-des-medicaments-de-type-beta-lactame\/\" \/>\n<meta property=\"og:locale\" content=\"fr_FR\" \/>\n<meta property=\"og:type\" content=\"article\" \/>\n<meta property=\"og:title\" content=\"Chimie des m\u00e9dicaments de type b\u00eata-lactame - ISTE Group\" \/>\n<meta property=\"og:description\" content=\"Cet ouvrage pr\u00e9sente et analyse les diff\u00e9rentes \u00e9tapes dans lesquelles la chimie intervient lors de la conception des m\u00e9dicaments de type b\u00eata-lactame.\" \/>\n<meta property=\"og:url\" content=\"https:\/\/www.istegroup.com\/fr\/produit\/chimie-des-medicaments-de-type-beta-lactame\/\" \/>\n<meta property=\"og:site_name\" content=\"ISTE Group\" \/>\n<meta property=\"article:modified_time\" content=\"2024-01-03T13:46:49+00:00\" \/>\n<meta property=\"og:image\" content=\"https:\/\/www.istegroup.com\/wp-content\/uploads\/2022\/11\/892_Chimie-des-medicaments-de-type-beta-lactame.jpg\" \/>\n\t<meta property=\"og:image:width\" content=\"350\" \/>\n\t<meta property=\"og:image:height\" content=\"526\" \/>\n\t<meta property=\"og:image:type\" content=\"image\/jpeg\" \/>\n<meta name=\"twitter:card\" content=\"summary_large_image\" \/>\n<meta name=\"twitter:label1\" content=\"Est. reading time\" \/>\n\t<meta name=\"twitter:data1\" content=\"1 minute\" \/>\n<script type=\"application\/ld+json\" class=\"yoast-schema-graph\">{\"@context\":\"https:\/\/schema.org\",\"@graph\":[{\"@type\":\"WebPage\",\"@id\":\"https:\/\/www.istegroup.com\/fr\/produit\/chimie-des-medicaments-de-type-beta-lactame\/\",\"url\":\"https:\/\/www.istegroup.com\/fr\/produit\/chimie-des-medicaments-de-type-beta-lactame\/\",\"name\":\"Chimie des m\u00e9dicaments de type b\u00eata-lactame - ISTE Group\",\"isPartOf\":{\"@id\":\"https:\/\/www.istegroup.com\/#website\"},\"primaryImageOfPage\":{\"@id\":\"https:\/\/www.istegroup.com\/fr\/produit\/chimie-des-medicaments-de-type-beta-lactame\/#primaryimage\"},\"image\":{\"@id\":\"https:\/\/www.istegroup.com\/fr\/produit\/chimie-des-medicaments-de-type-beta-lactame\/#primaryimage\"},\"thumbnailUrl\":\"https:\/\/www.istegroup.com\/wp-content\/uploads\/2022\/11\/892_Chimie-des-medicaments-de-type-beta-lactame.jpg\",\"datePublished\":\"2022-11-25T09:47:42+00:00\",\"dateModified\":\"2024-01-03T13:46:49+00:00\",\"description\":\"Cet ouvrage pr\u00e9sente et analyse les diff\u00e9rentes \u00e9tapes dans lesquelles la chimie intervient lors de la conception des m\u00e9dicaments de type b\u00eata-lactame.\",\"breadcrumb\":{\"@id\":\"https:\/\/www.istegroup.com\/fr\/produit\/chimie-des-medicaments-de-type-beta-lactame\/#breadcrumb\"},\"inLanguage\":\"fr-FR\",\"potentialAction\":[{\"@type\":\"ReadAction\",\"target\":[\"https:\/\/www.istegroup.com\/fr\/produit\/chimie-des-medicaments-de-type-beta-lactame\/\"]}]},{\"@type\":\"ImageObject\",\"inLanguage\":\"fr-FR\",\"@id\":\"https:\/\/www.istegroup.com\/fr\/produit\/chimie-des-medicaments-de-type-beta-lactame\/#primaryimage\",\"url\":\"https:\/\/www.istegroup.com\/wp-content\/uploads\/2022\/11\/892_Chimie-des-medicaments-de-type-beta-lactame.jpg\",\"contentUrl\":\"https:\/\/www.istegroup.com\/wp-content\/uploads\/2022\/11\/892_Chimie-des-medicaments-de-type-beta-lactame.jpg\",\"width\":350,\"height\":526,\"caption\":\"Livre scientifique - Chimie des m\u00e9dicaments de type b\u00eata-lactame\"},{\"@type\":\"BreadcrumbList\",\"@id\":\"https:\/\/www.istegroup.com\/fr\/produit\/chimie-des-medicaments-de-type-beta-lactame\/#breadcrumb\",\"itemListElement\":[{\"@type\":\"ListItem\",\"position\":1,\"name\":\"Home\",\"item\":\"https:\/\/www.istegroup.com\/\"},{\"@type\":\"ListItem\",\"position\":2,\"name\":\"Shop\",\"item\":\"https:\/\/www.istegroup.com\/fr\/nouveautes\/\"},{\"@type\":\"ListItem\",\"position\":3,\"name\":\"Chimie des m\u00e9dicaments de type b\u00eata-lactame\"}]},{\"@type\":\"WebSite\",\"@id\":\"https:\/\/www.istegroup.com\/#website\",\"url\":\"https:\/\/www.istegroup.com\/\",\"name\":\"ISTE Group\",\"description\":\"\u00c9diteur des Sciences\",\"potentialAction\":[{\"@type\":\"SearchAction\",\"target\":{\"@type\":\"EntryPoint\",\"urlTemplate\":\"https:\/\/www.istegroup.com\/?s={search_term_string}\"},\"query-input\":{\"@type\":\"PropertyValueSpecification\",\"valueRequired\":true,\"valueName\":\"search_term_string\"}}],\"inLanguage\":\"fr-FR\"}]}<\/script>\n<!-- \/ Yoast SEO plugin. -->","yoast_head_json":{"title":"Chimie des m\u00e9dicaments de type b\u00eata-lactame - ISTE Group","description":"Cet ouvrage pr\u00e9sente et analyse les diff\u00e9rentes \u00e9tapes dans lesquelles la chimie intervient lors de la conception des m\u00e9dicaments de type b\u00eata-lactame.","robots":{"index":"index","follow":"follow","max-snippet":"max-snippet:-1","max-image-preview":"max-image-preview:large","max-video-preview":"max-video-preview:-1"},"canonical":"https:\/\/www.istegroup.com\/fr\/produit\/chimie-des-medicaments-de-type-beta-lactame\/","og_locale":"fr_FR","og_type":"article","og_title":"Chimie des m\u00e9dicaments de type b\u00eata-lactame - ISTE Group","og_description":"Cet ouvrage pr\u00e9sente et analyse les diff\u00e9rentes \u00e9tapes dans lesquelles la chimie intervient lors de la conception des m\u00e9dicaments de type b\u00eata-lactame.","og_url":"https:\/\/www.istegroup.com\/fr\/produit\/chimie-des-medicaments-de-type-beta-lactame\/","og_site_name":"ISTE Group","article_modified_time":"2024-01-03T13:46:49+00:00","og_image":[{"width":350,"height":526,"url":"https:\/\/www.istegroup.com\/wp-content\/uploads\/2022\/11\/892_Chimie-des-medicaments-de-type-beta-lactame.jpg","type":"image\/jpeg"}],"twitter_card":"summary_large_image","twitter_misc":{"Est. reading time":"1 minute"},"schema":{"@context":"https:\/\/schema.org","@graph":[{"@type":"WebPage","@id":"https:\/\/www.istegroup.com\/fr\/produit\/chimie-des-medicaments-de-type-beta-lactame\/","url":"https:\/\/www.istegroup.com\/fr\/produit\/chimie-des-medicaments-de-type-beta-lactame\/","name":"Chimie des m\u00e9dicaments de type b\u00eata-lactame - ISTE Group","isPartOf":{"@id":"https:\/\/www.istegroup.com\/#website"},"primaryImageOfPage":{"@id":"https:\/\/www.istegroup.com\/fr\/produit\/chimie-des-medicaments-de-type-beta-lactame\/#primaryimage"},"image":{"@id":"https:\/\/www.istegroup.com\/fr\/produit\/chimie-des-medicaments-de-type-beta-lactame\/#primaryimage"},"thumbnailUrl":"https:\/\/www.istegroup.com\/wp-content\/uploads\/2022\/11\/892_Chimie-des-medicaments-de-type-beta-lactame.jpg","datePublished":"2022-11-25T09:47:42+00:00","dateModified":"2024-01-03T13:46:49+00:00","description":"Cet ouvrage pr\u00e9sente et analyse les diff\u00e9rentes \u00e9tapes dans lesquelles la chimie intervient lors de la conception des m\u00e9dicaments de type b\u00eata-lactame.","breadcrumb":{"@id":"https:\/\/www.istegroup.com\/fr\/produit\/chimie-des-medicaments-de-type-beta-lactame\/#breadcrumb"},"inLanguage":"fr-FR","potentialAction":[{"@type":"ReadAction","target":["https:\/\/www.istegroup.com\/fr\/produit\/chimie-des-medicaments-de-type-beta-lactame\/"]}]},{"@type":"ImageObject","inLanguage":"fr-FR","@id":"https:\/\/www.istegroup.com\/fr\/produit\/chimie-des-medicaments-de-type-beta-lactame\/#primaryimage","url":"https:\/\/www.istegroup.com\/wp-content\/uploads\/2022\/11\/892_Chimie-des-medicaments-de-type-beta-lactame.jpg","contentUrl":"https:\/\/www.istegroup.com\/wp-content\/uploads\/2022\/11\/892_Chimie-des-medicaments-de-type-beta-lactame.jpg","width":350,"height":526,"caption":"Livre scientifique - Chimie des m\u00e9dicaments de type b\u00eata-lactame"},{"@type":"BreadcrumbList","@id":"https:\/\/www.istegroup.com\/fr\/produit\/chimie-des-medicaments-de-type-beta-lactame\/#breadcrumb","itemListElement":[{"@type":"ListItem","position":1,"name":"Home","item":"https:\/\/www.istegroup.com\/"},{"@type":"ListItem","position":2,"name":"Shop","item":"https:\/\/www.istegroup.com\/fr\/nouveautes\/"},{"@type":"ListItem","position":3,"name":"Chimie des m\u00e9dicaments de type b\u00eata-lactame"}]},{"@type":"WebSite","@id":"https:\/\/www.istegroup.com\/#website","url":"https:\/\/www.istegroup.com\/","name":"ISTE Group","description":"\u00c9diteur des Sciences","potentialAction":[{"@type":"SearchAction","target":{"@type":"EntryPoint","urlTemplate":"https:\/\/www.istegroup.com\/?s={search_term_string}"},"query-input":{"@type":"PropertyValueSpecification","valueRequired":true,"valueName":"search_term_string"}}],"inLanguage":"fr-FR"}]}},"_links":{"self":[{"href":"https:\/\/www.istegroup.com\/fr\/wp-json\/wp\/v2\/product\/49132","targetHints":{"allow":["GET"]}}],"collection":[{"href":"https:\/\/www.istegroup.com\/fr\/wp-json\/wp\/v2\/product"}],"about":[{"href":"https:\/\/www.istegroup.com\/fr\/wp-json\/wp\/v2\/types\/product"}],"wp:featuredmedia":[{"embeddable":true,"href":"https:\/\/www.istegroup.com\/fr\/wp-json\/wp\/v2\/media\/49140"}],"wp:attachment":[{"href":"https:\/\/www.istegroup.com\/fr\/wp-json\/wp\/v2\/media?parent=49132"}],"wp:term":[{"taxonomy":"product_brand","embeddable":true,"href":"https:\/\/www.istegroup.com\/fr\/wp-json\/wp\/v2\/product_brand?post=49132"},{"taxonomy":"product_cat","embeddable":true,"href":"https:\/\/www.istegroup.com\/fr\/wp-json\/wp\/v2\/product_cat?post=49132"},{"taxonomy":"product_tag","embeddable":true,"href":"https:\/\/www.istegroup.com\/fr\/wp-json\/wp\/v2\/product_tag?post=49132"}],"curies":[{"name":"wp","href":"https:\/\/api.w.org\/{rel}","templated":true}]}}