{"id":49114,"date":"2022-11-25T09:32:35","date_gmt":"2022-11-25T09:32:35","guid":{"rendered":"https:\/\/www.istegroup.com\/?post_type=product&#038;p=49114"},"modified":"2024-01-03T13:46:49","modified_gmt":"2024-01-03T13:46:49","slug":"integration-en-electronique-de-puissance","status":"publish","type":"product","link":"https:\/\/www.istegroup.com\/fr\/produit\/integration-en-electronique-de-puissance\/","title":{"rendered":"Int\u00e9gration en \u00e9lectronique de puissance"},"content":{"rendered":"<p>L\u2019int\u00e9gration en \u00e9lectronique de puissance fait partie des d\u00e9fis scientifiques que l\u2019automobile, l\u2019industrie ou les entreprises de technologie doivent relever. Cet ouvrage analyse les points fondamentaux de ce domaine par des exemples concrets et d\u00e9taill\u00e9s.<\/p>\n<p>Les auteurs visent \u00e0 l\u2019int\u00e9gration de syst\u00e8mes de cha\u00eenes de puissance. Apr\u00e8s avoir fait quelques rappels sur des composants de puissance de base, en particulier haute tension, <em>Int\u00e9gration en \u00e9lectronique de puissance<\/em> traite des \u00e9tapes de conception de commande de moteurs, adoptant pour cela une impl\u00e9mentation mixte (mat\u00e9rielle et\/ou logicielle) d\u2019algorithmes de commande de machines \u00e9lectriques. L\u2019accent est port\u00e9 sur la validation de la partie num\u00e9rique (algorithme de contr\u00f4le-commande) et de la partie analogique de puissance (onduleur et moteur). In fine, plusieurs choix d\u2019architecture sont propos\u00e9s, \u00e0 base de circuits programmables (FPGA) et de microprocesseurs (DSP). Enfin, le couplage avec le substrat est pris en compte, d\u2019un point de vue proprement \u00e9lectronique, mais aussi par son aspect \u00e9lectrothermique.<\/p>","protected":false},"excerpt":{"rendered":"<p>L\u2019int\u00e9gration en \u00e9lectronique de puissance fait partie des d\u00e9fis scientifiques que l\u2019automobile, l\u2019industrie ou les entreprises de technologie doivent relever. Cet ouvrage analyse les points fondamentaux de ce domaine par des exemples concrets et d\u00e9taill\u00e9s. Les auteurs visent \u00e0 l\u2019int\u00e9gration de syst\u00e8mes de cha\u00eenes de puissance. Apr\u00e8s avoir fait quelques rappels sur des composants de [&hellip;]<\/p>\n","protected":false},"featured_media":49131,"template":"","meta":{"_acf_changed":false,"_links_to":"","_links_to_target":""},"product_brand":[],"product_cat":[660],"product_tag":[],"class_list":{"0":"post-49114","1":"product","2":"type-product","3":"status-publish","4":"has-post-thumbnail","6":"product_cat-energie-12506414","8":"first","9":"instock","10":"shipping-taxable","11":"purchasable","12":"product-type-variable"},"acf":[],"yoast_head":"<!-- This site is optimized with the Yoast SEO plugin v27.2 - https:\/\/yoast.com\/product\/yoast-seo-wordpress\/ -->\n<title>Int\u00e9gration en \u00e9lectronique de puissance - ISTE Group<\/title>\n<meta name=\"robots\" content=\"index, follow, max-snippet:-1, max-image-preview:large, max-video-preview:-1\" \/>\n<link rel=\"canonical\" href=\"https:\/\/www.istegroup.com\/en\/produit\/integration-en-electronique-de-puissance\/\" \/>\n<meta property=\"og:locale\" content=\"fr_FR\" \/>\n<meta property=\"og:type\" content=\"article\" \/>\n<meta property=\"og:title\" content=\"Int\u00e9gration en \u00e9lectronique de puissance - ISTE Group\" \/>\n<meta property=\"og:description\" content=\"L\u2019int\u00e9gration en \u00e9lectronique de puissance fait partie des d\u00e9fis scientifiques que l\u2019automobile, l\u2019industrie ou les entreprises de technologie doivent relever. Cet ouvrage analyse les points fondamentaux de ce domaine par des exemples concrets et d\u00e9taill\u00e9s. Les auteurs visent \u00e0 l\u2019int\u00e9gration de syst\u00e8mes de cha\u00eenes de puissance. Apr\u00e8s avoir fait quelques rappels sur des composants de [&hellip;]\" \/>\n<meta property=\"og:url\" content=\"https:\/\/www.istegroup.com\/en\/produit\/integration-en-electronique-de-puissance\/\" \/>\n<meta property=\"og:site_name\" content=\"ISTE Group\" \/>\n<meta property=\"article:modified_time\" content=\"2024-01-03T13:46:49+00:00\" \/>\n<meta property=\"og:image\" content=\"https:\/\/www.istegroup.com\/wp-content\/uploads\/2022\/11\/Integration-en-electronique-de-puissance.jpg\" \/>\n\t<meta property=\"og:image:width\" content=\"350\" \/>\n\t<meta property=\"og:image:height\" content=\"529\" \/>\n\t<meta property=\"og:image:type\" content=\"image\/jpeg\" \/>\n<meta name=\"twitter:card\" content=\"summary_large_image\" \/>\n<meta name=\"twitter:label1\" content=\"Est. reading time\" \/>\n\t<meta name=\"twitter:data1\" content=\"1 minute\" \/>\n<script type=\"application\/ld+json\" class=\"yoast-schema-graph\">{\"@context\":\"https:\/\/schema.org\",\"@graph\":[{\"@type\":\"WebPage\",\"@id\":\"https:\/\/www.istegroup.com\/en\/produit\/integration-en-electronique-de-puissance\/\",\"url\":\"https:\/\/www.istegroup.com\/en\/produit\/integration-en-electronique-de-puissance\/\",\"name\":\"Int\u00e9gration en \u00e9lectronique de puissance - ISTE Group\",\"isPartOf\":{\"@id\":\"https:\/\/www.istegroup.com\/#website\"},\"primaryImageOfPage\":{\"@id\":\"https:\/\/www.istegroup.com\/en\/produit\/integration-en-electronique-de-puissance\/#primaryimage\"},\"image\":{\"@id\":\"https:\/\/www.istegroup.com\/en\/produit\/integration-en-electronique-de-puissance\/#primaryimage\"},\"thumbnailUrl\":\"https:\/\/www.istegroup.com\/wp-content\/uploads\/2022\/11\/Integration-en-electronique-de-puissance.jpg\",\"datePublished\":\"2022-11-25T09:32:35+00:00\",\"dateModified\":\"2024-01-03T13:46:49+00:00\",\"breadcrumb\":{\"@id\":\"https:\/\/www.istegroup.com\/en\/produit\/integration-en-electronique-de-puissance\/#breadcrumb\"},\"inLanguage\":\"fr-FR\",\"potentialAction\":[{\"@type\":\"ReadAction\",\"target\":[\"https:\/\/www.istegroup.com\/en\/produit\/integration-en-electronique-de-puissance\/\"]}]},{\"@type\":\"ImageObject\",\"inLanguage\":\"fr-FR\",\"@id\":\"https:\/\/www.istegroup.com\/en\/produit\/integration-en-electronique-de-puissance\/#primaryimage\",\"url\":\"https:\/\/www.istegroup.com\/wp-content\/uploads\/2022\/11\/Integration-en-electronique-de-puissance.jpg\",\"contentUrl\":\"https:\/\/www.istegroup.com\/wp-content\/uploads\/2022\/11\/Integration-en-electronique-de-puissance.jpg\",\"width\":350,\"height\":529,\"caption\":\"Livre scientifique - Int\u00e9gration en \u00e9lectronique de puissance\"},{\"@type\":\"BreadcrumbList\",\"@id\":\"https:\/\/www.istegroup.com\/en\/produit\/integration-en-electronique-de-puissance\/#breadcrumb\",\"itemListElement\":[{\"@type\":\"ListItem\",\"position\":1,\"name\":\"Home\",\"item\":\"https:\/\/www.istegroup.com\/\"},{\"@type\":\"ListItem\",\"position\":2,\"name\":\"Shop\",\"item\":\"https:\/\/www.istegroup.com\/fr\/nouveautes\/\"},{\"@type\":\"ListItem\",\"position\":3,\"name\":\"Int\u00e9gration en \u00e9lectronique de puissance\"}]},{\"@type\":\"WebSite\",\"@id\":\"https:\/\/www.istegroup.com\/#website\",\"url\":\"https:\/\/www.istegroup.com\/\",\"name\":\"ISTE Group\",\"description\":\"\u00c9diteur des Sciences\",\"potentialAction\":[{\"@type\":\"SearchAction\",\"target\":{\"@type\":\"EntryPoint\",\"urlTemplate\":\"https:\/\/www.istegroup.com\/?s={search_term_string}\"},\"query-input\":{\"@type\":\"PropertyValueSpecification\",\"valueRequired\":true,\"valueName\":\"search_term_string\"}}],\"inLanguage\":\"fr-FR\"}]}<\/script>\n<!-- \/ Yoast SEO plugin. -->","yoast_head_json":{"title":"Int\u00e9gration en \u00e9lectronique de puissance - ISTE Group","robots":{"index":"index","follow":"follow","max-snippet":"max-snippet:-1","max-image-preview":"max-image-preview:large","max-video-preview":"max-video-preview:-1"},"canonical":"https:\/\/www.istegroup.com\/en\/produit\/integration-en-electronique-de-puissance\/","og_locale":"fr_FR","og_type":"article","og_title":"Int\u00e9gration en \u00e9lectronique de puissance - ISTE Group","og_description":"L\u2019int\u00e9gration en \u00e9lectronique de puissance fait partie des d\u00e9fis scientifiques que l\u2019automobile, l\u2019industrie ou les entreprises de technologie doivent relever. Cet ouvrage analyse les points fondamentaux de ce domaine par des exemples concrets et d\u00e9taill\u00e9s. Les auteurs visent \u00e0 l\u2019int\u00e9gration de syst\u00e8mes de cha\u00eenes de puissance. Apr\u00e8s avoir fait quelques rappels sur des composants de [&hellip;]","og_url":"https:\/\/www.istegroup.com\/en\/produit\/integration-en-electronique-de-puissance\/","og_site_name":"ISTE Group","article_modified_time":"2024-01-03T13:46:49+00:00","og_image":[{"width":350,"height":529,"url":"https:\/\/www.istegroup.com\/wp-content\/uploads\/2022\/11\/Integration-en-electronique-de-puissance.jpg","type":"image\/jpeg"}],"twitter_card":"summary_large_image","twitter_misc":{"Est. reading time":"1 minute"},"schema":{"@context":"https:\/\/schema.org","@graph":[{"@type":"WebPage","@id":"https:\/\/www.istegroup.com\/en\/produit\/integration-en-electronique-de-puissance\/","url":"https:\/\/www.istegroup.com\/en\/produit\/integration-en-electronique-de-puissance\/","name":"Int\u00e9gration en \u00e9lectronique de puissance - ISTE Group","isPartOf":{"@id":"https:\/\/www.istegroup.com\/#website"},"primaryImageOfPage":{"@id":"https:\/\/www.istegroup.com\/en\/produit\/integration-en-electronique-de-puissance\/#primaryimage"},"image":{"@id":"https:\/\/www.istegroup.com\/en\/produit\/integration-en-electronique-de-puissance\/#primaryimage"},"thumbnailUrl":"https:\/\/www.istegroup.com\/wp-content\/uploads\/2022\/11\/Integration-en-electronique-de-puissance.jpg","datePublished":"2022-11-25T09:32:35+00:00","dateModified":"2024-01-03T13:46:49+00:00","breadcrumb":{"@id":"https:\/\/www.istegroup.com\/en\/produit\/integration-en-electronique-de-puissance\/#breadcrumb"},"inLanguage":"fr-FR","potentialAction":[{"@type":"ReadAction","target":["https:\/\/www.istegroup.com\/en\/produit\/integration-en-electronique-de-puissance\/"]}]},{"@type":"ImageObject","inLanguage":"fr-FR","@id":"https:\/\/www.istegroup.com\/en\/produit\/integration-en-electronique-de-puissance\/#primaryimage","url":"https:\/\/www.istegroup.com\/wp-content\/uploads\/2022\/11\/Integration-en-electronique-de-puissance.jpg","contentUrl":"https:\/\/www.istegroup.com\/wp-content\/uploads\/2022\/11\/Integration-en-electronique-de-puissance.jpg","width":350,"height":529,"caption":"Livre scientifique - Int\u00e9gration en \u00e9lectronique de puissance"},{"@type":"BreadcrumbList","@id":"https:\/\/www.istegroup.com\/en\/produit\/integration-en-electronique-de-puissance\/#breadcrumb","itemListElement":[{"@type":"ListItem","position":1,"name":"Home","item":"https:\/\/www.istegroup.com\/"},{"@type":"ListItem","position":2,"name":"Shop","item":"https:\/\/www.istegroup.com\/fr\/nouveautes\/"},{"@type":"ListItem","position":3,"name":"Int\u00e9gration en \u00e9lectronique de puissance"}]},{"@type":"WebSite","@id":"https:\/\/www.istegroup.com\/#website","url":"https:\/\/www.istegroup.com\/","name":"ISTE Group","description":"\u00c9diteur des Sciences","potentialAction":[{"@type":"SearchAction","target":{"@type":"EntryPoint","urlTemplate":"https:\/\/www.istegroup.com\/?s={search_term_string}"},"query-input":{"@type":"PropertyValueSpecification","valueRequired":true,"valueName":"search_term_string"}}],"inLanguage":"fr-FR"}]}},"_links":{"self":[{"href":"https:\/\/www.istegroup.com\/fr\/wp-json\/wp\/v2\/product\/49114","targetHints":{"allow":["GET"]}}],"collection":[{"href":"https:\/\/www.istegroup.com\/fr\/wp-json\/wp\/v2\/product"}],"about":[{"href":"https:\/\/www.istegroup.com\/fr\/wp-json\/wp\/v2\/types\/product"}],"wp:featuredmedia":[{"embeddable":true,"href":"https:\/\/www.istegroup.com\/fr\/wp-json\/wp\/v2\/media\/49131"}],"wp:attachment":[{"href":"https:\/\/www.istegroup.com\/fr\/wp-json\/wp\/v2\/media?parent=49114"}],"wp:term":[{"taxonomy":"product_brand","embeddable":true,"href":"https:\/\/www.istegroup.com\/fr\/wp-json\/wp\/v2\/product_brand?post=49114"},{"taxonomy":"product_cat","embeddable":true,"href":"https:\/\/www.istegroup.com\/fr\/wp-json\/wp\/v2\/product_cat?post=49114"},{"taxonomy":"product_tag","embeddable":true,"href":"https:\/\/www.istegroup.com\/fr\/wp-json\/wp\/v2\/product_tag?post=49114"}],"curies":[{"name":"wp","href":"https:\/\/api.w.org\/{rel}","templated":true}]}}