{"id":49101,"date":"2022-11-24T10:27:44","date_gmt":"2022-11-24T10:27:44","guid":{"rendered":"https:\/\/www.istegroup.com\/?post_type=product&#038;p=49101"},"modified":"2024-01-03T13:46:48","modified_gmt":"2024-01-03T13:46:48","slug":"action-dans-lincertain","status":"publish","type":"product","link":"https:\/\/www.istegroup.com\/fr\/produit\/action-dans-lincertain\/","title":{"rendered":"Action dans l\u2019incertain"},"content":{"rendered":"<p>Nonobstant l\u2019incertitude, l\u2019homme est n\u00e9 pour agir. Face aux agressions et aux bouleversements de l\u2019environnement, l\u2019inaction est plus stressante que l\u2019action.<\/p>\n<p>Quels sont les choix, les strat\u00e9gies ou les m\u00e9thodes \u00e0 mettre en oeuvre pour que l\u2019action soit la plus efficace possible au regard des objectifs \u00e0 atteindre ? Il ne faut pas s\u2019illusionner sur le terme \u00ab bonne d\u00e9cision \u00bb qui n\u2019a pas beaucoup de sens quand on agit dans l\u2019incertain et que l\u2019on conna\u00eet la faiblesse des pr\u00e9visions. Il faut cependant savoir agir et \u00eatre capable de franchir le pas de l\u2019action la plus pertinente.<\/p>\n<p><em>Action dans l\u2019incertain<\/em> est un v\u00e9ritable guide pour mener efficacement une action alors que rien n\u2019est s\u00fbr. En fonction des diff\u00e9rents types d\u2019incertain, quels sont les bons usages respectifs de l\u2019expertise et de l\u2019intuition ? Comment motiver les \u00e9quipes et \u00e9viter les biais cognitifs et les manipulations ? Ces th\u00e8mes sont trait\u00e9s dans un langage clair et accessible pour accompagner au mieux les choix des d\u00e9cideurs dans un monde plus incertain que jamais.<\/p>","protected":false},"excerpt":{"rendered":"<p>Nonobstant l\u2019incertitude, l\u2019homme est n\u00e9 pour agir. Face aux agressions et aux bouleversements de l\u2019environnement, l\u2019inaction est plus stressante que l\u2019action. Quels sont les choix, les strat\u00e9gies ou les m\u00e9thodes \u00e0 mettre en oeuvre pour que l\u2019action soit la plus efficace possible au regard des objectifs \u00e0 atteindre ? Il ne faut pas s\u2019illusionner sur [&hellip;]<\/p>\n","protected":false},"featured_media":49108,"template":"","meta":{"_acf_changed":false,"_links_to":"","_links_to_target":""},"product_brand":[],"product_cat":[707],"product_tag":[],"class_list":{"0":"post-49101","1":"product","2":"type-product","3":"status-publish","4":"has-post-thumbnail","6":"product_cat-systmes-dinformation-web-et-socit-12506570","8":"first","9":"instock","10":"shipping-taxable","11":"purchasable","12":"product-type-variable"},"acf":[],"yoast_head":"<!-- This site is optimized with the Yoast SEO plugin v27.2 - https:\/\/yoast.com\/product\/yoast-seo-wordpress\/ -->\n<title>Action dans l\u2019incertain - ISTE Group<\/title>\n<meta name=\"description\" content=\"Action dans l\u2019incertain est un v\u00e9ritable guide pour mener efficacement une action alors que rien n\u2019est s\u00fbr. En fonction des diff\u00e9rents types d\u2019incertain, quels sont les bons usages respectifs de l\u2019expertise et de l\u2019intuition ?\" \/>\n<meta name=\"robots\" content=\"index, follow, max-snippet:-1, max-image-preview:large, max-video-preview:-1\" \/>\n<link rel=\"canonical\" href=\"https:\/\/www.istegroup.com\/fr\/produit\/action-dans-lincertain\/\" \/>\n<meta property=\"og:locale\" content=\"fr_FR\" \/>\n<meta property=\"og:type\" content=\"article\" \/>\n<meta property=\"og:title\" content=\"Action dans l\u2019incertain - ISTE Group\" \/>\n<meta property=\"og:description\" content=\"Action dans l\u2019incertain est un v\u00e9ritable guide pour mener efficacement une action alors que rien n\u2019est s\u00fbr. En fonction des diff\u00e9rents types d\u2019incertain, quels sont les bons usages respectifs de l\u2019expertise et de l\u2019intuition ?\" \/>\n<meta property=\"og:url\" content=\"https:\/\/www.istegroup.com\/fr\/produit\/action-dans-lincertain\/\" \/>\n<meta property=\"og:site_name\" content=\"ISTE Group\" \/>\n<meta property=\"article:modified_time\" content=\"2024-01-03T13:46:48+00:00\" \/>\n<meta property=\"og:image\" content=\"https:\/\/www.istegroup.com\/wp-content\/uploads\/2022\/11\/Action-dans-lincertain.jpg\" \/>\n\t<meta property=\"og:image:width\" content=\"350\" \/>\n\t<meta property=\"og:image:height\" content=\"527\" \/>\n\t<meta property=\"og:image:type\" content=\"image\/jpeg\" \/>\n<meta name=\"twitter:card\" content=\"summary_large_image\" \/>\n<meta name=\"twitter:label1\" content=\"Est. reading time\" \/>\n\t<meta name=\"twitter:data1\" content=\"1 minute\" \/>\n<script type=\"application\/ld+json\" class=\"yoast-schema-graph\">{\"@context\":\"https:\/\/schema.org\",\"@graph\":[{\"@type\":\"WebPage\",\"@id\":\"https:\/\/www.istegroup.com\/fr\/produit\/action-dans-lincertain\/\",\"url\":\"https:\/\/www.istegroup.com\/fr\/produit\/action-dans-lincertain\/\",\"name\":\"Action dans l\u2019incertain - ISTE Group\",\"isPartOf\":{\"@id\":\"https:\/\/www.istegroup.com\/#website\"},\"primaryImageOfPage\":{\"@id\":\"https:\/\/www.istegroup.com\/fr\/produit\/action-dans-lincertain\/#primaryimage\"},\"image\":{\"@id\":\"https:\/\/www.istegroup.com\/fr\/produit\/action-dans-lincertain\/#primaryimage\"},\"thumbnailUrl\":\"https:\/\/www.istegroup.com\/wp-content\/uploads\/2022\/11\/Action-dans-lincertain.jpg\",\"datePublished\":\"2022-11-24T10:27:44+00:00\",\"dateModified\":\"2024-01-03T13:46:48+00:00\",\"description\":\"Action dans l\u2019incertain est un v\u00e9ritable guide pour mener efficacement une action alors que rien n\u2019est s\u00fbr. En fonction des diff\u00e9rents types d\u2019incertain, quels sont les bons usages respectifs de l\u2019expertise et de l\u2019intuition ?\",\"breadcrumb\":{\"@id\":\"https:\/\/www.istegroup.com\/fr\/produit\/action-dans-lincertain\/#breadcrumb\"},\"inLanguage\":\"fr-FR\",\"potentialAction\":[{\"@type\":\"ReadAction\",\"target\":[\"https:\/\/www.istegroup.com\/fr\/produit\/action-dans-lincertain\/\"]}]},{\"@type\":\"ImageObject\",\"inLanguage\":\"fr-FR\",\"@id\":\"https:\/\/www.istegroup.com\/fr\/produit\/action-dans-lincertain\/#primaryimage\",\"url\":\"https:\/\/www.istegroup.com\/wp-content\/uploads\/2022\/11\/Action-dans-lincertain.jpg\",\"contentUrl\":\"https:\/\/www.istegroup.com\/wp-content\/uploads\/2022\/11\/Action-dans-lincertain.jpg\",\"width\":350,\"height\":527,\"caption\":\"Livre scientifique - Action dans l'incertain\"},{\"@type\":\"BreadcrumbList\",\"@id\":\"https:\/\/www.istegroup.com\/fr\/produit\/action-dans-lincertain\/#breadcrumb\",\"itemListElement\":[{\"@type\":\"ListItem\",\"position\":1,\"name\":\"Home\",\"item\":\"https:\/\/www.istegroup.com\/\"},{\"@type\":\"ListItem\",\"position\":2,\"name\":\"Shop\",\"item\":\"https:\/\/www.istegroup.com\/fr\/nouveautes\/\"},{\"@type\":\"ListItem\",\"position\":3,\"name\":\"Action dans l\u2019incertain\"}]},{\"@type\":\"WebSite\",\"@id\":\"https:\/\/www.istegroup.com\/#website\",\"url\":\"https:\/\/www.istegroup.com\/\",\"name\":\"ISTE Group\",\"description\":\"\u00c9diteur des Sciences\",\"potentialAction\":[{\"@type\":\"SearchAction\",\"target\":{\"@type\":\"EntryPoint\",\"urlTemplate\":\"https:\/\/www.istegroup.com\/?s={search_term_string}\"},\"query-input\":{\"@type\":\"PropertyValueSpecification\",\"valueRequired\":true,\"valueName\":\"search_term_string\"}}],\"inLanguage\":\"fr-FR\"}]}<\/script>\n<!-- \/ Yoast SEO plugin. -->","yoast_head_json":{"title":"Action dans l\u2019incertain - ISTE Group","description":"Action dans l\u2019incertain est un v\u00e9ritable guide pour mener efficacement une action alors que rien n\u2019est s\u00fbr. En fonction des diff\u00e9rents types d\u2019incertain, quels sont les bons usages respectifs de l\u2019expertise et de l\u2019intuition ?","robots":{"index":"index","follow":"follow","max-snippet":"max-snippet:-1","max-image-preview":"max-image-preview:large","max-video-preview":"max-video-preview:-1"},"canonical":"https:\/\/www.istegroup.com\/fr\/produit\/action-dans-lincertain\/","og_locale":"fr_FR","og_type":"article","og_title":"Action dans l\u2019incertain - ISTE Group","og_description":"Action dans l\u2019incertain est un v\u00e9ritable guide pour mener efficacement une action alors que rien n\u2019est s\u00fbr. En fonction des diff\u00e9rents types d\u2019incertain, quels sont les bons usages respectifs de l\u2019expertise et de l\u2019intuition ?","og_url":"https:\/\/www.istegroup.com\/fr\/produit\/action-dans-lincertain\/","og_site_name":"ISTE Group","article_modified_time":"2024-01-03T13:46:48+00:00","og_image":[{"width":350,"height":527,"url":"https:\/\/www.istegroup.com\/wp-content\/uploads\/2022\/11\/Action-dans-lincertain.jpg","type":"image\/jpeg"}],"twitter_card":"summary_large_image","twitter_misc":{"Est. reading time":"1 minute"},"schema":{"@context":"https:\/\/schema.org","@graph":[{"@type":"WebPage","@id":"https:\/\/www.istegroup.com\/fr\/produit\/action-dans-lincertain\/","url":"https:\/\/www.istegroup.com\/fr\/produit\/action-dans-lincertain\/","name":"Action dans l\u2019incertain - ISTE Group","isPartOf":{"@id":"https:\/\/www.istegroup.com\/#website"},"primaryImageOfPage":{"@id":"https:\/\/www.istegroup.com\/fr\/produit\/action-dans-lincertain\/#primaryimage"},"image":{"@id":"https:\/\/www.istegroup.com\/fr\/produit\/action-dans-lincertain\/#primaryimage"},"thumbnailUrl":"https:\/\/www.istegroup.com\/wp-content\/uploads\/2022\/11\/Action-dans-lincertain.jpg","datePublished":"2022-11-24T10:27:44+00:00","dateModified":"2024-01-03T13:46:48+00:00","description":"Action dans l\u2019incertain est un v\u00e9ritable guide pour mener efficacement une action alors que rien n\u2019est s\u00fbr. En fonction des diff\u00e9rents types d\u2019incertain, quels sont les bons usages respectifs de l\u2019expertise et de l\u2019intuition ?","breadcrumb":{"@id":"https:\/\/www.istegroup.com\/fr\/produit\/action-dans-lincertain\/#breadcrumb"},"inLanguage":"fr-FR","potentialAction":[{"@type":"ReadAction","target":["https:\/\/www.istegroup.com\/fr\/produit\/action-dans-lincertain\/"]}]},{"@type":"ImageObject","inLanguage":"fr-FR","@id":"https:\/\/www.istegroup.com\/fr\/produit\/action-dans-lincertain\/#primaryimage","url":"https:\/\/www.istegroup.com\/wp-content\/uploads\/2022\/11\/Action-dans-lincertain.jpg","contentUrl":"https:\/\/www.istegroup.com\/wp-content\/uploads\/2022\/11\/Action-dans-lincertain.jpg","width":350,"height":527,"caption":"Livre scientifique - Action dans l'incertain"},{"@type":"BreadcrumbList","@id":"https:\/\/www.istegroup.com\/fr\/produit\/action-dans-lincertain\/#breadcrumb","itemListElement":[{"@type":"ListItem","position":1,"name":"Home","item":"https:\/\/www.istegroup.com\/"},{"@type":"ListItem","position":2,"name":"Shop","item":"https:\/\/www.istegroup.com\/fr\/nouveautes\/"},{"@type":"ListItem","position":3,"name":"Action dans l\u2019incertain"}]},{"@type":"WebSite","@id":"https:\/\/www.istegroup.com\/#website","url":"https:\/\/www.istegroup.com\/","name":"ISTE Group","description":"\u00c9diteur des Sciences","potentialAction":[{"@type":"SearchAction","target":{"@type":"EntryPoint","urlTemplate":"https:\/\/www.istegroup.com\/?s={search_term_string}"},"query-input":{"@type":"PropertyValueSpecification","valueRequired":true,"valueName":"search_term_string"}}],"inLanguage":"fr-FR"}]}},"_links":{"self":[{"href":"https:\/\/www.istegroup.com\/fr\/wp-json\/wp\/v2\/product\/49101","targetHints":{"allow":["GET"]}}],"collection":[{"href":"https:\/\/www.istegroup.com\/fr\/wp-json\/wp\/v2\/product"}],"about":[{"href":"https:\/\/www.istegroup.com\/fr\/wp-json\/wp\/v2\/types\/product"}],"wp:featuredmedia":[{"embeddable":true,"href":"https:\/\/www.istegroup.com\/fr\/wp-json\/wp\/v2\/media\/49108"}],"wp:attachment":[{"href":"https:\/\/www.istegroup.com\/fr\/wp-json\/wp\/v2\/media?parent=49101"}],"wp:term":[{"taxonomy":"product_brand","embeddable":true,"href":"https:\/\/www.istegroup.com\/fr\/wp-json\/wp\/v2\/product_brand?post=49101"},{"taxonomy":"product_cat","embeddable":true,"href":"https:\/\/www.istegroup.com\/fr\/wp-json\/wp\/v2\/product_cat?post=49101"},{"taxonomy":"product_tag","embeddable":true,"href":"https:\/\/www.istegroup.com\/fr\/wp-json\/wp\/v2\/product_tag?post=49101"}],"curies":[{"name":"wp","href":"https:\/\/api.w.org\/{rel}","templated":true}]}}