{"id":491,"date":"2017-07-28T14:58:00","date_gmt":"2017-07-28T12:58:00","guid":{"rendered":"https:\/\/iste.yhello.co\/product\/memoires-electroniques\/"},"modified":"2024-01-03T13:40:17","modified_gmt":"2024-01-03T13:40:17","slug":"memoires-electroniques","status":"publish","type":"product","link":"https:\/\/www.istegroup.com\/fr\/produit\/memoires-electroniques\/","title":{"rendered":"M\u00e9moires \u00e9lectroniques"},"content":{"rendered":"<p>La r\u00e9flexion en termes d\u2019optimisation du stockage des donn\u00e9es et des vitesses d\u2019ex\u00e9cution a derni\u00e8rement conduit \u00e0 de nouveaux crit\u00e8res de fonctionnement des m\u00e9moires \u00e9lectroniques du futur. Ces m\u00e9moires, tout en consommant tr\u00e8s peu d\u2019\u00e9nergie, devront pouvoir assurer \u00e0 la fois des fonctions d\u2019archivage (conservation des donn\u00e9es sur des p\u00e9riodes sup\u00e9rieures \u00e0 10 ans) et \u00eatre capables d\u2019effectuer des op\u00e9rations logiques \u00e0 tr\u00e8s grande vitesse (temps de commutation de l\u2019ordre de la nanoseconde).<\/p>\n<p>De telles m\u00e9moires, dites SCM (Storage Class Memory), n\u2019existent pas encore et font actuellement l\u2019objet de recherches intensives.<\/p>\n<p>Cet ouvrage pr\u00e9sente les trois syst\u00e8mes sur le point d\u2019atteindre cet objectif : les m\u00e9moires magn\u00e9tiques STT (Spin Transfer Torque), les m\u00e9moires \u00e0 changement de phase (PCRAM) et les m\u00e9moires r\u00e9sistives (RRAM) \u00e0 m\u00e9tallisation ou \u00e0 changement de valence. Proposant une description d\u00e9taill\u00e9e des \u00e9volutions de la technologie existante, il analyse \u00e9galement l\u2019\u00e9mergence de concepts nouveaux susceptibles de conduire \u00e0 des m\u00e9moires \u00e9lectroniques de type SCM.<\/p>\n<h2><\/h2>\n","protected":false},"excerpt":{"rendered":"<p>La r\u00e9flexion en termes d\u2019optimisation du stockage des donn\u00e9es et des vitesses d\u2019ex\u00e9cution a derni\u00e8rement conduit \u00e0 de nouveaux crit\u00e8res de fonctionnement des m\u00e9moires \u00e9lectroniques du futur. Ces m\u00e9moires, tout en consommant tr\u00e8s peu d\u2019\u00e9nergie, devront pouvoir assurer \u00e0 la fois des fonctions d\u2019archivage (conservation des donn\u00e9es sur des p\u00e9riodes sup\u00e9rieures \u00e0 10 ans) et [&hellip;]<\/p>\n","protected":false},"featured_media":492,"template":"","meta":{"_acf_changed":false,"_links_to":"","_links_to_target":""},"product_brand":[],"product_cat":[659],"product_tag":[1929,186,948,31,196,197,198,199,21,200,22,1930,201,203,204,63,25,172,209,1227,1932,1933,1931,292,212,38,192,145,28,1934,1935,1936,1937,1938,1939,253,262,1940],"class_list":{"0":"post-491","1":"product","2":"type-product","3":"status-publish","4":"has-post-thumbnail","6":"product_cat-electronique-11476903","7":"product_tag-archivage","8":"product_tag-concepts","9":"product_tag-dispositifs","10":"product_tag-ebook","11":"product_tag-ebooks","12":"product_tag-iste","13":"product_tag-iste-edition","14":"product_tag-iste-editions","15":"product_tag-iste-group","16":"product_tag-isteedition","17":"product_tag-istegroup","18":"product_tag-jean-christophe-lacroix","19":"product_tag-kindle","20":"product_tag-liseuse","21":"product_tag-livre","22":"product_tag-livre-electronique","23":"product_tag-livre-numerique","24":"product_tag-livre-scientifique","25":"product_tag-livres-scientifiques","26":"product_tag-materiaux","27":"product_tag-memoires-a-changement-de-phase","28":"product_tag-memoires-electroniques","29":"product_tag-memoires-resistives","30":"product_tag-numerique","31":"product_tag-ouvrage","32":"product_tag-ouvrage-numerique","33":"product_tag-ouvrage-science","34":"product_tag-ouvrage-scientifique","35":"product_tag-ouvrage-scientifique-francais","36":"product_tag-pcram","37":"product_tag-pierre-camille-lacaze","38":"product_tag-rram","39":"product_tag-spin-transfer-torque","40":"product_tag-stockage-des-donnees","41":"product_tag-stt","42":"product_tag-technologie","43":"product_tag-technologies","44":"product_tag-vitesses-dexecution","46":"first","47":"instock","48":"shipping-taxable","49":"purchasable","50":"product-type-variable"},"acf":[],"yoast_head":"<!-- This site is optimized with the Yoast SEO plugin v27.2 - https:\/\/yoast.com\/product\/yoast-seo-wordpress\/ -->\n<title>M\u00e9moires \u00e9lectroniques - ISTE Group<\/title>\n<meta name=\"description\" content=\"La r\u00e9flexion en termes d\u2019optimisation du stockage des donn\u00e9es et des vitesses d\u2019ex\u00e9cution a derni\u00e8rement conduit \u00e0 de nouveaux crit\u00e8res de fonctionnement des m\u00e9moires \u00e9lectroniques du futur.\" \/>\n<meta name=\"robots\" content=\"index, follow, max-snippet:-1, max-image-preview:large, max-video-preview:-1\" \/>\n<link rel=\"canonical\" href=\"https:\/\/www.istegroup.com\/fr\/produit\/memoires-electroniques\/\" \/>\n<meta property=\"og:locale\" content=\"fr_FR\" \/>\n<meta property=\"og:type\" content=\"article\" \/>\n<meta property=\"og:title\" content=\"M\u00e9moires \u00e9lectroniques - ISTE Group\" \/>\n<meta property=\"og:description\" content=\"La r\u00e9flexion en termes d\u2019optimisation du stockage des donn\u00e9es et des vitesses d\u2019ex\u00e9cution a derni\u00e8rement conduit \u00e0 de nouveaux crit\u00e8res de fonctionnement des m\u00e9moires \u00e9lectroniques du futur.\" \/>\n<meta property=\"og:url\" content=\"https:\/\/www.istegroup.com\/fr\/produit\/memoires-electroniques\/\" \/>\n<meta property=\"og:site_name\" content=\"ISTE Group\" \/>\n<meta property=\"article:modified_time\" content=\"2024-01-03T13:40:17+00:00\" \/>\n<meta property=\"og:image\" content=\"https:\/\/www.istegroup.com\/wp-content\/uploads\/2017\/07\/992456637_353362517-1.jpg\" \/>\n\t<meta property=\"og:image:width\" content=\"300\" \/>\n\t<meta property=\"og:image:height\" content=\"453\" \/>\n\t<meta property=\"og:image:type\" content=\"image\/jpeg\" \/>\n<meta name=\"twitter:card\" content=\"summary_large_image\" \/>\n<meta name=\"twitter:label1\" content=\"Est. reading time\" \/>\n\t<meta name=\"twitter:data1\" content=\"1 minute\" \/>\n<script type=\"application\/ld+json\" class=\"yoast-schema-graph\">{\"@context\":\"https:\/\/schema.org\",\"@graph\":[{\"@type\":\"WebPage\",\"@id\":\"https:\/\/www.istegroup.com\/fr\/produit\/memoires-electroniques\/\",\"url\":\"https:\/\/www.istegroup.com\/fr\/produit\/memoires-electroniques\/\",\"name\":\"M\u00e9moires \u00e9lectroniques - ISTE Group\",\"isPartOf\":{\"@id\":\"https:\/\/www.istegroup.com\/#website\"},\"primaryImageOfPage\":{\"@id\":\"https:\/\/www.istegroup.com\/fr\/produit\/memoires-electroniques\/#primaryimage\"},\"image\":{\"@id\":\"https:\/\/www.istegroup.com\/fr\/produit\/memoires-electroniques\/#primaryimage\"},\"thumbnailUrl\":\"https:\/\/www.istegroup.com\/wp-content\/uploads\/2017\/07\/992456637_353362517-1.jpg\",\"datePublished\":\"2017-07-28T12:58:00+00:00\",\"dateModified\":\"2024-01-03T13:40:17+00:00\",\"description\":\"La r\u00e9flexion en termes d\u2019optimisation du stockage des donn\u00e9es et des vitesses d\u2019ex\u00e9cution a derni\u00e8rement conduit \u00e0 de nouveaux crit\u00e8res de fonctionnement des m\u00e9moires \u00e9lectroniques du futur.\",\"breadcrumb\":{\"@id\":\"https:\/\/www.istegroup.com\/fr\/produit\/memoires-electroniques\/#breadcrumb\"},\"inLanguage\":\"fr-FR\",\"potentialAction\":[{\"@type\":\"ReadAction\",\"target\":[\"https:\/\/www.istegroup.com\/fr\/produit\/memoires-electroniques\/\"]}]},{\"@type\":\"ImageObject\",\"inLanguage\":\"fr-FR\",\"@id\":\"https:\/\/www.istegroup.com\/fr\/produit\/memoires-electroniques\/#primaryimage\",\"url\":\"https:\/\/www.istegroup.com\/wp-content\/uploads\/2017\/07\/992456637_353362517-1.jpg\",\"contentUrl\":\"https:\/\/www.istegroup.com\/wp-content\/uploads\/2017\/07\/992456637_353362517-1.jpg\",\"width\":300,\"height\":453,\"caption\":\"Concepts, mat\u00e9riaux, dispositifs et technologies\"},{\"@type\":\"BreadcrumbList\",\"@id\":\"https:\/\/www.istegroup.com\/fr\/produit\/memoires-electroniques\/#breadcrumb\",\"itemListElement\":[{\"@type\":\"ListItem\",\"position\":1,\"name\":\"Home\",\"item\":\"https:\/\/www.istegroup.com\/\"},{\"@type\":\"ListItem\",\"position\":2,\"name\":\"Shop\",\"item\":\"https:\/\/www.istegroup.com\/fr\/nouveautes\/\"},{\"@type\":\"ListItem\",\"position\":3,\"name\":\"M\u00e9moires \u00e9lectroniques\"}]},{\"@type\":\"WebSite\",\"@id\":\"https:\/\/www.istegroup.com\/#website\",\"url\":\"https:\/\/www.istegroup.com\/\",\"name\":\"ISTE Group\",\"description\":\"\u00c9diteur des Sciences\",\"potentialAction\":[{\"@type\":\"SearchAction\",\"target\":{\"@type\":\"EntryPoint\",\"urlTemplate\":\"https:\/\/www.istegroup.com\/?s={search_term_string}\"},\"query-input\":{\"@type\":\"PropertyValueSpecification\",\"valueRequired\":true,\"valueName\":\"search_term_string\"}}],\"inLanguage\":\"fr-FR\"}]}<\/script>\n<!-- \/ Yoast SEO plugin. -->","yoast_head_json":{"title":"M\u00e9moires \u00e9lectroniques - ISTE Group","description":"La r\u00e9flexion en termes d\u2019optimisation du stockage des donn\u00e9es et des vitesses d\u2019ex\u00e9cution a derni\u00e8rement conduit \u00e0 de nouveaux crit\u00e8res de fonctionnement des m\u00e9moires \u00e9lectroniques du futur.","robots":{"index":"index","follow":"follow","max-snippet":"max-snippet:-1","max-image-preview":"max-image-preview:large","max-video-preview":"max-video-preview:-1"},"canonical":"https:\/\/www.istegroup.com\/fr\/produit\/memoires-electroniques\/","og_locale":"fr_FR","og_type":"article","og_title":"M\u00e9moires \u00e9lectroniques - ISTE Group","og_description":"La r\u00e9flexion en termes d\u2019optimisation du stockage des donn\u00e9es et des vitesses d\u2019ex\u00e9cution a derni\u00e8rement conduit \u00e0 de nouveaux crit\u00e8res de fonctionnement des m\u00e9moires \u00e9lectroniques du futur.","og_url":"https:\/\/www.istegroup.com\/fr\/produit\/memoires-electroniques\/","og_site_name":"ISTE Group","article_modified_time":"2024-01-03T13:40:17+00:00","og_image":[{"width":300,"height":453,"url":"https:\/\/www.istegroup.com\/wp-content\/uploads\/2017\/07\/992456637_353362517-1.jpg","type":"image\/jpeg"}],"twitter_card":"summary_large_image","twitter_misc":{"Est. reading time":"1 minute"},"schema":{"@context":"https:\/\/schema.org","@graph":[{"@type":"WebPage","@id":"https:\/\/www.istegroup.com\/fr\/produit\/memoires-electroniques\/","url":"https:\/\/www.istegroup.com\/fr\/produit\/memoires-electroniques\/","name":"M\u00e9moires \u00e9lectroniques - ISTE Group","isPartOf":{"@id":"https:\/\/www.istegroup.com\/#website"},"primaryImageOfPage":{"@id":"https:\/\/www.istegroup.com\/fr\/produit\/memoires-electroniques\/#primaryimage"},"image":{"@id":"https:\/\/www.istegroup.com\/fr\/produit\/memoires-electroniques\/#primaryimage"},"thumbnailUrl":"https:\/\/www.istegroup.com\/wp-content\/uploads\/2017\/07\/992456637_353362517-1.jpg","datePublished":"2017-07-28T12:58:00+00:00","dateModified":"2024-01-03T13:40:17+00:00","description":"La r\u00e9flexion en termes d\u2019optimisation du stockage des donn\u00e9es et des vitesses d\u2019ex\u00e9cution a derni\u00e8rement conduit \u00e0 de nouveaux crit\u00e8res de fonctionnement des m\u00e9moires \u00e9lectroniques du futur.","breadcrumb":{"@id":"https:\/\/www.istegroup.com\/fr\/produit\/memoires-electroniques\/#breadcrumb"},"inLanguage":"fr-FR","potentialAction":[{"@type":"ReadAction","target":["https:\/\/www.istegroup.com\/fr\/produit\/memoires-electroniques\/"]}]},{"@type":"ImageObject","inLanguage":"fr-FR","@id":"https:\/\/www.istegroup.com\/fr\/produit\/memoires-electroniques\/#primaryimage","url":"https:\/\/www.istegroup.com\/wp-content\/uploads\/2017\/07\/992456637_353362517-1.jpg","contentUrl":"https:\/\/www.istegroup.com\/wp-content\/uploads\/2017\/07\/992456637_353362517-1.jpg","width":300,"height":453,"caption":"Concepts, mat\u00e9riaux, dispositifs et technologies"},{"@type":"BreadcrumbList","@id":"https:\/\/www.istegroup.com\/fr\/produit\/memoires-electroniques\/#breadcrumb","itemListElement":[{"@type":"ListItem","position":1,"name":"Home","item":"https:\/\/www.istegroup.com\/"},{"@type":"ListItem","position":2,"name":"Shop","item":"https:\/\/www.istegroup.com\/fr\/nouveautes\/"},{"@type":"ListItem","position":3,"name":"M\u00e9moires \u00e9lectroniques"}]},{"@type":"WebSite","@id":"https:\/\/www.istegroup.com\/#website","url":"https:\/\/www.istegroup.com\/","name":"ISTE Group","description":"\u00c9diteur des Sciences","potentialAction":[{"@type":"SearchAction","target":{"@type":"EntryPoint","urlTemplate":"https:\/\/www.istegroup.com\/?s={search_term_string}"},"query-input":{"@type":"PropertyValueSpecification","valueRequired":true,"valueName":"search_term_string"}}],"inLanguage":"fr-FR"}]}},"_links":{"self":[{"href":"https:\/\/www.istegroup.com\/fr\/wp-json\/wp\/v2\/product\/491","targetHints":{"allow":["GET"]}}],"collection":[{"href":"https:\/\/www.istegroup.com\/fr\/wp-json\/wp\/v2\/product"}],"about":[{"href":"https:\/\/www.istegroup.com\/fr\/wp-json\/wp\/v2\/types\/product"}],"wp:featuredmedia":[{"embeddable":true,"href":"https:\/\/www.istegroup.com\/fr\/wp-json\/wp\/v2\/media\/492"}],"wp:attachment":[{"href":"https:\/\/www.istegroup.com\/fr\/wp-json\/wp\/v2\/media?parent=491"}],"wp:term":[{"taxonomy":"product_brand","embeddable":true,"href":"https:\/\/www.istegroup.com\/fr\/wp-json\/wp\/v2\/product_brand?post=491"},{"taxonomy":"product_cat","embeddable":true,"href":"https:\/\/www.istegroup.com\/fr\/wp-json\/wp\/v2\/product_cat?post=491"},{"taxonomy":"product_tag","embeddable":true,"href":"https:\/\/www.istegroup.com\/fr\/wp-json\/wp\/v2\/product_tag?post=491"}],"curies":[{"name":"wp","href":"https:\/\/api.w.org\/{rel}","templated":true}]}}