{"id":49094,"date":"2022-11-24T10:08:21","date_gmt":"2022-11-24T10:08:21","guid":{"rendered":"https:\/\/www.istegroup.com\/?post_type=product&#038;p=49094"},"modified":"2024-01-03T13:46:48","modified_gmt":"2024-01-03T13:46:48","slug":"les-algues-en-agrobiologie","status":"publish","type":"product","link":"https:\/\/www.istegroup.com\/fr\/produit\/les-algues-en-agrobiologie\/","title":{"rendered":"Les algues en agrobiologie"},"content":{"rendered":"<p>Les algues, macroalgues ou microalgues peuvent \u00eatre valoris\u00e9es en tant qu\u2019intrants biologiques dans une agriculture plus respectueuse de l\u2019environnement connue sous le nom d\u2019agrobiologie. En effet, les activit\u00e9s biologiques associ\u00e9es aux algues pr\u00e9sentent souvent un int\u00e9r\u00eat agronomique ou zootechnique. Cet aspect est \u00e0 l\u2019origine de l\u2019engouement actuel des algues dans le d\u00e9veloppement de nouvelles pratiques li\u00e9es aux productions v\u00e9g\u00e9tales et animales qui rel\u00e8vent de l\u2019agrobiologie.<\/p>\n<p><em>Les algues en agrobiologie<\/em> offre un bilan actuel et prospectif de leur utilisation : en agriculture ou dans le secteur des productions animales terrestres et aquatiques, sous forme d\u2019extraits et de mol\u00e9cules algales comme engrais ou biostimulants des cultures d\u2019int\u00e9r\u00eat agronomique, en tant que compos\u00e9s algaux en mati\u00e8re de sant\u00e9 v\u00e9g\u00e9tale ou animale. Il s\u2019appuie sur les progr\u00e8s de la recherche biochimique et agronomique afin d\u2019expliquer les pratiques traditionnelles li\u00e9es \u00e0 l\u2019emploi des algues en agriculture et dans l\u2019\u00e9levage des animaux de rente. Ces avanc\u00e9es permettent notamment d\u2019\u00e9tablir des perspectives d\u2019emploi de la ressource marine algale dans l\u2019agriculture du futur.<\/p>","protected":false},"excerpt":{"rendered":"<p>Les algues, macroalgues ou microalgues peuvent \u00eatre valoris\u00e9es en tant qu\u2019intrants biologiques dans une agriculture plus respectueuse de l\u2019environnement connue sous le nom d\u2019agrobiologie. En effet, les activit\u00e9s biologiques associ\u00e9es aux algues pr\u00e9sentent souvent un int\u00e9r\u00eat agronomique ou zootechnique. Cet aspect est \u00e0 l\u2019origine de l\u2019engouement actuel des algues dans le d\u00e9veloppement de nouvelles pratiques [&hellip;]<\/p>\n","protected":false},"featured_media":49100,"template":"","meta":{"_acf_changed":false,"_links_to":"","_links_to_target":""},"product_brand":[],"product_cat":[654],"product_tag":[],"class_list":{"0":"post-49094","1":"product","2":"type-product","3":"status-publish","4":"has-post-thumbnail","6":"product_cat-agronomie-et-science-des-aliments","8":"first","9":"instock","10":"shipping-taxable","11":"purchasable","12":"product-type-variable"},"acf":[],"yoast_head":"<!-- This site is optimized with the Yoast SEO plugin v27.2 - https:\/\/yoast.com\/product\/yoast-seo-wordpress\/ -->\n<title>Les algues en agrobiologie - ISTE Group<\/title>\n<meta name=\"robots\" content=\"index, follow, max-snippet:-1, max-image-preview:large, max-video-preview:-1\" \/>\n<link rel=\"canonical\" href=\"https:\/\/www.istegroup.com\/fr\/produit\/les-algues-en-agrobiologie\/\" \/>\n<meta property=\"og:locale\" content=\"fr_FR\" \/>\n<meta property=\"og:type\" content=\"article\" \/>\n<meta property=\"og:title\" content=\"Les algues en agrobiologie - ISTE Group\" \/>\n<meta property=\"og:description\" content=\"Les algues, macroalgues ou microalgues peuvent \u00eatre valoris\u00e9es en tant qu\u2019intrants biologiques dans une agriculture plus respectueuse de l\u2019environnement connue sous le nom d\u2019agrobiologie. En effet, les activit\u00e9s biologiques associ\u00e9es aux algues pr\u00e9sentent souvent un int\u00e9r\u00eat agronomique ou zootechnique. Cet aspect est \u00e0 l\u2019origine de l\u2019engouement actuel des algues dans le d\u00e9veloppement de nouvelles pratiques [&hellip;]\" \/>\n<meta property=\"og:url\" content=\"https:\/\/www.istegroup.com\/fr\/produit\/les-algues-en-agrobiologie\/\" \/>\n<meta property=\"og:site_name\" content=\"ISTE Group\" \/>\n<meta property=\"article:modified_time\" content=\"2024-01-03T13:46:48+00:00\" \/>\n<meta property=\"og:image\" content=\"https:\/\/www.istegroup.com\/wp-content\/uploads\/2022\/11\/Les-algues-en-agrobiologie.jpg\" \/>\n\t<meta property=\"og:image:width\" content=\"350\" \/>\n\t<meta property=\"og:image:height\" content=\"525\" \/>\n\t<meta property=\"og:image:type\" content=\"image\/jpeg\" \/>\n<meta name=\"twitter:card\" content=\"summary_large_image\" \/>\n<meta name=\"twitter:label1\" content=\"Est. reading time\" \/>\n\t<meta name=\"twitter:data1\" content=\"1 minute\" \/>\n<script type=\"application\/ld+json\" class=\"yoast-schema-graph\">{\"@context\":\"https:\/\/schema.org\",\"@graph\":[{\"@type\":\"WebPage\",\"@id\":\"https:\/\/www.istegroup.com\/fr\/produit\/les-algues-en-agrobiologie\/\",\"url\":\"https:\/\/www.istegroup.com\/fr\/produit\/les-algues-en-agrobiologie\/\",\"name\":\"Les algues en agrobiologie - ISTE Group\",\"isPartOf\":{\"@id\":\"https:\/\/www.istegroup.com\/#website\"},\"primaryImageOfPage\":{\"@id\":\"https:\/\/www.istegroup.com\/fr\/produit\/les-algues-en-agrobiologie\/#primaryimage\"},\"image\":{\"@id\":\"https:\/\/www.istegroup.com\/fr\/produit\/les-algues-en-agrobiologie\/#primaryimage\"},\"thumbnailUrl\":\"https:\/\/www.istegroup.com\/wp-content\/uploads\/2022\/11\/Les-algues-en-agrobiologie.jpg\",\"datePublished\":\"2022-11-24T10:08:21+00:00\",\"dateModified\":\"2024-01-03T13:46:48+00:00\",\"breadcrumb\":{\"@id\":\"https:\/\/www.istegroup.com\/fr\/produit\/les-algues-en-agrobiologie\/#breadcrumb\"},\"inLanguage\":\"fr-FR\",\"potentialAction\":[{\"@type\":\"ReadAction\",\"target\":[\"https:\/\/www.istegroup.com\/fr\/produit\/les-algues-en-agrobiologie\/\"]}]},{\"@type\":\"ImageObject\",\"inLanguage\":\"fr-FR\",\"@id\":\"https:\/\/www.istegroup.com\/fr\/produit\/les-algues-en-agrobiologie\/#primaryimage\",\"url\":\"https:\/\/www.istegroup.com\/wp-content\/uploads\/2022\/11\/Les-algues-en-agrobiologie.jpg\",\"contentUrl\":\"https:\/\/www.istegroup.com\/wp-content\/uploads\/2022\/11\/Les-algues-en-agrobiologie.jpg\",\"width\":350,\"height\":525,\"caption\":\"Livre scientifique - Les algues en agrobiologie\"},{\"@type\":\"BreadcrumbList\",\"@id\":\"https:\/\/www.istegroup.com\/fr\/produit\/les-algues-en-agrobiologie\/#breadcrumb\",\"itemListElement\":[{\"@type\":\"ListItem\",\"position\":1,\"name\":\"Home\",\"item\":\"https:\/\/www.istegroup.com\/\"},{\"@type\":\"ListItem\",\"position\":2,\"name\":\"Shop\",\"item\":\"https:\/\/www.istegroup.com\/fr\/nouveautes\/\"},{\"@type\":\"ListItem\",\"position\":3,\"name\":\"Les algues en agrobiologie\"}]},{\"@type\":\"WebSite\",\"@id\":\"https:\/\/www.istegroup.com\/#website\",\"url\":\"https:\/\/www.istegroup.com\/\",\"name\":\"ISTE Group\",\"description\":\"\u00c9diteur des Sciences\",\"potentialAction\":[{\"@type\":\"SearchAction\",\"target\":{\"@type\":\"EntryPoint\",\"urlTemplate\":\"https:\/\/www.istegroup.com\/?s={search_term_string}\"},\"query-input\":{\"@type\":\"PropertyValueSpecification\",\"valueRequired\":true,\"valueName\":\"search_term_string\"}}],\"inLanguage\":\"fr-FR\"}]}<\/script>\n<!-- \/ Yoast SEO plugin. -->","yoast_head_json":{"title":"Les algues en agrobiologie - ISTE Group","robots":{"index":"index","follow":"follow","max-snippet":"max-snippet:-1","max-image-preview":"max-image-preview:large","max-video-preview":"max-video-preview:-1"},"canonical":"https:\/\/www.istegroup.com\/fr\/produit\/les-algues-en-agrobiologie\/","og_locale":"fr_FR","og_type":"article","og_title":"Les algues en agrobiologie - ISTE Group","og_description":"Les algues, macroalgues ou microalgues peuvent \u00eatre valoris\u00e9es en tant qu\u2019intrants biologiques dans une agriculture plus respectueuse de l\u2019environnement connue sous le nom d\u2019agrobiologie. En effet, les activit\u00e9s biologiques associ\u00e9es aux algues pr\u00e9sentent souvent un int\u00e9r\u00eat agronomique ou zootechnique. Cet aspect est \u00e0 l\u2019origine de l\u2019engouement actuel des algues dans le d\u00e9veloppement de nouvelles pratiques [&hellip;]","og_url":"https:\/\/www.istegroup.com\/fr\/produit\/les-algues-en-agrobiologie\/","og_site_name":"ISTE Group","article_modified_time":"2024-01-03T13:46:48+00:00","og_image":[{"width":350,"height":525,"url":"https:\/\/www.istegroup.com\/wp-content\/uploads\/2022\/11\/Les-algues-en-agrobiologie.jpg","type":"image\/jpeg"}],"twitter_card":"summary_large_image","twitter_misc":{"Est. reading time":"1 minute"},"schema":{"@context":"https:\/\/schema.org","@graph":[{"@type":"WebPage","@id":"https:\/\/www.istegroup.com\/fr\/produit\/les-algues-en-agrobiologie\/","url":"https:\/\/www.istegroup.com\/fr\/produit\/les-algues-en-agrobiologie\/","name":"Les algues en agrobiologie - ISTE Group","isPartOf":{"@id":"https:\/\/www.istegroup.com\/#website"},"primaryImageOfPage":{"@id":"https:\/\/www.istegroup.com\/fr\/produit\/les-algues-en-agrobiologie\/#primaryimage"},"image":{"@id":"https:\/\/www.istegroup.com\/fr\/produit\/les-algues-en-agrobiologie\/#primaryimage"},"thumbnailUrl":"https:\/\/www.istegroup.com\/wp-content\/uploads\/2022\/11\/Les-algues-en-agrobiologie.jpg","datePublished":"2022-11-24T10:08:21+00:00","dateModified":"2024-01-03T13:46:48+00:00","breadcrumb":{"@id":"https:\/\/www.istegroup.com\/fr\/produit\/les-algues-en-agrobiologie\/#breadcrumb"},"inLanguage":"fr-FR","potentialAction":[{"@type":"ReadAction","target":["https:\/\/www.istegroup.com\/fr\/produit\/les-algues-en-agrobiologie\/"]}]},{"@type":"ImageObject","inLanguage":"fr-FR","@id":"https:\/\/www.istegroup.com\/fr\/produit\/les-algues-en-agrobiologie\/#primaryimage","url":"https:\/\/www.istegroup.com\/wp-content\/uploads\/2022\/11\/Les-algues-en-agrobiologie.jpg","contentUrl":"https:\/\/www.istegroup.com\/wp-content\/uploads\/2022\/11\/Les-algues-en-agrobiologie.jpg","width":350,"height":525,"caption":"Livre scientifique - Les algues en agrobiologie"},{"@type":"BreadcrumbList","@id":"https:\/\/www.istegroup.com\/fr\/produit\/les-algues-en-agrobiologie\/#breadcrumb","itemListElement":[{"@type":"ListItem","position":1,"name":"Home","item":"https:\/\/www.istegroup.com\/"},{"@type":"ListItem","position":2,"name":"Shop","item":"https:\/\/www.istegroup.com\/fr\/nouveautes\/"},{"@type":"ListItem","position":3,"name":"Les algues en agrobiologie"}]},{"@type":"WebSite","@id":"https:\/\/www.istegroup.com\/#website","url":"https:\/\/www.istegroup.com\/","name":"ISTE Group","description":"\u00c9diteur des Sciences","potentialAction":[{"@type":"SearchAction","target":{"@type":"EntryPoint","urlTemplate":"https:\/\/www.istegroup.com\/?s={search_term_string}"},"query-input":{"@type":"PropertyValueSpecification","valueRequired":true,"valueName":"search_term_string"}}],"inLanguage":"fr-FR"}]}},"_links":{"self":[{"href":"https:\/\/www.istegroup.com\/fr\/wp-json\/wp\/v2\/product\/49094","targetHints":{"allow":["GET"]}}],"collection":[{"href":"https:\/\/www.istegroup.com\/fr\/wp-json\/wp\/v2\/product"}],"about":[{"href":"https:\/\/www.istegroup.com\/fr\/wp-json\/wp\/v2\/types\/product"}],"wp:featuredmedia":[{"embeddable":true,"href":"https:\/\/www.istegroup.com\/fr\/wp-json\/wp\/v2\/media\/49100"}],"wp:attachment":[{"href":"https:\/\/www.istegroup.com\/fr\/wp-json\/wp\/v2\/media?parent=49094"}],"wp:term":[{"taxonomy":"product_brand","embeddable":true,"href":"https:\/\/www.istegroup.com\/fr\/wp-json\/wp\/v2\/product_brand?post=49094"},{"taxonomy":"product_cat","embeddable":true,"href":"https:\/\/www.istegroup.com\/fr\/wp-json\/wp\/v2\/product_cat?post=49094"},{"taxonomy":"product_tag","embeddable":true,"href":"https:\/\/www.istegroup.com\/fr\/wp-json\/wp\/v2\/product_tag?post=49094"}],"curies":[{"name":"wp","href":"https:\/\/api.w.org\/{rel}","templated":true}]}}