{"id":48730,"date":"2022-10-31T15:55:53","date_gmt":"2022-10-31T15:55:53","guid":{"rendered":"https:\/\/www.istegroup.com\/?post_type=product&#038;p=48730"},"modified":"2024-01-03T13:46:43","modified_gmt":"2024-01-03T13:46:43","slug":"phenomenes-collectifs-dans-les-plasmas-et-ailleurs","status":"publish","type":"product","link":"https:\/\/www.istegroup.com\/fr\/produit\/phenomenes-collectifs-dans-les-plasmas-et-ailleurs\/","title":{"rendered":"Ph\u00e9nom\u00e8nes collectifs dans les plasmas et ailleurs"},"content":{"rendered":"<p>L\u2019Univers est fait de syst\u00e8mes compos\u00e9s d\u2019un tr\u00e8s grand nombre de particules interagissant de mani\u00e8re complexe. Lors de l\u2019\u00e9tude de tels syst\u00e8mes, une approche microscopique exacte est hors de port\u00e9e. En pratique, la meilleure strat\u00e9gie est celle qui saura \u00ab faire le tri \u00bb entre l\u2019information superflue et l\u2019information n\u00e9cessaire pour pr\u00e9dire leur \u00e9volution. Deux grandes approches s\u2019opposent : les th\u00e9ories cin\u00e9tiques et hydrodynamiques.<\/p>\n<p><em>Ph\u00e9nom\u00e8nes collectifs dans les plasmas et ailleurs<\/em> pr\u00e9sente les bases th\u00e9oriques de ces approches cin\u00e9tique et hydrodynamique, leurs limites, les liens qui existent entre elles ainsi que leur extension \u00e0 la m\u00e9canique quantique et \u00e0 la relativit\u00e9.<\/p>\n<p>Ces m\u00e9thodes sont n\u00e9es en partie dans l\u2019\u00e9tude des plasmas, mais elles trouvent des applications plus contemporaines. Les approches sont d\u00e9velopp\u00e9es dans un cadre g\u00e9n\u00e9ral, suivi d\u2019applications dans les plasmas, la gravitation, les condensats de Bose-Einstein et la mati\u00e8re noire. Un accent particulier est mis sur les analogies qui peuvent \u00eatre faites entre ces diff\u00e9rents syst\u00e8mes.<\/p>","protected":false},"excerpt":{"rendered":"<p>L\u2019Univers est fait de syst\u00e8mes compos\u00e9s d\u2019un tr\u00e8s grand nombre de particules interagissant de mani\u00e8re complexe. Lors de l\u2019\u00e9tude de tels syst\u00e8mes, une approche microscopique exacte est hors de port\u00e9e. En pratique, la meilleure strat\u00e9gie est celle qui saura \u00ab faire le tri \u00bb entre l\u2019information superflue et l\u2019information n\u00e9cessaire pour pr\u00e9dire leur \u00e9volution. Deux [&hellip;]<\/p>\n","protected":false},"featured_media":48736,"template":"","meta":{"_acf_changed":false,"_links_to":"","_links_to_target":""},"product_brand":[],"product_cat":[672],"product_tag":[],"class_list":{"0":"post-48730","1":"product","2":"type-product","3":"status-publish","4":"has-post-thumbnail","6":"product_cat-mcanique-des-fluides-12506502","8":"first","9":"instock","10":"shipping-taxable","11":"purchasable","12":"product-type-variable"},"acf":[],"yoast_head":"<!-- This site is optimized with the Yoast SEO plugin v27.2 - https:\/\/yoast.com\/product\/yoast-seo-wordpress\/ -->\n<title>Ph\u00e9nom\u00e8nes collectifs dans les plasmas et ailleurs - ISTE Group<\/title>\n<meta name=\"description\" content=\"Ph\u00e9nom\u00e8nes collectifs dans les plasmas et ailleurs pr\u00e9sente les bases th\u00e9oriques de ces approches cin\u00e9tique et hydrodynamique, leurs limites, les liens qui existent entre elles ainsi que leur extension \u00e0 la m\u00e9canique quantique et \u00e0 la relativit\u00e9.\" \/>\n<meta name=\"robots\" content=\"index, follow, max-snippet:-1, max-image-preview:large, max-video-preview:-1\" \/>\n<link rel=\"canonical\" href=\"https:\/\/www.istegroup.com\/en\/produit\/phenomenes-collectifs-dans-les-plasmas-et-ailleurs\/\" \/>\n<meta property=\"og:locale\" content=\"fr_FR\" \/>\n<meta property=\"og:type\" content=\"article\" \/>\n<meta property=\"og:title\" content=\"Ph\u00e9nom\u00e8nes collectifs dans les plasmas et ailleurs - ISTE Group\" \/>\n<meta property=\"og:description\" content=\"Ph\u00e9nom\u00e8nes collectifs dans les plasmas et ailleurs pr\u00e9sente les bases th\u00e9oriques de ces approches cin\u00e9tique et hydrodynamique, leurs limites, les liens qui existent entre elles ainsi que leur extension \u00e0 la m\u00e9canique quantique et \u00e0 la relativit\u00e9.\" \/>\n<meta property=\"og:url\" content=\"https:\/\/www.istegroup.com\/en\/produit\/phenomenes-collectifs-dans-les-plasmas-et-ailleurs\/\" \/>\n<meta property=\"og:site_name\" content=\"ISTE Group\" \/>\n<meta property=\"article:modified_time\" content=\"2024-01-03T13:46:43+00:00\" \/>\n<meta property=\"og:image\" content=\"https:\/\/www.istegroup.com\/wp-content\/uploads\/2022\/10\/Phenomenes-collectifs-dans-les-plasmas-et-ailleurs.jpg\" \/>\n\t<meta property=\"og:image:width\" content=\"300\" \/>\n\t<meta property=\"og:image:height\" content=\"452\" \/>\n\t<meta property=\"og:image:type\" content=\"image\/jpeg\" \/>\n<meta name=\"twitter:card\" content=\"summary_large_image\" \/>\n<meta name=\"twitter:label1\" content=\"Est. reading time\" \/>\n\t<meta name=\"twitter:data1\" content=\"1 minute\" \/>\n<script type=\"application\/ld+json\" class=\"yoast-schema-graph\">{\"@context\":\"https:\/\/schema.org\",\"@graph\":[{\"@type\":\"WebPage\",\"@id\":\"https:\/\/www.istegroup.com\/en\/produit\/phenomenes-collectifs-dans-les-plasmas-et-ailleurs\/\",\"url\":\"https:\/\/www.istegroup.com\/en\/produit\/phenomenes-collectifs-dans-les-plasmas-et-ailleurs\/\",\"name\":\"Ph\u00e9nom\u00e8nes collectifs dans les plasmas et ailleurs - ISTE Group\",\"isPartOf\":{\"@id\":\"https:\/\/www.istegroup.com\/#website\"},\"primaryImageOfPage\":{\"@id\":\"https:\/\/www.istegroup.com\/en\/produit\/phenomenes-collectifs-dans-les-plasmas-et-ailleurs\/#primaryimage\"},\"image\":{\"@id\":\"https:\/\/www.istegroup.com\/en\/produit\/phenomenes-collectifs-dans-les-plasmas-et-ailleurs\/#primaryimage\"},\"thumbnailUrl\":\"https:\/\/www.istegroup.com\/wp-content\/uploads\/2022\/10\/Phenomenes-collectifs-dans-les-plasmas-et-ailleurs.jpg\",\"datePublished\":\"2022-10-31T15:55:53+00:00\",\"dateModified\":\"2024-01-03T13:46:43+00:00\",\"description\":\"Ph\u00e9nom\u00e8nes collectifs dans les plasmas et ailleurs pr\u00e9sente les bases th\u00e9oriques de ces approches cin\u00e9tique et hydrodynamique, leurs limites, les liens qui existent entre elles ainsi que leur extension \u00e0 la m\u00e9canique quantique et \u00e0 la relativit\u00e9.\",\"breadcrumb\":{\"@id\":\"https:\/\/www.istegroup.com\/en\/produit\/phenomenes-collectifs-dans-les-plasmas-et-ailleurs\/#breadcrumb\"},\"inLanguage\":\"fr-FR\",\"potentialAction\":[{\"@type\":\"ReadAction\",\"target\":[\"https:\/\/www.istegroup.com\/en\/produit\/phenomenes-collectifs-dans-les-plasmas-et-ailleurs\/\"]}]},{\"@type\":\"ImageObject\",\"inLanguage\":\"fr-FR\",\"@id\":\"https:\/\/www.istegroup.com\/en\/produit\/phenomenes-collectifs-dans-les-plasmas-et-ailleurs\/#primaryimage\",\"url\":\"https:\/\/www.istegroup.com\/wp-content\/uploads\/2022\/10\/Phenomenes-collectifs-dans-les-plasmas-et-ailleurs.jpg\",\"contentUrl\":\"https:\/\/www.istegroup.com\/wp-content\/uploads\/2022\/10\/Phenomenes-collectifs-dans-les-plasmas-et-ailleurs.jpg\",\"width\":300,\"height\":452,\"caption\":\"Livre scientifique - Ph\u00e9nom\u00e8nes collectifs dans les plasmas et ailleurs\"},{\"@type\":\"BreadcrumbList\",\"@id\":\"https:\/\/www.istegroup.com\/en\/produit\/phenomenes-collectifs-dans-les-plasmas-et-ailleurs\/#breadcrumb\",\"itemListElement\":[{\"@type\":\"ListItem\",\"position\":1,\"name\":\"Home\",\"item\":\"https:\/\/www.istegroup.com\/\"},{\"@type\":\"ListItem\",\"position\":2,\"name\":\"Shop\",\"item\":\"https:\/\/www.istegroup.com\/fr\/nouveautes\/\"},{\"@type\":\"ListItem\",\"position\":3,\"name\":\"Ph\u00e9nom\u00e8nes collectifs dans les plasmas et ailleurs\"}]},{\"@type\":\"WebSite\",\"@id\":\"https:\/\/www.istegroup.com\/#website\",\"url\":\"https:\/\/www.istegroup.com\/\",\"name\":\"ISTE Group\",\"description\":\"\u00c9diteur des Sciences\",\"potentialAction\":[{\"@type\":\"SearchAction\",\"target\":{\"@type\":\"EntryPoint\",\"urlTemplate\":\"https:\/\/www.istegroup.com\/?s={search_term_string}\"},\"query-input\":{\"@type\":\"PropertyValueSpecification\",\"valueRequired\":true,\"valueName\":\"search_term_string\"}}],\"inLanguage\":\"fr-FR\"}]}<\/script>\n<!-- \/ Yoast SEO plugin. -->","yoast_head_json":{"title":"Ph\u00e9nom\u00e8nes collectifs dans les plasmas et ailleurs - ISTE Group","description":"Ph\u00e9nom\u00e8nes collectifs dans les plasmas et ailleurs pr\u00e9sente les bases th\u00e9oriques de ces approches cin\u00e9tique et hydrodynamique, leurs limites, les liens qui existent entre elles ainsi que leur extension \u00e0 la m\u00e9canique quantique et \u00e0 la relativit\u00e9.","robots":{"index":"index","follow":"follow","max-snippet":"max-snippet:-1","max-image-preview":"max-image-preview:large","max-video-preview":"max-video-preview:-1"},"canonical":"https:\/\/www.istegroup.com\/en\/produit\/phenomenes-collectifs-dans-les-plasmas-et-ailleurs\/","og_locale":"fr_FR","og_type":"article","og_title":"Ph\u00e9nom\u00e8nes collectifs dans les plasmas et ailleurs - ISTE Group","og_description":"Ph\u00e9nom\u00e8nes collectifs dans les plasmas et ailleurs pr\u00e9sente les bases th\u00e9oriques de ces approches cin\u00e9tique et hydrodynamique, leurs limites, les liens qui existent entre elles ainsi que leur extension \u00e0 la m\u00e9canique quantique et \u00e0 la relativit\u00e9.","og_url":"https:\/\/www.istegroup.com\/en\/produit\/phenomenes-collectifs-dans-les-plasmas-et-ailleurs\/","og_site_name":"ISTE Group","article_modified_time":"2024-01-03T13:46:43+00:00","og_image":[{"width":300,"height":452,"url":"https:\/\/www.istegroup.com\/wp-content\/uploads\/2022\/10\/Phenomenes-collectifs-dans-les-plasmas-et-ailleurs.jpg","type":"image\/jpeg"}],"twitter_card":"summary_large_image","twitter_misc":{"Est. reading time":"1 minute"},"schema":{"@context":"https:\/\/schema.org","@graph":[{"@type":"WebPage","@id":"https:\/\/www.istegroup.com\/en\/produit\/phenomenes-collectifs-dans-les-plasmas-et-ailleurs\/","url":"https:\/\/www.istegroup.com\/en\/produit\/phenomenes-collectifs-dans-les-plasmas-et-ailleurs\/","name":"Ph\u00e9nom\u00e8nes collectifs dans les plasmas et ailleurs - ISTE Group","isPartOf":{"@id":"https:\/\/www.istegroup.com\/#website"},"primaryImageOfPage":{"@id":"https:\/\/www.istegroup.com\/en\/produit\/phenomenes-collectifs-dans-les-plasmas-et-ailleurs\/#primaryimage"},"image":{"@id":"https:\/\/www.istegroup.com\/en\/produit\/phenomenes-collectifs-dans-les-plasmas-et-ailleurs\/#primaryimage"},"thumbnailUrl":"https:\/\/www.istegroup.com\/wp-content\/uploads\/2022\/10\/Phenomenes-collectifs-dans-les-plasmas-et-ailleurs.jpg","datePublished":"2022-10-31T15:55:53+00:00","dateModified":"2024-01-03T13:46:43+00:00","description":"Ph\u00e9nom\u00e8nes collectifs dans les plasmas et ailleurs pr\u00e9sente les bases th\u00e9oriques de ces approches cin\u00e9tique et hydrodynamique, leurs limites, les liens qui existent entre elles ainsi que leur extension \u00e0 la m\u00e9canique quantique et \u00e0 la relativit\u00e9.","breadcrumb":{"@id":"https:\/\/www.istegroup.com\/en\/produit\/phenomenes-collectifs-dans-les-plasmas-et-ailleurs\/#breadcrumb"},"inLanguage":"fr-FR","potentialAction":[{"@type":"ReadAction","target":["https:\/\/www.istegroup.com\/en\/produit\/phenomenes-collectifs-dans-les-plasmas-et-ailleurs\/"]}]},{"@type":"ImageObject","inLanguage":"fr-FR","@id":"https:\/\/www.istegroup.com\/en\/produit\/phenomenes-collectifs-dans-les-plasmas-et-ailleurs\/#primaryimage","url":"https:\/\/www.istegroup.com\/wp-content\/uploads\/2022\/10\/Phenomenes-collectifs-dans-les-plasmas-et-ailleurs.jpg","contentUrl":"https:\/\/www.istegroup.com\/wp-content\/uploads\/2022\/10\/Phenomenes-collectifs-dans-les-plasmas-et-ailleurs.jpg","width":300,"height":452,"caption":"Livre scientifique - Ph\u00e9nom\u00e8nes collectifs dans les plasmas et ailleurs"},{"@type":"BreadcrumbList","@id":"https:\/\/www.istegroup.com\/en\/produit\/phenomenes-collectifs-dans-les-plasmas-et-ailleurs\/#breadcrumb","itemListElement":[{"@type":"ListItem","position":1,"name":"Home","item":"https:\/\/www.istegroup.com\/"},{"@type":"ListItem","position":2,"name":"Shop","item":"https:\/\/www.istegroup.com\/fr\/nouveautes\/"},{"@type":"ListItem","position":3,"name":"Ph\u00e9nom\u00e8nes collectifs dans les plasmas et ailleurs"}]},{"@type":"WebSite","@id":"https:\/\/www.istegroup.com\/#website","url":"https:\/\/www.istegroup.com\/","name":"ISTE Group","description":"\u00c9diteur des Sciences","potentialAction":[{"@type":"SearchAction","target":{"@type":"EntryPoint","urlTemplate":"https:\/\/www.istegroup.com\/?s={search_term_string}"},"query-input":{"@type":"PropertyValueSpecification","valueRequired":true,"valueName":"search_term_string"}}],"inLanguage":"fr-FR"}]}},"_links":{"self":[{"href":"https:\/\/www.istegroup.com\/fr\/wp-json\/wp\/v2\/product\/48730","targetHints":{"allow":["GET"]}}],"collection":[{"href":"https:\/\/www.istegroup.com\/fr\/wp-json\/wp\/v2\/product"}],"about":[{"href":"https:\/\/www.istegroup.com\/fr\/wp-json\/wp\/v2\/types\/product"}],"wp:featuredmedia":[{"embeddable":true,"href":"https:\/\/www.istegroup.com\/fr\/wp-json\/wp\/v2\/media\/48736"}],"wp:attachment":[{"href":"https:\/\/www.istegroup.com\/fr\/wp-json\/wp\/v2\/media?parent=48730"}],"wp:term":[{"taxonomy":"product_brand","embeddable":true,"href":"https:\/\/www.istegroup.com\/fr\/wp-json\/wp\/v2\/product_brand?post=48730"},{"taxonomy":"product_cat","embeddable":true,"href":"https:\/\/www.istegroup.com\/fr\/wp-json\/wp\/v2\/product_cat?post=48730"},{"taxonomy":"product_tag","embeddable":true,"href":"https:\/\/www.istegroup.com\/fr\/wp-json\/wp\/v2\/product_tag?post=48730"}],"curies":[{"name":"wp","href":"https:\/\/api.w.org\/{rel}","templated":true}]}}