{"id":48713,"date":"2022-10-31T15:31:30","date_gmt":"2022-10-31T15:31:30","guid":{"rendered":"https:\/\/www.istegroup.com\/?post_type=product&#038;p=48713"},"modified":"2024-01-03T13:46:43","modified_gmt":"2024-01-03T13:46:43","slug":"innovation-frugale-et-creation-innovante","status":"publish","type":"product","link":"https:\/\/www.istegroup.com\/fr\/produit\/innovation-frugale-et-creation-innovante\/","title":{"rendered":"Innovation frugale et cr\u00e9ation innovante"},"content":{"rendered":"<p>Les enjeux environnementaux ne peuvent plus \u00eatre \u00e9lud\u00e9s, l\u2019activit\u00e9 \u00e9conomique des entreprises est alors mise en question.<\/p>\n<p><em>Innovation frugale et cr\u00e9ation innovante<\/em> se place \u00e0 mi-chemin entre \u00e9conomie et management en s\u2019int\u00e9ressant \u00e0 l\u2019entreprise, et plus particuli\u00e8rement aux entreprises innovantes dans leurs interactions avec l\u2019environnement naturel. Ce dernier peut \u00eatre per\u00e7u par ces entreprises comme une contrainte co\u00fbteuse \u00e0 prendre en compte, surtout dans une d\u00e9marche d\u2019innovation d\u00e9j\u00e0 par essence tr\u00e8s on\u00e9reuse. Il s\u2019agit donc de mettre en \u00e9vidence la n\u00e9cessit\u00e9 du degr\u00e9 technologique satisfaisant en innovant sans nuire \u00e0 l\u2019environnement naturel.<\/p>\n<p>Ainsi, l\u2019enjeu est de proposer une forme d\u2019innovation frugale susceptible de permettre l\u2019innovation mais en int\u00e9grant d\u2019embl\u00e9e la prise en compte environnementale, d\u2019o\u00f9 le concept avanc\u00e9 d\u2019innovation frugale environnementale.<\/p>\n<p>En outre, par une interrogation sur la pratique de la cr\u00e9ation innovante (et plus encore si elle int\u00e8gre la prise en compte du respect et de la pr\u00e9servation de l\u2019environnement naturel), l\u2019ouvrage d\u00e9voile l\u2019importance de deux \u00e9l\u00e9ments clefs, rayonnant quelle que soit la modalit\u00e9 (plus ou moins technologique et\/ou plus ou moins organis\u00e9e), que sont l\u2019improvisation et le bricolage.<\/p>","protected":false},"excerpt":{"rendered":"<p>Les enjeux environnementaux ne peuvent plus \u00eatre \u00e9lud\u00e9s, l\u2019activit\u00e9 \u00e9conomique des entreprises est alors mise en question. Innovation frugale et cr\u00e9ation innovante se place \u00e0 mi-chemin entre \u00e9conomie et management en s\u2019int\u00e9ressant \u00e0 l\u2019entreprise, et plus particuli\u00e8rement aux entreprises innovantes dans leurs interactions avec l\u2019environnement naturel. Ce dernier peut \u00eatre per\u00e7u par ces entreprises comme [&hellip;]<\/p>\n","protected":false},"featured_media":48719,"template":"","meta":{"_acf_changed":false,"_links_to":"","_links_to_target":""},"product_brand":[],"product_cat":[720],"product_tag":[],"class_list":{"0":"post-48713","1":"product","2":"type-product","3":"status-publish","4":"has-post-thumbnail","6":"product_cat-srie-smart-innovation-58568196","8":"first","9":"instock","10":"shipping-taxable","11":"purchasable","12":"product-type-variable"},"acf":[],"yoast_head":"<!-- This site is optimized with the Yoast SEO plugin v27.2 - https:\/\/yoast.com\/product\/yoast-seo-wordpress\/ -->\n<title>Innovation frugale et cr\u00e9ation innovante - ISTE Group<\/title>\n<meta name=\"description\" content=\"Innovation frugale et cr\u00e9ation innovante se place \u00e0 mi-chemin entre \u00e9conomie et management en s\u2019int\u00e9ressant \u00e0 l\u2019entreprise, et plus particuli\u00e8rement aux entreprises innovantes dans leurs interactions avec l\u2019environnement naturel.\" \/>\n<meta name=\"robots\" content=\"index, follow, max-snippet:-1, max-image-preview:large, max-video-preview:-1\" \/>\n<link rel=\"canonical\" href=\"https:\/\/www.istegroup.com\/en\/produit\/innovation-frugale-et-creation-innovante\/\" \/>\n<meta property=\"og:locale\" content=\"fr_FR\" \/>\n<meta property=\"og:type\" content=\"article\" \/>\n<meta property=\"og:title\" content=\"Innovation frugale et cr\u00e9ation innovante - ISTE Group\" \/>\n<meta property=\"og:description\" content=\"Innovation frugale et cr\u00e9ation innovante se place \u00e0 mi-chemin entre \u00e9conomie et management en s\u2019int\u00e9ressant \u00e0 l\u2019entreprise, et plus particuli\u00e8rement aux entreprises innovantes dans leurs interactions avec l\u2019environnement naturel.\" \/>\n<meta property=\"og:url\" content=\"https:\/\/www.istegroup.com\/en\/produit\/innovation-frugale-et-creation-innovante\/\" \/>\n<meta property=\"og:site_name\" content=\"ISTE Group\" \/>\n<meta property=\"article:modified_time\" content=\"2024-01-03T13:46:43+00:00\" \/>\n<meta property=\"og:image\" content=\"https:\/\/www.istegroup.com\/wp-content\/uploads\/2022\/10\/Innovation-frugale-et-creation-innovante.jpg\" \/>\n\t<meta property=\"og:image:width\" content=\"300\" \/>\n\t<meta property=\"og:image:height\" content=\"452\" \/>\n\t<meta property=\"og:image:type\" content=\"image\/jpeg\" \/>\n<meta name=\"twitter:card\" content=\"summary_large_image\" \/>\n<meta name=\"twitter:label1\" content=\"Est. reading time\" \/>\n\t<meta name=\"twitter:data1\" content=\"1 minute\" \/>\n<script type=\"application\/ld+json\" class=\"yoast-schema-graph\">{\"@context\":\"https:\/\/schema.org\",\"@graph\":[{\"@type\":\"WebPage\",\"@id\":\"https:\/\/www.istegroup.com\/en\/produit\/innovation-frugale-et-creation-innovante\/\",\"url\":\"https:\/\/www.istegroup.com\/en\/produit\/innovation-frugale-et-creation-innovante\/\",\"name\":\"Innovation frugale et cr\u00e9ation innovante - ISTE Group\",\"isPartOf\":{\"@id\":\"https:\/\/www.istegroup.com\/#website\"},\"primaryImageOfPage\":{\"@id\":\"https:\/\/www.istegroup.com\/en\/produit\/innovation-frugale-et-creation-innovante\/#primaryimage\"},\"image\":{\"@id\":\"https:\/\/www.istegroup.com\/en\/produit\/innovation-frugale-et-creation-innovante\/#primaryimage\"},\"thumbnailUrl\":\"https:\/\/www.istegroup.com\/wp-content\/uploads\/2022\/10\/Innovation-frugale-et-creation-innovante.jpg\",\"datePublished\":\"2022-10-31T15:31:30+00:00\",\"dateModified\":\"2024-01-03T13:46:43+00:00\",\"description\":\"Innovation frugale et cr\u00e9ation innovante se place \u00e0 mi-chemin entre \u00e9conomie et management en s\u2019int\u00e9ressant \u00e0 l\u2019entreprise, et plus particuli\u00e8rement aux entreprises innovantes dans leurs interactions avec l\u2019environnement naturel.\",\"breadcrumb\":{\"@id\":\"https:\/\/www.istegroup.com\/en\/produit\/innovation-frugale-et-creation-innovante\/#breadcrumb\"},\"inLanguage\":\"fr-FR\",\"potentialAction\":[{\"@type\":\"ReadAction\",\"target\":[\"https:\/\/www.istegroup.com\/en\/produit\/innovation-frugale-et-creation-innovante\/\"]}]},{\"@type\":\"ImageObject\",\"inLanguage\":\"fr-FR\",\"@id\":\"https:\/\/www.istegroup.com\/en\/produit\/innovation-frugale-et-creation-innovante\/#primaryimage\",\"url\":\"https:\/\/www.istegroup.com\/wp-content\/uploads\/2022\/10\/Innovation-frugale-et-creation-innovante.jpg\",\"contentUrl\":\"https:\/\/www.istegroup.com\/wp-content\/uploads\/2022\/10\/Innovation-frugale-et-creation-innovante.jpg\",\"width\":300,\"height\":452,\"caption\":\"Livre scientifique - Innovation frugale et cr\u00e9ation innovante - Paul Bouvier-Patron\"},{\"@type\":\"BreadcrumbList\",\"@id\":\"https:\/\/www.istegroup.com\/en\/produit\/innovation-frugale-et-creation-innovante\/#breadcrumb\",\"itemListElement\":[{\"@type\":\"ListItem\",\"position\":1,\"name\":\"Home\",\"item\":\"https:\/\/www.istegroup.com\/\"},{\"@type\":\"ListItem\",\"position\":2,\"name\":\"Shop\",\"item\":\"https:\/\/www.istegroup.com\/fr\/nouveautes\/\"},{\"@type\":\"ListItem\",\"position\":3,\"name\":\"Innovation frugale et cr\u00e9ation innovante\"}]},{\"@type\":\"WebSite\",\"@id\":\"https:\/\/www.istegroup.com\/#website\",\"url\":\"https:\/\/www.istegroup.com\/\",\"name\":\"ISTE Group\",\"description\":\"\u00c9diteur des Sciences\",\"potentialAction\":[{\"@type\":\"SearchAction\",\"target\":{\"@type\":\"EntryPoint\",\"urlTemplate\":\"https:\/\/www.istegroup.com\/?s={search_term_string}\"},\"query-input\":{\"@type\":\"PropertyValueSpecification\",\"valueRequired\":true,\"valueName\":\"search_term_string\"}}],\"inLanguage\":\"fr-FR\"}]}<\/script>\n<!-- \/ Yoast SEO plugin. -->","yoast_head_json":{"title":"Innovation frugale et cr\u00e9ation innovante - ISTE Group","description":"Innovation frugale et cr\u00e9ation innovante se place \u00e0 mi-chemin entre \u00e9conomie et management en s\u2019int\u00e9ressant \u00e0 l\u2019entreprise, et plus particuli\u00e8rement aux entreprises innovantes dans leurs interactions avec l\u2019environnement naturel.","robots":{"index":"index","follow":"follow","max-snippet":"max-snippet:-1","max-image-preview":"max-image-preview:large","max-video-preview":"max-video-preview:-1"},"canonical":"https:\/\/www.istegroup.com\/en\/produit\/innovation-frugale-et-creation-innovante\/","og_locale":"fr_FR","og_type":"article","og_title":"Innovation frugale et cr\u00e9ation innovante - ISTE Group","og_description":"Innovation frugale et cr\u00e9ation innovante se place \u00e0 mi-chemin entre \u00e9conomie et management en s\u2019int\u00e9ressant \u00e0 l\u2019entreprise, et plus particuli\u00e8rement aux entreprises innovantes dans leurs interactions avec l\u2019environnement naturel.","og_url":"https:\/\/www.istegroup.com\/en\/produit\/innovation-frugale-et-creation-innovante\/","og_site_name":"ISTE Group","article_modified_time":"2024-01-03T13:46:43+00:00","og_image":[{"width":300,"height":452,"url":"https:\/\/www.istegroup.com\/wp-content\/uploads\/2022\/10\/Innovation-frugale-et-creation-innovante.jpg","type":"image\/jpeg"}],"twitter_card":"summary_large_image","twitter_misc":{"Est. reading time":"1 minute"},"schema":{"@context":"https:\/\/schema.org","@graph":[{"@type":"WebPage","@id":"https:\/\/www.istegroup.com\/en\/produit\/innovation-frugale-et-creation-innovante\/","url":"https:\/\/www.istegroup.com\/en\/produit\/innovation-frugale-et-creation-innovante\/","name":"Innovation frugale et cr\u00e9ation innovante - ISTE Group","isPartOf":{"@id":"https:\/\/www.istegroup.com\/#website"},"primaryImageOfPage":{"@id":"https:\/\/www.istegroup.com\/en\/produit\/innovation-frugale-et-creation-innovante\/#primaryimage"},"image":{"@id":"https:\/\/www.istegroup.com\/en\/produit\/innovation-frugale-et-creation-innovante\/#primaryimage"},"thumbnailUrl":"https:\/\/www.istegroup.com\/wp-content\/uploads\/2022\/10\/Innovation-frugale-et-creation-innovante.jpg","datePublished":"2022-10-31T15:31:30+00:00","dateModified":"2024-01-03T13:46:43+00:00","description":"Innovation frugale et cr\u00e9ation innovante se place \u00e0 mi-chemin entre \u00e9conomie et management en s\u2019int\u00e9ressant \u00e0 l\u2019entreprise, et plus particuli\u00e8rement aux entreprises innovantes dans leurs interactions avec l\u2019environnement naturel.","breadcrumb":{"@id":"https:\/\/www.istegroup.com\/en\/produit\/innovation-frugale-et-creation-innovante\/#breadcrumb"},"inLanguage":"fr-FR","potentialAction":[{"@type":"ReadAction","target":["https:\/\/www.istegroup.com\/en\/produit\/innovation-frugale-et-creation-innovante\/"]}]},{"@type":"ImageObject","inLanguage":"fr-FR","@id":"https:\/\/www.istegroup.com\/en\/produit\/innovation-frugale-et-creation-innovante\/#primaryimage","url":"https:\/\/www.istegroup.com\/wp-content\/uploads\/2022\/10\/Innovation-frugale-et-creation-innovante.jpg","contentUrl":"https:\/\/www.istegroup.com\/wp-content\/uploads\/2022\/10\/Innovation-frugale-et-creation-innovante.jpg","width":300,"height":452,"caption":"Livre scientifique - Innovation frugale et cr\u00e9ation innovante - Paul Bouvier-Patron"},{"@type":"BreadcrumbList","@id":"https:\/\/www.istegroup.com\/en\/produit\/innovation-frugale-et-creation-innovante\/#breadcrumb","itemListElement":[{"@type":"ListItem","position":1,"name":"Home","item":"https:\/\/www.istegroup.com\/"},{"@type":"ListItem","position":2,"name":"Shop","item":"https:\/\/www.istegroup.com\/fr\/nouveautes\/"},{"@type":"ListItem","position":3,"name":"Innovation frugale et cr\u00e9ation innovante"}]},{"@type":"WebSite","@id":"https:\/\/www.istegroup.com\/#website","url":"https:\/\/www.istegroup.com\/","name":"ISTE Group","description":"\u00c9diteur des Sciences","potentialAction":[{"@type":"SearchAction","target":{"@type":"EntryPoint","urlTemplate":"https:\/\/www.istegroup.com\/?s={search_term_string}"},"query-input":{"@type":"PropertyValueSpecification","valueRequired":true,"valueName":"search_term_string"}}],"inLanguage":"fr-FR"}]}},"_links":{"self":[{"href":"https:\/\/www.istegroup.com\/fr\/wp-json\/wp\/v2\/product\/48713","targetHints":{"allow":["GET"]}}],"collection":[{"href":"https:\/\/www.istegroup.com\/fr\/wp-json\/wp\/v2\/product"}],"about":[{"href":"https:\/\/www.istegroup.com\/fr\/wp-json\/wp\/v2\/types\/product"}],"wp:featuredmedia":[{"embeddable":true,"href":"https:\/\/www.istegroup.com\/fr\/wp-json\/wp\/v2\/media\/48719"}],"wp:attachment":[{"href":"https:\/\/www.istegroup.com\/fr\/wp-json\/wp\/v2\/media?parent=48713"}],"wp:term":[{"taxonomy":"product_brand","embeddable":true,"href":"https:\/\/www.istegroup.com\/fr\/wp-json\/wp\/v2\/product_brand?post=48713"},{"taxonomy":"product_cat","embeddable":true,"href":"https:\/\/www.istegroup.com\/fr\/wp-json\/wp\/v2\/product_cat?post=48713"},{"taxonomy":"product_tag","embeddable":true,"href":"https:\/\/www.istegroup.com\/fr\/wp-json\/wp\/v2\/product_tag?post=48713"}],"curies":[{"name":"wp","href":"https:\/\/api.w.org\/{rel}","templated":true}]}}