{"id":48699,"date":"2022-10-31T15:21:21","date_gmt":"2022-10-31T15:21:21","guid":{"rendered":"https:\/\/www.istegroup.com\/?post_type=product&#038;p=48699"},"modified":"2024-01-03T13:46:43","modified_gmt":"2024-01-03T13:46:43","slug":"changement-climatique-2","status":"publish","type":"product","link":"https:\/\/www.istegroup.com\/fr\/produit\/changement-climatique-2\/","title":{"rendered":"Changement climatique"},"content":{"rendered":"<p>Cet ouvrage traite du changement climatique, th\u00e9matique urgente de la transition \u00e9cologique. Les r\u00e9alit\u00e9s scientifiques et les cons\u00e9quences de ce ph\u00e9nom\u00e8ne sont de plus en plus connues et concernent directement les domaines de l\u2019architecture, de l\u2019urbanisme et du paysage.<\/p>\n<p>Les travaux de recherche pr\u00e9sent\u00e9s dans cet ouvrage collectif pluridisciplinaire ambitionnent de contribuer \u00e0 la reconnaissance des cons\u00e9quences du changement climatique et aux actions d\u2019att\u00e9nuation et d\u2019adaptation. Les auteurs s\u2019appuient sur des recherches-actions, des innovations p\u00e9dagogiques et des pratiques concr\u00e8tes de transition hors des \u00e9coles.<\/p>\n<p><em>Changement climatique<\/em> valorise les pratiques p\u00e9dagogiques et les recherches sur le changement climatique et donne mati\u00e8re \u00e0 penser et \u00e0 agir gr\u00e2ce \u00e0 la diversit\u00e9 des r\u00e9ponses architecturales et paysag\u00e8res, au r\u00e9chauffement et aux \u00e9pisodes extr\u00eames.<\/p>","protected":false},"excerpt":{"rendered":"<p>Cet ouvrage traite du changement climatique, th\u00e9matique urgente de la transition \u00e9cologique. Les r\u00e9alit\u00e9s scientifiques et les cons\u00e9quences de ce ph\u00e9nom\u00e8ne sont de plus en plus connues et concernent directement les domaines de l\u2019architecture, de l\u2019urbanisme et du paysage. Les travaux de recherche pr\u00e9sent\u00e9s dans cet ouvrage collectif pluridisciplinaire ambitionnent de contribuer \u00e0 la reconnaissance [&hellip;]<\/p>\n","protected":false},"featured_media":48751,"template":"","meta":{"_acf_changed":false,"_links_to":"","_links_to_target":""},"product_brand":[],"product_cat":[684],"product_tag":[],"class_list":{"0":"post-48699","1":"product","2":"type-product","3":"status-publish","4":"has-post-thumbnail","6":"product_cat-sciences-socit-et-nouvelles-technologies-188422468","8":"first","9":"instock","10":"shipping-taxable","11":"purchasable","12":"product-type-variable"},"acf":[],"yoast_head":"<!-- This site is optimized with the Yoast SEO plugin v27.2 - https:\/\/yoast.com\/product\/yoast-seo-wordpress\/ -->\n<title>Changement climatique - ISTE Group<\/title>\n<meta name=\"robots\" content=\"index, follow, max-snippet:-1, max-image-preview:large, max-video-preview:-1\" \/>\n<link rel=\"canonical\" href=\"https:\/\/www.istegroup.com\/fr\/produit\/changement-climatique-2\/\" \/>\n<meta property=\"og:locale\" content=\"fr_FR\" \/>\n<meta property=\"og:type\" content=\"article\" \/>\n<meta property=\"og:title\" content=\"Changement climatique - ISTE Group\" \/>\n<meta property=\"og:description\" content=\"Cet ouvrage traite du changement climatique, th\u00e9matique urgente de la transition \u00e9cologique. Les r\u00e9alit\u00e9s scientifiques et les cons\u00e9quences de ce ph\u00e9nom\u00e8ne sont de plus en plus connues et concernent directement les domaines de l\u2019architecture, de l\u2019urbanisme et du paysage. Les travaux de recherche pr\u00e9sent\u00e9s dans cet ouvrage collectif pluridisciplinaire ambitionnent de contribuer \u00e0 la reconnaissance [&hellip;]\" \/>\n<meta property=\"og:url\" content=\"https:\/\/www.istegroup.com\/fr\/produit\/changement-climatique-2\/\" \/>\n<meta property=\"og:site_name\" content=\"ISTE Group\" \/>\n<meta property=\"article:modified_time\" content=\"2024-01-03T13:46:43+00:00\" \/>\n<meta property=\"og:image\" content=\"https:\/\/www.istegroup.com\/wp-content\/uploads\/2022\/10\/Changement-climatique.jpg\" \/>\n\t<meta property=\"og:image:width\" content=\"300\" \/>\n\t<meta property=\"og:image:height\" content=\"453\" \/>\n\t<meta property=\"og:image:type\" content=\"image\/jpeg\" \/>\n<meta name=\"twitter:card\" content=\"summary_large_image\" \/>\n<meta name=\"twitter:label1\" content=\"Est. reading time\" \/>\n\t<meta name=\"twitter:data1\" content=\"1 minute\" \/>\n<script type=\"application\/ld+json\" class=\"yoast-schema-graph\">{\"@context\":\"https:\/\/schema.org\",\"@graph\":[{\"@type\":\"WebPage\",\"@id\":\"https:\/\/www.istegroup.com\/fr\/produit\/changement-climatique-2\/\",\"url\":\"https:\/\/www.istegroup.com\/fr\/produit\/changement-climatique-2\/\",\"name\":\"Changement climatique - ISTE Group\",\"isPartOf\":{\"@id\":\"https:\/\/www.istegroup.com\/#website\"},\"primaryImageOfPage\":{\"@id\":\"https:\/\/www.istegroup.com\/fr\/produit\/changement-climatique-2\/#primaryimage\"},\"image\":{\"@id\":\"https:\/\/www.istegroup.com\/fr\/produit\/changement-climatique-2\/#primaryimage\"},\"thumbnailUrl\":\"https:\/\/www.istegroup.com\/wp-content\/uploads\/2022\/10\/Changement-climatique.jpg\",\"datePublished\":\"2022-10-31T15:21:21+00:00\",\"dateModified\":\"2024-01-03T13:46:43+00:00\",\"breadcrumb\":{\"@id\":\"https:\/\/www.istegroup.com\/fr\/produit\/changement-climatique-2\/#breadcrumb\"},\"inLanguage\":\"fr-FR\",\"potentialAction\":[{\"@type\":\"ReadAction\",\"target\":[\"https:\/\/www.istegroup.com\/fr\/produit\/changement-climatique-2\/\"]}]},{\"@type\":\"ImageObject\",\"inLanguage\":\"fr-FR\",\"@id\":\"https:\/\/www.istegroup.com\/fr\/produit\/changement-climatique-2\/#primaryimage\",\"url\":\"https:\/\/www.istegroup.com\/wp-content\/uploads\/2022\/10\/Changement-climatique.jpg\",\"contentUrl\":\"https:\/\/www.istegroup.com\/wp-content\/uploads\/2022\/10\/Changement-climatique.jpg\",\"width\":300,\"height\":453,\"caption\":\"Livre scientifique - Changement climatique\"},{\"@type\":\"BreadcrumbList\",\"@id\":\"https:\/\/www.istegroup.com\/fr\/produit\/changement-climatique-2\/#breadcrumb\",\"itemListElement\":[{\"@type\":\"ListItem\",\"position\":1,\"name\":\"Home\",\"item\":\"https:\/\/www.istegroup.com\/\"},{\"@type\":\"ListItem\",\"position\":2,\"name\":\"Shop\",\"item\":\"https:\/\/www.istegroup.com\/fr\/nouveautes\/\"},{\"@type\":\"ListItem\",\"position\":3,\"name\":\"Changement climatique\"}]},{\"@type\":\"WebSite\",\"@id\":\"https:\/\/www.istegroup.com\/#website\",\"url\":\"https:\/\/www.istegroup.com\/\",\"name\":\"ISTE Group\",\"description\":\"\u00c9diteur des Sciences\",\"potentialAction\":[{\"@type\":\"SearchAction\",\"target\":{\"@type\":\"EntryPoint\",\"urlTemplate\":\"https:\/\/www.istegroup.com\/?s={search_term_string}\"},\"query-input\":{\"@type\":\"PropertyValueSpecification\",\"valueRequired\":true,\"valueName\":\"search_term_string\"}}],\"inLanguage\":\"fr-FR\"}]}<\/script>\n<!-- \/ Yoast SEO plugin. -->","yoast_head_json":{"title":"Changement climatique - ISTE Group","robots":{"index":"index","follow":"follow","max-snippet":"max-snippet:-1","max-image-preview":"max-image-preview:large","max-video-preview":"max-video-preview:-1"},"canonical":"https:\/\/www.istegroup.com\/fr\/produit\/changement-climatique-2\/","og_locale":"fr_FR","og_type":"article","og_title":"Changement climatique - ISTE Group","og_description":"Cet ouvrage traite du changement climatique, th\u00e9matique urgente de la transition \u00e9cologique. Les r\u00e9alit\u00e9s scientifiques et les cons\u00e9quences de ce ph\u00e9nom\u00e8ne sont de plus en plus connues et concernent directement les domaines de l\u2019architecture, de l\u2019urbanisme et du paysage. Les travaux de recherche pr\u00e9sent\u00e9s dans cet ouvrage collectif pluridisciplinaire ambitionnent de contribuer \u00e0 la reconnaissance [&hellip;]","og_url":"https:\/\/www.istegroup.com\/fr\/produit\/changement-climatique-2\/","og_site_name":"ISTE Group","article_modified_time":"2024-01-03T13:46:43+00:00","og_image":[{"width":300,"height":453,"url":"https:\/\/www.istegroup.com\/wp-content\/uploads\/2022\/10\/Changement-climatique.jpg","type":"image\/jpeg"}],"twitter_card":"summary_large_image","twitter_misc":{"Est. reading time":"1 minute"},"schema":{"@context":"https:\/\/schema.org","@graph":[{"@type":"WebPage","@id":"https:\/\/www.istegroup.com\/fr\/produit\/changement-climatique-2\/","url":"https:\/\/www.istegroup.com\/fr\/produit\/changement-climatique-2\/","name":"Changement climatique - ISTE Group","isPartOf":{"@id":"https:\/\/www.istegroup.com\/#website"},"primaryImageOfPage":{"@id":"https:\/\/www.istegroup.com\/fr\/produit\/changement-climatique-2\/#primaryimage"},"image":{"@id":"https:\/\/www.istegroup.com\/fr\/produit\/changement-climatique-2\/#primaryimage"},"thumbnailUrl":"https:\/\/www.istegroup.com\/wp-content\/uploads\/2022\/10\/Changement-climatique.jpg","datePublished":"2022-10-31T15:21:21+00:00","dateModified":"2024-01-03T13:46:43+00:00","breadcrumb":{"@id":"https:\/\/www.istegroup.com\/fr\/produit\/changement-climatique-2\/#breadcrumb"},"inLanguage":"fr-FR","potentialAction":[{"@type":"ReadAction","target":["https:\/\/www.istegroup.com\/fr\/produit\/changement-climatique-2\/"]}]},{"@type":"ImageObject","inLanguage":"fr-FR","@id":"https:\/\/www.istegroup.com\/fr\/produit\/changement-climatique-2\/#primaryimage","url":"https:\/\/www.istegroup.com\/wp-content\/uploads\/2022\/10\/Changement-climatique.jpg","contentUrl":"https:\/\/www.istegroup.com\/wp-content\/uploads\/2022\/10\/Changement-climatique.jpg","width":300,"height":453,"caption":"Livre scientifique - Changement climatique"},{"@type":"BreadcrumbList","@id":"https:\/\/www.istegroup.com\/fr\/produit\/changement-climatique-2\/#breadcrumb","itemListElement":[{"@type":"ListItem","position":1,"name":"Home","item":"https:\/\/www.istegroup.com\/"},{"@type":"ListItem","position":2,"name":"Shop","item":"https:\/\/www.istegroup.com\/fr\/nouveautes\/"},{"@type":"ListItem","position":3,"name":"Changement climatique"}]},{"@type":"WebSite","@id":"https:\/\/www.istegroup.com\/#website","url":"https:\/\/www.istegroup.com\/","name":"ISTE Group","description":"\u00c9diteur des Sciences","potentialAction":[{"@type":"SearchAction","target":{"@type":"EntryPoint","urlTemplate":"https:\/\/www.istegroup.com\/?s={search_term_string}"},"query-input":{"@type":"PropertyValueSpecification","valueRequired":true,"valueName":"search_term_string"}}],"inLanguage":"fr-FR"}]}},"_links":{"self":[{"href":"https:\/\/www.istegroup.com\/fr\/wp-json\/wp\/v2\/product\/48699","targetHints":{"allow":["GET"]}}],"collection":[{"href":"https:\/\/www.istegroup.com\/fr\/wp-json\/wp\/v2\/product"}],"about":[{"href":"https:\/\/www.istegroup.com\/fr\/wp-json\/wp\/v2\/types\/product"}],"wp:featuredmedia":[{"embeddable":true,"href":"https:\/\/www.istegroup.com\/fr\/wp-json\/wp\/v2\/media\/48751"}],"wp:attachment":[{"href":"https:\/\/www.istegroup.com\/fr\/wp-json\/wp\/v2\/media?parent=48699"}],"wp:term":[{"taxonomy":"product_brand","embeddable":true,"href":"https:\/\/www.istegroup.com\/fr\/wp-json\/wp\/v2\/product_brand?post=48699"},{"taxonomy":"product_cat","embeddable":true,"href":"https:\/\/www.istegroup.com\/fr\/wp-json\/wp\/v2\/product_cat?post=48699"},{"taxonomy":"product_tag","embeddable":true,"href":"https:\/\/www.istegroup.com\/fr\/wp-json\/wp\/v2\/product_tag?post=48699"}],"curies":[{"name":"wp","href":"https:\/\/api.w.org\/{rel}","templated":true}]}}