{"id":48627,"date":"2022-10-26T10:03:46","date_gmt":"2022-10-26T09:03:46","guid":{"rendered":"https:\/\/www.istegroup.com\/?post_type=product&#038;p=48627"},"modified":"2024-01-03T13:46:39","modified_gmt":"2024-01-03T13:46:39","slug":"des-usagers-intelligents-pour-la-transition-energetique-et-societale","status":"publish","type":"product","link":"https:\/\/www.istegroup.com\/fr\/produit\/des-usagers-intelligents-pour-la-transition-energetique-et-societale\/","title":{"rendered":"Des usagers intelligents pour la transition \u00e9nerg\u00e9tique et soci\u00e9tale"},"content":{"rendered":"<p>Le d\u00e9r\u00e8glement climatique et la perte de biodiversit\u00e9 sont aujourd\u2019hui des r\u00e9alit\u00e9s. Leurs causes et origines proviennent du mode de vie tr\u00e8s consommateur d\u2019\u00e9nergies, de biens et de ressources d\u2019une partie croissante de l\u2019humanit\u00e9.<\/p>\n<p><em>Des usagers intelligents pour la transition \u00e9nerg\u00e9tique et soci\u00e9tale<\/em> fait le point sur cette transition plus que n\u00e9cessaire, ainsi que sur les sc\u00e9narios et les pistes essentielles pour att\u00e9nuer l\u2019impact du changement climatique. Il traite des transitions exp\u00e9riment\u00e9es sous forme d\u2019\u00e9cosyst\u00e8mes dans les universit\u00e9s, les villes et les territoires, ainsi que des concepts de <em>smart buildings<\/em>, de <em>smart grids<\/em> et de <em>smart city<\/em> adress\u00e9s \u00e0 des <em>smart users<\/em> ou non, dans un contexte de recherche interdisciplinaire. Les questions sociologiques li\u00e9es au r\u00f4le des usagers dans les <em>smart buildings<\/em> sont abord\u00e9es, allant de l\u2019acceptation \u00e0 l\u2019appropriation des technologies mises \u00e0 leur disposition. L\u2019\u00e9thique de la transition et l\u2019importance des comportements individuels dans la sauvegarde de l&rsquo;humanit\u00e9 sur une plan\u00e8te pr\u00e9serv\u00e9e sont mis en \u00e9vidence.<\/p>","protected":false},"excerpt":{"rendered":"<p>Le d\u00e9r\u00e8glement climatique et la perte de biodiversit\u00e9 sont aujourd\u2019hui des r\u00e9alit\u00e9s. Leurs causes et origines proviennent du mode de vie tr\u00e8s consommateur d\u2019\u00e9nergies, de biens et de ressources d\u2019une partie croissante de l\u2019humanit\u00e9. Des usagers intelligents pour la transition \u00e9nerg\u00e9tique et soci\u00e9tale fait le point sur cette transition plus que n\u00e9cessaire, ainsi que sur [&hellip;]<\/p>\n","protected":false},"featured_media":48638,"template":"","meta":{"_acf_changed":false,"_links_to":"","_links_to_target":""},"product_brand":[],"product_cat":[660],"product_tag":[],"class_list":{"0":"post-48627","1":"product","2":"type-product","3":"status-publish","4":"has-post-thumbnail","6":"product_cat-energie-12506414","8":"first","9":"instock","10":"shipping-taxable","11":"purchasable","12":"product-type-variable"},"acf":[],"yoast_head":"<!-- This site is optimized with the Yoast SEO plugin v27.2 - https:\/\/yoast.com\/product\/yoast-seo-wordpress\/ -->\n<title>Des usagers intelligents pour la transition \u00e9nerg\u00e9tique et soci\u00e9tale - ISTE Group<\/title>\n<meta name=\"robots\" content=\"index, follow, max-snippet:-1, max-image-preview:large, max-video-preview:-1\" \/>\n<link rel=\"canonical\" href=\"https:\/\/www.istegroup.com\/en\/produit\/des-usagers-intelligents-pour-la-transition-energetique-et-societale\/\" \/>\n<meta property=\"og:locale\" content=\"fr_FR\" \/>\n<meta property=\"og:type\" content=\"article\" \/>\n<meta property=\"og:title\" content=\"Des usagers intelligents pour la transition \u00e9nerg\u00e9tique et soci\u00e9tale - ISTE Group\" \/>\n<meta property=\"og:description\" content=\"Le d\u00e9r\u00e8glement climatique et la perte de biodiversit\u00e9 sont aujourd\u2019hui des r\u00e9alit\u00e9s. Leurs causes et origines proviennent du mode de vie tr\u00e8s consommateur d\u2019\u00e9nergies, de biens et de ressources d\u2019une partie croissante de l\u2019humanit\u00e9. Des usagers intelligents pour la transition \u00e9nerg\u00e9tique et soci\u00e9tale fait le point sur cette transition plus que n\u00e9cessaire, ainsi que sur [&hellip;]\" \/>\n<meta property=\"og:url\" content=\"https:\/\/www.istegroup.com\/en\/produit\/des-usagers-intelligents-pour-la-transition-energetique-et-societale\/\" \/>\n<meta property=\"og:site_name\" content=\"ISTE Group\" \/>\n<meta property=\"article:modified_time\" content=\"2024-01-03T13:46:39+00:00\" \/>\n<meta property=\"og:image\" content=\"https:\/\/www.istegroup.com\/wp-content\/uploads\/2022\/10\/Des-usagers-intelligents-pour-la-transition-energetique-et-societale.jpg\" \/>\n\t<meta property=\"og:image:width\" content=\"300\" \/>\n\t<meta property=\"og:image:height\" content=\"452\" \/>\n\t<meta property=\"og:image:type\" content=\"image\/jpeg\" \/>\n<meta name=\"twitter:card\" content=\"summary_large_image\" \/>\n<meta name=\"twitter:label1\" content=\"Est. reading time\" \/>\n\t<meta name=\"twitter:data1\" content=\"1 minute\" \/>\n<script type=\"application\/ld+json\" class=\"yoast-schema-graph\">{\"@context\":\"https:\/\/schema.org\",\"@graph\":[{\"@type\":\"WebPage\",\"@id\":\"https:\/\/www.istegroup.com\/en\/produit\/des-usagers-intelligents-pour-la-transition-energetique-et-societale\/\",\"url\":\"https:\/\/www.istegroup.com\/en\/produit\/des-usagers-intelligents-pour-la-transition-energetique-et-societale\/\",\"name\":\"Des usagers intelligents pour la transition \u00e9nerg\u00e9tique et soci\u00e9tale - ISTE Group\",\"isPartOf\":{\"@id\":\"https:\/\/www.istegroup.com\/#website\"},\"primaryImageOfPage\":{\"@id\":\"https:\/\/www.istegroup.com\/en\/produit\/des-usagers-intelligents-pour-la-transition-energetique-et-societale\/#primaryimage\"},\"image\":{\"@id\":\"https:\/\/www.istegroup.com\/en\/produit\/des-usagers-intelligents-pour-la-transition-energetique-et-societale\/#primaryimage\"},\"thumbnailUrl\":\"https:\/\/www.istegroup.com\/wp-content\/uploads\/2022\/10\/Des-usagers-intelligents-pour-la-transition-energetique-et-societale.jpg\",\"datePublished\":\"2022-10-26T09:03:46+00:00\",\"dateModified\":\"2024-01-03T13:46:39+00:00\",\"breadcrumb\":{\"@id\":\"https:\/\/www.istegroup.com\/en\/produit\/des-usagers-intelligents-pour-la-transition-energetique-et-societale\/#breadcrumb\"},\"inLanguage\":\"fr-FR\",\"potentialAction\":[{\"@type\":\"ReadAction\",\"target\":[\"https:\/\/www.istegroup.com\/en\/produit\/des-usagers-intelligents-pour-la-transition-energetique-et-societale\/\"]}]},{\"@type\":\"ImageObject\",\"inLanguage\":\"fr-FR\",\"@id\":\"https:\/\/www.istegroup.com\/en\/produit\/des-usagers-intelligents-pour-la-transition-energetique-et-societale\/#primaryimage\",\"url\":\"https:\/\/www.istegroup.com\/wp-content\/uploads\/2022\/10\/Des-usagers-intelligents-pour-la-transition-energetique-et-societale.jpg\",\"contentUrl\":\"https:\/\/www.istegroup.com\/wp-content\/uploads\/2022\/10\/Des-usagers-intelligents-pour-la-transition-energetique-et-societale.jpg\",\"width\":300,\"height\":452,\"caption\":\"Livre scientifique - Des usagers intelligents pour la transition \u00e9nerg\u00e9tique et soci\u00e9tale - Beno\u00eet Robyns, Claude Lenglet, Herv\u00e9 Barry, Malik Bozzo-Rey\"},{\"@type\":\"BreadcrumbList\",\"@id\":\"https:\/\/www.istegroup.com\/en\/produit\/des-usagers-intelligents-pour-la-transition-energetique-et-societale\/#breadcrumb\",\"itemListElement\":[{\"@type\":\"ListItem\",\"position\":1,\"name\":\"Home\",\"item\":\"https:\/\/www.istegroup.com\/\"},{\"@type\":\"ListItem\",\"position\":2,\"name\":\"Shop\",\"item\":\"https:\/\/www.istegroup.com\/fr\/nouveautes\/\"},{\"@type\":\"ListItem\",\"position\":3,\"name\":\"Des usagers intelligents pour la transition \u00e9nerg\u00e9tique et soci\u00e9tale\"}]},{\"@type\":\"WebSite\",\"@id\":\"https:\/\/www.istegroup.com\/#website\",\"url\":\"https:\/\/www.istegroup.com\/\",\"name\":\"ISTE Group\",\"description\":\"\u00c9diteur des Sciences\",\"potentialAction\":[{\"@type\":\"SearchAction\",\"target\":{\"@type\":\"EntryPoint\",\"urlTemplate\":\"https:\/\/www.istegroup.com\/?s={search_term_string}\"},\"query-input\":{\"@type\":\"PropertyValueSpecification\",\"valueRequired\":true,\"valueName\":\"search_term_string\"}}],\"inLanguage\":\"fr-FR\"}]}<\/script>\n<!-- \/ Yoast SEO plugin. -->","yoast_head_json":{"title":"Des usagers intelligents pour la transition \u00e9nerg\u00e9tique et soci\u00e9tale - ISTE Group","robots":{"index":"index","follow":"follow","max-snippet":"max-snippet:-1","max-image-preview":"max-image-preview:large","max-video-preview":"max-video-preview:-1"},"canonical":"https:\/\/www.istegroup.com\/en\/produit\/des-usagers-intelligents-pour-la-transition-energetique-et-societale\/","og_locale":"fr_FR","og_type":"article","og_title":"Des usagers intelligents pour la transition \u00e9nerg\u00e9tique et soci\u00e9tale - ISTE Group","og_description":"Le d\u00e9r\u00e8glement climatique et la perte de biodiversit\u00e9 sont aujourd\u2019hui des r\u00e9alit\u00e9s. Leurs causes et origines proviennent du mode de vie tr\u00e8s consommateur d\u2019\u00e9nergies, de biens et de ressources d\u2019une partie croissante de l\u2019humanit\u00e9. Des usagers intelligents pour la transition \u00e9nerg\u00e9tique et soci\u00e9tale fait le point sur cette transition plus que n\u00e9cessaire, ainsi que sur [&hellip;]","og_url":"https:\/\/www.istegroup.com\/en\/produit\/des-usagers-intelligents-pour-la-transition-energetique-et-societale\/","og_site_name":"ISTE Group","article_modified_time":"2024-01-03T13:46:39+00:00","og_image":[{"width":300,"height":452,"url":"https:\/\/www.istegroup.com\/wp-content\/uploads\/2022\/10\/Des-usagers-intelligents-pour-la-transition-energetique-et-societale.jpg","type":"image\/jpeg"}],"twitter_card":"summary_large_image","twitter_misc":{"Est. reading time":"1 minute"},"schema":{"@context":"https:\/\/schema.org","@graph":[{"@type":"WebPage","@id":"https:\/\/www.istegroup.com\/en\/produit\/des-usagers-intelligents-pour-la-transition-energetique-et-societale\/","url":"https:\/\/www.istegroup.com\/en\/produit\/des-usagers-intelligents-pour-la-transition-energetique-et-societale\/","name":"Des usagers intelligents pour la transition \u00e9nerg\u00e9tique et soci\u00e9tale - ISTE Group","isPartOf":{"@id":"https:\/\/www.istegroup.com\/#website"},"primaryImageOfPage":{"@id":"https:\/\/www.istegroup.com\/en\/produit\/des-usagers-intelligents-pour-la-transition-energetique-et-societale\/#primaryimage"},"image":{"@id":"https:\/\/www.istegroup.com\/en\/produit\/des-usagers-intelligents-pour-la-transition-energetique-et-societale\/#primaryimage"},"thumbnailUrl":"https:\/\/www.istegroup.com\/wp-content\/uploads\/2022\/10\/Des-usagers-intelligents-pour-la-transition-energetique-et-societale.jpg","datePublished":"2022-10-26T09:03:46+00:00","dateModified":"2024-01-03T13:46:39+00:00","breadcrumb":{"@id":"https:\/\/www.istegroup.com\/en\/produit\/des-usagers-intelligents-pour-la-transition-energetique-et-societale\/#breadcrumb"},"inLanguage":"fr-FR","potentialAction":[{"@type":"ReadAction","target":["https:\/\/www.istegroup.com\/en\/produit\/des-usagers-intelligents-pour-la-transition-energetique-et-societale\/"]}]},{"@type":"ImageObject","inLanguage":"fr-FR","@id":"https:\/\/www.istegroup.com\/en\/produit\/des-usagers-intelligents-pour-la-transition-energetique-et-societale\/#primaryimage","url":"https:\/\/www.istegroup.com\/wp-content\/uploads\/2022\/10\/Des-usagers-intelligents-pour-la-transition-energetique-et-societale.jpg","contentUrl":"https:\/\/www.istegroup.com\/wp-content\/uploads\/2022\/10\/Des-usagers-intelligents-pour-la-transition-energetique-et-societale.jpg","width":300,"height":452,"caption":"Livre scientifique - Des usagers intelligents pour la transition \u00e9nerg\u00e9tique et soci\u00e9tale - Beno\u00eet Robyns, Claude Lenglet, Herv\u00e9 Barry, Malik Bozzo-Rey"},{"@type":"BreadcrumbList","@id":"https:\/\/www.istegroup.com\/en\/produit\/des-usagers-intelligents-pour-la-transition-energetique-et-societale\/#breadcrumb","itemListElement":[{"@type":"ListItem","position":1,"name":"Home","item":"https:\/\/www.istegroup.com\/"},{"@type":"ListItem","position":2,"name":"Shop","item":"https:\/\/www.istegroup.com\/fr\/nouveautes\/"},{"@type":"ListItem","position":3,"name":"Des usagers intelligents pour la transition \u00e9nerg\u00e9tique et soci\u00e9tale"}]},{"@type":"WebSite","@id":"https:\/\/www.istegroup.com\/#website","url":"https:\/\/www.istegroup.com\/","name":"ISTE Group","description":"\u00c9diteur des Sciences","potentialAction":[{"@type":"SearchAction","target":{"@type":"EntryPoint","urlTemplate":"https:\/\/www.istegroup.com\/?s={search_term_string}"},"query-input":{"@type":"PropertyValueSpecification","valueRequired":true,"valueName":"search_term_string"}}],"inLanguage":"fr-FR"}]}},"_links":{"self":[{"href":"https:\/\/www.istegroup.com\/fr\/wp-json\/wp\/v2\/product\/48627","targetHints":{"allow":["GET"]}}],"collection":[{"href":"https:\/\/www.istegroup.com\/fr\/wp-json\/wp\/v2\/product"}],"about":[{"href":"https:\/\/www.istegroup.com\/fr\/wp-json\/wp\/v2\/types\/product"}],"wp:featuredmedia":[{"embeddable":true,"href":"https:\/\/www.istegroup.com\/fr\/wp-json\/wp\/v2\/media\/48638"}],"wp:attachment":[{"href":"https:\/\/www.istegroup.com\/fr\/wp-json\/wp\/v2\/media?parent=48627"}],"wp:term":[{"taxonomy":"product_brand","embeddable":true,"href":"https:\/\/www.istegroup.com\/fr\/wp-json\/wp\/v2\/product_brand?post=48627"},{"taxonomy":"product_cat","embeddable":true,"href":"https:\/\/www.istegroup.com\/fr\/wp-json\/wp\/v2\/product_cat?post=48627"},{"taxonomy":"product_tag","embeddable":true,"href":"https:\/\/www.istegroup.com\/fr\/wp-json\/wp\/v2\/product_tag?post=48627"}],"curies":[{"name":"wp","href":"https:\/\/api.w.org\/{rel}","templated":true}]}}