{"id":48598,"date":"2022-10-25T15:53:44","date_gmt":"2022-10-25T14:53:44","guid":{"rendered":"https:\/\/www.istegroup.com\/?post_type=product&#038;p=48598"},"modified":"2024-01-03T13:46:38","modified_gmt":"2024-01-03T13:46:38","slug":"leducation-au-politique","status":"publish","type":"product","link":"https:\/\/www.istegroup.com\/fr\/produit\/leducation-au-politique\/","title":{"rendered":"L\u2019\u00e9ducation au politique"},"content":{"rendered":"<p>Bien des probl\u00e8mes politiques actuels comme l\u2019am\u00e9nagement du territoire, la s\u00e9curit\u00e9 urbaine, la grande pauvret\u00e9 sont dits \u00ab pernicieux \u00bb. L\u2019\u00e9cole gagnerait \u00e0 les prendre en compte dans son \u00e9ducation au politique.<\/p>\n<p>L\u2019ouvrage \u00e9tudie la tradition anglo-saxonne des <em>wicked problems<\/em> (les probl\u00e8mes pernicieux), et les envisage dans leurs cinq dimensions : polys\u00e9mie, conflictualit\u00e9, complexit\u00e9, spatio-temporalit\u00e9 critique et absence de v\u00e9ritable solution. Il aborde les probl\u00e8mes \u00ab superpernicieux \u00bb \u00e0 travers deux exemples majeurs : le changement climatique et la pand\u00e9mie de la Covid-19.<\/p>\n<p>Cet ouvrage analyse \u00e9galement quatre d\u00e9bats relatifs \u00e0 la pertinence \u00e9pist\u00e9mologique de la notion de <em>wicked problem<\/em>, \u00e0 son int\u00e9r\u00eat par rapport aux notions concurrentes, \u00e0 son caract\u00e8re op\u00e9ratoire ainsi qu\u2019\u00e0 ses interpr\u00e9tations et usages possibles sur les plans politique et \u00e9ducatif. Enfin, il examine la possibilit\u00e9 de traduire p\u00e9dagogiquement cette approche dans la formation du citoyen, dans le cadre des questions socialement vives.<\/p>","protected":false},"excerpt":{"rendered":"<p>Bien des probl\u00e8mes politiques actuels comme l\u2019am\u00e9nagement du territoire, la s\u00e9curit\u00e9 urbaine, la grande pauvret\u00e9 sont dits \u00ab pernicieux \u00bb. L\u2019\u00e9cole gagnerait \u00e0 les prendre en compte dans son \u00e9ducation au politique. L\u2019ouvrage \u00e9tudie la tradition anglo-saxonne des wicked problems (les probl\u00e8mes pernicieux), et les envisage dans leurs cinq dimensions : polys\u00e9mie, conflictualit\u00e9, complexit\u00e9, spatio-temporalit\u00e9 [&hellip;]<\/p>\n","protected":false},"featured_media":48604,"template":"","meta":{"_acf_changed":false,"_links_to":"","_links_to_target":""},"product_brand":[],"product_cat":[669],"product_tag":[],"class_list":{"0":"post-48598","1":"product","2":"type-product","3":"status-publish","4":"has-post-thumbnail","6":"product_cat-innovation-en-sciences-de-lducation-433942033","8":"first","9":"instock","10":"shipping-taxable","11":"purchasable","12":"product-type-variable"},"acf":[],"yoast_head":"<!-- This site is optimized with the Yoast SEO plugin v27.2 - https:\/\/yoast.com\/product\/yoast-seo-wordpress\/ -->\n<title>L\u2019\u00e9ducation au politique - ISTE Group<\/title>\n<meta name=\"description\" content=\"L\u2019\u00e9ducation au politique \u00e9tudie la tradition anglo-saxonne des wicked problems (les probl\u00e8mes pernicieux), et les envisage dans leurs cinq dimensions : polys\u00e9mie, conflictualit\u00e9, complexit\u00e9, spatio-temporalit\u00e9 critique et absence de v\u00e9ritable solution.\" \/>\n<meta name=\"robots\" content=\"index, follow, max-snippet:-1, max-image-preview:large, max-video-preview:-1\" \/>\n<link rel=\"canonical\" href=\"https:\/\/www.istegroup.com\/en\/produit\/leducation-au-politique\/\" \/>\n<meta property=\"og:locale\" content=\"fr_FR\" \/>\n<meta property=\"og:type\" content=\"article\" \/>\n<meta property=\"og:title\" content=\"L\u2019\u00e9ducation au politique - ISTE Group\" \/>\n<meta property=\"og:description\" content=\"L\u2019\u00e9ducation au politique \u00e9tudie la tradition anglo-saxonne des wicked problems (les probl\u00e8mes pernicieux), et les envisage dans leurs cinq dimensions : polys\u00e9mie, conflictualit\u00e9, complexit\u00e9, spatio-temporalit\u00e9 critique et absence de v\u00e9ritable solution.\" \/>\n<meta property=\"og:url\" content=\"https:\/\/www.istegroup.com\/en\/produit\/leducation-au-politique\/\" \/>\n<meta property=\"og:site_name\" content=\"ISTE Group\" \/>\n<meta property=\"article:modified_time\" content=\"2024-01-03T13:46:38+00:00\" \/>\n<meta property=\"og:image\" content=\"https:\/\/www.istegroup.com\/wp-content\/uploads\/2022\/10\/Leducation-au-politique.jpg\" \/>\n\t<meta property=\"og:image:width\" content=\"300\" \/>\n\t<meta property=\"og:image:height\" content=\"454\" \/>\n\t<meta property=\"og:image:type\" content=\"image\/jpeg\" \/>\n<meta name=\"twitter:card\" content=\"summary_large_image\" \/>\n<meta name=\"twitter:label1\" content=\"Est. reading time\" \/>\n\t<meta name=\"twitter:data1\" content=\"1 minute\" \/>\n<script type=\"application\/ld+json\" class=\"yoast-schema-graph\">{\"@context\":\"https:\/\/schema.org\",\"@graph\":[{\"@type\":\"WebPage\",\"@id\":\"https:\/\/www.istegroup.com\/en\/produit\/leducation-au-politique\/\",\"url\":\"https:\/\/www.istegroup.com\/en\/produit\/leducation-au-politique\/\",\"name\":\"L\u2019\u00e9ducation au politique - ISTE Group\",\"isPartOf\":{\"@id\":\"https:\/\/www.istegroup.com\/#website\"},\"primaryImageOfPage\":{\"@id\":\"https:\/\/www.istegroup.com\/en\/produit\/leducation-au-politique\/#primaryimage\"},\"image\":{\"@id\":\"https:\/\/www.istegroup.com\/en\/produit\/leducation-au-politique\/#primaryimage\"},\"thumbnailUrl\":\"https:\/\/www.istegroup.com\/wp-content\/uploads\/2022\/10\/Leducation-au-politique.jpg\",\"datePublished\":\"2022-10-25T14:53:44+00:00\",\"dateModified\":\"2024-01-03T13:46:38+00:00\",\"description\":\"L\u2019\u00e9ducation au politique \u00e9tudie la tradition anglo-saxonne des wicked problems (les probl\u00e8mes pernicieux), et les envisage dans leurs cinq dimensions : polys\u00e9mie, conflictualit\u00e9, complexit\u00e9, spatio-temporalit\u00e9 critique et absence de v\u00e9ritable solution.\",\"breadcrumb\":{\"@id\":\"https:\/\/www.istegroup.com\/en\/produit\/leducation-au-politique\/#breadcrumb\"},\"inLanguage\":\"fr-FR\",\"potentialAction\":[{\"@type\":\"ReadAction\",\"target\":[\"https:\/\/www.istegroup.com\/en\/produit\/leducation-au-politique\/\"]}]},{\"@type\":\"ImageObject\",\"inLanguage\":\"fr-FR\",\"@id\":\"https:\/\/www.istegroup.com\/en\/produit\/leducation-au-politique\/#primaryimage\",\"url\":\"https:\/\/www.istegroup.com\/wp-content\/uploads\/2022\/10\/Leducation-au-politique.jpg\",\"contentUrl\":\"https:\/\/www.istegroup.com\/wp-content\/uploads\/2022\/10\/Leducation-au-politique.jpg\",\"width\":300,\"height\":454,\"caption\":\"Livre scientifique - L'\u00e9ducation au politique - Michel Fabre\"},{\"@type\":\"BreadcrumbList\",\"@id\":\"https:\/\/www.istegroup.com\/en\/produit\/leducation-au-politique\/#breadcrumb\",\"itemListElement\":[{\"@type\":\"ListItem\",\"position\":1,\"name\":\"Home\",\"item\":\"https:\/\/www.istegroup.com\/\"},{\"@type\":\"ListItem\",\"position\":2,\"name\":\"Shop\",\"item\":\"https:\/\/www.istegroup.com\/fr\/nouveautes\/\"},{\"@type\":\"ListItem\",\"position\":3,\"name\":\"L\u2019\u00e9ducation au politique\"}]},{\"@type\":\"WebSite\",\"@id\":\"https:\/\/www.istegroup.com\/#website\",\"url\":\"https:\/\/www.istegroup.com\/\",\"name\":\"ISTE Group\",\"description\":\"\u00c9diteur des Sciences\",\"potentialAction\":[{\"@type\":\"SearchAction\",\"target\":{\"@type\":\"EntryPoint\",\"urlTemplate\":\"https:\/\/www.istegroup.com\/?s={search_term_string}\"},\"query-input\":{\"@type\":\"PropertyValueSpecification\",\"valueRequired\":true,\"valueName\":\"search_term_string\"}}],\"inLanguage\":\"fr-FR\"}]}<\/script>\n<!-- \/ Yoast SEO plugin. -->","yoast_head_json":{"title":"L\u2019\u00e9ducation au politique - ISTE Group","description":"L\u2019\u00e9ducation au politique \u00e9tudie la tradition anglo-saxonne des wicked problems (les probl\u00e8mes pernicieux), et les envisage dans leurs cinq dimensions : polys\u00e9mie, conflictualit\u00e9, complexit\u00e9, spatio-temporalit\u00e9 critique et absence de v\u00e9ritable solution.","robots":{"index":"index","follow":"follow","max-snippet":"max-snippet:-1","max-image-preview":"max-image-preview:large","max-video-preview":"max-video-preview:-1"},"canonical":"https:\/\/www.istegroup.com\/en\/produit\/leducation-au-politique\/","og_locale":"fr_FR","og_type":"article","og_title":"L\u2019\u00e9ducation au politique - ISTE Group","og_description":"L\u2019\u00e9ducation au politique \u00e9tudie la tradition anglo-saxonne des wicked problems (les probl\u00e8mes pernicieux), et les envisage dans leurs cinq dimensions : polys\u00e9mie, conflictualit\u00e9, complexit\u00e9, spatio-temporalit\u00e9 critique et absence de v\u00e9ritable solution.","og_url":"https:\/\/www.istegroup.com\/en\/produit\/leducation-au-politique\/","og_site_name":"ISTE Group","article_modified_time":"2024-01-03T13:46:38+00:00","og_image":[{"width":300,"height":454,"url":"https:\/\/www.istegroup.com\/wp-content\/uploads\/2022\/10\/Leducation-au-politique.jpg","type":"image\/jpeg"}],"twitter_card":"summary_large_image","twitter_misc":{"Est. reading time":"1 minute"},"schema":{"@context":"https:\/\/schema.org","@graph":[{"@type":"WebPage","@id":"https:\/\/www.istegroup.com\/en\/produit\/leducation-au-politique\/","url":"https:\/\/www.istegroup.com\/en\/produit\/leducation-au-politique\/","name":"L\u2019\u00e9ducation au politique - ISTE Group","isPartOf":{"@id":"https:\/\/www.istegroup.com\/#website"},"primaryImageOfPage":{"@id":"https:\/\/www.istegroup.com\/en\/produit\/leducation-au-politique\/#primaryimage"},"image":{"@id":"https:\/\/www.istegroup.com\/en\/produit\/leducation-au-politique\/#primaryimage"},"thumbnailUrl":"https:\/\/www.istegroup.com\/wp-content\/uploads\/2022\/10\/Leducation-au-politique.jpg","datePublished":"2022-10-25T14:53:44+00:00","dateModified":"2024-01-03T13:46:38+00:00","description":"L\u2019\u00e9ducation au politique \u00e9tudie la tradition anglo-saxonne des wicked problems (les probl\u00e8mes pernicieux), et les envisage dans leurs cinq dimensions : polys\u00e9mie, conflictualit\u00e9, complexit\u00e9, spatio-temporalit\u00e9 critique et absence de v\u00e9ritable solution.","breadcrumb":{"@id":"https:\/\/www.istegroup.com\/en\/produit\/leducation-au-politique\/#breadcrumb"},"inLanguage":"fr-FR","potentialAction":[{"@type":"ReadAction","target":["https:\/\/www.istegroup.com\/en\/produit\/leducation-au-politique\/"]}]},{"@type":"ImageObject","inLanguage":"fr-FR","@id":"https:\/\/www.istegroup.com\/en\/produit\/leducation-au-politique\/#primaryimage","url":"https:\/\/www.istegroup.com\/wp-content\/uploads\/2022\/10\/Leducation-au-politique.jpg","contentUrl":"https:\/\/www.istegroup.com\/wp-content\/uploads\/2022\/10\/Leducation-au-politique.jpg","width":300,"height":454,"caption":"Livre scientifique - L'\u00e9ducation au politique - Michel Fabre"},{"@type":"BreadcrumbList","@id":"https:\/\/www.istegroup.com\/en\/produit\/leducation-au-politique\/#breadcrumb","itemListElement":[{"@type":"ListItem","position":1,"name":"Home","item":"https:\/\/www.istegroup.com\/"},{"@type":"ListItem","position":2,"name":"Shop","item":"https:\/\/www.istegroup.com\/fr\/nouveautes\/"},{"@type":"ListItem","position":3,"name":"L\u2019\u00e9ducation au politique"}]},{"@type":"WebSite","@id":"https:\/\/www.istegroup.com\/#website","url":"https:\/\/www.istegroup.com\/","name":"ISTE Group","description":"\u00c9diteur des Sciences","potentialAction":[{"@type":"SearchAction","target":{"@type":"EntryPoint","urlTemplate":"https:\/\/www.istegroup.com\/?s={search_term_string}"},"query-input":{"@type":"PropertyValueSpecification","valueRequired":true,"valueName":"search_term_string"}}],"inLanguage":"fr-FR"}]}},"_links":{"self":[{"href":"https:\/\/www.istegroup.com\/fr\/wp-json\/wp\/v2\/product\/48598","targetHints":{"allow":["GET"]}}],"collection":[{"href":"https:\/\/www.istegroup.com\/fr\/wp-json\/wp\/v2\/product"}],"about":[{"href":"https:\/\/www.istegroup.com\/fr\/wp-json\/wp\/v2\/types\/product"}],"wp:featuredmedia":[{"embeddable":true,"href":"https:\/\/www.istegroup.com\/fr\/wp-json\/wp\/v2\/media\/48604"}],"wp:attachment":[{"href":"https:\/\/www.istegroup.com\/fr\/wp-json\/wp\/v2\/media?parent=48598"}],"wp:term":[{"taxonomy":"product_brand","embeddable":true,"href":"https:\/\/www.istegroup.com\/fr\/wp-json\/wp\/v2\/product_brand?post=48598"},{"taxonomy":"product_cat","embeddable":true,"href":"https:\/\/www.istegroup.com\/fr\/wp-json\/wp\/v2\/product_cat?post=48598"},{"taxonomy":"product_tag","embeddable":true,"href":"https:\/\/www.istegroup.com\/fr\/wp-json\/wp\/v2\/product_tag?post=48598"}],"curies":[{"name":"wp","href":"https:\/\/api.w.org\/{rel}","templated":true}]}}