{"id":48546,"date":"2022-10-21T11:44:26","date_gmt":"2022-10-21T10:44:26","guid":{"rendered":"https:\/\/www.istegroup.com\/?post_type=product&#038;p=48546"},"modified":"2024-01-03T13:46:38","modified_gmt":"2024-01-03T13:46:38","slug":"spectroscopie-infrarouge-de-toupies-symetriques-et-spheriques-pour-lobservation-spatiale-2","status":"publish","type":"product","link":"https:\/\/www.istegroup.com\/fr\/produit\/spectroscopie-infrarouge-de-toupies-symetriques-et-spheriques-pour-lobservation-spatiale-2\/","title":{"rendered":"Spectroscopie infrarouge de toupies sym\u00e9triques et sph\u00e9riques pour l\u2019observation spatiale 2"},"content":{"rendered":"<p><em>Spectroscopie infrarouge de toupies sym\u00e9triques et sph\u00e9riques pour l\u2019observation spatiale 2<\/em> traite des relations entre la spectroscopie de laboratoire, l\u2019enregistrement de spectres toujours plus complexes \u00e0 l\u2019aide d\u2019instruments de plus en plus puissants, et du d\u00e9veloppement de l\u2019observation par des instruments embarqu\u00e9s dans des sondes mobiles ou des nanosatellites.<\/p>\n<p>Cet ouvrage \u00e9tudie des mod\u00e8les appliquant le th\u00e9or\u00e8me du cumulant dans le cadre de la th\u00e9orie du champ moyen pour interpr\u00e9ter les spectres proche et moyen infrarouge des mol\u00e9cules toupies sym\u00e9triques, telles que l\u2019ammoniac (NH<sub>3<\/sub>) et les mol\u00e9cules toupies sph\u00e9riques comme le m\u00e9thane (CH<sub>4<\/sub>). Ces mol\u00e9cules peuvent \u00eatre isol\u00e9es sous leur forme gazeuse ou soumises aux contraintes environnementales d\u2019une nanocage (site de substitution, clathrate, fuller\u00e8ne ou z\u00e9olithe) ou de surfaces.<\/p>\n<p>Ces m\u00e9thodes sont, non seulement int\u00e9ressantes dans les domaines des sciences de l\u2019environnement, de la plan\u00e9tologie et de l\u2019astrophysique, mais elles s\u2019inscrivent \u00e9galement dans le cadre de l\u2019informatique et du concept de <em>Big Data<\/em>.<\/p>","protected":false},"excerpt":{"rendered":"<p>Spectroscopie infrarouge de toupies sym\u00e9triques et sph\u00e9riques pour l\u2019observation spatiale 2 traite des relations entre la spectroscopie de laboratoire, l\u2019enregistrement de spectres toujours plus complexes \u00e0 l\u2019aide d\u2019instruments de plus en plus puissants, et du d\u00e9veloppement de l\u2019observation par des instruments embarqu\u00e9s dans des sondes mobiles ou des nanosatellites. Cet ouvrage \u00e9tudie des mod\u00e8les appliquant [&hellip;]<\/p>\n","protected":false},"featured_media":48557,"template":"","meta":{"_acf_changed":false,"_links_to":"","_links_to_target":""},"product_brand":[],"product_cat":[677],"product_tag":[],"class_list":{"0":"post-48546","1":"product","2":"type-product","3":"status-publish","4":"has-post-thumbnail","6":"product_cat-ondes-12506522","8":"first","9":"instock","10":"shipping-taxable","11":"purchasable","12":"product-type-variable"},"acf":[],"yoast_head":"<!-- This site is optimized with the Yoast SEO plugin v27.2 - https:\/\/yoast.com\/product\/yoast-seo-wordpress\/ -->\n<title>Spectroscopie infrarouge de toupies sym\u00e9triques et sph\u00e9riques pour l\u2019observation spatiale 2 - ISTE Group<\/title>\n<meta name=\"description\" content=\"Spectroscopie infrarouge de toupies sym\u00e9triques et sph\u00e9riques pour l\u2019observation spatiale 2 traite des relations entre la spectroscopie de laboratoire, l\u2019enregistrement de spectres toujours plus complexes \u00e0 l\u2019aide d\u2019instruments de plus en plus puissants, et du d\u00e9veloppement de l\u2019observation par des instruments embarqu\u00e9s dans des sondes mobiles ou des nanosatellites.\" \/>\n<meta name=\"robots\" content=\"index, follow, max-snippet:-1, max-image-preview:large, max-video-preview:-1\" \/>\n<link rel=\"canonical\" href=\"https:\/\/www.istegroup.com\/en\/produit\/spectroscopie-infrarouge-de-toupies-symetriques-et-spheriques-pour-lobservation-spatiale-2\/\" \/>\n<meta property=\"og:locale\" content=\"fr_FR\" \/>\n<meta property=\"og:type\" content=\"article\" \/>\n<meta property=\"og:title\" content=\"Spectroscopie infrarouge de toupies sym\u00e9triques et sph\u00e9riques pour l\u2019observation spatiale 2 - ISTE Group\" \/>\n<meta property=\"og:description\" content=\"Spectroscopie infrarouge de toupies sym\u00e9triques et sph\u00e9riques pour l\u2019observation spatiale 2 traite des relations entre la spectroscopie de laboratoire, l\u2019enregistrement de spectres toujours plus complexes \u00e0 l\u2019aide d\u2019instruments de plus en plus puissants, et du d\u00e9veloppement de l\u2019observation par des instruments embarqu\u00e9s dans des sondes mobiles ou des nanosatellites.\" \/>\n<meta property=\"og:url\" content=\"https:\/\/www.istegroup.com\/en\/produit\/spectroscopie-infrarouge-de-toupies-symetriques-et-spheriques-pour-lobservation-spatiale-2\/\" \/>\n<meta property=\"og:site_name\" content=\"ISTE Group\" \/>\n<meta property=\"article:modified_time\" content=\"2024-01-03T13:46:38+00:00\" \/>\n<meta property=\"og:image\" content=\"https:\/\/www.istegroup.com\/wp-content\/uploads\/2022\/10\/Spectroscopie-infrarouge-de-toupies-symetriques-et-spheriques-pour-lobservation-spatiale-2.jpg\" \/>\n\t<meta property=\"og:image:width\" content=\"300\" \/>\n\t<meta property=\"og:image:height\" content=\"451\" \/>\n\t<meta property=\"og:image:type\" content=\"image\/jpeg\" \/>\n<meta name=\"twitter:card\" content=\"summary_large_image\" \/>\n<meta name=\"twitter:label1\" content=\"Est. reading time\" \/>\n\t<meta name=\"twitter:data1\" content=\"1 minute\" \/>\n<script type=\"application\/ld+json\" class=\"yoast-schema-graph\">{\"@context\":\"https:\/\/schema.org\",\"@graph\":[{\"@type\":\"WebPage\",\"@id\":\"https:\/\/www.istegroup.com\/en\/produit\/spectroscopie-infrarouge-de-toupies-symetriques-et-spheriques-pour-lobservation-spatiale-2\/\",\"url\":\"https:\/\/www.istegroup.com\/en\/produit\/spectroscopie-infrarouge-de-toupies-symetriques-et-spheriques-pour-lobservation-spatiale-2\/\",\"name\":\"Spectroscopie infrarouge de toupies sym\u00e9triques et sph\u00e9riques pour l\u2019observation spatiale 2 - ISTE Group\",\"isPartOf\":{\"@id\":\"https:\/\/www.istegroup.com\/#website\"},\"primaryImageOfPage\":{\"@id\":\"https:\/\/www.istegroup.com\/en\/produit\/spectroscopie-infrarouge-de-toupies-symetriques-et-spheriques-pour-lobservation-spatiale-2\/#primaryimage\"},\"image\":{\"@id\":\"https:\/\/www.istegroup.com\/en\/produit\/spectroscopie-infrarouge-de-toupies-symetriques-et-spheriques-pour-lobservation-spatiale-2\/#primaryimage\"},\"thumbnailUrl\":\"https:\/\/www.istegroup.com\/wp-content\/uploads\/2022\/10\/Spectroscopie-infrarouge-de-toupies-symetriques-et-spheriques-pour-lobservation-spatiale-2.jpg\",\"datePublished\":\"2022-10-21T10:44:26+00:00\",\"dateModified\":\"2024-01-03T13:46:38+00:00\",\"description\":\"Spectroscopie infrarouge de toupies sym\u00e9triques et sph\u00e9riques pour l\u2019observation spatiale 2 traite des relations entre la spectroscopie de laboratoire, l\u2019enregistrement de spectres toujours plus complexes \u00e0 l\u2019aide d\u2019instruments de plus en plus puissants, et du d\u00e9veloppement de l\u2019observation par des instruments embarqu\u00e9s dans des sondes mobiles ou des nanosatellites.\",\"breadcrumb\":{\"@id\":\"https:\/\/www.istegroup.com\/en\/produit\/spectroscopie-infrarouge-de-toupies-symetriques-et-spheriques-pour-lobservation-spatiale-2\/#breadcrumb\"},\"inLanguage\":\"fr-FR\",\"potentialAction\":[{\"@type\":\"ReadAction\",\"target\":[\"https:\/\/www.istegroup.com\/en\/produit\/spectroscopie-infrarouge-de-toupies-symetriques-et-spheriques-pour-lobservation-spatiale-2\/\"]}]},{\"@type\":\"ImageObject\",\"inLanguage\":\"fr-FR\",\"@id\":\"https:\/\/www.istegroup.com\/en\/produit\/spectroscopie-infrarouge-de-toupies-symetriques-et-spheriques-pour-lobservation-spatiale-2\/#primaryimage\",\"url\":\"https:\/\/www.istegroup.com\/wp-content\/uploads\/2022\/10\/Spectroscopie-infrarouge-de-toupies-symetriques-et-spheriques-pour-lobservation-spatiale-2.jpg\",\"contentUrl\":\"https:\/\/www.istegroup.com\/wp-content\/uploads\/2022\/10\/Spectroscopie-infrarouge-de-toupies-symetriques-et-spheriques-pour-lobservation-spatiale-2.jpg\",\"width\":300,\"height\":451,\"caption\":\"Livre scientifique - Spectroscopie infrarouge de toupies sym\u00e9triques et sph\u00e9riques pour l'observation spatiale 2 - Pierre Richard Dahoo, Azzedine Lakhlifi\"},{\"@type\":\"BreadcrumbList\",\"@id\":\"https:\/\/www.istegroup.com\/en\/produit\/spectroscopie-infrarouge-de-toupies-symetriques-et-spheriques-pour-lobservation-spatiale-2\/#breadcrumb\",\"itemListElement\":[{\"@type\":\"ListItem\",\"position\":1,\"name\":\"Home\",\"item\":\"https:\/\/www.istegroup.com\/\"},{\"@type\":\"ListItem\",\"position\":2,\"name\":\"Shop\",\"item\":\"https:\/\/www.istegroup.com\/fr\/nouveautes\/\"},{\"@type\":\"ListItem\",\"position\":3,\"name\":\"Spectroscopie infrarouge de toupies sym\u00e9triques et sph\u00e9riques pour l\u2019observation spatiale 2\"}]},{\"@type\":\"WebSite\",\"@id\":\"https:\/\/www.istegroup.com\/#website\",\"url\":\"https:\/\/www.istegroup.com\/\",\"name\":\"ISTE Group\",\"description\":\"\u00c9diteur des Sciences\",\"potentialAction\":[{\"@type\":\"SearchAction\",\"target\":{\"@type\":\"EntryPoint\",\"urlTemplate\":\"https:\/\/www.istegroup.com\/?s={search_term_string}\"},\"query-input\":{\"@type\":\"PropertyValueSpecification\",\"valueRequired\":true,\"valueName\":\"search_term_string\"}}],\"inLanguage\":\"fr-FR\"}]}<\/script>\n<!-- \/ Yoast SEO plugin. -->","yoast_head_json":{"title":"Spectroscopie infrarouge de toupies sym\u00e9triques et sph\u00e9riques pour l\u2019observation spatiale 2 - ISTE Group","description":"Spectroscopie infrarouge de toupies sym\u00e9triques et sph\u00e9riques pour l\u2019observation spatiale 2 traite des relations entre la spectroscopie de laboratoire, l\u2019enregistrement de spectres toujours plus complexes \u00e0 l\u2019aide d\u2019instruments de plus en plus puissants, et du d\u00e9veloppement de l\u2019observation par des instruments embarqu\u00e9s dans des sondes mobiles ou des nanosatellites.","robots":{"index":"index","follow":"follow","max-snippet":"max-snippet:-1","max-image-preview":"max-image-preview:large","max-video-preview":"max-video-preview:-1"},"canonical":"https:\/\/www.istegroup.com\/en\/produit\/spectroscopie-infrarouge-de-toupies-symetriques-et-spheriques-pour-lobservation-spatiale-2\/","og_locale":"fr_FR","og_type":"article","og_title":"Spectroscopie infrarouge de toupies sym\u00e9triques et sph\u00e9riques pour l\u2019observation spatiale 2 - ISTE Group","og_description":"Spectroscopie infrarouge de toupies sym\u00e9triques et sph\u00e9riques pour l\u2019observation spatiale 2 traite des relations entre la spectroscopie de laboratoire, l\u2019enregistrement de spectres toujours plus complexes \u00e0 l\u2019aide d\u2019instruments de plus en plus puissants, et du d\u00e9veloppement de l\u2019observation par des instruments embarqu\u00e9s dans des sondes mobiles ou des nanosatellites.","og_url":"https:\/\/www.istegroup.com\/en\/produit\/spectroscopie-infrarouge-de-toupies-symetriques-et-spheriques-pour-lobservation-spatiale-2\/","og_site_name":"ISTE Group","article_modified_time":"2024-01-03T13:46:38+00:00","og_image":[{"width":300,"height":451,"url":"https:\/\/www.istegroup.com\/wp-content\/uploads\/2022\/10\/Spectroscopie-infrarouge-de-toupies-symetriques-et-spheriques-pour-lobservation-spatiale-2.jpg","type":"image\/jpeg"}],"twitter_card":"summary_large_image","twitter_misc":{"Est. reading time":"1 minute"},"schema":{"@context":"https:\/\/schema.org","@graph":[{"@type":"WebPage","@id":"https:\/\/www.istegroup.com\/en\/produit\/spectroscopie-infrarouge-de-toupies-symetriques-et-spheriques-pour-lobservation-spatiale-2\/","url":"https:\/\/www.istegroup.com\/en\/produit\/spectroscopie-infrarouge-de-toupies-symetriques-et-spheriques-pour-lobservation-spatiale-2\/","name":"Spectroscopie infrarouge de toupies sym\u00e9triques et sph\u00e9riques pour l\u2019observation spatiale 2 - ISTE Group","isPartOf":{"@id":"https:\/\/www.istegroup.com\/#website"},"primaryImageOfPage":{"@id":"https:\/\/www.istegroup.com\/en\/produit\/spectroscopie-infrarouge-de-toupies-symetriques-et-spheriques-pour-lobservation-spatiale-2\/#primaryimage"},"image":{"@id":"https:\/\/www.istegroup.com\/en\/produit\/spectroscopie-infrarouge-de-toupies-symetriques-et-spheriques-pour-lobservation-spatiale-2\/#primaryimage"},"thumbnailUrl":"https:\/\/www.istegroup.com\/wp-content\/uploads\/2022\/10\/Spectroscopie-infrarouge-de-toupies-symetriques-et-spheriques-pour-lobservation-spatiale-2.jpg","datePublished":"2022-10-21T10:44:26+00:00","dateModified":"2024-01-03T13:46:38+00:00","description":"Spectroscopie infrarouge de toupies sym\u00e9triques et sph\u00e9riques pour l\u2019observation spatiale 2 traite des relations entre la spectroscopie de laboratoire, l\u2019enregistrement de spectres toujours plus complexes \u00e0 l\u2019aide d\u2019instruments de plus en plus puissants, et du d\u00e9veloppement de l\u2019observation par des instruments embarqu\u00e9s dans des sondes mobiles ou des nanosatellites.","breadcrumb":{"@id":"https:\/\/www.istegroup.com\/en\/produit\/spectroscopie-infrarouge-de-toupies-symetriques-et-spheriques-pour-lobservation-spatiale-2\/#breadcrumb"},"inLanguage":"fr-FR","potentialAction":[{"@type":"ReadAction","target":["https:\/\/www.istegroup.com\/en\/produit\/spectroscopie-infrarouge-de-toupies-symetriques-et-spheriques-pour-lobservation-spatiale-2\/"]}]},{"@type":"ImageObject","inLanguage":"fr-FR","@id":"https:\/\/www.istegroup.com\/en\/produit\/spectroscopie-infrarouge-de-toupies-symetriques-et-spheriques-pour-lobservation-spatiale-2\/#primaryimage","url":"https:\/\/www.istegroup.com\/wp-content\/uploads\/2022\/10\/Spectroscopie-infrarouge-de-toupies-symetriques-et-spheriques-pour-lobservation-spatiale-2.jpg","contentUrl":"https:\/\/www.istegroup.com\/wp-content\/uploads\/2022\/10\/Spectroscopie-infrarouge-de-toupies-symetriques-et-spheriques-pour-lobservation-spatiale-2.jpg","width":300,"height":451,"caption":"Livre scientifique - Spectroscopie infrarouge de toupies sym\u00e9triques et sph\u00e9riques pour l'observation spatiale 2 - Pierre Richard Dahoo, Azzedine Lakhlifi"},{"@type":"BreadcrumbList","@id":"https:\/\/www.istegroup.com\/en\/produit\/spectroscopie-infrarouge-de-toupies-symetriques-et-spheriques-pour-lobservation-spatiale-2\/#breadcrumb","itemListElement":[{"@type":"ListItem","position":1,"name":"Home","item":"https:\/\/www.istegroup.com\/"},{"@type":"ListItem","position":2,"name":"Shop","item":"https:\/\/www.istegroup.com\/fr\/nouveautes\/"},{"@type":"ListItem","position":3,"name":"Spectroscopie infrarouge de toupies sym\u00e9triques et sph\u00e9riques pour l\u2019observation spatiale 2"}]},{"@type":"WebSite","@id":"https:\/\/www.istegroup.com\/#website","url":"https:\/\/www.istegroup.com\/","name":"ISTE Group","description":"\u00c9diteur des Sciences","potentialAction":[{"@type":"SearchAction","target":{"@type":"EntryPoint","urlTemplate":"https:\/\/www.istegroup.com\/?s={search_term_string}"},"query-input":{"@type":"PropertyValueSpecification","valueRequired":true,"valueName":"search_term_string"}}],"inLanguage":"fr-FR"}]}},"_links":{"self":[{"href":"https:\/\/www.istegroup.com\/fr\/wp-json\/wp\/v2\/product\/48546","targetHints":{"allow":["GET"]}}],"collection":[{"href":"https:\/\/www.istegroup.com\/fr\/wp-json\/wp\/v2\/product"}],"about":[{"href":"https:\/\/www.istegroup.com\/fr\/wp-json\/wp\/v2\/types\/product"}],"wp:featuredmedia":[{"embeddable":true,"href":"https:\/\/www.istegroup.com\/fr\/wp-json\/wp\/v2\/media\/48557"}],"wp:attachment":[{"href":"https:\/\/www.istegroup.com\/fr\/wp-json\/wp\/v2\/media?parent=48546"}],"wp:term":[{"taxonomy":"product_brand","embeddable":true,"href":"https:\/\/www.istegroup.com\/fr\/wp-json\/wp\/v2\/product_brand?post=48546"},{"taxonomy":"product_cat","embeddable":true,"href":"https:\/\/www.istegroup.com\/fr\/wp-json\/wp\/v2\/product_cat?post=48546"},{"taxonomy":"product_tag","embeddable":true,"href":"https:\/\/www.istegroup.com\/fr\/wp-json\/wp\/v2\/product_tag?post=48546"}],"curies":[{"name":"wp","href":"https:\/\/api.w.org\/{rel}","templated":true}]}}