{"id":48536,"date":"2022-10-21T11:11:53","date_gmt":"2022-10-21T10:11:53","guid":{"rendered":"https:\/\/www.istegroup.com\/?post_type=product&#038;p=48536"},"modified":"2024-01-03T13:46:38","modified_gmt":"2024-01-03T13:46:38","slug":"les-variations-osseuses-asymptomatiques-du-squelette-postcranien-humain","status":"publish","type":"product","link":"https:\/\/www.istegroup.com\/fr\/produit\/les-variations-osseuses-asymptomatiques-du-squelette-postcranien-humain\/","title":{"rendered":"Les variations osseuses asymptomatiques du squelette postcr\u00e2nien humain"},"content":{"rendered":"<p>Connues depuis l\u2019Antiquit\u00e9, les variations osseuses asymptomatiques sont \u00e9tudi\u00e9es dans beaucoup de domaines. Elles permettent notamment en radiologie, de diff\u00e9rencier le normal de l\u2019anormal, mais surtout en anthropologie biologique de r\u00e9pondre aux questions sur l\u2019Homme et sa variabilit\u00e9 diachronique et synchronique.<\/p>\n<p>Cet ouvrage pr\u00e9sente de mani\u00e8re accessible les variations osseuses du squelette postcr\u00e2nien (de la colonne vert\u00e9brale aux pieds) parfois mal connues de la communaut\u00e9 scientifique. Il examine ces variations une \u00e0 une en proposant des d\u00e9finitions, des fr\u00e9quences populationnelles ainsi que des illustrations compl\u00e8tes pour chacune d\u2019entre elles.<\/p>\n<p><em>Les variations osseuses asymptomatiques du squelette postcr\u00e2nien humain<\/em> est pens\u00e9 comme un manuel pratique servant de base et de r\u00e9f\u00e9rence pour toute recherche approfondie sur ce type de variation osseuse.<\/p>","protected":false},"excerpt":{"rendered":"<p>Connues depuis l\u2019Antiquit\u00e9, les variations osseuses asymptomatiques sont \u00e9tudi\u00e9es dans beaucoup de domaines. Elles permettent notamment en radiologie, de diff\u00e9rencier le normal de l\u2019anormal, mais surtout en anthropologie biologique de r\u00e9pondre aux questions sur l\u2019Homme et sa variabilit\u00e9 diachronique et synchronique. Cet ouvrage pr\u00e9sente de mani\u00e8re accessible les variations osseuses du squelette postcr\u00e2nien (de la [&hellip;]<\/p>\n","protected":false},"featured_media":48545,"template":"","meta":{"_acf_changed":false,"_links_to":"","_links_to_target":""},"product_brand":[],"product_cat":[3262],"product_tag":[],"class_list":{"0":"post-48536","1":"product","2":"type-product","3":"status-publish","4":"has-post-thumbnail","6":"product_cat-non-classe","8":"first","9":"instock","10":"shipping-taxable","11":"purchasable","12":"product-type-variable"},"acf":[],"yoast_head":"<!-- This site is optimized with the Yoast SEO plugin v27.2 - https:\/\/yoast.com\/product\/yoast-seo-wordpress\/ -->\n<title>Les variations osseuses asymptomatiques du squelette postcr\u00e2nien humain - ISTE Group<\/title>\n<meta name=\"description\" content=\"Cet ouvrage pr\u00e9sente de mani\u00e8re accessible les variations osseuses du squelette postcr\u00e2nien (de la colonne vert\u00e9brale aux pieds) parfois mal connues de la communaut\u00e9 scientifique.\" \/>\n<meta name=\"robots\" content=\"index, follow, max-snippet:-1, max-image-preview:large, max-video-preview:-1\" \/>\n<link rel=\"canonical\" href=\"https:\/\/www.istegroup.com\/fr\/produit\/les-variations-osseuses-asymptomatiques-du-squelette-postcranien-humain\/\" \/>\n<meta property=\"og:locale\" content=\"fr_FR\" \/>\n<meta property=\"og:type\" content=\"article\" \/>\n<meta property=\"og:title\" content=\"Les variations osseuses asymptomatiques du squelette postcr\u00e2nien humain - ISTE Group\" \/>\n<meta property=\"og:description\" content=\"Cet ouvrage pr\u00e9sente de mani\u00e8re accessible les variations osseuses du squelette postcr\u00e2nien (de la colonne vert\u00e9brale aux pieds) parfois mal connues de la communaut\u00e9 scientifique.\" \/>\n<meta property=\"og:url\" content=\"https:\/\/www.istegroup.com\/fr\/produit\/les-variations-osseuses-asymptomatiques-du-squelette-postcranien-humain\/\" \/>\n<meta property=\"og:site_name\" content=\"ISTE Group\" \/>\n<meta property=\"article:modified_time\" content=\"2024-01-03T13:46:38+00:00\" \/>\n<meta property=\"og:image\" content=\"https:\/\/www.istegroup.com\/wp-content\/uploads\/2022\/10\/Les-variations-osseuses-asymptomatiques-du-squelette-postcranien-humain.jpg\" \/>\n\t<meta property=\"og:image:width\" content=\"300\" \/>\n\t<meta property=\"og:image:height\" content=\"452\" \/>\n\t<meta property=\"og:image:type\" content=\"image\/jpeg\" \/>\n<meta name=\"twitter:card\" content=\"summary_large_image\" \/>\n<meta name=\"twitter:label1\" content=\"Est. reading time\" \/>\n\t<meta name=\"twitter:data1\" content=\"1 minute\" \/>\n<script type=\"application\/ld+json\" class=\"yoast-schema-graph\">{\"@context\":\"https:\/\/schema.org\",\"@graph\":[{\"@type\":\"WebPage\",\"@id\":\"https:\/\/www.istegroup.com\/fr\/produit\/les-variations-osseuses-asymptomatiques-du-squelette-postcranien-humain\/\",\"url\":\"https:\/\/www.istegroup.com\/fr\/produit\/les-variations-osseuses-asymptomatiques-du-squelette-postcranien-humain\/\",\"name\":\"Les variations osseuses asymptomatiques du squelette postcr\u00e2nien humain - ISTE Group\",\"isPartOf\":{\"@id\":\"https:\/\/www.istegroup.com\/#website\"},\"primaryImageOfPage\":{\"@id\":\"https:\/\/www.istegroup.com\/fr\/produit\/les-variations-osseuses-asymptomatiques-du-squelette-postcranien-humain\/#primaryimage\"},\"image\":{\"@id\":\"https:\/\/www.istegroup.com\/fr\/produit\/les-variations-osseuses-asymptomatiques-du-squelette-postcranien-humain\/#primaryimage\"},\"thumbnailUrl\":\"https:\/\/www.istegroup.com\/wp-content\/uploads\/2022\/10\/Les-variations-osseuses-asymptomatiques-du-squelette-postcranien-humain.jpg\",\"datePublished\":\"2022-10-21T10:11:53+00:00\",\"dateModified\":\"2024-01-03T13:46:38+00:00\",\"description\":\"Cet ouvrage pr\u00e9sente de mani\u00e8re accessible les variations osseuses du squelette postcr\u00e2nien (de la colonne vert\u00e9brale aux pieds) parfois mal connues de la communaut\u00e9 scientifique.\",\"breadcrumb\":{\"@id\":\"https:\/\/www.istegroup.com\/fr\/produit\/les-variations-osseuses-asymptomatiques-du-squelette-postcranien-humain\/#breadcrumb\"},\"inLanguage\":\"fr-FR\",\"potentialAction\":[{\"@type\":\"ReadAction\",\"target\":[\"https:\/\/www.istegroup.com\/fr\/produit\/les-variations-osseuses-asymptomatiques-du-squelette-postcranien-humain\/\"]}]},{\"@type\":\"ImageObject\",\"inLanguage\":\"fr-FR\",\"@id\":\"https:\/\/www.istegroup.com\/fr\/produit\/les-variations-osseuses-asymptomatiques-du-squelette-postcranien-humain\/#primaryimage\",\"url\":\"https:\/\/www.istegroup.com\/wp-content\/uploads\/2022\/10\/Les-variations-osseuses-asymptomatiques-du-squelette-postcranien-humain.jpg\",\"contentUrl\":\"https:\/\/www.istegroup.com\/wp-content\/uploads\/2022\/10\/Les-variations-osseuses-asymptomatiques-du-squelette-postcranien-humain.jpg\",\"width\":300,\"height\":452,\"caption\":\"Livre scientifique - Les variations osseuses asymptomatiques du squelette postcr\u00e2nien humain - Emeline Verna\"},{\"@type\":\"BreadcrumbList\",\"@id\":\"https:\/\/www.istegroup.com\/fr\/produit\/les-variations-osseuses-asymptomatiques-du-squelette-postcranien-humain\/#breadcrumb\",\"itemListElement\":[{\"@type\":\"ListItem\",\"position\":1,\"name\":\"Home\",\"item\":\"https:\/\/www.istegroup.com\/\"},{\"@type\":\"ListItem\",\"position\":2,\"name\":\"Shop\",\"item\":\"https:\/\/www.istegroup.com\/fr\/nouveautes\/\"},{\"@type\":\"ListItem\",\"position\":3,\"name\":\"Les variations osseuses asymptomatiques du squelette postcr\u00e2nien humain\"}]},{\"@type\":\"WebSite\",\"@id\":\"https:\/\/www.istegroup.com\/#website\",\"url\":\"https:\/\/www.istegroup.com\/\",\"name\":\"ISTE Group\",\"description\":\"\u00c9diteur des Sciences\",\"potentialAction\":[{\"@type\":\"SearchAction\",\"target\":{\"@type\":\"EntryPoint\",\"urlTemplate\":\"https:\/\/www.istegroup.com\/?s={search_term_string}\"},\"query-input\":{\"@type\":\"PropertyValueSpecification\",\"valueRequired\":true,\"valueName\":\"search_term_string\"}}],\"inLanguage\":\"fr-FR\"}]}<\/script>\n<!-- \/ Yoast SEO plugin. -->","yoast_head_json":{"title":"Les variations osseuses asymptomatiques du squelette postcr\u00e2nien humain - ISTE Group","description":"Cet ouvrage pr\u00e9sente de mani\u00e8re accessible les variations osseuses du squelette postcr\u00e2nien (de la colonne vert\u00e9brale aux pieds) parfois mal connues de la communaut\u00e9 scientifique.","robots":{"index":"index","follow":"follow","max-snippet":"max-snippet:-1","max-image-preview":"max-image-preview:large","max-video-preview":"max-video-preview:-1"},"canonical":"https:\/\/www.istegroup.com\/fr\/produit\/les-variations-osseuses-asymptomatiques-du-squelette-postcranien-humain\/","og_locale":"fr_FR","og_type":"article","og_title":"Les variations osseuses asymptomatiques du squelette postcr\u00e2nien humain - ISTE Group","og_description":"Cet ouvrage pr\u00e9sente de mani\u00e8re accessible les variations osseuses du squelette postcr\u00e2nien (de la colonne vert\u00e9brale aux pieds) parfois mal connues de la communaut\u00e9 scientifique.","og_url":"https:\/\/www.istegroup.com\/fr\/produit\/les-variations-osseuses-asymptomatiques-du-squelette-postcranien-humain\/","og_site_name":"ISTE Group","article_modified_time":"2024-01-03T13:46:38+00:00","og_image":[{"width":300,"height":452,"url":"https:\/\/www.istegroup.com\/wp-content\/uploads\/2022\/10\/Les-variations-osseuses-asymptomatiques-du-squelette-postcranien-humain.jpg","type":"image\/jpeg"}],"twitter_card":"summary_large_image","twitter_misc":{"Est. reading time":"1 minute"},"schema":{"@context":"https:\/\/schema.org","@graph":[{"@type":"WebPage","@id":"https:\/\/www.istegroup.com\/fr\/produit\/les-variations-osseuses-asymptomatiques-du-squelette-postcranien-humain\/","url":"https:\/\/www.istegroup.com\/fr\/produit\/les-variations-osseuses-asymptomatiques-du-squelette-postcranien-humain\/","name":"Les variations osseuses asymptomatiques du squelette postcr\u00e2nien humain - ISTE Group","isPartOf":{"@id":"https:\/\/www.istegroup.com\/#website"},"primaryImageOfPage":{"@id":"https:\/\/www.istegroup.com\/fr\/produit\/les-variations-osseuses-asymptomatiques-du-squelette-postcranien-humain\/#primaryimage"},"image":{"@id":"https:\/\/www.istegroup.com\/fr\/produit\/les-variations-osseuses-asymptomatiques-du-squelette-postcranien-humain\/#primaryimage"},"thumbnailUrl":"https:\/\/www.istegroup.com\/wp-content\/uploads\/2022\/10\/Les-variations-osseuses-asymptomatiques-du-squelette-postcranien-humain.jpg","datePublished":"2022-10-21T10:11:53+00:00","dateModified":"2024-01-03T13:46:38+00:00","description":"Cet ouvrage pr\u00e9sente de mani\u00e8re accessible les variations osseuses du squelette postcr\u00e2nien (de la colonne vert\u00e9brale aux pieds) parfois mal connues de la communaut\u00e9 scientifique.","breadcrumb":{"@id":"https:\/\/www.istegroup.com\/fr\/produit\/les-variations-osseuses-asymptomatiques-du-squelette-postcranien-humain\/#breadcrumb"},"inLanguage":"fr-FR","potentialAction":[{"@type":"ReadAction","target":["https:\/\/www.istegroup.com\/fr\/produit\/les-variations-osseuses-asymptomatiques-du-squelette-postcranien-humain\/"]}]},{"@type":"ImageObject","inLanguage":"fr-FR","@id":"https:\/\/www.istegroup.com\/fr\/produit\/les-variations-osseuses-asymptomatiques-du-squelette-postcranien-humain\/#primaryimage","url":"https:\/\/www.istegroup.com\/wp-content\/uploads\/2022\/10\/Les-variations-osseuses-asymptomatiques-du-squelette-postcranien-humain.jpg","contentUrl":"https:\/\/www.istegroup.com\/wp-content\/uploads\/2022\/10\/Les-variations-osseuses-asymptomatiques-du-squelette-postcranien-humain.jpg","width":300,"height":452,"caption":"Livre scientifique - Les variations osseuses asymptomatiques du squelette postcr\u00e2nien humain - Emeline Verna"},{"@type":"BreadcrumbList","@id":"https:\/\/www.istegroup.com\/fr\/produit\/les-variations-osseuses-asymptomatiques-du-squelette-postcranien-humain\/#breadcrumb","itemListElement":[{"@type":"ListItem","position":1,"name":"Home","item":"https:\/\/www.istegroup.com\/"},{"@type":"ListItem","position":2,"name":"Shop","item":"https:\/\/www.istegroup.com\/fr\/nouveautes\/"},{"@type":"ListItem","position":3,"name":"Les variations osseuses asymptomatiques du squelette postcr\u00e2nien humain"}]},{"@type":"WebSite","@id":"https:\/\/www.istegroup.com\/#website","url":"https:\/\/www.istegroup.com\/","name":"ISTE Group","description":"\u00c9diteur des Sciences","potentialAction":[{"@type":"SearchAction","target":{"@type":"EntryPoint","urlTemplate":"https:\/\/www.istegroup.com\/?s={search_term_string}"},"query-input":{"@type":"PropertyValueSpecification","valueRequired":true,"valueName":"search_term_string"}}],"inLanguage":"fr-FR"}]}},"_links":{"self":[{"href":"https:\/\/www.istegroup.com\/fr\/wp-json\/wp\/v2\/product\/48536","targetHints":{"allow":["GET"]}}],"collection":[{"href":"https:\/\/www.istegroup.com\/fr\/wp-json\/wp\/v2\/product"}],"about":[{"href":"https:\/\/www.istegroup.com\/fr\/wp-json\/wp\/v2\/types\/product"}],"wp:featuredmedia":[{"embeddable":true,"href":"https:\/\/www.istegroup.com\/fr\/wp-json\/wp\/v2\/media\/48545"}],"wp:attachment":[{"href":"https:\/\/www.istegroup.com\/fr\/wp-json\/wp\/v2\/media?parent=48536"}],"wp:term":[{"taxonomy":"product_brand","embeddable":true,"href":"https:\/\/www.istegroup.com\/fr\/wp-json\/wp\/v2\/product_brand?post=48536"},{"taxonomy":"product_cat","embeddable":true,"href":"https:\/\/www.istegroup.com\/fr\/wp-json\/wp\/v2\/product_cat?post=48536"},{"taxonomy":"product_tag","embeddable":true,"href":"https:\/\/www.istegroup.com\/fr\/wp-json\/wp\/v2\/product_tag?post=48536"}],"curies":[{"name":"wp","href":"https:\/\/api.w.org\/{rel}","templated":true}]}}