{"id":48450,"date":"2022-10-19T14:57:06","date_gmt":"2022-10-19T13:57:06","guid":{"rendered":"https:\/\/www.istegroup.com\/?post_type=product&#038;p=48450"},"modified":"2024-01-03T13:46:35","modified_gmt":"2024-01-03T13:46:35","slug":"methodologie-de-la-recherche-en-sciences-de-leducation-et-de-la-formation","status":"publish","type":"product","link":"https:\/\/www.istegroup.com\/fr\/produit\/methodologie-de-la-recherche-en-sciences-de-leducation-et-de-la-formation\/","title":{"rendered":"M\u00e9thodologie de la recherche en sciences de l\u2019\u00e9ducation et de la formation"},"content":{"rendered":"<p><em>M\u00e9thodologie de la recherche en sciences de l\u2019\u00e9ducation et de la formation<\/em> invite le lecteur \u00e0 voir autrement le monde qui l\u2019entoure, c&rsquo;est-\u00e0-dire \u00e0 ne pas consid\u00e9rer ce qu\u2019il vit et exp\u00e9rimente comme une simple r\u00e9alit\u00e9.<\/p>\n<p>L\u2019engagement dans une d\u00e9marche de recherche supposant l\u2019adoption d\u2019une posture adapt\u00e9e, l&rsquo;ouvrage pr\u00e9cise la fa\u00e7on dont se r\u00e9alise une recherche, de la d\u00e9finition d\u2019une question de recherche \u00e0 partir de constats \u00e0 la restitution des r\u00e9sultats, en \u00e9tant vigilant aux conditions de s\u00e9curisation des donn\u00e9es. Il traite \u00e9galement des cultures de recherche propres aux champs disciplinaires, des approches de type recherche-action, recherche collaborative, recherche formation et des choix de construction en pluri\/multi\/inter ou transdisciplinarit\u00e9.<\/p>\n<p>Cet ouvrage s\u2019adresse aux \u00e9tudiants et aux professionnels qui souhaitent mieux comprendre comment l\u2019on s\u2019engage dans un processus de recherche en sciences de l\u2019\u00e9ducation et de la formation.<\/p>","protected":false},"excerpt":{"rendered":"<p>M\u00e9thodologie de la recherche en sciences de l\u2019\u00e9ducation et de la formation invite le lecteur \u00e0 voir autrement le monde qui l\u2019entoure, c&rsquo;est-\u00e0-dire \u00e0 ne pas consid\u00e9rer ce qu\u2019il vit et exp\u00e9rimente comme une simple r\u00e9alit\u00e9. L\u2019engagement dans une d\u00e9marche de recherche supposant l\u2019adoption d\u2019une posture adapt\u00e9e, l&rsquo;ouvrage pr\u00e9cise la fa\u00e7on dont se r\u00e9alise une [&hellip;]<\/p>\n","protected":false},"featured_media":48463,"template":"","meta":{"_acf_changed":false,"_links_to":"","_links_to_target":""},"product_brand":[],"product_cat":[669],"product_tag":[],"class_list":{"0":"post-48450","1":"product","2":"type-product","3":"status-publish","4":"has-post-thumbnail","6":"product_cat-innovation-en-sciences-de-lducation-433942033","8":"first","9":"instock","10":"shipping-taxable","11":"purchasable","12":"product-type-variable"},"acf":[],"yoast_head":"<!-- This site is optimized with the Yoast SEO plugin v27.2 - https:\/\/yoast.com\/product\/yoast-seo-wordpress\/ -->\n<title>M\u00e9thodologie de la recherche en sciences de l\u2019\u00e9ducation et de la formation - ISTE Group<\/title>\n<meta name=\"robots\" content=\"index, follow, max-snippet:-1, max-image-preview:large, max-video-preview:-1\" \/>\n<link rel=\"canonical\" href=\"https:\/\/www.istegroup.com\/fr\/produit\/methodologie-de-la-recherche-en-sciences-de-leducation-et-de-la-formation\/\" \/>\n<meta property=\"og:locale\" content=\"fr_FR\" \/>\n<meta property=\"og:type\" content=\"article\" \/>\n<meta property=\"og:title\" content=\"M\u00e9thodologie de la recherche en sciences de l\u2019\u00e9ducation et de la formation - ISTE Group\" \/>\n<meta property=\"og:description\" content=\"M\u00e9thodologie de la recherche en sciences de l\u2019\u00e9ducation et de la formation invite le lecteur \u00e0 voir autrement le monde qui l\u2019entoure, c&rsquo;est-\u00e0-dire \u00e0 ne pas consid\u00e9rer ce qu\u2019il vit et exp\u00e9rimente comme une simple r\u00e9alit\u00e9. L\u2019engagement dans une d\u00e9marche de recherche supposant l\u2019adoption d\u2019une posture adapt\u00e9e, l&rsquo;ouvrage pr\u00e9cise la fa\u00e7on dont se r\u00e9alise une [&hellip;]\" \/>\n<meta property=\"og:url\" content=\"https:\/\/www.istegroup.com\/fr\/produit\/methodologie-de-la-recherche-en-sciences-de-leducation-et-de-la-formation\/\" \/>\n<meta property=\"og:site_name\" content=\"ISTE Group\" \/>\n<meta property=\"article:modified_time\" content=\"2024-01-03T13:46:35+00:00\" \/>\n<meta property=\"og:image\" content=\"https:\/\/www.istegroup.com\/wp-content\/uploads\/2022\/10\/Methodologie-de-la-recherche-en-sciences-de-leducation-et-de-la-formation.jpg\" \/>\n\t<meta property=\"og:image:width\" content=\"300\" \/>\n\t<meta property=\"og:image:height\" content=\"450\" \/>\n\t<meta property=\"og:image:type\" content=\"image\/jpeg\" \/>\n<meta name=\"twitter:card\" content=\"summary_large_image\" \/>\n<meta name=\"twitter:label1\" content=\"Est. reading time\" \/>\n\t<meta name=\"twitter:data1\" content=\"1 minute\" \/>\n<script type=\"application\/ld+json\" class=\"yoast-schema-graph\">{\"@context\":\"https:\/\/schema.org\",\"@graph\":[{\"@type\":\"WebPage\",\"@id\":\"https:\/\/www.istegroup.com\/fr\/produit\/methodologie-de-la-recherche-en-sciences-de-leducation-et-de-la-formation\/\",\"url\":\"https:\/\/www.istegroup.com\/fr\/produit\/methodologie-de-la-recherche-en-sciences-de-leducation-et-de-la-formation\/\",\"name\":\"M\u00e9thodologie de la recherche en sciences de l\u2019\u00e9ducation et de la formation - ISTE Group\",\"isPartOf\":{\"@id\":\"https:\/\/www.istegroup.com\/#website\"},\"primaryImageOfPage\":{\"@id\":\"https:\/\/www.istegroup.com\/fr\/produit\/methodologie-de-la-recherche-en-sciences-de-leducation-et-de-la-formation\/#primaryimage\"},\"image\":{\"@id\":\"https:\/\/www.istegroup.com\/fr\/produit\/methodologie-de-la-recherche-en-sciences-de-leducation-et-de-la-formation\/#primaryimage\"},\"thumbnailUrl\":\"https:\/\/www.istegroup.com\/wp-content\/uploads\/2022\/10\/Methodologie-de-la-recherche-en-sciences-de-leducation-et-de-la-formation.jpg\",\"datePublished\":\"2022-10-19T13:57:06+00:00\",\"dateModified\":\"2024-01-03T13:46:35+00:00\",\"breadcrumb\":{\"@id\":\"https:\/\/www.istegroup.com\/fr\/produit\/methodologie-de-la-recherche-en-sciences-de-leducation-et-de-la-formation\/#breadcrumb\"},\"inLanguage\":\"fr-FR\",\"potentialAction\":[{\"@type\":\"ReadAction\",\"target\":[\"https:\/\/www.istegroup.com\/fr\/produit\/methodologie-de-la-recherche-en-sciences-de-leducation-et-de-la-formation\/\"]}]},{\"@type\":\"ImageObject\",\"inLanguage\":\"fr-FR\",\"@id\":\"https:\/\/www.istegroup.com\/fr\/produit\/methodologie-de-la-recherche-en-sciences-de-leducation-et-de-la-formation\/#primaryimage\",\"url\":\"https:\/\/www.istegroup.com\/wp-content\/uploads\/2022\/10\/Methodologie-de-la-recherche-en-sciences-de-leducation-et-de-la-formation.jpg\",\"contentUrl\":\"https:\/\/www.istegroup.com\/wp-content\/uploads\/2022\/10\/Methodologie-de-la-recherche-en-sciences-de-leducation-et-de-la-formation.jpg\",\"width\":300,\"height\":450,\"caption\":\"Livre scientifique - M\u00e9thodologie de la recherche en sciences de l'\u00e9ducation et de la formation - Carole Daverne-Bailly, Richard Wittorski\"},{\"@type\":\"BreadcrumbList\",\"@id\":\"https:\/\/www.istegroup.com\/fr\/produit\/methodologie-de-la-recherche-en-sciences-de-leducation-et-de-la-formation\/#breadcrumb\",\"itemListElement\":[{\"@type\":\"ListItem\",\"position\":1,\"name\":\"Home\",\"item\":\"https:\/\/www.istegroup.com\/\"},{\"@type\":\"ListItem\",\"position\":2,\"name\":\"Shop\",\"item\":\"https:\/\/www.istegroup.com\/fr\/nouveautes\/\"},{\"@type\":\"ListItem\",\"position\":3,\"name\":\"M\u00e9thodologie de la recherche en sciences de l\u2019\u00e9ducation et de la formation\"}]},{\"@type\":\"WebSite\",\"@id\":\"https:\/\/www.istegroup.com\/#website\",\"url\":\"https:\/\/www.istegroup.com\/\",\"name\":\"ISTE Group\",\"description\":\"\u00c9diteur des Sciences\",\"potentialAction\":[{\"@type\":\"SearchAction\",\"target\":{\"@type\":\"EntryPoint\",\"urlTemplate\":\"https:\/\/www.istegroup.com\/?s={search_term_string}\"},\"query-input\":{\"@type\":\"PropertyValueSpecification\",\"valueRequired\":true,\"valueName\":\"search_term_string\"}}],\"inLanguage\":\"fr-FR\"}]}<\/script>\n<!-- \/ Yoast SEO plugin. -->","yoast_head_json":{"title":"M\u00e9thodologie de la recherche en sciences de l\u2019\u00e9ducation et de la formation - ISTE Group","robots":{"index":"index","follow":"follow","max-snippet":"max-snippet:-1","max-image-preview":"max-image-preview:large","max-video-preview":"max-video-preview:-1"},"canonical":"https:\/\/www.istegroup.com\/fr\/produit\/methodologie-de-la-recherche-en-sciences-de-leducation-et-de-la-formation\/","og_locale":"fr_FR","og_type":"article","og_title":"M\u00e9thodologie de la recherche en sciences de l\u2019\u00e9ducation et de la formation - ISTE Group","og_description":"M\u00e9thodologie de la recherche en sciences de l\u2019\u00e9ducation et de la formation invite le lecteur \u00e0 voir autrement le monde qui l\u2019entoure, c&rsquo;est-\u00e0-dire \u00e0 ne pas consid\u00e9rer ce qu\u2019il vit et exp\u00e9rimente comme une simple r\u00e9alit\u00e9. L\u2019engagement dans une d\u00e9marche de recherche supposant l\u2019adoption d\u2019une posture adapt\u00e9e, l&rsquo;ouvrage pr\u00e9cise la fa\u00e7on dont se r\u00e9alise une [&hellip;]","og_url":"https:\/\/www.istegroup.com\/fr\/produit\/methodologie-de-la-recherche-en-sciences-de-leducation-et-de-la-formation\/","og_site_name":"ISTE Group","article_modified_time":"2024-01-03T13:46:35+00:00","og_image":[{"width":300,"height":450,"url":"https:\/\/www.istegroup.com\/wp-content\/uploads\/2022\/10\/Methodologie-de-la-recherche-en-sciences-de-leducation-et-de-la-formation.jpg","type":"image\/jpeg"}],"twitter_card":"summary_large_image","twitter_misc":{"Est. reading time":"1 minute"},"schema":{"@context":"https:\/\/schema.org","@graph":[{"@type":"WebPage","@id":"https:\/\/www.istegroup.com\/fr\/produit\/methodologie-de-la-recherche-en-sciences-de-leducation-et-de-la-formation\/","url":"https:\/\/www.istegroup.com\/fr\/produit\/methodologie-de-la-recherche-en-sciences-de-leducation-et-de-la-formation\/","name":"M\u00e9thodologie de la recherche en sciences de l\u2019\u00e9ducation et de la formation - ISTE Group","isPartOf":{"@id":"https:\/\/www.istegroup.com\/#website"},"primaryImageOfPage":{"@id":"https:\/\/www.istegroup.com\/fr\/produit\/methodologie-de-la-recherche-en-sciences-de-leducation-et-de-la-formation\/#primaryimage"},"image":{"@id":"https:\/\/www.istegroup.com\/fr\/produit\/methodologie-de-la-recherche-en-sciences-de-leducation-et-de-la-formation\/#primaryimage"},"thumbnailUrl":"https:\/\/www.istegroup.com\/wp-content\/uploads\/2022\/10\/Methodologie-de-la-recherche-en-sciences-de-leducation-et-de-la-formation.jpg","datePublished":"2022-10-19T13:57:06+00:00","dateModified":"2024-01-03T13:46:35+00:00","breadcrumb":{"@id":"https:\/\/www.istegroup.com\/fr\/produit\/methodologie-de-la-recherche-en-sciences-de-leducation-et-de-la-formation\/#breadcrumb"},"inLanguage":"fr-FR","potentialAction":[{"@type":"ReadAction","target":["https:\/\/www.istegroup.com\/fr\/produit\/methodologie-de-la-recherche-en-sciences-de-leducation-et-de-la-formation\/"]}]},{"@type":"ImageObject","inLanguage":"fr-FR","@id":"https:\/\/www.istegroup.com\/fr\/produit\/methodologie-de-la-recherche-en-sciences-de-leducation-et-de-la-formation\/#primaryimage","url":"https:\/\/www.istegroup.com\/wp-content\/uploads\/2022\/10\/Methodologie-de-la-recherche-en-sciences-de-leducation-et-de-la-formation.jpg","contentUrl":"https:\/\/www.istegroup.com\/wp-content\/uploads\/2022\/10\/Methodologie-de-la-recherche-en-sciences-de-leducation-et-de-la-formation.jpg","width":300,"height":450,"caption":"Livre scientifique - M\u00e9thodologie de la recherche en sciences de l'\u00e9ducation et de la formation - Carole Daverne-Bailly, Richard Wittorski"},{"@type":"BreadcrumbList","@id":"https:\/\/www.istegroup.com\/fr\/produit\/methodologie-de-la-recherche-en-sciences-de-leducation-et-de-la-formation\/#breadcrumb","itemListElement":[{"@type":"ListItem","position":1,"name":"Home","item":"https:\/\/www.istegroup.com\/"},{"@type":"ListItem","position":2,"name":"Shop","item":"https:\/\/www.istegroup.com\/fr\/nouveautes\/"},{"@type":"ListItem","position":3,"name":"M\u00e9thodologie de la recherche en sciences de l\u2019\u00e9ducation et de la formation"}]},{"@type":"WebSite","@id":"https:\/\/www.istegroup.com\/#website","url":"https:\/\/www.istegroup.com\/","name":"ISTE Group","description":"\u00c9diteur des Sciences","potentialAction":[{"@type":"SearchAction","target":{"@type":"EntryPoint","urlTemplate":"https:\/\/www.istegroup.com\/?s={search_term_string}"},"query-input":{"@type":"PropertyValueSpecification","valueRequired":true,"valueName":"search_term_string"}}],"inLanguage":"fr-FR"}]}},"_links":{"self":[{"href":"https:\/\/www.istegroup.com\/fr\/wp-json\/wp\/v2\/product\/48450","targetHints":{"allow":["GET"]}}],"collection":[{"href":"https:\/\/www.istegroup.com\/fr\/wp-json\/wp\/v2\/product"}],"about":[{"href":"https:\/\/www.istegroup.com\/fr\/wp-json\/wp\/v2\/types\/product"}],"wp:featuredmedia":[{"embeddable":true,"href":"https:\/\/www.istegroup.com\/fr\/wp-json\/wp\/v2\/media\/48463"}],"wp:attachment":[{"href":"https:\/\/www.istegroup.com\/fr\/wp-json\/wp\/v2\/media?parent=48450"}],"wp:term":[{"taxonomy":"product_brand","embeddable":true,"href":"https:\/\/www.istegroup.com\/fr\/wp-json\/wp\/v2\/product_brand?post=48450"},{"taxonomy":"product_cat","embeddable":true,"href":"https:\/\/www.istegroup.com\/fr\/wp-json\/wp\/v2\/product_cat?post=48450"},{"taxonomy":"product_tag","embeddable":true,"href":"https:\/\/www.istegroup.com\/fr\/wp-json\/wp\/v2\/product_tag?post=48450"}],"curies":[{"name":"wp","href":"https:\/\/api.w.org\/{rel}","templated":true}]}}