{"id":483,"date":"2017-04-17T14:57:42","date_gmt":"2017-04-17T12:57:42","guid":{"rendered":"https:\/\/iste.yhello.co\/product\/mecanique-des-solides-divises\/"},"modified":"2024-01-03T13:40:16","modified_gmt":"2024-01-03T13:40:16","slug":"mecanique-des-solides-divises","status":"publish","type":"product","link":"https:\/\/www.istegroup.com\/fr\/produit\/mecanique-des-solides-divises\/","title":{"rendered":"M\u00e9canique des solides divis\u00e9s"},"content":{"rendered":"<p><\/p>\n<p style=\"text-align: left\"><em>M\u00e9canique des solides divis\u00e9s<\/em>\u00a0d\u00e9crit le d\u00e9placement d\u2019un solide divis\u00e9 ainsi que les contraintes existant au sein du solide au cours du d\u00e9placement et \u00e0 l\u2019arr\u00eat. Les d\u00e9placements superficiels du solide divis\u00e9 \u2013 \u00e9talement d\u2019une marche de sable ou structure d\u2019une arr\u00eate de sable \u2013 sont \u00e9tudi\u00e9s.<\/p>\n<p>La repr\u00e9sentation de Mohr et la m\u00e9thode des caract\u00e9ristiques sont utilis\u00e9es. Elles fournissent des r\u00e9sultats simples sur la r\u00e9partition des contraintes. La m\u00e9thode des particules distinctes permet la simulation sur ordinateur du mouvement d\u2019un solide divis\u00e9. La densification des poudres (compactage, pressage) est \u00e9galement d\u00e9taill\u00e9e ainsi que l\u2019agglom\u00e9ration par roulement.<\/p>","protected":false},"excerpt":{"rendered":"<p>M\u00e9canique des solides divis\u00e9s\u00a0d\u00e9crit le d\u00e9placement d\u2019un solide divis\u00e9 ainsi que les contraintes existant au sein du solide au cours du d\u00e9placement et \u00e0 l\u2019arr\u00eat. Les d\u00e9placements superficiels du solide divis\u00e9 \u2013 \u00e9talement d\u2019une marche de sable ou structure d\u2019une arr\u00eate de sable \u2013 sont \u00e9tudi\u00e9s. La repr\u00e9sentation de Mohr et la m\u00e9thode des caract\u00e9ristiques [&hellip;]<\/p>\n","protected":false},"featured_media":484,"template":"","meta":{"_acf_changed":false,"_links_to":"","_links_to_target":""},"product_brand":[],"product_cat":[663,675,691],"product_tag":[31,18,19,218,20,248,21,22,250,26,27,208,161,259,258,28,29,260,261,253,262],"class_list":{"0":"post-483","1":"product","2":"type-product","3":"status-publish","4":"has-post-thumbnail","6":"product_cat-gnie-des-procds-12506436","7":"product_cat-nouveauts-12519446","8":"product_cat-srie-equipements-industriels-pour-le-gnie-des-procds-408089489","9":"product_tag-ebook","10":"product_tag-edition-scientifique","11":"product_tag-editions-francaise","12":"product_tag-editions-ouvrage","13":"product_tag-editions-technique","14":"product_tag-industriel","15":"product_tag-iste-group","16":"product_tag-istegroup","17":"product_tag-jean-paul-duroudier","18":"product_tag-livre-scientifique-francais","19":"product_tag-livre-technique-francais","20":"product_tag-livres-scientifique","21":"product_tag-mecanique","22":"product_tag-mecanique-des-solides-divises","23":"product_tag-mohr","24":"product_tag-ouvrage-scientifique-francais","25":"product_tag-ouvrage-technique","26":"product_tag-solides","27":"product_tag-solides-divises","28":"product_tag-technologie","29":"product_tag-technologies","31":"first","32":"instock","33":"shipping-taxable","34":"purchasable","35":"product-type-variable"},"acf":[],"yoast_head":"<!-- This site is optimized with the Yoast SEO plugin v27.2 - https:\/\/yoast.com\/product\/yoast-seo-wordpress\/ -->\n<title>M\u00e9canique des solides divis\u00e9s - ISTE Group<\/title>\n<meta name=\"description\" content=\"M\u00e9canique des solides divis\u00e9s\u00a0d\u00e9crit le d\u00e9placement d\u2019un solide divis\u00e9 ainsi que les contraintes existant au sein du solide au cours du d\u00e9placement et \u00e0 l\u2019arr\u00eat.\" \/>\n<meta name=\"robots\" content=\"index, follow, max-snippet:-1, max-image-preview:large, max-video-preview:-1\" \/>\n<link rel=\"canonical\" href=\"https:\/\/www.istegroup.com\/en\/produit\/mecanique-des-solides-divises\/\" \/>\n<meta property=\"og:locale\" content=\"fr_FR\" \/>\n<meta property=\"og:type\" content=\"article\" \/>\n<meta property=\"og:title\" content=\"M\u00e9canique des solides divis\u00e9s - ISTE Group\" \/>\n<meta property=\"og:description\" content=\"M\u00e9canique des solides divis\u00e9s\u00a0d\u00e9crit le d\u00e9placement d\u2019un solide divis\u00e9 ainsi que les contraintes existant au sein du solide au cours du d\u00e9placement et \u00e0 l\u2019arr\u00eat.\" \/>\n<meta property=\"og:url\" content=\"https:\/\/www.istegroup.com\/en\/produit\/mecanique-des-solides-divises\/\" \/>\n<meta property=\"og:site_name\" content=\"ISTE Group\" \/>\n<meta property=\"article:modified_time\" content=\"2024-01-03T13:40:16+00:00\" \/>\n<meta property=\"og:image\" content=\"https:\/\/www.istegroup.com\/wp-content\/uploads\/2017\/07\/19423170513_8756203281-1.jpg\" \/>\n\t<meta property=\"og:image:width\" content=\"1362\" \/>\n\t<meta property=\"og:image:height\" content=\"2048\" \/>\n\t<meta property=\"og:image:type\" content=\"image\/jpeg\" \/>\n<meta name=\"twitter:card\" content=\"summary_large_image\" \/>\n<meta name=\"twitter:label1\" content=\"Est. reading time\" \/>\n\t<meta name=\"twitter:data1\" content=\"1 minute\" \/>\n<script type=\"application\/ld+json\" class=\"yoast-schema-graph\">{\"@context\":\"https:\/\/schema.org\",\"@graph\":[{\"@type\":\"WebPage\",\"@id\":\"https:\/\/www.istegroup.com\/en\/produit\/mecanique-des-solides-divises\/\",\"url\":\"https:\/\/www.istegroup.com\/en\/produit\/mecanique-des-solides-divises\/\",\"name\":\"M\u00e9canique des solides divis\u00e9s - ISTE Group\",\"isPartOf\":{\"@id\":\"https:\/\/www.istegroup.com\/#website\"},\"primaryImageOfPage\":{\"@id\":\"https:\/\/www.istegroup.com\/en\/produit\/mecanique-des-solides-divises\/#primaryimage\"},\"image\":{\"@id\":\"https:\/\/www.istegroup.com\/en\/produit\/mecanique-des-solides-divises\/#primaryimage\"},\"thumbnailUrl\":\"https:\/\/www.istegroup.com\/wp-content\/uploads\/2017\/07\/19423170513_8756203281-1.jpg\",\"datePublished\":\"2017-04-17T12:57:42+00:00\",\"dateModified\":\"2024-01-03T13:40:16+00:00\",\"description\":\"M\u00e9canique des solides divis\u00e9s\u00a0d\u00e9crit le d\u00e9placement d\u2019un solide divis\u00e9 ainsi que les contraintes existant au sein du solide au cours du d\u00e9placement et \u00e0 l\u2019arr\u00eat.\",\"breadcrumb\":{\"@id\":\"https:\/\/www.istegroup.com\/en\/produit\/mecanique-des-solides-divises\/#breadcrumb\"},\"inLanguage\":\"fr-FR\",\"potentialAction\":[{\"@type\":\"ReadAction\",\"target\":[\"https:\/\/www.istegroup.com\/en\/produit\/mecanique-des-solides-divises\/\"]}]},{\"@type\":\"ImageObject\",\"inLanguage\":\"fr-FR\",\"@id\":\"https:\/\/www.istegroup.com\/en\/produit\/mecanique-des-solides-divises\/#primaryimage\",\"url\":\"https:\/\/www.istegroup.com\/wp-content\/uploads\/2017\/07\/19423170513_8756203281-1.jpg\",\"contentUrl\":\"https:\/\/www.istegroup.com\/wp-content\/uploads\/2017\/07\/19423170513_8756203281-1.jpg\",\"width\":1362,\"height\":2048,\"caption\":\"M\u00e9canique des solides divis\u00e9s\"},{\"@type\":\"BreadcrumbList\",\"@id\":\"https:\/\/www.istegroup.com\/en\/produit\/mecanique-des-solides-divises\/#breadcrumb\",\"itemListElement\":[{\"@type\":\"ListItem\",\"position\":1,\"name\":\"Home\",\"item\":\"https:\/\/www.istegroup.com\/\"},{\"@type\":\"ListItem\",\"position\":2,\"name\":\"Shop\",\"item\":\"https:\/\/www.istegroup.com\/fr\/nouveautes\/\"},{\"@type\":\"ListItem\",\"position\":3,\"name\":\"M\u00e9canique des solides divis\u00e9s\"}]},{\"@type\":\"WebSite\",\"@id\":\"https:\/\/www.istegroup.com\/#website\",\"url\":\"https:\/\/www.istegroup.com\/\",\"name\":\"ISTE Group\",\"description\":\"\u00c9diteur des Sciences\",\"potentialAction\":[{\"@type\":\"SearchAction\",\"target\":{\"@type\":\"EntryPoint\",\"urlTemplate\":\"https:\/\/www.istegroup.com\/?s={search_term_string}\"},\"query-input\":{\"@type\":\"PropertyValueSpecification\",\"valueRequired\":true,\"valueName\":\"search_term_string\"}}],\"inLanguage\":\"fr-FR\"}]}<\/script>\n<!-- \/ Yoast SEO plugin. -->","yoast_head_json":{"title":"M\u00e9canique des solides divis\u00e9s - ISTE Group","description":"M\u00e9canique des solides divis\u00e9s\u00a0d\u00e9crit le d\u00e9placement d\u2019un solide divis\u00e9 ainsi que les contraintes existant au sein du solide au cours du d\u00e9placement et \u00e0 l\u2019arr\u00eat.","robots":{"index":"index","follow":"follow","max-snippet":"max-snippet:-1","max-image-preview":"max-image-preview:large","max-video-preview":"max-video-preview:-1"},"canonical":"https:\/\/www.istegroup.com\/en\/produit\/mecanique-des-solides-divises\/","og_locale":"fr_FR","og_type":"article","og_title":"M\u00e9canique des solides divis\u00e9s - ISTE Group","og_description":"M\u00e9canique des solides divis\u00e9s\u00a0d\u00e9crit le d\u00e9placement d\u2019un solide divis\u00e9 ainsi que les contraintes existant au sein du solide au cours du d\u00e9placement et \u00e0 l\u2019arr\u00eat.","og_url":"https:\/\/www.istegroup.com\/en\/produit\/mecanique-des-solides-divises\/","og_site_name":"ISTE Group","article_modified_time":"2024-01-03T13:40:16+00:00","og_image":[{"width":1362,"height":2048,"url":"https:\/\/www.istegroup.com\/wp-content\/uploads\/2017\/07\/19423170513_8756203281-1.jpg","type":"image\/jpeg"}],"twitter_card":"summary_large_image","twitter_misc":{"Est. reading time":"1 minute"},"schema":{"@context":"https:\/\/schema.org","@graph":[{"@type":"WebPage","@id":"https:\/\/www.istegroup.com\/en\/produit\/mecanique-des-solides-divises\/","url":"https:\/\/www.istegroup.com\/en\/produit\/mecanique-des-solides-divises\/","name":"M\u00e9canique des solides divis\u00e9s - ISTE Group","isPartOf":{"@id":"https:\/\/www.istegroup.com\/#website"},"primaryImageOfPage":{"@id":"https:\/\/www.istegroup.com\/en\/produit\/mecanique-des-solides-divises\/#primaryimage"},"image":{"@id":"https:\/\/www.istegroup.com\/en\/produit\/mecanique-des-solides-divises\/#primaryimage"},"thumbnailUrl":"https:\/\/www.istegroup.com\/wp-content\/uploads\/2017\/07\/19423170513_8756203281-1.jpg","datePublished":"2017-04-17T12:57:42+00:00","dateModified":"2024-01-03T13:40:16+00:00","description":"M\u00e9canique des solides divis\u00e9s\u00a0d\u00e9crit le d\u00e9placement d\u2019un solide divis\u00e9 ainsi que les contraintes existant au sein du solide au cours du d\u00e9placement et \u00e0 l\u2019arr\u00eat.","breadcrumb":{"@id":"https:\/\/www.istegroup.com\/en\/produit\/mecanique-des-solides-divises\/#breadcrumb"},"inLanguage":"fr-FR","potentialAction":[{"@type":"ReadAction","target":["https:\/\/www.istegroup.com\/en\/produit\/mecanique-des-solides-divises\/"]}]},{"@type":"ImageObject","inLanguage":"fr-FR","@id":"https:\/\/www.istegroup.com\/en\/produit\/mecanique-des-solides-divises\/#primaryimage","url":"https:\/\/www.istegroup.com\/wp-content\/uploads\/2017\/07\/19423170513_8756203281-1.jpg","contentUrl":"https:\/\/www.istegroup.com\/wp-content\/uploads\/2017\/07\/19423170513_8756203281-1.jpg","width":1362,"height":2048,"caption":"M\u00e9canique des solides divis\u00e9s"},{"@type":"BreadcrumbList","@id":"https:\/\/www.istegroup.com\/en\/produit\/mecanique-des-solides-divises\/#breadcrumb","itemListElement":[{"@type":"ListItem","position":1,"name":"Home","item":"https:\/\/www.istegroup.com\/"},{"@type":"ListItem","position":2,"name":"Shop","item":"https:\/\/www.istegroup.com\/fr\/nouveautes\/"},{"@type":"ListItem","position":3,"name":"M\u00e9canique des solides divis\u00e9s"}]},{"@type":"WebSite","@id":"https:\/\/www.istegroup.com\/#website","url":"https:\/\/www.istegroup.com\/","name":"ISTE Group","description":"\u00c9diteur des Sciences","potentialAction":[{"@type":"SearchAction","target":{"@type":"EntryPoint","urlTemplate":"https:\/\/www.istegroup.com\/?s={search_term_string}"},"query-input":{"@type":"PropertyValueSpecification","valueRequired":true,"valueName":"search_term_string"}}],"inLanguage":"fr-FR"}]}},"_links":{"self":[{"href":"https:\/\/www.istegroup.com\/fr\/wp-json\/wp\/v2\/product\/483","targetHints":{"allow":["GET"]}}],"collection":[{"href":"https:\/\/www.istegroup.com\/fr\/wp-json\/wp\/v2\/product"}],"about":[{"href":"https:\/\/www.istegroup.com\/fr\/wp-json\/wp\/v2\/types\/product"}],"wp:featuredmedia":[{"embeddable":true,"href":"https:\/\/www.istegroup.com\/fr\/wp-json\/wp\/v2\/media\/484"}],"wp:attachment":[{"href":"https:\/\/www.istegroup.com\/fr\/wp-json\/wp\/v2\/media?parent=483"}],"wp:term":[{"taxonomy":"product_brand","embeddable":true,"href":"https:\/\/www.istegroup.com\/fr\/wp-json\/wp\/v2\/product_brand?post=483"},{"taxonomy":"product_cat","embeddable":true,"href":"https:\/\/www.istegroup.com\/fr\/wp-json\/wp\/v2\/product_cat?post=483"},{"taxonomy":"product_tag","embeddable":true,"href":"https:\/\/www.istegroup.com\/fr\/wp-json\/wp\/v2\/product_tag?post=483"}],"curies":[{"name":"wp","href":"https:\/\/api.w.org\/{rel}","templated":true}]}}