{"id":48114,"date":"2022-09-16T10:29:46","date_gmt":"2022-09-16T09:29:46","guid":{"rendered":"https:\/\/www.istegroup.com\/?post_type=product&#038;p=48114"},"modified":"2024-01-03T13:46:32","modified_gmt":"2024-01-03T13:46:32","slug":"vers-la-securite-4-0-des-procedes-de-lusine-du-futur","status":"publish","type":"product","link":"https:\/\/www.istegroup.com\/fr\/produit\/vers-la-securite-4-0-des-procedes-de-lusine-du-futur\/","title":{"rendered":"Vers la s\u00e9curit\u00e9 4.0 des proc\u00e9d\u00e9s de l\u2019usine du futur"},"content":{"rendered":"<p>Le d\u00e9veloppement rapide des nouvelles technologies de l\u2019industrie du futur implique une \u00e9volution majeure de la s\u00e9curit\u00e9 industrielle pour r\u00e9pondre, entre autres, aux exigences soci\u00e9tales.<\/p>\n<p><em>Vers la s\u00e9curit\u00e9 4.0 des proc\u00e9d\u00e9s de l\u2019usine du futur<\/em> pr\u00e9sente le concept de s\u00e9curit\u00e9 4.0 du point de vue de la s\u00e9curit\u00e9 des proc\u00e9d\u00e9s, de la sant\u00e9 et la s\u00e9curit\u00e9 au travail ainsi que de la cybers\u00e9curit\u00e9 des syst\u00e8mes. De nombreux exemples illustrent les diff\u00e9rentes approches des m\u00e9thodes et techniques recens\u00e9es de la s\u00e9curit\u00e9 4.0. Leurs concepts, leurs paradigmes, leurs bases de structuration, leurs couplages, leurs complexit\u00e9s et leurs failles sont syst\u00e9matiquement analys\u00e9s.<\/p>\n<p>Cette approche globale de la s\u00e9curit\u00e9 4.0 s\u2019adresse \u00e0 la grande diversit\u00e9 des acteurs de l\u2019industrie du futur.<\/p>","protected":false},"excerpt":{"rendered":"<p>Le d\u00e9veloppement rapide des nouvelles technologies de l\u2019industrie du futur implique une \u00e9volution majeure de la s\u00e9curit\u00e9 industrielle pour r\u00e9pondre, entre autres, aux exigences soci\u00e9tales. Vers la s\u00e9curit\u00e9 4.0 des proc\u00e9d\u00e9s de l\u2019usine du futur pr\u00e9sente le concept de s\u00e9curit\u00e9 4.0 du point de vue de la s\u00e9curit\u00e9 des proc\u00e9d\u00e9s, de la sant\u00e9 et la [&hellip;]<\/p>\n","protected":false},"featured_media":48120,"template":"","meta":{"_acf_changed":false,"_links_to":"","_links_to_target":""},"product_brand":[],"product_cat":[663],"product_tag":[],"class_list":{"0":"post-48114","1":"product","2":"type-product","3":"status-publish","4":"has-post-thumbnail","6":"product_cat-gnie-des-procds-12506436","8":"first","9":"instock","10":"shipping-taxable","11":"purchasable","12":"product-type-variable"},"acf":[],"yoast_head":"<!-- This site is optimized with the Yoast SEO plugin v27.2 - https:\/\/yoast.com\/product\/yoast-seo-wordpress\/ -->\n<title>Vers la s\u00e9curit\u00e9 4.0 des proc\u00e9d\u00e9s de l\u2019usine du futur - ISTE Group<\/title>\n<meta name=\"description\" content=\"Vers la s\u00e9curit\u00e9 4.0 des proc\u00e9d\u00e9s de l\u2019usine du futur pr\u00e9sente le concept de s\u00e9curit\u00e9 4.0 du point de vue de la s\u00e9curit\u00e9 des proc\u00e9d\u00e9s, de la sant\u00e9 et la s\u00e9curit\u00e9 au travail ainsi que de la cybers\u00e9curit\u00e9 des syst\u00e8mes.\" \/>\n<meta name=\"robots\" content=\"index, follow, max-snippet:-1, max-image-preview:large, max-video-preview:-1\" \/>\n<link rel=\"canonical\" href=\"https:\/\/www.istegroup.com\/en\/produit\/vers-la-securite-4-0-des-procedes-de-lusine-du-futur\/\" \/>\n<meta property=\"og:locale\" content=\"fr_FR\" \/>\n<meta property=\"og:type\" content=\"article\" \/>\n<meta property=\"og:title\" content=\"Vers la s\u00e9curit\u00e9 4.0 des proc\u00e9d\u00e9s de l\u2019usine du futur - ISTE Group\" \/>\n<meta property=\"og:description\" content=\"Vers la s\u00e9curit\u00e9 4.0 des proc\u00e9d\u00e9s de l\u2019usine du futur pr\u00e9sente le concept de s\u00e9curit\u00e9 4.0 du point de vue de la s\u00e9curit\u00e9 des proc\u00e9d\u00e9s, de la sant\u00e9 et la s\u00e9curit\u00e9 au travail ainsi que de la cybers\u00e9curit\u00e9 des syst\u00e8mes.\" \/>\n<meta property=\"og:url\" content=\"https:\/\/www.istegroup.com\/en\/produit\/vers-la-securite-4-0-des-procedes-de-lusine-du-futur\/\" \/>\n<meta property=\"og:site_name\" content=\"ISTE Group\" \/>\n<meta property=\"article:modified_time\" content=\"2024-01-03T13:46:32+00:00\" \/>\n<meta property=\"og:image\" content=\"https:\/\/www.istegroup.com\/wp-content\/uploads\/2022\/09\/Vers-la-securite-4.0-des-procedes-de-lusine-du-futur.jpg\" \/>\n\t<meta property=\"og:image:width\" content=\"596\" \/>\n\t<meta property=\"og:image:height\" content=\"898\" \/>\n\t<meta property=\"og:image:type\" content=\"image\/jpeg\" \/>\n<meta name=\"twitter:card\" content=\"summary_large_image\" \/>\n<meta name=\"twitter:label1\" content=\"Est. reading time\" \/>\n\t<meta name=\"twitter:data1\" content=\"1 minute\" \/>\n<script type=\"application\/ld+json\" class=\"yoast-schema-graph\">{\"@context\":\"https:\/\/schema.org\",\"@graph\":[{\"@type\":\"WebPage\",\"@id\":\"https:\/\/www.istegroup.com\/en\/produit\/vers-la-securite-4-0-des-procedes-de-lusine-du-futur\/\",\"url\":\"https:\/\/www.istegroup.com\/en\/produit\/vers-la-securite-4-0-des-procedes-de-lusine-du-futur\/\",\"name\":\"Vers la s\u00e9curit\u00e9 4.0 des proc\u00e9d\u00e9s de l\u2019usine du futur - ISTE Group\",\"isPartOf\":{\"@id\":\"https:\/\/www.istegroup.com\/#website\"},\"primaryImageOfPage\":{\"@id\":\"https:\/\/www.istegroup.com\/en\/produit\/vers-la-securite-4-0-des-procedes-de-lusine-du-futur\/#primaryimage\"},\"image\":{\"@id\":\"https:\/\/www.istegroup.com\/en\/produit\/vers-la-securite-4-0-des-procedes-de-lusine-du-futur\/#primaryimage\"},\"thumbnailUrl\":\"https:\/\/www.istegroup.com\/wp-content\/uploads\/2022\/09\/Vers-la-securite-4.0-des-procedes-de-lusine-du-futur.jpg\",\"datePublished\":\"2022-09-16T09:29:46+00:00\",\"dateModified\":\"2024-01-03T13:46:32+00:00\",\"description\":\"Vers la s\u00e9curit\u00e9 4.0 des proc\u00e9d\u00e9s de l\u2019usine du futur pr\u00e9sente le concept de s\u00e9curit\u00e9 4.0 du point de vue de la s\u00e9curit\u00e9 des proc\u00e9d\u00e9s, de la sant\u00e9 et la s\u00e9curit\u00e9 au travail ainsi que de la cybers\u00e9curit\u00e9 des syst\u00e8mes.\",\"breadcrumb\":{\"@id\":\"https:\/\/www.istegroup.com\/en\/produit\/vers-la-securite-4-0-des-procedes-de-lusine-du-futur\/#breadcrumb\"},\"inLanguage\":\"fr-FR\",\"potentialAction\":[{\"@type\":\"ReadAction\",\"target\":[\"https:\/\/www.istegroup.com\/en\/produit\/vers-la-securite-4-0-des-procedes-de-lusine-du-futur\/\"]}]},{\"@type\":\"ImageObject\",\"inLanguage\":\"fr-FR\",\"@id\":\"https:\/\/www.istegroup.com\/en\/produit\/vers-la-securite-4-0-des-procedes-de-lusine-du-futur\/#primaryimage\",\"url\":\"https:\/\/www.istegroup.com\/wp-content\/uploads\/2022\/09\/Vers-la-securite-4.0-des-procedes-de-lusine-du-futur.jpg\",\"contentUrl\":\"https:\/\/www.istegroup.com\/wp-content\/uploads\/2022\/09\/Vers-la-securite-4.0-des-procedes-de-lusine-du-futur.jpg\",\"width\":596,\"height\":898,\"caption\":\"Livre scientifique - Vers la s\u00e9curit\u00e9 4.0 des proc\u00e9d\u00e9s de l\u2019usine du futur - Andr\u00e9 Laurent\"},{\"@type\":\"BreadcrumbList\",\"@id\":\"https:\/\/www.istegroup.com\/en\/produit\/vers-la-securite-4-0-des-procedes-de-lusine-du-futur\/#breadcrumb\",\"itemListElement\":[{\"@type\":\"ListItem\",\"position\":1,\"name\":\"Home\",\"item\":\"https:\/\/www.istegroup.com\/\"},{\"@type\":\"ListItem\",\"position\":2,\"name\":\"Shop\",\"item\":\"https:\/\/www.istegroup.com\/fr\/nouveautes\/\"},{\"@type\":\"ListItem\",\"position\":3,\"name\":\"Vers la s\u00e9curit\u00e9 4.0 des proc\u00e9d\u00e9s de l\u2019usine du futur\"}]},{\"@type\":\"WebSite\",\"@id\":\"https:\/\/www.istegroup.com\/#website\",\"url\":\"https:\/\/www.istegroup.com\/\",\"name\":\"ISTE Group\",\"description\":\"\u00c9diteur des Sciences\",\"potentialAction\":[{\"@type\":\"SearchAction\",\"target\":{\"@type\":\"EntryPoint\",\"urlTemplate\":\"https:\/\/www.istegroup.com\/?s={search_term_string}\"},\"query-input\":{\"@type\":\"PropertyValueSpecification\",\"valueRequired\":true,\"valueName\":\"search_term_string\"}}],\"inLanguage\":\"fr-FR\"}]}<\/script>\n<!-- \/ Yoast SEO plugin. -->","yoast_head_json":{"title":"Vers la s\u00e9curit\u00e9 4.0 des proc\u00e9d\u00e9s de l\u2019usine du futur - ISTE Group","description":"Vers la s\u00e9curit\u00e9 4.0 des proc\u00e9d\u00e9s de l\u2019usine du futur pr\u00e9sente le concept de s\u00e9curit\u00e9 4.0 du point de vue de la s\u00e9curit\u00e9 des proc\u00e9d\u00e9s, de la sant\u00e9 et la s\u00e9curit\u00e9 au travail ainsi que de la cybers\u00e9curit\u00e9 des syst\u00e8mes.","robots":{"index":"index","follow":"follow","max-snippet":"max-snippet:-1","max-image-preview":"max-image-preview:large","max-video-preview":"max-video-preview:-1"},"canonical":"https:\/\/www.istegroup.com\/en\/produit\/vers-la-securite-4-0-des-procedes-de-lusine-du-futur\/","og_locale":"fr_FR","og_type":"article","og_title":"Vers la s\u00e9curit\u00e9 4.0 des proc\u00e9d\u00e9s de l\u2019usine du futur - ISTE Group","og_description":"Vers la s\u00e9curit\u00e9 4.0 des proc\u00e9d\u00e9s de l\u2019usine du futur pr\u00e9sente le concept de s\u00e9curit\u00e9 4.0 du point de vue de la s\u00e9curit\u00e9 des proc\u00e9d\u00e9s, de la sant\u00e9 et la s\u00e9curit\u00e9 au travail ainsi que de la cybers\u00e9curit\u00e9 des syst\u00e8mes.","og_url":"https:\/\/www.istegroup.com\/en\/produit\/vers-la-securite-4-0-des-procedes-de-lusine-du-futur\/","og_site_name":"ISTE Group","article_modified_time":"2024-01-03T13:46:32+00:00","og_image":[{"width":596,"height":898,"url":"https:\/\/www.istegroup.com\/wp-content\/uploads\/2022\/09\/Vers-la-securite-4.0-des-procedes-de-lusine-du-futur.jpg","type":"image\/jpeg"}],"twitter_card":"summary_large_image","twitter_misc":{"Est. reading time":"1 minute"},"schema":{"@context":"https:\/\/schema.org","@graph":[{"@type":"WebPage","@id":"https:\/\/www.istegroup.com\/en\/produit\/vers-la-securite-4-0-des-procedes-de-lusine-du-futur\/","url":"https:\/\/www.istegroup.com\/en\/produit\/vers-la-securite-4-0-des-procedes-de-lusine-du-futur\/","name":"Vers la s\u00e9curit\u00e9 4.0 des proc\u00e9d\u00e9s de l\u2019usine du futur - ISTE Group","isPartOf":{"@id":"https:\/\/www.istegroup.com\/#website"},"primaryImageOfPage":{"@id":"https:\/\/www.istegroup.com\/en\/produit\/vers-la-securite-4-0-des-procedes-de-lusine-du-futur\/#primaryimage"},"image":{"@id":"https:\/\/www.istegroup.com\/en\/produit\/vers-la-securite-4-0-des-procedes-de-lusine-du-futur\/#primaryimage"},"thumbnailUrl":"https:\/\/www.istegroup.com\/wp-content\/uploads\/2022\/09\/Vers-la-securite-4.0-des-procedes-de-lusine-du-futur.jpg","datePublished":"2022-09-16T09:29:46+00:00","dateModified":"2024-01-03T13:46:32+00:00","description":"Vers la s\u00e9curit\u00e9 4.0 des proc\u00e9d\u00e9s de l\u2019usine du futur pr\u00e9sente le concept de s\u00e9curit\u00e9 4.0 du point de vue de la s\u00e9curit\u00e9 des proc\u00e9d\u00e9s, de la sant\u00e9 et la s\u00e9curit\u00e9 au travail ainsi que de la cybers\u00e9curit\u00e9 des syst\u00e8mes.","breadcrumb":{"@id":"https:\/\/www.istegroup.com\/en\/produit\/vers-la-securite-4-0-des-procedes-de-lusine-du-futur\/#breadcrumb"},"inLanguage":"fr-FR","potentialAction":[{"@type":"ReadAction","target":["https:\/\/www.istegroup.com\/en\/produit\/vers-la-securite-4-0-des-procedes-de-lusine-du-futur\/"]}]},{"@type":"ImageObject","inLanguage":"fr-FR","@id":"https:\/\/www.istegroup.com\/en\/produit\/vers-la-securite-4-0-des-procedes-de-lusine-du-futur\/#primaryimage","url":"https:\/\/www.istegroup.com\/wp-content\/uploads\/2022\/09\/Vers-la-securite-4.0-des-procedes-de-lusine-du-futur.jpg","contentUrl":"https:\/\/www.istegroup.com\/wp-content\/uploads\/2022\/09\/Vers-la-securite-4.0-des-procedes-de-lusine-du-futur.jpg","width":596,"height":898,"caption":"Livre scientifique - Vers la s\u00e9curit\u00e9 4.0 des proc\u00e9d\u00e9s de l\u2019usine du futur - Andr\u00e9 Laurent"},{"@type":"BreadcrumbList","@id":"https:\/\/www.istegroup.com\/en\/produit\/vers-la-securite-4-0-des-procedes-de-lusine-du-futur\/#breadcrumb","itemListElement":[{"@type":"ListItem","position":1,"name":"Home","item":"https:\/\/www.istegroup.com\/"},{"@type":"ListItem","position":2,"name":"Shop","item":"https:\/\/www.istegroup.com\/fr\/nouveautes\/"},{"@type":"ListItem","position":3,"name":"Vers la s\u00e9curit\u00e9 4.0 des proc\u00e9d\u00e9s de l\u2019usine du futur"}]},{"@type":"WebSite","@id":"https:\/\/www.istegroup.com\/#website","url":"https:\/\/www.istegroup.com\/","name":"ISTE Group","description":"\u00c9diteur des Sciences","potentialAction":[{"@type":"SearchAction","target":{"@type":"EntryPoint","urlTemplate":"https:\/\/www.istegroup.com\/?s={search_term_string}"},"query-input":{"@type":"PropertyValueSpecification","valueRequired":true,"valueName":"search_term_string"}}],"inLanguage":"fr-FR"}]}},"_links":{"self":[{"href":"https:\/\/www.istegroup.com\/fr\/wp-json\/wp\/v2\/product\/48114","targetHints":{"allow":["GET"]}}],"collection":[{"href":"https:\/\/www.istegroup.com\/fr\/wp-json\/wp\/v2\/product"}],"about":[{"href":"https:\/\/www.istegroup.com\/fr\/wp-json\/wp\/v2\/types\/product"}],"wp:featuredmedia":[{"embeddable":true,"href":"https:\/\/www.istegroup.com\/fr\/wp-json\/wp\/v2\/media\/48120"}],"wp:attachment":[{"href":"https:\/\/www.istegroup.com\/fr\/wp-json\/wp\/v2\/media?parent=48114"}],"wp:term":[{"taxonomy":"product_brand","embeddable":true,"href":"https:\/\/www.istegroup.com\/fr\/wp-json\/wp\/v2\/product_brand?post=48114"},{"taxonomy":"product_cat","embeddable":true,"href":"https:\/\/www.istegroup.com\/fr\/wp-json\/wp\/v2\/product_cat?post=48114"},{"taxonomy":"product_tag","embeddable":true,"href":"https:\/\/www.istegroup.com\/fr\/wp-json\/wp\/v2\/product_tag?post=48114"}],"curies":[{"name":"wp","href":"https:\/\/api.w.org\/{rel}","templated":true}]}}