{"id":48097,"date":"2022-09-16T09:32:54","date_gmt":"2022-09-16T08:32:54","guid":{"rendered":"https:\/\/www.istegroup.com\/?post_type=product&#038;p=48097"},"modified":"2024-01-03T13:46:32","modified_gmt":"2024-01-03T13:46:32","slug":"developpement-changements-globaux-et-dynamiques-des-territoires","status":"publish","type":"product","link":"https:\/\/www.istegroup.com\/fr\/produit\/developpement-changements-globaux-et-dynamiques-des-territoires\/","title":{"rendered":"D\u00e9veloppement, changements globaux et dynamiques des territoires"},"content":{"rendered":"<p>Penser conjointement le d\u00e9veloppement et l\u2019environnement figure parmi les grands enjeux scientifiques et soci\u00e9taux du XXIe si\u00e8cle. Ce d\u00e9fi impose un d\u00e9cloisonnement disciplinaire et un renouveau \u00e9pist\u00e9mologique pour saisir les interactions entre syst\u00e8mes biophysiques et activit\u00e9s humaines dans un contexte de changements globaux.<\/p>\n<p>Cette approche est propos\u00e9e \u00e0 partir d\u2019un prisme territorial croisant \u00e9chelles d\u2019analyse et contextes, articul\u00e9 autour de divers objets g\u00e9ographiques aux Nords et aux Suds (ville, campagne, littoral, bassin versant), th\u00e9matiques (transitions \u00e9cologique, alimentaire, \u00e9nerg\u00e9tique, transport, agriculture, activit\u00e9s mini\u00e8res) et m\u00e9thodologies (approches qualitatives, quantitatives, mod\u00e9lisation, mesures <em>in situ<\/em>).<\/p>\n<p>En situant les avanc\u00e9es des recherches dans un dialogue entre les disciplines de sciences sociales et de sciences naturelles au sein de diff\u00e9rents champs, dans une diversit\u00e9 de postures et de formes de savoirs, cet ouvrage fournit des cl\u00e9s de lecture de la complexit\u00e9 d\u2019un monde globalis\u00e9 aux universitaires, \u00e9tudiants ainsi qu\u2019aux acteurs de la gestion territoriale et environnementale.<\/p>","protected":false},"excerpt":{"rendered":"<p>Penser conjointement le d\u00e9veloppement et l\u2019environnement figure parmi les grands enjeux scientifiques et soci\u00e9taux du XXIe si\u00e8cle. Ce d\u00e9fi impose un d\u00e9cloisonnement disciplinaire et un renouveau \u00e9pist\u00e9mologique pour saisir les interactions entre syst\u00e8mes biophysiques et activit\u00e9s humaines dans un contexte de changements globaux. Cette approche est propos\u00e9e \u00e0 partir d\u2019un prisme territorial croisant \u00e9chelles d\u2019analyse [&hellip;]<\/p>\n","protected":false},"featured_media":48113,"template":"","meta":{"_acf_changed":false,"_links_to":"","_links_to_target":""},"product_brand":[],"product_cat":[670],"product_tag":[],"class_list":{"0":"post-48097","1":"product","2":"type-product","3":"status-publish","4":"has-post-thumbnail","6":"product_cat-innovation-entrepreneuriat-et-gestion-11041751","8":"first","9":"instock","10":"shipping-taxable","11":"purchasable","12":"product-type-variable"},"acf":[],"yoast_head":"<!-- This site is optimized with the Yoast SEO plugin v27.2 - https:\/\/yoast.com\/product\/yoast-seo-wordpress\/ -->\n<title>D\u00e9veloppement, changements globaux et dynamiques des territoires - ISTE Group<\/title>\n<meta name=\"description\" content=\"Penser conjointement le d\u00e9veloppement et l\u2019environnement figure parmi les grands enjeux scientifiques et soci\u00e9taux du XXIe si\u00e8cle. Ce d\u00e9fi impose un d\u00e9cloisonnement disciplinaire et un renouveau \u00e9pist\u00e9mologique pour saisir les interactions entre syst\u00e8mes biophysiques et activit\u00e9s humaines dans un contexte de changements globaux.\" \/>\n<meta name=\"robots\" content=\"index, follow, max-snippet:-1, max-image-preview:large, max-video-preview:-1\" \/>\n<link rel=\"canonical\" href=\"https:\/\/www.istegroup.com\/en\/produit\/developpement-changements-globaux-et-dynamiques-des-territoires\/\" \/>\n<meta property=\"og:locale\" content=\"fr_FR\" \/>\n<meta property=\"og:type\" content=\"article\" \/>\n<meta property=\"og:title\" content=\"D\u00e9veloppement, changements globaux et dynamiques des territoires - ISTE Group\" \/>\n<meta property=\"og:description\" content=\"Penser conjointement le d\u00e9veloppement et l\u2019environnement figure parmi les grands enjeux scientifiques et soci\u00e9taux du XXIe si\u00e8cle. Ce d\u00e9fi impose un d\u00e9cloisonnement disciplinaire et un renouveau \u00e9pist\u00e9mologique pour saisir les interactions entre syst\u00e8mes biophysiques et activit\u00e9s humaines dans un contexte de changements globaux.\" \/>\n<meta property=\"og:url\" content=\"https:\/\/www.istegroup.com\/en\/produit\/developpement-changements-globaux-et-dynamiques-des-territoires\/\" \/>\n<meta property=\"og:site_name\" content=\"ISTE Group\" \/>\n<meta property=\"article:modified_time\" content=\"2024-01-03T13:46:32+00:00\" \/>\n<meta property=\"og:image\" content=\"https:\/\/www.istegroup.com\/wp-content\/uploads\/2022\/09\/Developpement-changements-globaux.jpg\" \/>\n\t<meta property=\"og:image:width\" content=\"597\" \/>\n\t<meta property=\"og:image:height\" content=\"895\" \/>\n\t<meta property=\"og:image:type\" content=\"image\/jpeg\" \/>\n<meta name=\"twitter:card\" content=\"summary_large_image\" \/>\n<meta name=\"twitter:label1\" content=\"Est. reading time\" \/>\n\t<meta name=\"twitter:data1\" content=\"1 minute\" \/>\n<script type=\"application\/ld+json\" class=\"yoast-schema-graph\">{\"@context\":\"https:\/\/schema.org\",\"@graph\":[{\"@type\":\"WebPage\",\"@id\":\"https:\/\/www.istegroup.com\/en\/produit\/developpement-changements-globaux-et-dynamiques-des-territoires\/\",\"url\":\"https:\/\/www.istegroup.com\/en\/produit\/developpement-changements-globaux-et-dynamiques-des-territoires\/\",\"name\":\"D\u00e9veloppement, changements globaux et dynamiques des territoires - ISTE Group\",\"isPartOf\":{\"@id\":\"https:\/\/www.istegroup.com\/#website\"},\"primaryImageOfPage\":{\"@id\":\"https:\/\/www.istegroup.com\/en\/produit\/developpement-changements-globaux-et-dynamiques-des-territoires\/#primaryimage\"},\"image\":{\"@id\":\"https:\/\/www.istegroup.com\/en\/produit\/developpement-changements-globaux-et-dynamiques-des-territoires\/#primaryimage\"},\"thumbnailUrl\":\"https:\/\/www.istegroup.com\/wp-content\/uploads\/2022\/09\/Developpement-changements-globaux.jpg\",\"datePublished\":\"2022-09-16T08:32:54+00:00\",\"dateModified\":\"2024-01-03T13:46:32+00:00\",\"description\":\"Penser conjointement le d\u00e9veloppement et l\u2019environnement figure parmi les grands enjeux scientifiques et soci\u00e9taux du XXIe si\u00e8cle. Ce d\u00e9fi impose un d\u00e9cloisonnement disciplinaire et un renouveau \u00e9pist\u00e9mologique pour saisir les interactions entre syst\u00e8mes biophysiques et activit\u00e9s humaines dans un contexte de changements globaux.\",\"breadcrumb\":{\"@id\":\"https:\/\/www.istegroup.com\/en\/produit\/developpement-changements-globaux-et-dynamiques-des-territoires\/#breadcrumb\"},\"inLanguage\":\"fr-FR\",\"potentialAction\":[{\"@type\":\"ReadAction\",\"target\":[\"https:\/\/www.istegroup.com\/en\/produit\/developpement-changements-globaux-et-dynamiques-des-territoires\/\"]}]},{\"@type\":\"ImageObject\",\"inLanguage\":\"fr-FR\",\"@id\":\"https:\/\/www.istegroup.com\/en\/produit\/developpement-changements-globaux-et-dynamiques-des-territoires\/#primaryimage\",\"url\":\"https:\/\/www.istegroup.com\/wp-content\/uploads\/2022\/09\/Developpement-changements-globaux.jpg\",\"contentUrl\":\"https:\/\/www.istegroup.com\/wp-content\/uploads\/2022\/09\/Developpement-changements-globaux.jpg\",\"width\":597,\"height\":895,\"caption\":\"Livre scientifique - D\u00e9veloppement, changements globaux et dynamiques des territoires - \u00c9lisabeth Peyroux, Christine Raimond, Vincent Viel, \u00c9milie Lavi\"},{\"@type\":\"BreadcrumbList\",\"@id\":\"https:\/\/www.istegroup.com\/en\/produit\/developpement-changements-globaux-et-dynamiques-des-territoires\/#breadcrumb\",\"itemListElement\":[{\"@type\":\"ListItem\",\"position\":1,\"name\":\"Home\",\"item\":\"https:\/\/www.istegroup.com\/\"},{\"@type\":\"ListItem\",\"position\":2,\"name\":\"Shop\",\"item\":\"https:\/\/www.istegroup.com\/fr\/nouveautes\/\"},{\"@type\":\"ListItem\",\"position\":3,\"name\":\"D\u00e9veloppement, changements globaux et dynamiques des territoires\"}]},{\"@type\":\"WebSite\",\"@id\":\"https:\/\/www.istegroup.com\/#website\",\"url\":\"https:\/\/www.istegroup.com\/\",\"name\":\"ISTE Group\",\"description\":\"\u00c9diteur des Sciences\",\"potentialAction\":[{\"@type\":\"SearchAction\",\"target\":{\"@type\":\"EntryPoint\",\"urlTemplate\":\"https:\/\/www.istegroup.com\/?s={search_term_string}\"},\"query-input\":{\"@type\":\"PropertyValueSpecification\",\"valueRequired\":true,\"valueName\":\"search_term_string\"}}],\"inLanguage\":\"fr-FR\"}]}<\/script>\n<!-- \/ Yoast SEO plugin. -->","yoast_head_json":{"title":"D\u00e9veloppement, changements globaux et dynamiques des territoires - ISTE Group","description":"Penser conjointement le d\u00e9veloppement et l\u2019environnement figure parmi les grands enjeux scientifiques et soci\u00e9taux du XXIe si\u00e8cle. Ce d\u00e9fi impose un d\u00e9cloisonnement disciplinaire et un renouveau \u00e9pist\u00e9mologique pour saisir les interactions entre syst\u00e8mes biophysiques et activit\u00e9s humaines dans un contexte de changements globaux.","robots":{"index":"index","follow":"follow","max-snippet":"max-snippet:-1","max-image-preview":"max-image-preview:large","max-video-preview":"max-video-preview:-1"},"canonical":"https:\/\/www.istegroup.com\/en\/produit\/developpement-changements-globaux-et-dynamiques-des-territoires\/","og_locale":"fr_FR","og_type":"article","og_title":"D\u00e9veloppement, changements globaux et dynamiques des territoires - ISTE Group","og_description":"Penser conjointement le d\u00e9veloppement et l\u2019environnement figure parmi les grands enjeux scientifiques et soci\u00e9taux du XXIe si\u00e8cle. Ce d\u00e9fi impose un d\u00e9cloisonnement disciplinaire et un renouveau \u00e9pist\u00e9mologique pour saisir les interactions entre syst\u00e8mes biophysiques et activit\u00e9s humaines dans un contexte de changements globaux.","og_url":"https:\/\/www.istegroup.com\/en\/produit\/developpement-changements-globaux-et-dynamiques-des-territoires\/","og_site_name":"ISTE Group","article_modified_time":"2024-01-03T13:46:32+00:00","og_image":[{"width":597,"height":895,"url":"https:\/\/www.istegroup.com\/wp-content\/uploads\/2022\/09\/Developpement-changements-globaux.jpg","type":"image\/jpeg"}],"twitter_card":"summary_large_image","twitter_misc":{"Est. reading time":"1 minute"},"schema":{"@context":"https:\/\/schema.org","@graph":[{"@type":"WebPage","@id":"https:\/\/www.istegroup.com\/en\/produit\/developpement-changements-globaux-et-dynamiques-des-territoires\/","url":"https:\/\/www.istegroup.com\/en\/produit\/developpement-changements-globaux-et-dynamiques-des-territoires\/","name":"D\u00e9veloppement, changements globaux et dynamiques des territoires - ISTE Group","isPartOf":{"@id":"https:\/\/www.istegroup.com\/#website"},"primaryImageOfPage":{"@id":"https:\/\/www.istegroup.com\/en\/produit\/developpement-changements-globaux-et-dynamiques-des-territoires\/#primaryimage"},"image":{"@id":"https:\/\/www.istegroup.com\/en\/produit\/developpement-changements-globaux-et-dynamiques-des-territoires\/#primaryimage"},"thumbnailUrl":"https:\/\/www.istegroup.com\/wp-content\/uploads\/2022\/09\/Developpement-changements-globaux.jpg","datePublished":"2022-09-16T08:32:54+00:00","dateModified":"2024-01-03T13:46:32+00:00","description":"Penser conjointement le d\u00e9veloppement et l\u2019environnement figure parmi les grands enjeux scientifiques et soci\u00e9taux du XXIe si\u00e8cle. Ce d\u00e9fi impose un d\u00e9cloisonnement disciplinaire et un renouveau \u00e9pist\u00e9mologique pour saisir les interactions entre syst\u00e8mes biophysiques et activit\u00e9s humaines dans un contexte de changements globaux.","breadcrumb":{"@id":"https:\/\/www.istegroup.com\/en\/produit\/developpement-changements-globaux-et-dynamiques-des-territoires\/#breadcrumb"},"inLanguage":"fr-FR","potentialAction":[{"@type":"ReadAction","target":["https:\/\/www.istegroup.com\/en\/produit\/developpement-changements-globaux-et-dynamiques-des-territoires\/"]}]},{"@type":"ImageObject","inLanguage":"fr-FR","@id":"https:\/\/www.istegroup.com\/en\/produit\/developpement-changements-globaux-et-dynamiques-des-territoires\/#primaryimage","url":"https:\/\/www.istegroup.com\/wp-content\/uploads\/2022\/09\/Developpement-changements-globaux.jpg","contentUrl":"https:\/\/www.istegroup.com\/wp-content\/uploads\/2022\/09\/Developpement-changements-globaux.jpg","width":597,"height":895,"caption":"Livre scientifique - D\u00e9veloppement, changements globaux et dynamiques des territoires - \u00c9lisabeth Peyroux, Christine Raimond, Vincent Viel, \u00c9milie Lavi"},{"@type":"BreadcrumbList","@id":"https:\/\/www.istegroup.com\/en\/produit\/developpement-changements-globaux-et-dynamiques-des-territoires\/#breadcrumb","itemListElement":[{"@type":"ListItem","position":1,"name":"Home","item":"https:\/\/www.istegroup.com\/"},{"@type":"ListItem","position":2,"name":"Shop","item":"https:\/\/www.istegroup.com\/fr\/nouveautes\/"},{"@type":"ListItem","position":3,"name":"D\u00e9veloppement, changements globaux et dynamiques des territoires"}]},{"@type":"WebSite","@id":"https:\/\/www.istegroup.com\/#website","url":"https:\/\/www.istegroup.com\/","name":"ISTE Group","description":"\u00c9diteur des Sciences","potentialAction":[{"@type":"SearchAction","target":{"@type":"EntryPoint","urlTemplate":"https:\/\/www.istegroup.com\/?s={search_term_string}"},"query-input":{"@type":"PropertyValueSpecification","valueRequired":true,"valueName":"search_term_string"}}],"inLanguage":"fr-FR"}]}},"_links":{"self":[{"href":"https:\/\/www.istegroup.com\/fr\/wp-json\/wp\/v2\/product\/48097","targetHints":{"allow":["GET"]}}],"collection":[{"href":"https:\/\/www.istegroup.com\/fr\/wp-json\/wp\/v2\/product"}],"about":[{"href":"https:\/\/www.istegroup.com\/fr\/wp-json\/wp\/v2\/types\/product"}],"wp:featuredmedia":[{"embeddable":true,"href":"https:\/\/www.istegroup.com\/fr\/wp-json\/wp\/v2\/media\/48113"}],"wp:attachment":[{"href":"https:\/\/www.istegroup.com\/fr\/wp-json\/wp\/v2\/media?parent=48097"}],"wp:term":[{"taxonomy":"product_brand","embeddable":true,"href":"https:\/\/www.istegroup.com\/fr\/wp-json\/wp\/v2\/product_brand?post=48097"},{"taxonomy":"product_cat","embeddable":true,"href":"https:\/\/www.istegroup.com\/fr\/wp-json\/wp\/v2\/product_cat?post=48097"},{"taxonomy":"product_tag","embeddable":true,"href":"https:\/\/www.istegroup.com\/fr\/wp-json\/wp\/v2\/product_tag?post=48097"}],"curies":[{"name":"wp","href":"https:\/\/api.w.org\/{rel}","templated":true}]}}