{"id":48085,"date":"2022-09-16T09:06:33","date_gmt":"2022-09-16T08:06:33","guid":{"rendered":"https:\/\/www.istegroup.com\/?post_type=product&#038;p=48085"},"modified":"2024-01-03T13:46:32","modified_gmt":"2024-01-03T13:46:32","slug":"bim-multi-echelle-pour-un-espace-urbain-intelligent-et-durable","status":"publish","type":"product","link":"https:\/\/www.istegroup.com\/fr\/produit\/bim-multi-echelle-pour-un-espace-urbain-intelligent-et-durable\/","title":{"rendered":"BIM multi-\u00e9chelle pour un espace urbain intelligent et durable"},"content":{"rendered":"<p>Les espaces urbains sont appel\u00e9s \u00e0 d\u00e9velopper des capacit\u00e9s de r\u00e9silience et de durabilit\u00e9 pour relever les d\u00e9fis majeurs auxquels ils sont confront\u00e9s. Un tel objectif requiert la mise en oeuvre d\u2019un cadre pratique de d\u00e9veloppement, tirant profit des innovations technologiques qui ont marqu\u00e9 le domaine de la construction et de l\u2019ing\u00e9nierie urbaine. Aujourd\u2019hui, le BIM (<em>Building Information Management<\/em>) multi-\u00e9chelle int\u00e8gre des changements majeurs, red\u00e9finissant les paradigmes de la gestion urbaine. Il permet d\u2019entreprendre des simulations sur la durabilit\u00e9 des espaces urbains au regard de crit\u00e8res \u00e9conomiques et environnementaux.<\/p>\n<p><em>BIM multi-\u00e9chelle pour un espace urbain intelligent et durable<\/em> propose un cadre th\u00e9orique et pratique vers la mise en oeuvre des maquettes BIM pour de nouvelles villes. Il traite les questions d\u2019acquisition, de mod\u00e9lisation, d\u2019int\u00e9rop\u00e9rabilit\u00e9 et d\u2019int\u00e9gration BIM et SIG pour la production des maquettes BIM.<\/p>\n<p>Des \u00e9tudes de cas apportent une dimension pratique, d\u00e9montrant le processus de production de la maquette urbaine \u00e0 partir des donn\u00e9es Lidar et son apport dans la simulation multi-\u00e9chelle.<\/p>","protected":false},"excerpt":{"rendered":"<p>Les espaces urbains sont appel\u00e9s \u00e0 d\u00e9velopper des capacit\u00e9s de r\u00e9silience et de durabilit\u00e9 pour relever les d\u00e9fis majeurs auxquels ils sont confront\u00e9s. Un tel objectif requiert la mise en oeuvre d\u2019un cadre pratique de d\u00e9veloppement, tirant profit des innovations technologiques qui ont marqu\u00e9 le domaine de la construction et de l\u2019ing\u00e9nierie urbaine. Aujourd\u2019hui, le [&hellip;]<\/p>\n","protected":false},"featured_media":48096,"template":"","meta":{"_acf_changed":false,"_links_to":"","_links_to_target":""},"product_brand":[],"product_cat":[708],"product_tag":[],"class_list":{"0":"post-48085","1":"product","2":"type-product","3":"status-publish","4":"has-post-thumbnail","6":"product_cat-systmes-et-gnie-industriel-11476925","8":"first","9":"instock","10":"shipping-taxable","11":"purchasable","12":"product-type-variable"},"acf":[],"yoast_head":"<!-- This site is optimized with the Yoast SEO plugin v27.2 - https:\/\/yoast.com\/product\/yoast-seo-wordpress\/ -->\n<title>BIM multi-\u00e9chelle pour un espace urbain intelligent et durable - ISTE Group<\/title>\n<meta name=\"description\" content=\"BIM multi-\u00e9chelle pour un espace urbain intelligent et durable propose un cadre th\u00e9orique et pratique vers la mise en oeuvre des maquettes BIM pour de nouvelles villes.\" \/>\n<meta name=\"robots\" content=\"index, follow, max-snippet:-1, max-image-preview:large, max-video-preview:-1\" \/>\n<link rel=\"canonical\" href=\"https:\/\/www.istegroup.com\/fr\/produit\/bim-multi-echelle-pour-un-espace-urbain-intelligent-et-durable\/\" \/>\n<meta property=\"og:locale\" content=\"fr_FR\" \/>\n<meta property=\"og:type\" content=\"article\" \/>\n<meta property=\"og:title\" content=\"BIM multi-\u00e9chelle pour un espace urbain intelligent et durable - ISTE Group\" \/>\n<meta property=\"og:description\" content=\"BIM multi-\u00e9chelle pour un espace urbain intelligent et durable propose un cadre th\u00e9orique et pratique vers la mise en oeuvre des maquettes BIM pour de nouvelles villes.\" \/>\n<meta property=\"og:url\" content=\"https:\/\/www.istegroup.com\/fr\/produit\/bim-multi-echelle-pour-un-espace-urbain-intelligent-et-durable\/\" \/>\n<meta property=\"og:site_name\" content=\"ISTE Group\" \/>\n<meta property=\"article:modified_time\" content=\"2024-01-03T13:46:32+00:00\" \/>\n<meta property=\"og:image\" content=\"https:\/\/www.istegroup.com\/wp-content\/uploads\/2022\/09\/BIM-multi-echelle-pour-un-espace-urbain-intelligent-et-durable.jpg\" \/>\n\t<meta property=\"og:image:width\" content=\"599\" \/>\n\t<meta property=\"og:image:height\" content=\"901\" \/>\n\t<meta property=\"og:image:type\" content=\"image\/jpeg\" \/>\n<meta name=\"twitter:card\" content=\"summary_large_image\" \/>\n<meta name=\"twitter:label1\" content=\"Est. reading time\" \/>\n\t<meta name=\"twitter:data1\" content=\"1 minute\" \/>\n<script type=\"application\/ld+json\" class=\"yoast-schema-graph\">{\"@context\":\"https:\/\/schema.org\",\"@graph\":[{\"@type\":\"WebPage\",\"@id\":\"https:\/\/www.istegroup.com\/fr\/produit\/bim-multi-echelle-pour-un-espace-urbain-intelligent-et-durable\/\",\"url\":\"https:\/\/www.istegroup.com\/fr\/produit\/bim-multi-echelle-pour-un-espace-urbain-intelligent-et-durable\/\",\"name\":\"BIM multi-\u00e9chelle pour un espace urbain intelligent et durable - ISTE Group\",\"isPartOf\":{\"@id\":\"https:\/\/www.istegroup.com\/#website\"},\"primaryImageOfPage\":{\"@id\":\"https:\/\/www.istegroup.com\/fr\/produit\/bim-multi-echelle-pour-un-espace-urbain-intelligent-et-durable\/#primaryimage\"},\"image\":{\"@id\":\"https:\/\/www.istegroup.com\/fr\/produit\/bim-multi-echelle-pour-un-espace-urbain-intelligent-et-durable\/#primaryimage\"},\"thumbnailUrl\":\"https:\/\/www.istegroup.com\/wp-content\/uploads\/2022\/09\/BIM-multi-echelle-pour-un-espace-urbain-intelligent-et-durable.jpg\",\"datePublished\":\"2022-09-16T08:06:33+00:00\",\"dateModified\":\"2024-01-03T13:46:32+00:00\",\"description\":\"BIM multi-\u00e9chelle pour un espace urbain intelligent et durable propose un cadre th\u00e9orique et pratique vers la mise en oeuvre des maquettes BIM pour de nouvelles villes.\",\"breadcrumb\":{\"@id\":\"https:\/\/www.istegroup.com\/fr\/produit\/bim-multi-echelle-pour-un-espace-urbain-intelligent-et-durable\/#breadcrumb\"},\"inLanguage\":\"fr-FR\",\"potentialAction\":[{\"@type\":\"ReadAction\",\"target\":[\"https:\/\/www.istegroup.com\/fr\/produit\/bim-multi-echelle-pour-un-espace-urbain-intelligent-et-durable\/\"]}]},{\"@type\":\"ImageObject\",\"inLanguage\":\"fr-FR\",\"@id\":\"https:\/\/www.istegroup.com\/fr\/produit\/bim-multi-echelle-pour-un-espace-urbain-intelligent-et-durable\/#primaryimage\",\"url\":\"https:\/\/www.istegroup.com\/wp-content\/uploads\/2022\/09\/BIM-multi-echelle-pour-un-espace-urbain-intelligent-et-durable.jpg\",\"contentUrl\":\"https:\/\/www.istegroup.com\/wp-content\/uploads\/2022\/09\/BIM-multi-echelle-pour-un-espace-urbain-intelligent-et-durable.jpg\",\"width\":599,\"height\":901,\"caption\":\"Livre scientifique - BIM multi-\u00e9chelle pour un espace urbain intelligent et durable - Rafika Hajji et Hassane Jarar Oulidi\"},{\"@type\":\"BreadcrumbList\",\"@id\":\"https:\/\/www.istegroup.com\/fr\/produit\/bim-multi-echelle-pour-un-espace-urbain-intelligent-et-durable\/#breadcrumb\",\"itemListElement\":[{\"@type\":\"ListItem\",\"position\":1,\"name\":\"Home\",\"item\":\"https:\/\/www.istegroup.com\/\"},{\"@type\":\"ListItem\",\"position\":2,\"name\":\"Shop\",\"item\":\"https:\/\/www.istegroup.com\/fr\/nouveautes\/\"},{\"@type\":\"ListItem\",\"position\":3,\"name\":\"BIM multi-\u00e9chelle pour un espace urbain intelligent et durable\"}]},{\"@type\":\"WebSite\",\"@id\":\"https:\/\/www.istegroup.com\/#website\",\"url\":\"https:\/\/www.istegroup.com\/\",\"name\":\"ISTE Group\",\"description\":\"\u00c9diteur des Sciences\",\"potentialAction\":[{\"@type\":\"SearchAction\",\"target\":{\"@type\":\"EntryPoint\",\"urlTemplate\":\"https:\/\/www.istegroup.com\/?s={search_term_string}\"},\"query-input\":{\"@type\":\"PropertyValueSpecification\",\"valueRequired\":true,\"valueName\":\"search_term_string\"}}],\"inLanguage\":\"fr-FR\"}]}<\/script>\n<!-- \/ Yoast SEO plugin. -->","yoast_head_json":{"title":"BIM multi-\u00e9chelle pour un espace urbain intelligent et durable - ISTE Group","description":"BIM multi-\u00e9chelle pour un espace urbain intelligent et durable propose un cadre th\u00e9orique et pratique vers la mise en oeuvre des maquettes BIM pour de nouvelles villes.","robots":{"index":"index","follow":"follow","max-snippet":"max-snippet:-1","max-image-preview":"max-image-preview:large","max-video-preview":"max-video-preview:-1"},"canonical":"https:\/\/www.istegroup.com\/fr\/produit\/bim-multi-echelle-pour-un-espace-urbain-intelligent-et-durable\/","og_locale":"fr_FR","og_type":"article","og_title":"BIM multi-\u00e9chelle pour un espace urbain intelligent et durable - ISTE Group","og_description":"BIM multi-\u00e9chelle pour un espace urbain intelligent et durable propose un cadre th\u00e9orique et pratique vers la mise en oeuvre des maquettes BIM pour de nouvelles villes.","og_url":"https:\/\/www.istegroup.com\/fr\/produit\/bim-multi-echelle-pour-un-espace-urbain-intelligent-et-durable\/","og_site_name":"ISTE Group","article_modified_time":"2024-01-03T13:46:32+00:00","og_image":[{"width":599,"height":901,"url":"https:\/\/www.istegroup.com\/wp-content\/uploads\/2022\/09\/BIM-multi-echelle-pour-un-espace-urbain-intelligent-et-durable.jpg","type":"image\/jpeg"}],"twitter_card":"summary_large_image","twitter_misc":{"Est. reading time":"1 minute"},"schema":{"@context":"https:\/\/schema.org","@graph":[{"@type":"WebPage","@id":"https:\/\/www.istegroup.com\/fr\/produit\/bim-multi-echelle-pour-un-espace-urbain-intelligent-et-durable\/","url":"https:\/\/www.istegroup.com\/fr\/produit\/bim-multi-echelle-pour-un-espace-urbain-intelligent-et-durable\/","name":"BIM multi-\u00e9chelle pour un espace urbain intelligent et durable - ISTE Group","isPartOf":{"@id":"https:\/\/www.istegroup.com\/#website"},"primaryImageOfPage":{"@id":"https:\/\/www.istegroup.com\/fr\/produit\/bim-multi-echelle-pour-un-espace-urbain-intelligent-et-durable\/#primaryimage"},"image":{"@id":"https:\/\/www.istegroup.com\/fr\/produit\/bim-multi-echelle-pour-un-espace-urbain-intelligent-et-durable\/#primaryimage"},"thumbnailUrl":"https:\/\/www.istegroup.com\/wp-content\/uploads\/2022\/09\/BIM-multi-echelle-pour-un-espace-urbain-intelligent-et-durable.jpg","datePublished":"2022-09-16T08:06:33+00:00","dateModified":"2024-01-03T13:46:32+00:00","description":"BIM multi-\u00e9chelle pour un espace urbain intelligent et durable propose un cadre th\u00e9orique et pratique vers la mise en oeuvre des maquettes BIM pour de nouvelles villes.","breadcrumb":{"@id":"https:\/\/www.istegroup.com\/fr\/produit\/bim-multi-echelle-pour-un-espace-urbain-intelligent-et-durable\/#breadcrumb"},"inLanguage":"fr-FR","potentialAction":[{"@type":"ReadAction","target":["https:\/\/www.istegroup.com\/fr\/produit\/bim-multi-echelle-pour-un-espace-urbain-intelligent-et-durable\/"]}]},{"@type":"ImageObject","inLanguage":"fr-FR","@id":"https:\/\/www.istegroup.com\/fr\/produit\/bim-multi-echelle-pour-un-espace-urbain-intelligent-et-durable\/#primaryimage","url":"https:\/\/www.istegroup.com\/wp-content\/uploads\/2022\/09\/BIM-multi-echelle-pour-un-espace-urbain-intelligent-et-durable.jpg","contentUrl":"https:\/\/www.istegroup.com\/wp-content\/uploads\/2022\/09\/BIM-multi-echelle-pour-un-espace-urbain-intelligent-et-durable.jpg","width":599,"height":901,"caption":"Livre scientifique - BIM multi-\u00e9chelle pour un espace urbain intelligent et durable - Rafika Hajji et Hassane Jarar Oulidi"},{"@type":"BreadcrumbList","@id":"https:\/\/www.istegroup.com\/fr\/produit\/bim-multi-echelle-pour-un-espace-urbain-intelligent-et-durable\/#breadcrumb","itemListElement":[{"@type":"ListItem","position":1,"name":"Home","item":"https:\/\/www.istegroup.com\/"},{"@type":"ListItem","position":2,"name":"Shop","item":"https:\/\/www.istegroup.com\/fr\/nouveautes\/"},{"@type":"ListItem","position":3,"name":"BIM multi-\u00e9chelle pour un espace urbain intelligent et durable"}]},{"@type":"WebSite","@id":"https:\/\/www.istegroup.com\/#website","url":"https:\/\/www.istegroup.com\/","name":"ISTE Group","description":"\u00c9diteur des Sciences","potentialAction":[{"@type":"SearchAction","target":{"@type":"EntryPoint","urlTemplate":"https:\/\/www.istegroup.com\/?s={search_term_string}"},"query-input":{"@type":"PropertyValueSpecification","valueRequired":true,"valueName":"search_term_string"}}],"inLanguage":"fr-FR"}]}},"_links":{"self":[{"href":"https:\/\/www.istegroup.com\/fr\/wp-json\/wp\/v2\/product\/48085","targetHints":{"allow":["GET"]}}],"collection":[{"href":"https:\/\/www.istegroup.com\/fr\/wp-json\/wp\/v2\/product"}],"about":[{"href":"https:\/\/www.istegroup.com\/fr\/wp-json\/wp\/v2\/types\/product"}],"wp:featuredmedia":[{"embeddable":true,"href":"https:\/\/www.istegroup.com\/fr\/wp-json\/wp\/v2\/media\/48096"}],"wp:attachment":[{"href":"https:\/\/www.istegroup.com\/fr\/wp-json\/wp\/v2\/media?parent=48085"}],"wp:term":[{"taxonomy":"product_brand","embeddable":true,"href":"https:\/\/www.istegroup.com\/fr\/wp-json\/wp\/v2\/product_brand?post=48085"},{"taxonomy":"product_cat","embeddable":true,"href":"https:\/\/www.istegroup.com\/fr\/wp-json\/wp\/v2\/product_cat?post=48085"},{"taxonomy":"product_tag","embeddable":true,"href":"https:\/\/www.istegroup.com\/fr\/wp-json\/wp\/v2\/product_tag?post=48085"}],"curies":[{"name":"wp","href":"https:\/\/api.w.org\/{rel}","templated":true}]}}