{"id":48068,"date":"2022-09-15T15:27:36","date_gmt":"2022-09-15T14:27:36","guid":{"rendered":"https:\/\/www.istegroup.com\/?post_type=product&#038;p=48068"},"modified":"2024-01-03T13:46:31","modified_gmt":"2024-01-03T13:46:31","slug":"maturite-des-produits-1","status":"publish","type":"product","link":"https:\/\/www.istegroup.com\/fr\/produit\/maturite-des-produits-1\/","title":{"rendered":"Maturit\u00e9 des produits 1"},"content":{"rendered":"<p>La maturit\u00e9 d\u2019un produit est une qualit\u00e9 majeure que doit assurer un industriel quel que soit le domaine d\u2019application concern\u00e9 et pendant tout son cycle de vie. Il doit garantir le niveau de fiabilit\u00e9 d\u00e8s sa mise en service jusqu\u2019\u00e0 la fin de son exploitation. Mais les enjeux techniques et \u00e9conomiques font que la fiabilit\u00e9 optimale est souvent difficile \u00e0 obtenir. Les anomalies peuvent appara\u00eetre \u00e0 toutes les phases du cycle de vie du produit comme les d\u00e9fauts de fabrication, les d\u00e9fauts de conception ou d\u2019int\u00e9gration.<\/p>\n<p>Original et didactique, <em>Maturit\u00e9 des produits 1<\/em> d\u00e9taille les principaux outils (analyse pire-cas, de <em>derating<\/em>, etc.) et les techniques pratiques (essais aggrav\u00e9s, d\u00e9verminage, etc.) pour construire et assurer la fiabilit\u00e9. Il comble un manque d\u2019\u00e9tudes sur le sujet et vient apporter des solutions concr\u00e8tes aux ing\u00e9nieurs et industriels qui utilisent parfois des standards obsol\u00e8tes.<\/p>","protected":false},"excerpt":{"rendered":"<p>La maturit\u00e9 d\u2019un produit est une qualit\u00e9 majeure que doit assurer un industriel quel que soit le domaine d\u2019application concern\u00e9 et pendant tout son cycle de vie. Il doit garantir le niveau de fiabilit\u00e9 d\u00e8s sa mise en service jusqu\u2019\u00e0 la fin de son exploitation. Mais les enjeux techniques et \u00e9conomiques font que la fiabilit\u00e9 [&hellip;]<\/p>\n","protected":false},"featured_media":48075,"template":"","meta":{"_acf_changed":false,"_links_to":"","_links_to_target":""},"product_brand":[],"product_cat":[664],"product_tag":[],"class_list":{"0":"post-48068","1":"product","2":"type-product","3":"status-publish","4":"has-post-thumbnail","6":"product_cat-gnie-mcanique-et-mcanique-des-solides-12506462","8":"first","9":"instock","10":"shipping-taxable","11":"purchasable","12":"product-type-variable"},"acf":[],"yoast_head":"<!-- This site is optimized with the Yoast SEO plugin v27.2 - https:\/\/yoast.com\/product\/yoast-seo-wordpress\/ -->\n<title>Maturit\u00e9 des produits 1 - ISTE Group<\/title>\n<meta name=\"description\" content=\"Original et didactique, Maturit\u00e9 des produits 1 d\u00e9taille les principaux outils (analyse pire-cas, de derating, etc.) et les techniques pratiques (essais aggrav\u00e9s, d\u00e9verminage, etc.) pour construire et assurer la fiabilit\u00e9.\" \/>\n<meta name=\"robots\" content=\"index, follow, max-snippet:-1, max-image-preview:large, max-video-preview:-1\" \/>\n<link rel=\"canonical\" href=\"https:\/\/www.istegroup.com\/fr\/produit\/maturite-des-produits-1\/\" \/>\n<meta property=\"og:locale\" content=\"fr_FR\" \/>\n<meta property=\"og:type\" content=\"article\" \/>\n<meta property=\"og:title\" content=\"Maturit\u00e9 des produits 1 - ISTE Group\" \/>\n<meta property=\"og:description\" content=\"Original et didactique, Maturit\u00e9 des produits 1 d\u00e9taille les principaux outils (analyse pire-cas, de derating, etc.) et les techniques pratiques (essais aggrav\u00e9s, d\u00e9verminage, etc.) pour construire et assurer la fiabilit\u00e9.\" \/>\n<meta property=\"og:url\" content=\"https:\/\/www.istegroup.com\/fr\/produit\/maturite-des-produits-1\/\" \/>\n<meta property=\"og:site_name\" content=\"ISTE Group\" \/>\n<meta property=\"article:modified_time\" content=\"2024-01-03T13:46:31+00:00\" \/>\n<meta property=\"og:image\" content=\"https:\/\/www.istegroup.com\/wp-content\/uploads\/2022\/09\/Maturite-des-produits-1.jpg\" \/>\n\t<meta property=\"og:image:width\" content=\"350\" \/>\n\t<meta property=\"og:image:height\" content=\"528\" \/>\n\t<meta property=\"og:image:type\" content=\"image\/jpeg\" \/>\n<meta name=\"twitter:card\" content=\"summary_large_image\" \/>\n<meta name=\"twitter:label1\" content=\"Est. reading time\" \/>\n\t<meta name=\"twitter:data1\" content=\"1 minute\" \/>\n<script type=\"application\/ld+json\" class=\"yoast-schema-graph\">{\"@context\":\"https:\/\/schema.org\",\"@graph\":[{\"@type\":\"WebPage\",\"@id\":\"https:\/\/www.istegroup.com\/fr\/produit\/maturite-des-produits-1\/\",\"url\":\"https:\/\/www.istegroup.com\/fr\/produit\/maturite-des-produits-1\/\",\"name\":\"Maturit\u00e9 des produits 1 - ISTE Group\",\"isPartOf\":{\"@id\":\"https:\/\/www.istegroup.com\/#website\"},\"primaryImageOfPage\":{\"@id\":\"https:\/\/www.istegroup.com\/fr\/produit\/maturite-des-produits-1\/#primaryimage\"},\"image\":{\"@id\":\"https:\/\/www.istegroup.com\/fr\/produit\/maturite-des-produits-1\/#primaryimage\"},\"thumbnailUrl\":\"https:\/\/www.istegroup.com\/wp-content\/uploads\/2022\/09\/Maturite-des-produits-1.jpg\",\"datePublished\":\"2022-09-15T14:27:36+00:00\",\"dateModified\":\"2024-01-03T13:46:31+00:00\",\"description\":\"Original et didactique, Maturit\u00e9 des produits 1 d\u00e9taille les principaux outils (analyse pire-cas, de derating, etc.) et les techniques pratiques (essais aggrav\u00e9s, d\u00e9verminage, etc.) pour construire et assurer la fiabilit\u00e9.\",\"breadcrumb\":{\"@id\":\"https:\/\/www.istegroup.com\/fr\/produit\/maturite-des-produits-1\/#breadcrumb\"},\"inLanguage\":\"fr-FR\",\"potentialAction\":[{\"@type\":\"ReadAction\",\"target\":[\"https:\/\/www.istegroup.com\/fr\/produit\/maturite-des-produits-1\/\"]}]},{\"@type\":\"ImageObject\",\"inLanguage\":\"fr-FR\",\"@id\":\"https:\/\/www.istegroup.com\/fr\/produit\/maturite-des-produits-1\/#primaryimage\",\"url\":\"https:\/\/www.istegroup.com\/wp-content\/uploads\/2022\/09\/Maturite-des-produits-1.jpg\",\"contentUrl\":\"https:\/\/www.istegroup.com\/wp-content\/uploads\/2022\/09\/Maturite-des-produits-1.jpg\",\"width\":350,\"height\":528,\"caption\":\"Livre scientifique - Maturit\u00e9 des produits 1 - Franck Bayle\"},{\"@type\":\"BreadcrumbList\",\"@id\":\"https:\/\/www.istegroup.com\/fr\/produit\/maturite-des-produits-1\/#breadcrumb\",\"itemListElement\":[{\"@type\":\"ListItem\",\"position\":1,\"name\":\"Home\",\"item\":\"https:\/\/www.istegroup.com\/\"},{\"@type\":\"ListItem\",\"position\":2,\"name\":\"Shop\",\"item\":\"https:\/\/www.istegroup.com\/fr\/nouveautes\/\"},{\"@type\":\"ListItem\",\"position\":3,\"name\":\"Maturit\u00e9 des produits 1\"}]},{\"@type\":\"WebSite\",\"@id\":\"https:\/\/www.istegroup.com\/#website\",\"url\":\"https:\/\/www.istegroup.com\/\",\"name\":\"ISTE Group\",\"description\":\"\u00c9diteur des Sciences\",\"potentialAction\":[{\"@type\":\"SearchAction\",\"target\":{\"@type\":\"EntryPoint\",\"urlTemplate\":\"https:\/\/www.istegroup.com\/?s={search_term_string}\"},\"query-input\":{\"@type\":\"PropertyValueSpecification\",\"valueRequired\":true,\"valueName\":\"search_term_string\"}}],\"inLanguage\":\"fr-FR\"}]}<\/script>\n<!-- \/ Yoast SEO plugin. -->","yoast_head_json":{"title":"Maturit\u00e9 des produits 1 - ISTE Group","description":"Original et didactique, Maturit\u00e9 des produits 1 d\u00e9taille les principaux outils (analyse pire-cas, de derating, etc.) et les techniques pratiques (essais aggrav\u00e9s, d\u00e9verminage, etc.) pour construire et assurer la fiabilit\u00e9.","robots":{"index":"index","follow":"follow","max-snippet":"max-snippet:-1","max-image-preview":"max-image-preview:large","max-video-preview":"max-video-preview:-1"},"canonical":"https:\/\/www.istegroup.com\/fr\/produit\/maturite-des-produits-1\/","og_locale":"fr_FR","og_type":"article","og_title":"Maturit\u00e9 des produits 1 - ISTE Group","og_description":"Original et didactique, Maturit\u00e9 des produits 1 d\u00e9taille les principaux outils (analyse pire-cas, de derating, etc.) et les techniques pratiques (essais aggrav\u00e9s, d\u00e9verminage, etc.) pour construire et assurer la fiabilit\u00e9.","og_url":"https:\/\/www.istegroup.com\/fr\/produit\/maturite-des-produits-1\/","og_site_name":"ISTE Group","article_modified_time":"2024-01-03T13:46:31+00:00","og_image":[{"width":350,"height":528,"url":"https:\/\/www.istegroup.com\/wp-content\/uploads\/2022\/09\/Maturite-des-produits-1.jpg","type":"image\/jpeg"}],"twitter_card":"summary_large_image","twitter_misc":{"Est. reading time":"1 minute"},"schema":{"@context":"https:\/\/schema.org","@graph":[{"@type":"WebPage","@id":"https:\/\/www.istegroup.com\/fr\/produit\/maturite-des-produits-1\/","url":"https:\/\/www.istegroup.com\/fr\/produit\/maturite-des-produits-1\/","name":"Maturit\u00e9 des produits 1 - ISTE Group","isPartOf":{"@id":"https:\/\/www.istegroup.com\/#website"},"primaryImageOfPage":{"@id":"https:\/\/www.istegroup.com\/fr\/produit\/maturite-des-produits-1\/#primaryimage"},"image":{"@id":"https:\/\/www.istegroup.com\/fr\/produit\/maturite-des-produits-1\/#primaryimage"},"thumbnailUrl":"https:\/\/www.istegroup.com\/wp-content\/uploads\/2022\/09\/Maturite-des-produits-1.jpg","datePublished":"2022-09-15T14:27:36+00:00","dateModified":"2024-01-03T13:46:31+00:00","description":"Original et didactique, Maturit\u00e9 des produits 1 d\u00e9taille les principaux outils (analyse pire-cas, de derating, etc.) et les techniques pratiques (essais aggrav\u00e9s, d\u00e9verminage, etc.) pour construire et assurer la fiabilit\u00e9.","breadcrumb":{"@id":"https:\/\/www.istegroup.com\/fr\/produit\/maturite-des-produits-1\/#breadcrumb"},"inLanguage":"fr-FR","potentialAction":[{"@type":"ReadAction","target":["https:\/\/www.istegroup.com\/fr\/produit\/maturite-des-produits-1\/"]}]},{"@type":"ImageObject","inLanguage":"fr-FR","@id":"https:\/\/www.istegroup.com\/fr\/produit\/maturite-des-produits-1\/#primaryimage","url":"https:\/\/www.istegroup.com\/wp-content\/uploads\/2022\/09\/Maturite-des-produits-1.jpg","contentUrl":"https:\/\/www.istegroup.com\/wp-content\/uploads\/2022\/09\/Maturite-des-produits-1.jpg","width":350,"height":528,"caption":"Livre scientifique - Maturit\u00e9 des produits 1 - Franck Bayle"},{"@type":"BreadcrumbList","@id":"https:\/\/www.istegroup.com\/fr\/produit\/maturite-des-produits-1\/#breadcrumb","itemListElement":[{"@type":"ListItem","position":1,"name":"Home","item":"https:\/\/www.istegroup.com\/"},{"@type":"ListItem","position":2,"name":"Shop","item":"https:\/\/www.istegroup.com\/fr\/nouveautes\/"},{"@type":"ListItem","position":3,"name":"Maturit\u00e9 des produits 1"}]},{"@type":"WebSite","@id":"https:\/\/www.istegroup.com\/#website","url":"https:\/\/www.istegroup.com\/","name":"ISTE Group","description":"\u00c9diteur des Sciences","potentialAction":[{"@type":"SearchAction","target":{"@type":"EntryPoint","urlTemplate":"https:\/\/www.istegroup.com\/?s={search_term_string}"},"query-input":{"@type":"PropertyValueSpecification","valueRequired":true,"valueName":"search_term_string"}}],"inLanguage":"fr-FR"}]}},"_links":{"self":[{"href":"https:\/\/www.istegroup.com\/fr\/wp-json\/wp\/v2\/product\/48068","targetHints":{"allow":["GET"]}}],"collection":[{"href":"https:\/\/www.istegroup.com\/fr\/wp-json\/wp\/v2\/product"}],"about":[{"href":"https:\/\/www.istegroup.com\/fr\/wp-json\/wp\/v2\/types\/product"}],"wp:featuredmedia":[{"embeddable":true,"href":"https:\/\/www.istegroup.com\/fr\/wp-json\/wp\/v2\/media\/48075"}],"wp:attachment":[{"href":"https:\/\/www.istegroup.com\/fr\/wp-json\/wp\/v2\/media?parent=48068"}],"wp:term":[{"taxonomy":"product_brand","embeddable":true,"href":"https:\/\/www.istegroup.com\/fr\/wp-json\/wp\/v2\/product_brand?post=48068"},{"taxonomy":"product_cat","embeddable":true,"href":"https:\/\/www.istegroup.com\/fr\/wp-json\/wp\/v2\/product_cat?post=48068"},{"taxonomy":"product_tag","embeddable":true,"href":"https:\/\/www.istegroup.com\/fr\/wp-json\/wp\/v2\/product_tag?post=48068"}],"curies":[{"name":"wp","href":"https:\/\/api.w.org\/{rel}","templated":true}]}}