{"id":48064,"date":"2022-09-15T15:19:45","date_gmt":"2022-09-15T14:19:45","guid":{"rendered":"https:\/\/www.istegroup.com\/?post_type=product&#038;p=48064"},"modified":"2024-01-03T13:46:31","modified_gmt":"2024-01-03T13:46:31","slug":"les-tests-de-logiciels-3","status":"publish","type":"product","link":"https:\/\/www.istegroup.com\/fr\/produit\/les-tests-de-logiciels-3\/","title":{"rendered":"Les tests de logiciels 3"},"content":{"rendered":"<p>Notre d\u00e9pendance aux syst\u00e8mes de syst\u00e8mes est telle que toute d\u00e9faillance engendre des cons\u00e9quences financi\u00e8res et humaines critiques. Leur conception technique, leur complexit\u00e9 fonctionnelle et leurs nombreuses interfaces justifient un investissement important en tests pour pouvoir limiter les anomalies et les dysfonctionnements.<\/p>\n<p><em>Les tests de logiciels 3<\/em> s\u2019appuie sur plus de quarante ann\u00e9es de pratique dans le d\u00e9veloppement et le test des syst\u00e8mes de syst\u00e8mes. Ouvrage compl\u00e9mentaire du deuxi\u00e8me volume du m\u00eame titre, il d\u00e9taille la mise en pratique des m\u00e9thodologies et des techniques de test : processus d\u2019am\u00e9lioration continue, estimations de charge, m\u00e9triques de contr\u00f4le et de suivi, etc. Une \u00e9tude de cas et de nombreux exemples viennent illustrer les d\u00e9veloppements didactiques et pragmatiques destin\u00e9s \u00e0 am\u00e9liorer la qualit\u00e9 des syst\u00e8mes de syst\u00e8mes de fa\u00e7on efficiente. Une r\u00e9flexion sur les d\u00e9fis des ann\u00e9es \u00e0 venir prolonge le sujet.<\/p>","protected":false},"excerpt":{"rendered":"<p>Notre d\u00e9pendance aux syst\u00e8mes de syst\u00e8mes est telle que toute d\u00e9faillance engendre des cons\u00e9quences financi\u00e8res et humaines critiques. Leur conception technique, leur complexit\u00e9 fonctionnelle et leurs nombreuses interfaces justifient un investissement important en tests pour pouvoir limiter les anomalies et les dysfonctionnements. Les tests de logiciels 3 s\u2019appuie sur plus de quarante ann\u00e9es de pratique [&hellip;]<\/p>\n","protected":false},"featured_media":48067,"template":"","meta":{"_acf_changed":false,"_links_to":"","_links_to_target":""},"product_brand":[],"product_cat":[667],"product_tag":[],"class_list":{"0":"post-48064","1":"product","2":"type-product","3":"status-publish","4":"has-post-thumbnail","6":"product_cat-informatique-12506482","8":"first","9":"instock","10":"shipping-taxable","11":"purchasable","12":"product-type-variable"},"acf":[],"yoast_head":"<!-- This site is optimized with the Yoast SEO plugin v27.2 - https:\/\/yoast.com\/product\/yoast-seo-wordpress\/ -->\n<title>Les tests de logiciels 3 - ISTE Group<\/title>\n<meta name=\"description\" content=\"Les tests de logiciels 3 s\u2019appuie sur plus de quarante ann\u00e9es de pratique dans le d\u00e9veloppement et le test des syst\u00e8mes de syst\u00e8mes.\" \/>\n<meta name=\"robots\" content=\"index, follow, max-snippet:-1, max-image-preview:large, max-video-preview:-1\" \/>\n<link rel=\"canonical\" href=\"https:\/\/www.istegroup.com\/en\/produit\/les-tests-de-logiciels-3\/\" \/>\n<meta property=\"og:locale\" content=\"fr_FR\" \/>\n<meta property=\"og:type\" content=\"article\" \/>\n<meta property=\"og:title\" content=\"Les tests de logiciels 3 - ISTE Group\" \/>\n<meta property=\"og:description\" content=\"Les tests de logiciels 3 s\u2019appuie sur plus de quarante ann\u00e9es de pratique dans le d\u00e9veloppement et le test des syst\u00e8mes de syst\u00e8mes.\" \/>\n<meta property=\"og:url\" content=\"https:\/\/www.istegroup.com\/en\/produit\/les-tests-de-logiciels-3\/\" \/>\n<meta property=\"og:site_name\" content=\"ISTE Group\" \/>\n<meta property=\"article:modified_time\" content=\"2024-01-03T13:46:31+00:00\" \/>\n<meta property=\"og:image\" content=\"https:\/\/www.istegroup.com\/wp-content\/uploads\/2022\/09\/Les-tests-de-logiciels-3.jpg\" \/>\n\t<meta property=\"og:image:width\" content=\"350\" \/>\n\t<meta property=\"og:image:height\" content=\"525\" \/>\n\t<meta property=\"og:image:type\" content=\"image\/jpeg\" \/>\n<meta name=\"twitter:card\" content=\"summary_large_image\" \/>\n<meta name=\"twitter:label1\" content=\"Est. reading time\" \/>\n\t<meta name=\"twitter:data1\" content=\"1 minute\" \/>\n<script type=\"application\/ld+json\" class=\"yoast-schema-graph\">{\"@context\":\"https:\/\/schema.org\",\"@graph\":[{\"@type\":\"WebPage\",\"@id\":\"https:\/\/www.istegroup.com\/en\/produit\/les-tests-de-logiciels-3\/\",\"url\":\"https:\/\/www.istegroup.com\/en\/produit\/les-tests-de-logiciels-3\/\",\"name\":\"Les tests de logiciels 3 - ISTE Group\",\"isPartOf\":{\"@id\":\"https:\/\/www.istegroup.com\/#website\"},\"primaryImageOfPage\":{\"@id\":\"https:\/\/www.istegroup.com\/en\/produit\/les-tests-de-logiciels-3\/#primaryimage\"},\"image\":{\"@id\":\"https:\/\/www.istegroup.com\/en\/produit\/les-tests-de-logiciels-3\/#primaryimage\"},\"thumbnailUrl\":\"https:\/\/www.istegroup.com\/wp-content\/uploads\/2022\/09\/Les-tests-de-logiciels-3.jpg\",\"datePublished\":\"2022-09-15T14:19:45+00:00\",\"dateModified\":\"2024-01-03T13:46:31+00:00\",\"description\":\"Les tests de logiciels 3 s\u2019appuie sur plus de quarante ann\u00e9es de pratique dans le d\u00e9veloppement et le test des syst\u00e8mes de syst\u00e8mes.\",\"breadcrumb\":{\"@id\":\"https:\/\/www.istegroup.com\/en\/produit\/les-tests-de-logiciels-3\/#breadcrumb\"},\"inLanguage\":\"fr-FR\",\"potentialAction\":[{\"@type\":\"ReadAction\",\"target\":[\"https:\/\/www.istegroup.com\/en\/produit\/les-tests-de-logiciels-3\/\"]}]},{\"@type\":\"ImageObject\",\"inLanguage\":\"fr-FR\",\"@id\":\"https:\/\/www.istegroup.com\/en\/produit\/les-tests-de-logiciels-3\/#primaryimage\",\"url\":\"https:\/\/www.istegroup.com\/wp-content\/uploads\/2022\/09\/Les-tests-de-logiciels-3.jpg\",\"contentUrl\":\"https:\/\/www.istegroup.com\/wp-content\/uploads\/2022\/09\/Les-tests-de-logiciels-3.jpg\",\"width\":350,\"height\":525,\"caption\":\"Livre scientifique - Les tests de logiciels 3 - Bernard Hom\u00e8s\"},{\"@type\":\"BreadcrumbList\",\"@id\":\"https:\/\/www.istegroup.com\/en\/produit\/les-tests-de-logiciels-3\/#breadcrumb\",\"itemListElement\":[{\"@type\":\"ListItem\",\"position\":1,\"name\":\"Home\",\"item\":\"https:\/\/www.istegroup.com\/\"},{\"@type\":\"ListItem\",\"position\":2,\"name\":\"Shop\",\"item\":\"https:\/\/www.istegroup.com\/fr\/nouveautes\/\"},{\"@type\":\"ListItem\",\"position\":3,\"name\":\"Les tests de logiciels 3\"}]},{\"@type\":\"WebSite\",\"@id\":\"https:\/\/www.istegroup.com\/#website\",\"url\":\"https:\/\/www.istegroup.com\/\",\"name\":\"ISTE Group\",\"description\":\"\u00c9diteur des Sciences\",\"potentialAction\":[{\"@type\":\"SearchAction\",\"target\":{\"@type\":\"EntryPoint\",\"urlTemplate\":\"https:\/\/www.istegroup.com\/?s={search_term_string}\"},\"query-input\":{\"@type\":\"PropertyValueSpecification\",\"valueRequired\":true,\"valueName\":\"search_term_string\"}}],\"inLanguage\":\"fr-FR\"}]}<\/script>\n<!-- \/ Yoast SEO plugin. -->","yoast_head_json":{"title":"Les tests de logiciels 3 - ISTE Group","description":"Les tests de logiciels 3 s\u2019appuie sur plus de quarante ann\u00e9es de pratique dans le d\u00e9veloppement et le test des syst\u00e8mes de syst\u00e8mes.","robots":{"index":"index","follow":"follow","max-snippet":"max-snippet:-1","max-image-preview":"max-image-preview:large","max-video-preview":"max-video-preview:-1"},"canonical":"https:\/\/www.istegroup.com\/en\/produit\/les-tests-de-logiciels-3\/","og_locale":"fr_FR","og_type":"article","og_title":"Les tests de logiciels 3 - ISTE Group","og_description":"Les tests de logiciels 3 s\u2019appuie sur plus de quarante ann\u00e9es de pratique dans le d\u00e9veloppement et le test des syst\u00e8mes de syst\u00e8mes.","og_url":"https:\/\/www.istegroup.com\/en\/produit\/les-tests-de-logiciels-3\/","og_site_name":"ISTE Group","article_modified_time":"2024-01-03T13:46:31+00:00","og_image":[{"width":350,"height":525,"url":"https:\/\/www.istegroup.com\/wp-content\/uploads\/2022\/09\/Les-tests-de-logiciels-3.jpg","type":"image\/jpeg"}],"twitter_card":"summary_large_image","twitter_misc":{"Est. reading time":"1 minute"},"schema":{"@context":"https:\/\/schema.org","@graph":[{"@type":"WebPage","@id":"https:\/\/www.istegroup.com\/en\/produit\/les-tests-de-logiciels-3\/","url":"https:\/\/www.istegroup.com\/en\/produit\/les-tests-de-logiciels-3\/","name":"Les tests de logiciels 3 - ISTE Group","isPartOf":{"@id":"https:\/\/www.istegroup.com\/#website"},"primaryImageOfPage":{"@id":"https:\/\/www.istegroup.com\/en\/produit\/les-tests-de-logiciels-3\/#primaryimage"},"image":{"@id":"https:\/\/www.istegroup.com\/en\/produit\/les-tests-de-logiciels-3\/#primaryimage"},"thumbnailUrl":"https:\/\/www.istegroup.com\/wp-content\/uploads\/2022\/09\/Les-tests-de-logiciels-3.jpg","datePublished":"2022-09-15T14:19:45+00:00","dateModified":"2024-01-03T13:46:31+00:00","description":"Les tests de logiciels 3 s\u2019appuie sur plus de quarante ann\u00e9es de pratique dans le d\u00e9veloppement et le test des syst\u00e8mes de syst\u00e8mes.","breadcrumb":{"@id":"https:\/\/www.istegroup.com\/en\/produit\/les-tests-de-logiciels-3\/#breadcrumb"},"inLanguage":"fr-FR","potentialAction":[{"@type":"ReadAction","target":["https:\/\/www.istegroup.com\/en\/produit\/les-tests-de-logiciels-3\/"]}]},{"@type":"ImageObject","inLanguage":"fr-FR","@id":"https:\/\/www.istegroup.com\/en\/produit\/les-tests-de-logiciels-3\/#primaryimage","url":"https:\/\/www.istegroup.com\/wp-content\/uploads\/2022\/09\/Les-tests-de-logiciels-3.jpg","contentUrl":"https:\/\/www.istegroup.com\/wp-content\/uploads\/2022\/09\/Les-tests-de-logiciels-3.jpg","width":350,"height":525,"caption":"Livre scientifique - Les tests de logiciels 3 - Bernard Hom\u00e8s"},{"@type":"BreadcrumbList","@id":"https:\/\/www.istegroup.com\/en\/produit\/les-tests-de-logiciels-3\/#breadcrumb","itemListElement":[{"@type":"ListItem","position":1,"name":"Home","item":"https:\/\/www.istegroup.com\/"},{"@type":"ListItem","position":2,"name":"Shop","item":"https:\/\/www.istegroup.com\/fr\/nouveautes\/"},{"@type":"ListItem","position":3,"name":"Les tests de logiciels 3"}]},{"@type":"WebSite","@id":"https:\/\/www.istegroup.com\/#website","url":"https:\/\/www.istegroup.com\/","name":"ISTE Group","description":"\u00c9diteur des Sciences","potentialAction":[{"@type":"SearchAction","target":{"@type":"EntryPoint","urlTemplate":"https:\/\/www.istegroup.com\/?s={search_term_string}"},"query-input":{"@type":"PropertyValueSpecification","valueRequired":true,"valueName":"search_term_string"}}],"inLanguage":"fr-FR"}]}},"_links":{"self":[{"href":"https:\/\/www.istegroup.com\/fr\/wp-json\/wp\/v2\/product\/48064","targetHints":{"allow":["GET"]}}],"collection":[{"href":"https:\/\/www.istegroup.com\/fr\/wp-json\/wp\/v2\/product"}],"about":[{"href":"https:\/\/www.istegroup.com\/fr\/wp-json\/wp\/v2\/types\/product"}],"wp:featuredmedia":[{"embeddable":true,"href":"https:\/\/www.istegroup.com\/fr\/wp-json\/wp\/v2\/media\/48067"}],"wp:attachment":[{"href":"https:\/\/www.istegroup.com\/fr\/wp-json\/wp\/v2\/media?parent=48064"}],"wp:term":[{"taxonomy":"product_brand","embeddable":true,"href":"https:\/\/www.istegroup.com\/fr\/wp-json\/wp\/v2\/product_brand?post=48064"},{"taxonomy":"product_cat","embeddable":true,"href":"https:\/\/www.istegroup.com\/fr\/wp-json\/wp\/v2\/product_cat?post=48064"},{"taxonomy":"product_tag","embeddable":true,"href":"https:\/\/www.istegroup.com\/fr\/wp-json\/wp\/v2\/product_tag?post=48064"}],"curies":[{"name":"wp","href":"https:\/\/api.w.org\/{rel}","templated":true}]}}