{"id":47781,"date":"2022-08-31T10:40:57","date_gmt":"2022-08-31T09:40:57","guid":{"rendered":"https:\/\/www.istegroup.com\/?post_type=product&#038;p=47781"},"modified":"2024-01-03T13:46:28","modified_gmt":"2024-01-03T13:46:28","slug":"pratiques-dinformation-et-connaissances-en-sante","status":"publish","type":"product","link":"https:\/\/www.istegroup.com\/fr\/produit\/pratiques-dinformation-et-connaissances-en-sante\/","title":{"rendered":"Pratiques d\u2019information et connaissances en sant\u00e9"},"content":{"rendered":"<p>Dans le domaine de la sant\u00e9, les pratiques informationnelles et l\u2019organisation des connaissances constituent un enjeu majeur. Ces pratiques \u00e9voluent sous l\u2019influence du num\u00e9rique, qu\u2019il s\u2019agisse des pratiques des m\u00e9decins et des professions param\u00e9dicales ou de celles des usagers expos\u00e9s de mani\u00e8re quotidienne \u00e0 des informations en lien avec leur sant\u00e9. Corr\u00e9lativement, la mani\u00e8re dont les connaissances m\u00e9dicales sont produites, organis\u00e9es, repr\u00e9sent\u00e9es ou m\u00e9diatis\u00e9es est \u00e9galement soumise \u00e0 de nombreuses mutations depuis la g\u00e9n\u00e9ralisation du num\u00e9rique.<\/p>\n<p><em>Pratiques d\u2019information et connaissances en sant\u00e9<\/em> traite l\u2019information m\u00e9dicale et sanitaire sp\u00e9cialis\u00e9e selon diverses perspectives : l\u2019\u00e9dition scientifique open science, les pratiques actuelles des professionnels de sant\u00e9 et des citoyens et enfin l\u2019acc\u00e8s aux savoirs m\u00e9dicaux par des syst\u00e8mes d\u2019organisation des connaissances.<\/p>","protected":false},"excerpt":{"rendered":"<p>Dans le domaine de la sant\u00e9, les pratiques informationnelles et l\u2019organisation des connaissances constituent un enjeu majeur. Ces pratiques \u00e9voluent sous l\u2019influence du num\u00e9rique, qu\u2019il s\u2019agisse des pratiques des m\u00e9decins et des professions param\u00e9dicales ou de celles des usagers expos\u00e9s de mani\u00e8re quotidienne \u00e0 des informations en lien avec leur sant\u00e9. Corr\u00e9lativement, la mani\u00e8re dont [&hellip;]<\/p>\n","protected":false},"featured_media":47791,"template":"","meta":{"_acf_changed":false,"_links_to":"","_links_to_target":""},"product_brand":[],"product_cat":[3262],"product_tag":[],"class_list":{"0":"post-47781","1":"product","2":"type-product","3":"status-publish","4":"has-post-thumbnail","6":"product_cat-non-classe","8":"first","9":"instock","10":"shipping-taxable","11":"purchasable","12":"product-type-variable"},"acf":[],"yoast_head":"<!-- This site is optimized with the Yoast SEO plugin v27.2 - https:\/\/yoast.com\/product\/yoast-seo-wordpress\/ -->\n<title>Pratiques d\u2019information et connaissances en sant\u00e9 - ISTE Group<\/title>\n<meta name=\"description\" content=\"Pratiques d\u2019information et connaissances en sant\u00e9 traite l\u2019information m\u00e9dicale et sanitaire sp\u00e9cialis\u00e9e selon diverses perspectives : l\u2019\u00e9dition scientifique open science, les pratiques actuelles des professionnels de sant\u00e9 et des citoyens et enfin l\u2019acc\u00e8s aux savoirs m\u00e9dicaux par des syst\u00e8mes d\u2019organisation des connaissances.\" \/>\n<meta name=\"robots\" content=\"index, follow, max-snippet:-1, max-image-preview:large, max-video-preview:-1\" \/>\n<link rel=\"canonical\" href=\"https:\/\/www.istegroup.com\/fr\/produit\/pratiques-dinformation-et-connaissances-en-sante\/\" \/>\n<meta property=\"og:locale\" content=\"fr_FR\" \/>\n<meta property=\"og:type\" content=\"article\" \/>\n<meta property=\"og:title\" content=\"Pratiques d\u2019information et connaissances en sant\u00e9 - ISTE Group\" \/>\n<meta property=\"og:description\" content=\"Pratiques d\u2019information et connaissances en sant\u00e9 traite l\u2019information m\u00e9dicale et sanitaire sp\u00e9cialis\u00e9e selon diverses perspectives : l\u2019\u00e9dition scientifique open science, les pratiques actuelles des professionnels de sant\u00e9 et des citoyens et enfin l\u2019acc\u00e8s aux savoirs m\u00e9dicaux par des syst\u00e8mes d\u2019organisation des connaissances.\" \/>\n<meta property=\"og:url\" content=\"https:\/\/www.istegroup.com\/fr\/produit\/pratiques-dinformation-et-connaissances-en-sante\/\" \/>\n<meta property=\"og:site_name\" content=\"ISTE Group\" \/>\n<meta property=\"article:modified_time\" content=\"2024-01-03T13:46:28+00:00\" \/>\n<meta property=\"og:image\" content=\"https:\/\/www.istegroup.com\/wp-content\/uploads\/2022\/08\/Pratiques-dinformation-et-connaissances-en-sante.jpg\" \/>\n\t<meta property=\"og:image:width\" content=\"598\" \/>\n\t<meta property=\"og:image:height\" content=\"902\" \/>\n\t<meta property=\"og:image:type\" content=\"image\/jpeg\" \/>\n<meta name=\"twitter:card\" content=\"summary_large_image\" \/>\n<meta name=\"twitter:label1\" content=\"Est. reading time\" \/>\n\t<meta name=\"twitter:data1\" content=\"1 minute\" \/>\n<script type=\"application\/ld+json\" class=\"yoast-schema-graph\">{\"@context\":\"https:\/\/schema.org\",\"@graph\":[{\"@type\":\"WebPage\",\"@id\":\"https:\/\/www.istegroup.com\/fr\/produit\/pratiques-dinformation-et-connaissances-en-sante\/\",\"url\":\"https:\/\/www.istegroup.com\/fr\/produit\/pratiques-dinformation-et-connaissances-en-sante\/\",\"name\":\"Pratiques d\u2019information et connaissances en sant\u00e9 - ISTE Group\",\"isPartOf\":{\"@id\":\"https:\/\/www.istegroup.com\/#website\"},\"primaryImageOfPage\":{\"@id\":\"https:\/\/www.istegroup.com\/fr\/produit\/pratiques-dinformation-et-connaissances-en-sante\/#primaryimage\"},\"image\":{\"@id\":\"https:\/\/www.istegroup.com\/fr\/produit\/pratiques-dinformation-et-connaissances-en-sante\/#primaryimage\"},\"thumbnailUrl\":\"https:\/\/www.istegroup.com\/wp-content\/uploads\/2022\/08\/Pratiques-dinformation-et-connaissances-en-sante.jpg\",\"datePublished\":\"2022-08-31T09:40:57+00:00\",\"dateModified\":\"2024-01-03T13:46:28+00:00\",\"description\":\"Pratiques d\u2019information et connaissances en sant\u00e9 traite l\u2019information m\u00e9dicale et sanitaire sp\u00e9cialis\u00e9e selon diverses perspectives : l\u2019\u00e9dition scientifique open science, les pratiques actuelles des professionnels de sant\u00e9 et des citoyens et enfin l\u2019acc\u00e8s aux savoirs m\u00e9dicaux par des syst\u00e8mes d\u2019organisation des connaissances.\",\"breadcrumb\":{\"@id\":\"https:\/\/www.istegroup.com\/fr\/produit\/pratiques-dinformation-et-connaissances-en-sante\/#breadcrumb\"},\"inLanguage\":\"fr-FR\",\"potentialAction\":[{\"@type\":\"ReadAction\",\"target\":[\"https:\/\/www.istegroup.com\/fr\/produit\/pratiques-dinformation-et-connaissances-en-sante\/\"]}]},{\"@type\":\"ImageObject\",\"inLanguage\":\"fr-FR\",\"@id\":\"https:\/\/www.istegroup.com\/fr\/produit\/pratiques-dinformation-et-connaissances-en-sante\/#primaryimage\",\"url\":\"https:\/\/www.istegroup.com\/wp-content\/uploads\/2022\/08\/Pratiques-dinformation-et-connaissances-en-sante.jpg\",\"contentUrl\":\"https:\/\/www.istegroup.com\/wp-content\/uploads\/2022\/08\/Pratiques-dinformation-et-connaissances-en-sante.jpg\",\"width\":598,\"height\":902,\"caption\":\"Livre scientifique - Pratiques d\u2019information et connaissances en sant\u00e9 - C\u00e9line Paganelli et Viviane Clavier\"},{\"@type\":\"BreadcrumbList\",\"@id\":\"https:\/\/www.istegroup.com\/fr\/produit\/pratiques-dinformation-et-connaissances-en-sante\/#breadcrumb\",\"itemListElement\":[{\"@type\":\"ListItem\",\"position\":1,\"name\":\"Home\",\"item\":\"https:\/\/www.istegroup.com\/\"},{\"@type\":\"ListItem\",\"position\":2,\"name\":\"Shop\",\"item\":\"https:\/\/www.istegroup.com\/fr\/nouveautes\/\"},{\"@type\":\"ListItem\",\"position\":3,\"name\":\"Pratiques d\u2019information et connaissances en sant\u00e9\"}]},{\"@type\":\"WebSite\",\"@id\":\"https:\/\/www.istegroup.com\/#website\",\"url\":\"https:\/\/www.istegroup.com\/\",\"name\":\"ISTE Group\",\"description\":\"\u00c9diteur des Sciences\",\"potentialAction\":[{\"@type\":\"SearchAction\",\"target\":{\"@type\":\"EntryPoint\",\"urlTemplate\":\"https:\/\/www.istegroup.com\/?s={search_term_string}\"},\"query-input\":{\"@type\":\"PropertyValueSpecification\",\"valueRequired\":true,\"valueName\":\"search_term_string\"}}],\"inLanguage\":\"fr-FR\"}]}<\/script>\n<!-- \/ Yoast SEO plugin. -->","yoast_head_json":{"title":"Pratiques d\u2019information et connaissances en sant\u00e9 - ISTE Group","description":"Pratiques d\u2019information et connaissances en sant\u00e9 traite l\u2019information m\u00e9dicale et sanitaire sp\u00e9cialis\u00e9e selon diverses perspectives : l\u2019\u00e9dition scientifique open science, les pratiques actuelles des professionnels de sant\u00e9 et des citoyens et enfin l\u2019acc\u00e8s aux savoirs m\u00e9dicaux par des syst\u00e8mes d\u2019organisation des connaissances.","robots":{"index":"index","follow":"follow","max-snippet":"max-snippet:-1","max-image-preview":"max-image-preview:large","max-video-preview":"max-video-preview:-1"},"canonical":"https:\/\/www.istegroup.com\/fr\/produit\/pratiques-dinformation-et-connaissances-en-sante\/","og_locale":"fr_FR","og_type":"article","og_title":"Pratiques d\u2019information et connaissances en sant\u00e9 - ISTE Group","og_description":"Pratiques d\u2019information et connaissances en sant\u00e9 traite l\u2019information m\u00e9dicale et sanitaire sp\u00e9cialis\u00e9e selon diverses perspectives : l\u2019\u00e9dition scientifique open science, les pratiques actuelles des professionnels de sant\u00e9 et des citoyens et enfin l\u2019acc\u00e8s aux savoirs m\u00e9dicaux par des syst\u00e8mes d\u2019organisation des connaissances.","og_url":"https:\/\/www.istegroup.com\/fr\/produit\/pratiques-dinformation-et-connaissances-en-sante\/","og_site_name":"ISTE Group","article_modified_time":"2024-01-03T13:46:28+00:00","og_image":[{"width":598,"height":902,"url":"https:\/\/www.istegroup.com\/wp-content\/uploads\/2022\/08\/Pratiques-dinformation-et-connaissances-en-sante.jpg","type":"image\/jpeg"}],"twitter_card":"summary_large_image","twitter_misc":{"Est. reading time":"1 minute"},"schema":{"@context":"https:\/\/schema.org","@graph":[{"@type":"WebPage","@id":"https:\/\/www.istegroup.com\/fr\/produit\/pratiques-dinformation-et-connaissances-en-sante\/","url":"https:\/\/www.istegroup.com\/fr\/produit\/pratiques-dinformation-et-connaissances-en-sante\/","name":"Pratiques d\u2019information et connaissances en sant\u00e9 - ISTE Group","isPartOf":{"@id":"https:\/\/www.istegroup.com\/#website"},"primaryImageOfPage":{"@id":"https:\/\/www.istegroup.com\/fr\/produit\/pratiques-dinformation-et-connaissances-en-sante\/#primaryimage"},"image":{"@id":"https:\/\/www.istegroup.com\/fr\/produit\/pratiques-dinformation-et-connaissances-en-sante\/#primaryimage"},"thumbnailUrl":"https:\/\/www.istegroup.com\/wp-content\/uploads\/2022\/08\/Pratiques-dinformation-et-connaissances-en-sante.jpg","datePublished":"2022-08-31T09:40:57+00:00","dateModified":"2024-01-03T13:46:28+00:00","description":"Pratiques d\u2019information et connaissances en sant\u00e9 traite l\u2019information m\u00e9dicale et sanitaire sp\u00e9cialis\u00e9e selon diverses perspectives : l\u2019\u00e9dition scientifique open science, les pratiques actuelles des professionnels de sant\u00e9 et des citoyens et enfin l\u2019acc\u00e8s aux savoirs m\u00e9dicaux par des syst\u00e8mes d\u2019organisation des connaissances.","breadcrumb":{"@id":"https:\/\/www.istegroup.com\/fr\/produit\/pratiques-dinformation-et-connaissances-en-sante\/#breadcrumb"},"inLanguage":"fr-FR","potentialAction":[{"@type":"ReadAction","target":["https:\/\/www.istegroup.com\/fr\/produit\/pratiques-dinformation-et-connaissances-en-sante\/"]}]},{"@type":"ImageObject","inLanguage":"fr-FR","@id":"https:\/\/www.istegroup.com\/fr\/produit\/pratiques-dinformation-et-connaissances-en-sante\/#primaryimage","url":"https:\/\/www.istegroup.com\/wp-content\/uploads\/2022\/08\/Pratiques-dinformation-et-connaissances-en-sante.jpg","contentUrl":"https:\/\/www.istegroup.com\/wp-content\/uploads\/2022\/08\/Pratiques-dinformation-et-connaissances-en-sante.jpg","width":598,"height":902,"caption":"Livre scientifique - Pratiques d\u2019information et connaissances en sant\u00e9 - C\u00e9line Paganelli et Viviane Clavier"},{"@type":"BreadcrumbList","@id":"https:\/\/www.istegroup.com\/fr\/produit\/pratiques-dinformation-et-connaissances-en-sante\/#breadcrumb","itemListElement":[{"@type":"ListItem","position":1,"name":"Home","item":"https:\/\/www.istegroup.com\/"},{"@type":"ListItem","position":2,"name":"Shop","item":"https:\/\/www.istegroup.com\/fr\/nouveautes\/"},{"@type":"ListItem","position":3,"name":"Pratiques d\u2019information et connaissances en sant\u00e9"}]},{"@type":"WebSite","@id":"https:\/\/www.istegroup.com\/#website","url":"https:\/\/www.istegroup.com\/","name":"ISTE Group","description":"\u00c9diteur des Sciences","potentialAction":[{"@type":"SearchAction","target":{"@type":"EntryPoint","urlTemplate":"https:\/\/www.istegroup.com\/?s={search_term_string}"},"query-input":{"@type":"PropertyValueSpecification","valueRequired":true,"valueName":"search_term_string"}}],"inLanguage":"fr-FR"}]}},"_links":{"self":[{"href":"https:\/\/www.istegroup.com\/fr\/wp-json\/wp\/v2\/product\/47781","targetHints":{"allow":["GET"]}}],"collection":[{"href":"https:\/\/www.istegroup.com\/fr\/wp-json\/wp\/v2\/product"}],"about":[{"href":"https:\/\/www.istegroup.com\/fr\/wp-json\/wp\/v2\/types\/product"}],"wp:featuredmedia":[{"embeddable":true,"href":"https:\/\/www.istegroup.com\/fr\/wp-json\/wp\/v2\/media\/47791"}],"wp:attachment":[{"href":"https:\/\/www.istegroup.com\/fr\/wp-json\/wp\/v2\/media?parent=47781"}],"wp:term":[{"taxonomy":"product_brand","embeddable":true,"href":"https:\/\/www.istegroup.com\/fr\/wp-json\/wp\/v2\/product_brand?post=47781"},{"taxonomy":"product_cat","embeddable":true,"href":"https:\/\/www.istegroup.com\/fr\/wp-json\/wp\/v2\/product_cat?post=47781"},{"taxonomy":"product_tag","embeddable":true,"href":"https:\/\/www.istegroup.com\/fr\/wp-json\/wp\/v2\/product_tag?post=47781"}],"curies":[{"name":"wp","href":"https:\/\/api.w.org\/{rel}","templated":true}]}}