{"id":47763,"date":"2022-08-30T15:30:16","date_gmt":"2022-08-30T14:30:16","guid":{"rendered":"https:\/\/www.istegroup.com\/?post_type=product&#038;p=47763"},"modified":"2024-09-04T13:15:26","modified_gmt":"2024-09-04T12:15:26","slug":"geopolitique-et-transition-energetique-1","status":"publish","type":"product","link":"https:\/\/www.istegroup.com\/fr\/produit\/geopolitique-et-transition-energetique-1\/","title":{"rendered":"G\u00e9opolitique et transition \u00e9nerg\u00e9tique 1"},"content":{"rendered":"<p>Le secteur de l\u2019\u00e9nergie connait des transformations sans pr\u00e9c\u00e9dent. Alors qu\u2019il y a 20 ans, la pr\u00e9occupation majeure \u00e9tait de disposer de suffisamment de p\u00e9trole et de gaz, aujourd\u2019hui les responsables politiques sont confront\u00e9s \u00e0 la n\u00e9cessit\u00e9 de r\u00e9duire les \u00e9missions de CO2 produites par les \u00e9nergies fossiles toujours dominantes, sans pouvoir se reposer totalement sur les \u00e9nergies renouvelables qui sont intermittentes et dont la part dans la production \u00e9nerg\u00e9tique reste faible.<\/p>\n<p><em>G\u00e9opolitique et transition \u00e9nerg\u00e9tique 1<\/em> pr\u00e9sente les aspects techniques de l\u2019\u00e9nergie et en fournit les principales caract\u00e9ristiques, il expose les enjeux de la transition \u00e9nerg\u00e9tique, les conditions de d\u00e9veloppement des \u00e9nergies renouvelables et les enjeux g\u00e9opolitiques de cette transition. Il d\u00e9crit \u00e9galement les march\u00e9s des diff\u00e9rentes \u00e9nergies et les cons\u00e9quences des politiques de lib\u00e9ralisation, sans oublier d\u2019analyser les structures des diff\u00e9rents secteurs tout en signalant les probl\u00e8mes fondamentaux de la s\u00e9curit\u00e9 des approvisionnements et des moyens de la renforcer.<\/p>","protected":false},"excerpt":{"rendered":"<p>Le secteur de l\u2019\u00e9nergie connait des transformations sans pr\u00e9c\u00e9dent. Alors qu\u2019il y a 20 ans, la pr\u00e9occupation majeure \u00e9tait de disposer de suffisamment de p\u00e9trole et de gaz, aujourd\u2019hui les responsables politiques sont confront\u00e9s \u00e0 la n\u00e9cessit\u00e9 de r\u00e9duire les \u00e9missions de CO2 produites par les \u00e9nergies fossiles toujours dominantes, sans pouvoir se reposer totalement [&hellip;]<\/p>\n","protected":false},"featured_media":47889,"template":"","meta":{"_acf_changed":false,"_links_to":"","_links_to_target":""},"product_brand":[],"product_cat":[3262],"product_tag":[],"class_list":{"0":"post-47763","1":"product","2":"type-product","3":"status-publish","4":"has-post-thumbnail","6":"product_cat-non-classe","8":"first","9":"instock","10":"shipping-taxable","11":"purchasable","12":"product-type-variable"},"acf":[],"yoast_head":"<!-- This site is optimized with the Yoast SEO plugin v27.2 - https:\/\/yoast.com\/product\/yoast-seo-wordpress\/ -->\n<title>G\u00e9opolitique et transition \u00e9nerg\u00e9tique 1 - ISTE Group<\/title>\n<meta name=\"robots\" content=\"index, follow, max-snippet:-1, max-image-preview:large, max-video-preview:-1\" \/>\n<link rel=\"canonical\" href=\"https:\/\/www.istegroup.com\/en\/produit\/geopolitique-et-transition-energetique-1\/\" \/>\n<meta property=\"og:locale\" content=\"fr_FR\" \/>\n<meta property=\"og:type\" content=\"article\" \/>\n<meta property=\"og:title\" content=\"G\u00e9opolitique et transition \u00e9nerg\u00e9tique 1 - ISTE Group\" \/>\n<meta property=\"og:description\" content=\"Le secteur de l\u2019\u00e9nergie connait des transformations sans pr\u00e9c\u00e9dent. Alors qu\u2019il y a 20 ans, la pr\u00e9occupation majeure \u00e9tait de disposer de suffisamment de p\u00e9trole et de gaz, aujourd\u2019hui les responsables politiques sont confront\u00e9s \u00e0 la n\u00e9cessit\u00e9 de r\u00e9duire les \u00e9missions de CO2 produites par les \u00e9nergies fossiles toujours dominantes, sans pouvoir se reposer totalement [&hellip;]\" \/>\n<meta property=\"og:url\" content=\"https:\/\/www.istegroup.com\/en\/produit\/geopolitique-et-transition-energetique-1\/\" \/>\n<meta property=\"og:site_name\" content=\"ISTE Group\" \/>\n<meta property=\"article:modified_time\" content=\"2024-09-04T12:15:26+00:00\" \/>\n<meta property=\"og:image\" content=\"https:\/\/www.istegroup.com\/wp-content\/uploads\/2022\/08\/Geopolitique-et-transition-energetique-1_couv.jpg\" \/>\n\t<meta property=\"og:image:width\" content=\"350\" \/>\n\t<meta property=\"og:image:height\" content=\"524\" \/>\n\t<meta property=\"og:image:type\" content=\"image\/jpeg\" \/>\n<meta name=\"twitter:card\" content=\"summary_large_image\" \/>\n<meta name=\"twitter:label1\" content=\"Est. reading time\" \/>\n\t<meta name=\"twitter:data1\" content=\"1 minute\" \/>\n<script type=\"application\/ld+json\" class=\"yoast-schema-graph\">{\"@context\":\"https:\/\/schema.org\",\"@graph\":[{\"@type\":\"WebPage\",\"@id\":\"https:\/\/www.istegroup.com\/en\/produit\/geopolitique-et-transition-energetique-1\/\",\"url\":\"https:\/\/www.istegroup.com\/en\/produit\/geopolitique-et-transition-energetique-1\/\",\"name\":\"G\u00e9opolitique et transition \u00e9nerg\u00e9tique 1 - ISTE Group\",\"isPartOf\":{\"@id\":\"https:\/\/www.istegroup.com\/#website\"},\"primaryImageOfPage\":{\"@id\":\"https:\/\/www.istegroup.com\/en\/produit\/geopolitique-et-transition-energetique-1\/#primaryimage\"},\"image\":{\"@id\":\"https:\/\/www.istegroup.com\/en\/produit\/geopolitique-et-transition-energetique-1\/#primaryimage\"},\"thumbnailUrl\":\"https:\/\/www.istegroup.com\/wp-content\/uploads\/2022\/08\/Geopolitique-et-transition-energetique-1_couv.jpg\",\"datePublished\":\"2022-08-30T14:30:16+00:00\",\"dateModified\":\"2024-09-04T12:15:26+00:00\",\"breadcrumb\":{\"@id\":\"https:\/\/www.istegroup.com\/en\/produit\/geopolitique-et-transition-energetique-1\/#breadcrumb\"},\"inLanguage\":\"fr-FR\",\"potentialAction\":[{\"@type\":\"ReadAction\",\"target\":[\"https:\/\/www.istegroup.com\/en\/produit\/geopolitique-et-transition-energetique-1\/\"]}]},{\"@type\":\"ImageObject\",\"inLanguage\":\"fr-FR\",\"@id\":\"https:\/\/www.istegroup.com\/en\/produit\/geopolitique-et-transition-energetique-1\/#primaryimage\",\"url\":\"https:\/\/www.istegroup.com\/wp-content\/uploads\/2022\/08\/Geopolitique-et-transition-energetique-1_couv.jpg\",\"contentUrl\":\"https:\/\/www.istegroup.com\/wp-content\/uploads\/2022\/08\/Geopolitique-et-transition-energetique-1_couv.jpg\",\"width\":350,\"height\":524},{\"@type\":\"BreadcrumbList\",\"@id\":\"https:\/\/www.istegroup.com\/en\/produit\/geopolitique-et-transition-energetique-1\/#breadcrumb\",\"itemListElement\":[{\"@type\":\"ListItem\",\"position\":1,\"name\":\"Home\",\"item\":\"https:\/\/www.istegroup.com\/\"},{\"@type\":\"ListItem\",\"position\":2,\"name\":\"Shop\",\"item\":\"https:\/\/www.istegroup.com\/fr\/nouveautes\/\"},{\"@type\":\"ListItem\",\"position\":3,\"name\":\"G\u00e9opolitique et transition \u00e9nerg\u00e9tique 1\"}]},{\"@type\":\"WebSite\",\"@id\":\"https:\/\/www.istegroup.com\/#website\",\"url\":\"https:\/\/www.istegroup.com\/\",\"name\":\"ISTE Group\",\"description\":\"\u00c9diteur des Sciences\",\"potentialAction\":[{\"@type\":\"SearchAction\",\"target\":{\"@type\":\"EntryPoint\",\"urlTemplate\":\"https:\/\/www.istegroup.com\/?s={search_term_string}\"},\"query-input\":{\"@type\":\"PropertyValueSpecification\",\"valueRequired\":true,\"valueName\":\"search_term_string\"}}],\"inLanguage\":\"fr-FR\"}]}<\/script>\n<!-- \/ Yoast SEO plugin. -->","yoast_head_json":{"title":"G\u00e9opolitique et transition \u00e9nerg\u00e9tique 1 - ISTE Group","robots":{"index":"index","follow":"follow","max-snippet":"max-snippet:-1","max-image-preview":"max-image-preview:large","max-video-preview":"max-video-preview:-1"},"canonical":"https:\/\/www.istegroup.com\/en\/produit\/geopolitique-et-transition-energetique-1\/","og_locale":"fr_FR","og_type":"article","og_title":"G\u00e9opolitique et transition \u00e9nerg\u00e9tique 1 - ISTE Group","og_description":"Le secteur de l\u2019\u00e9nergie connait des transformations sans pr\u00e9c\u00e9dent. Alors qu\u2019il y a 20 ans, la pr\u00e9occupation majeure \u00e9tait de disposer de suffisamment de p\u00e9trole et de gaz, aujourd\u2019hui les responsables politiques sont confront\u00e9s \u00e0 la n\u00e9cessit\u00e9 de r\u00e9duire les \u00e9missions de CO2 produites par les \u00e9nergies fossiles toujours dominantes, sans pouvoir se reposer totalement [&hellip;]","og_url":"https:\/\/www.istegroup.com\/en\/produit\/geopolitique-et-transition-energetique-1\/","og_site_name":"ISTE Group","article_modified_time":"2024-09-04T12:15:26+00:00","og_image":[{"width":350,"height":524,"url":"https:\/\/www.istegroup.com\/wp-content\/uploads\/2022\/08\/Geopolitique-et-transition-energetique-1_couv.jpg","type":"image\/jpeg"}],"twitter_card":"summary_large_image","twitter_misc":{"Est. reading time":"1 minute"},"schema":{"@context":"https:\/\/schema.org","@graph":[{"@type":"WebPage","@id":"https:\/\/www.istegroup.com\/en\/produit\/geopolitique-et-transition-energetique-1\/","url":"https:\/\/www.istegroup.com\/en\/produit\/geopolitique-et-transition-energetique-1\/","name":"G\u00e9opolitique et transition \u00e9nerg\u00e9tique 1 - ISTE Group","isPartOf":{"@id":"https:\/\/www.istegroup.com\/#website"},"primaryImageOfPage":{"@id":"https:\/\/www.istegroup.com\/en\/produit\/geopolitique-et-transition-energetique-1\/#primaryimage"},"image":{"@id":"https:\/\/www.istegroup.com\/en\/produit\/geopolitique-et-transition-energetique-1\/#primaryimage"},"thumbnailUrl":"https:\/\/www.istegroup.com\/wp-content\/uploads\/2022\/08\/Geopolitique-et-transition-energetique-1_couv.jpg","datePublished":"2022-08-30T14:30:16+00:00","dateModified":"2024-09-04T12:15:26+00:00","breadcrumb":{"@id":"https:\/\/www.istegroup.com\/en\/produit\/geopolitique-et-transition-energetique-1\/#breadcrumb"},"inLanguage":"fr-FR","potentialAction":[{"@type":"ReadAction","target":["https:\/\/www.istegroup.com\/en\/produit\/geopolitique-et-transition-energetique-1\/"]}]},{"@type":"ImageObject","inLanguage":"fr-FR","@id":"https:\/\/www.istegroup.com\/en\/produit\/geopolitique-et-transition-energetique-1\/#primaryimage","url":"https:\/\/www.istegroup.com\/wp-content\/uploads\/2022\/08\/Geopolitique-et-transition-energetique-1_couv.jpg","contentUrl":"https:\/\/www.istegroup.com\/wp-content\/uploads\/2022\/08\/Geopolitique-et-transition-energetique-1_couv.jpg","width":350,"height":524},{"@type":"BreadcrumbList","@id":"https:\/\/www.istegroup.com\/en\/produit\/geopolitique-et-transition-energetique-1\/#breadcrumb","itemListElement":[{"@type":"ListItem","position":1,"name":"Home","item":"https:\/\/www.istegroup.com\/"},{"@type":"ListItem","position":2,"name":"Shop","item":"https:\/\/www.istegroup.com\/fr\/nouveautes\/"},{"@type":"ListItem","position":3,"name":"G\u00e9opolitique et transition \u00e9nerg\u00e9tique 1"}]},{"@type":"WebSite","@id":"https:\/\/www.istegroup.com\/#website","url":"https:\/\/www.istegroup.com\/","name":"ISTE Group","description":"\u00c9diteur des Sciences","potentialAction":[{"@type":"SearchAction","target":{"@type":"EntryPoint","urlTemplate":"https:\/\/www.istegroup.com\/?s={search_term_string}"},"query-input":{"@type":"PropertyValueSpecification","valueRequired":true,"valueName":"search_term_string"}}],"inLanguage":"fr-FR"}]}},"_links":{"self":[{"href":"https:\/\/www.istegroup.com\/fr\/wp-json\/wp\/v2\/product\/47763","targetHints":{"allow":["GET"]}}],"collection":[{"href":"https:\/\/www.istegroup.com\/fr\/wp-json\/wp\/v2\/product"}],"about":[{"href":"https:\/\/www.istegroup.com\/fr\/wp-json\/wp\/v2\/types\/product"}],"wp:featuredmedia":[{"embeddable":true,"href":"https:\/\/www.istegroup.com\/fr\/wp-json\/wp\/v2\/media\/47889"}],"wp:attachment":[{"href":"https:\/\/www.istegroup.com\/fr\/wp-json\/wp\/v2\/media?parent=47763"}],"wp:term":[{"taxonomy":"product_brand","embeddable":true,"href":"https:\/\/www.istegroup.com\/fr\/wp-json\/wp\/v2\/product_brand?post=47763"},{"taxonomy":"product_cat","embeddable":true,"href":"https:\/\/www.istegroup.com\/fr\/wp-json\/wp\/v2\/product_cat?post=47763"},{"taxonomy":"product_tag","embeddable":true,"href":"https:\/\/www.istegroup.com\/fr\/wp-json\/wp\/v2\/product_tag?post=47763"}],"curies":[{"name":"wp","href":"https:\/\/api.w.org\/{rel}","templated":true}]}}