{"id":477,"date":"2017-07-28T14:51:20","date_gmt":"2017-07-28T12:51:20","guid":{"rendered":"https:\/\/iste.yhello.co\/product\/mathematiques-pour-la-modelisation-et-le-calcul-scientifique\/"},"modified":"2024-01-03T13:40:12","modified_gmt":"2024-01-03T13:40:12","slug":"mathematiques-pour-la-modelisation-et-le-calcul-scientifique","status":"publish","type":"product","link":"https:\/\/www.istegroup.com\/fr\/produit\/mathematiques-pour-la-modelisation-et-le-calcul-scientifique\/","title":{"rendered":"Math\u00e9matiques pour la mod\u00e9lisation et le calcul scientifique"},"content":{"rendered":"<p style=\"text-align: left\">Didactique,\u00a0<em>Math\u00e9matiques pour la mod\u00e9lisation et le calcul scientifique<\/em>\u00a0propose des \u00e9nonc\u00e9s th\u00e9oriques, d\u00e9taill\u00e9s et des exemples applicatifs. Un panorama complet allant de la mise en \u00e9quations de ph\u00e9nom\u00e8nes complexes \u00e0 leur analyse math\u00e9matique et leur approximation num\u00e9rique, incorporant la mise en oeuvre effective des algorithmes est expos\u00e9.<\/p>\n<p>Cet ouvrage pr\u00e9sente les bases math\u00e9matiques pour la mod\u00e9lisation et le calcul scientifique aux \u00e9l\u00e8ves d&rsquo;\u00e9coles d&rsquo;ing\u00e9nieurs, aux \u00e9tudiants de master et aux candidats se pr\u00e9parant \u00e0 l&rsquo;agr\u00e9gation. Il donne un aper\u00e7u pertinent \u00e0 ceux qui voudraient en savoir plus et les pr\u00e9pare \u00e0 la lecture d\u2019ouvrages plus avanc\u00e9s et sp\u00e9cialis\u00e9s.<\/p>\n","protected":false},"excerpt":{"rendered":"<p>Didactique,\u00a0Math\u00e9matiques pour la mod\u00e9lisation et le calcul scientifique\u00a0propose des \u00e9nonc\u00e9s th\u00e9oriques, d\u00e9taill\u00e9s et des exemples applicatifs. Un panorama complet allant de la mise en \u00e9quations de ph\u00e9nom\u00e8nes complexes \u00e0 leur analyse math\u00e9matique et leur approximation num\u00e9rique, incorporant la mise en oeuvre effective des algorithmes est expos\u00e9. Cet ouvrage pr\u00e9sente les bases math\u00e9matiques pour la mod\u00e9lisation [&hellip;]<\/p>\n","protected":false},"featured_media":478,"template":"","meta":{"_acf_changed":false,"_links_to":"","_links_to_target":""},"product_brand":[],"product_cat":[671,675],"product_tag":[318,319,31,196,269,18,19,218,219,20,326,320,321,197,198,199,21,200,22,201,203,204,63,25,205,172,26,206,207,27,99,208,209,322,323,324,212,38,192,145,28,29,213,214,325],"class_list":{"0":"post-477","1":"product","2":"type-product","3":"status-publish","4":"has-post-thumbnail","6":"product_cat-mathmatiques-et-statistiques-12506494","7":"product_cat-nouveauts-12519446","8":"product_tag-calcul-scientifique","9":"product_tag-derivees-partielles","10":"product_tag-ebook","11":"product_tag-ebooks","12":"product_tag-edition-francaise","13":"product_tag-edition-scientifique","14":"product_tag-editions-francaise","15":"product_tag-editions-ouvrage","16":"product_tag-editions-ouvrages","17":"product_tag-editions-technique","18":"product_tag-equations","19":"product_tag-equations-differentielles","20":"product_tag-equations-differentielles-ordinaires","21":"product_tag-iste","22":"product_tag-iste-edition","23":"product_tag-iste-editions","24":"product_tag-iste-group","25":"product_tag-isteedition","26":"product_tag-istegroup","27":"product_tag-kindle","28":"product_tag-liseuse","29":"product_tag-livre","30":"product_tag-livre-electronique","31":"product_tag-livre-numerique","32":"product_tag-livre-science","33":"product_tag-livre-scientifique","34":"product_tag-livre-scientifique-francais","35":"product_tag-livre-scientique","36":"product_tag-livre-technique","37":"product_tag-livre-technique-francais","38":"product_tag-livres-numeriques","39":"product_tag-livres-scientifique","40":"product_tag-livres-scientifiques","41":"product_tag-mathematiques","42":"product_tag-mathematiques-pour-la-modelisation-et-le-calcul-scientifique","43":"product_tag-modelisation","44":"product_tag-ouvrage","45":"product_tag-ouvrage-numerique","46":"product_tag-ouvrage-science","47":"product_tag-ouvrage-scientifique","48":"product_tag-ouvrage-scientifique-francais","49":"product_tag-ouvrage-technique","50":"product_tag-ouvrages-scientifiques","51":"product_tag-ouvrages-techniques","52":"product_tag-thierry-goudon","54":"first","55":"instock","56":"shipping-taxable","57":"purchasable","58":"product-type-variable"},"acf":[],"yoast_head":"<!-- This site is optimized with the Yoast SEO plugin v27.2 - https:\/\/yoast.com\/product\/yoast-seo-wordpress\/ -->\n<title>Math\u00e9matiques pour la mod\u00e9lisation et le calcul scientifique - ISTE Group<\/title>\n<meta name=\"description\" content=\"Cet ouvrage pr\u00e9sente les bases math\u00e9matiques pour la mod\u00e9lisation et le calcul scientifique aux \u00e9l\u00e8ves d&#039;\u00e9coles d&#039;ing\u00e9nieurs, aux \u00e9tudiants de master et aux candidats se pr\u00e9parant \u00e0 l&#039;agr\u00e9gation.\" \/>\n<meta name=\"robots\" content=\"index, follow, max-snippet:-1, max-image-preview:large, max-video-preview:-1\" \/>\n<link rel=\"canonical\" href=\"https:\/\/www.istegroup.com\/fr\/produit\/mathematiques-pour-la-modelisation-et-le-calcul-scientifique\/\" \/>\n<meta property=\"og:locale\" content=\"fr_FR\" \/>\n<meta property=\"og:type\" content=\"article\" \/>\n<meta property=\"og:title\" content=\"Math\u00e9matiques pour la mod\u00e9lisation et le calcul scientifique - ISTE Group\" \/>\n<meta property=\"og:description\" content=\"Cet ouvrage pr\u00e9sente les bases math\u00e9matiques pour la mod\u00e9lisation et le calcul scientifique aux \u00e9l\u00e8ves d&#039;\u00e9coles d&#039;ing\u00e9nieurs, aux \u00e9tudiants de master et aux candidats se pr\u00e9parant \u00e0 l&#039;agr\u00e9gation.\" \/>\n<meta property=\"og:url\" content=\"https:\/\/www.istegroup.com\/fr\/produit\/mathematiques-pour-la-modelisation-et-le-calcul-scientifique\/\" \/>\n<meta property=\"og:site_name\" content=\"ISTE Group\" \/>\n<meta property=\"article:modified_time\" content=\"2024-01-03T13:40:12+00:00\" \/>\n<meta property=\"og:image\" content=\"https:\/\/www.istegroup.com\/wp-content\/uploads\/2017\/07\/19247205393_8711918609-1.jpg\" \/>\n\t<meta property=\"og:image:width\" content=\"1360\" \/>\n\t<meta property=\"og:image:height\" content=\"2048\" \/>\n\t<meta property=\"og:image:type\" content=\"image\/jpeg\" \/>\n<meta name=\"twitter:card\" content=\"summary_large_image\" \/>\n<meta name=\"twitter:label1\" content=\"Est. reading time\" \/>\n\t<meta name=\"twitter:data1\" content=\"1 minute\" \/>\n<script type=\"application\/ld+json\" class=\"yoast-schema-graph\">{\"@context\":\"https:\/\/schema.org\",\"@graph\":[{\"@type\":\"WebPage\",\"@id\":\"https:\/\/www.istegroup.com\/fr\/produit\/mathematiques-pour-la-modelisation-et-le-calcul-scientifique\/\",\"url\":\"https:\/\/www.istegroup.com\/fr\/produit\/mathematiques-pour-la-modelisation-et-le-calcul-scientifique\/\",\"name\":\"Math\u00e9matiques pour la mod\u00e9lisation et le calcul scientifique - ISTE Group\",\"isPartOf\":{\"@id\":\"https:\/\/www.istegroup.com\/#website\"},\"primaryImageOfPage\":{\"@id\":\"https:\/\/www.istegroup.com\/fr\/produit\/mathematiques-pour-la-modelisation-et-le-calcul-scientifique\/#primaryimage\"},\"image\":{\"@id\":\"https:\/\/www.istegroup.com\/fr\/produit\/mathematiques-pour-la-modelisation-et-le-calcul-scientifique\/#primaryimage\"},\"thumbnailUrl\":\"https:\/\/www.istegroup.com\/wp-content\/uploads\/2017\/07\/19247205393_8711918609-1.jpg\",\"datePublished\":\"2017-07-28T12:51:20+00:00\",\"dateModified\":\"2024-01-03T13:40:12+00:00\",\"description\":\"Cet ouvrage pr\u00e9sente les bases math\u00e9matiques pour la mod\u00e9lisation et le calcul scientifique aux \u00e9l\u00e8ves d'\u00e9coles d'ing\u00e9nieurs, aux \u00e9tudiants de master et aux candidats se pr\u00e9parant \u00e0 l'agr\u00e9gation.\",\"breadcrumb\":{\"@id\":\"https:\/\/www.istegroup.com\/fr\/produit\/mathematiques-pour-la-modelisation-et-le-calcul-scientifique\/#breadcrumb\"},\"inLanguage\":\"fr-FR\",\"potentialAction\":[{\"@type\":\"ReadAction\",\"target\":[\"https:\/\/www.istegroup.com\/fr\/produit\/mathematiques-pour-la-modelisation-et-le-calcul-scientifique\/\"]}]},{\"@type\":\"ImageObject\",\"inLanguage\":\"fr-FR\",\"@id\":\"https:\/\/www.istegroup.com\/fr\/produit\/mathematiques-pour-la-modelisation-et-le-calcul-scientifique\/#primaryimage\",\"url\":\"https:\/\/www.istegroup.com\/wp-content\/uploads\/2017\/07\/19247205393_8711918609-1.jpg\",\"contentUrl\":\"https:\/\/www.istegroup.com\/wp-content\/uploads\/2017\/07\/19247205393_8711918609-1.jpg\",\"width\":1360,\"height\":2048,\"caption\":\"Math\u00e9matiques pour la mod\u00e9lisation et le calcul scientifique\"},{\"@type\":\"BreadcrumbList\",\"@id\":\"https:\/\/www.istegroup.com\/fr\/produit\/mathematiques-pour-la-modelisation-et-le-calcul-scientifique\/#breadcrumb\",\"itemListElement\":[{\"@type\":\"ListItem\",\"position\":1,\"name\":\"Home\",\"item\":\"https:\/\/www.istegroup.com\/\"},{\"@type\":\"ListItem\",\"position\":2,\"name\":\"Shop\",\"item\":\"https:\/\/www.istegroup.com\/fr\/nouveautes\/\"},{\"@type\":\"ListItem\",\"position\":3,\"name\":\"Math\u00e9matiques pour la mod\u00e9lisation et le calcul scientifique\"}]},{\"@type\":\"WebSite\",\"@id\":\"https:\/\/www.istegroup.com\/#website\",\"url\":\"https:\/\/www.istegroup.com\/\",\"name\":\"ISTE Group\",\"description\":\"\u00c9diteur des Sciences\",\"potentialAction\":[{\"@type\":\"SearchAction\",\"target\":{\"@type\":\"EntryPoint\",\"urlTemplate\":\"https:\/\/www.istegroup.com\/?s={search_term_string}\"},\"query-input\":{\"@type\":\"PropertyValueSpecification\",\"valueRequired\":true,\"valueName\":\"search_term_string\"}}],\"inLanguage\":\"fr-FR\"}]}<\/script>\n<!-- \/ Yoast SEO plugin. -->","yoast_head_json":{"title":"Math\u00e9matiques pour la mod\u00e9lisation et le calcul scientifique - ISTE Group","description":"Cet ouvrage pr\u00e9sente les bases math\u00e9matiques pour la mod\u00e9lisation et le calcul scientifique aux \u00e9l\u00e8ves d'\u00e9coles d'ing\u00e9nieurs, aux \u00e9tudiants de master et aux candidats se pr\u00e9parant \u00e0 l'agr\u00e9gation.","robots":{"index":"index","follow":"follow","max-snippet":"max-snippet:-1","max-image-preview":"max-image-preview:large","max-video-preview":"max-video-preview:-1"},"canonical":"https:\/\/www.istegroup.com\/fr\/produit\/mathematiques-pour-la-modelisation-et-le-calcul-scientifique\/","og_locale":"fr_FR","og_type":"article","og_title":"Math\u00e9matiques pour la mod\u00e9lisation et le calcul scientifique - ISTE Group","og_description":"Cet ouvrage pr\u00e9sente les bases math\u00e9matiques pour la mod\u00e9lisation et le calcul scientifique aux \u00e9l\u00e8ves d'\u00e9coles d'ing\u00e9nieurs, aux \u00e9tudiants de master et aux candidats se pr\u00e9parant \u00e0 l'agr\u00e9gation.","og_url":"https:\/\/www.istegroup.com\/fr\/produit\/mathematiques-pour-la-modelisation-et-le-calcul-scientifique\/","og_site_name":"ISTE Group","article_modified_time":"2024-01-03T13:40:12+00:00","og_image":[{"width":1360,"height":2048,"url":"https:\/\/www.istegroup.com\/wp-content\/uploads\/2017\/07\/19247205393_8711918609-1.jpg","type":"image\/jpeg"}],"twitter_card":"summary_large_image","twitter_misc":{"Est. reading time":"1 minute"},"schema":{"@context":"https:\/\/schema.org","@graph":[{"@type":"WebPage","@id":"https:\/\/www.istegroup.com\/fr\/produit\/mathematiques-pour-la-modelisation-et-le-calcul-scientifique\/","url":"https:\/\/www.istegroup.com\/fr\/produit\/mathematiques-pour-la-modelisation-et-le-calcul-scientifique\/","name":"Math\u00e9matiques pour la mod\u00e9lisation et le calcul scientifique - ISTE Group","isPartOf":{"@id":"https:\/\/www.istegroup.com\/#website"},"primaryImageOfPage":{"@id":"https:\/\/www.istegroup.com\/fr\/produit\/mathematiques-pour-la-modelisation-et-le-calcul-scientifique\/#primaryimage"},"image":{"@id":"https:\/\/www.istegroup.com\/fr\/produit\/mathematiques-pour-la-modelisation-et-le-calcul-scientifique\/#primaryimage"},"thumbnailUrl":"https:\/\/www.istegroup.com\/wp-content\/uploads\/2017\/07\/19247205393_8711918609-1.jpg","datePublished":"2017-07-28T12:51:20+00:00","dateModified":"2024-01-03T13:40:12+00:00","description":"Cet ouvrage pr\u00e9sente les bases math\u00e9matiques pour la mod\u00e9lisation et le calcul scientifique aux \u00e9l\u00e8ves d'\u00e9coles d'ing\u00e9nieurs, aux \u00e9tudiants de master et aux candidats se pr\u00e9parant \u00e0 l'agr\u00e9gation.","breadcrumb":{"@id":"https:\/\/www.istegroup.com\/fr\/produit\/mathematiques-pour-la-modelisation-et-le-calcul-scientifique\/#breadcrumb"},"inLanguage":"fr-FR","potentialAction":[{"@type":"ReadAction","target":["https:\/\/www.istegroup.com\/fr\/produit\/mathematiques-pour-la-modelisation-et-le-calcul-scientifique\/"]}]},{"@type":"ImageObject","inLanguage":"fr-FR","@id":"https:\/\/www.istegroup.com\/fr\/produit\/mathematiques-pour-la-modelisation-et-le-calcul-scientifique\/#primaryimage","url":"https:\/\/www.istegroup.com\/wp-content\/uploads\/2017\/07\/19247205393_8711918609-1.jpg","contentUrl":"https:\/\/www.istegroup.com\/wp-content\/uploads\/2017\/07\/19247205393_8711918609-1.jpg","width":1360,"height":2048,"caption":"Math\u00e9matiques pour la mod\u00e9lisation et le calcul scientifique"},{"@type":"BreadcrumbList","@id":"https:\/\/www.istegroup.com\/fr\/produit\/mathematiques-pour-la-modelisation-et-le-calcul-scientifique\/#breadcrumb","itemListElement":[{"@type":"ListItem","position":1,"name":"Home","item":"https:\/\/www.istegroup.com\/"},{"@type":"ListItem","position":2,"name":"Shop","item":"https:\/\/www.istegroup.com\/fr\/nouveautes\/"},{"@type":"ListItem","position":3,"name":"Math\u00e9matiques pour la mod\u00e9lisation et le calcul scientifique"}]},{"@type":"WebSite","@id":"https:\/\/www.istegroup.com\/#website","url":"https:\/\/www.istegroup.com\/","name":"ISTE Group","description":"\u00c9diteur des Sciences","potentialAction":[{"@type":"SearchAction","target":{"@type":"EntryPoint","urlTemplate":"https:\/\/www.istegroup.com\/?s={search_term_string}"},"query-input":{"@type":"PropertyValueSpecification","valueRequired":true,"valueName":"search_term_string"}}],"inLanguage":"fr-FR"}]}},"_links":{"self":[{"href":"https:\/\/www.istegroup.com\/fr\/wp-json\/wp\/v2\/product\/477","targetHints":{"allow":["GET"]}}],"collection":[{"href":"https:\/\/www.istegroup.com\/fr\/wp-json\/wp\/v2\/product"}],"about":[{"href":"https:\/\/www.istegroup.com\/fr\/wp-json\/wp\/v2\/types\/product"}],"wp:featuredmedia":[{"embeddable":true,"href":"https:\/\/www.istegroup.com\/fr\/wp-json\/wp\/v2\/media\/478"}],"wp:attachment":[{"href":"https:\/\/www.istegroup.com\/fr\/wp-json\/wp\/v2\/media?parent=477"}],"wp:term":[{"taxonomy":"product_brand","embeddable":true,"href":"https:\/\/www.istegroup.com\/fr\/wp-json\/wp\/v2\/product_brand?post=477"},{"taxonomy":"product_cat","embeddable":true,"href":"https:\/\/www.istegroup.com\/fr\/wp-json\/wp\/v2\/product_cat?post=477"},{"taxonomy":"product_tag","embeddable":true,"href":"https:\/\/www.istegroup.com\/fr\/wp-json\/wp\/v2\/product_tag?post=477"}],"curies":[{"name":"wp","href":"https:\/\/api.w.org\/{rel}","templated":true}]}}