{"id":47695,"date":"2022-08-30T11:18:19","date_gmt":"2022-08-30T10:18:19","guid":{"rendered":"https:\/\/www.istegroup.com\/?post_type=product&#038;p=47695"},"modified":"2024-01-03T13:46:27","modified_gmt":"2024-01-03T13:46:27","slug":"urbanisme-durable-interculturel-au-service-de-la-ville-africaine-de-demain","status":"publish","type":"product","link":"https:\/\/www.istegroup.com\/fr\/produit\/urbanisme-durable-interculturel-au-service-de-la-ville-africaine-de-demain\/","title":{"rendered":"Urbanisme durable interculturel au service de la ville africaine de demain"},"content":{"rendered":"<p>La plupart des villes africaines sont des \u00e9tablissements humains o\u00f9 toutes les \u00e9chelles de l\u2019am\u00e9nagement du territoire font extr\u00eamement d\u00e9faut. Globalement, leur degr\u00e9 de d\u00e9sorganisation a atteint une complexit\u00e9 qui remet en question le concept m\u00eame d\u2019urbanisme.<\/p>\n<p><em>Urbanisme durable interculturel au service de la ville africaine de demain<\/em> pose les jalons de la restauration de l\u2019urbanisme dans les villes africaines. Pour cela, il faut que les d\u00e9cideurs des villes africaines s\u2019habituent \u00e0 pratiquer un urbanisme qui repose \u00e0 la fois sur des politiques environnementales et le dialogue entre les cultures. Ils doivent apprendre \u00e0 faire une r\u00e9elle planification urbaine ax\u00e9e sur l\u2019urbanisme durable interculturel. Ce dernier est la cl\u00e9 pour penser et construire des villes \u00e9cologiques, interculturelles, compactes, intelligentes et postcoloniales.<\/p>","protected":false},"excerpt":{"rendered":"<p>La plupart des villes africaines sont des \u00e9tablissements humains o\u00f9 toutes les \u00e9chelles de l\u2019am\u00e9nagement du territoire font extr\u00eamement d\u00e9faut. Globalement, leur degr\u00e9 de d\u00e9sorganisation a atteint une complexit\u00e9 qui remet en question le concept m\u00eame d\u2019urbanisme. Urbanisme durable interculturel au service de la ville africaine de demain pose les jalons de la restauration de [&hellip;]<\/p>\n","protected":false},"featured_media":47707,"template":"","meta":{"_acf_changed":false,"_links_to":"","_links_to_target":""},"product_brand":[],"product_cat":[3262],"product_tag":[],"class_list":{"0":"post-47695","1":"product","2":"type-product","3":"status-publish","4":"has-post-thumbnail","6":"product_cat-non-classe","8":"first","9":"instock","10":"shipping-taxable","11":"purchasable","12":"product-type-variable"},"acf":[],"yoast_head":"<!-- This site is optimized with the Yoast SEO plugin v27.2 - https:\/\/yoast.com\/product\/yoast-seo-wordpress\/ -->\n<title>Urbanisme durable interculturel au service de la ville africaine de demain - ISTE Group<\/title>\n<meta name=\"description\" content=\"Urbanisme durable interculturel au service de la ville africaine de demain pose les jalons de la restauration de l\u2019urbanisme dans les villes africaines.\" \/>\n<meta name=\"robots\" content=\"index, follow, max-snippet:-1, max-image-preview:large, max-video-preview:-1\" \/>\n<link rel=\"canonical\" href=\"https:\/\/www.istegroup.com\/en\/produit\/urbanisme-durable-interculturel-au-service-de-la-ville-africaine-de-demain\/\" \/>\n<meta property=\"og:locale\" content=\"fr_FR\" \/>\n<meta property=\"og:type\" content=\"article\" \/>\n<meta property=\"og:title\" content=\"Urbanisme durable interculturel au service de la ville africaine de demain - ISTE Group\" \/>\n<meta property=\"og:description\" content=\"Urbanisme durable interculturel au service de la ville africaine de demain pose les jalons de la restauration de l\u2019urbanisme dans les villes africaines.\" \/>\n<meta property=\"og:url\" content=\"https:\/\/www.istegroup.com\/en\/produit\/urbanisme-durable-interculturel-au-service-de-la-ville-africaine-de-demain\/\" \/>\n<meta property=\"og:site_name\" content=\"ISTE Group\" \/>\n<meta property=\"article:modified_time\" content=\"2024-01-03T13:46:27+00:00\" \/>\n<meta property=\"og:image\" content=\"https:\/\/www.istegroup.com\/wp-content\/uploads\/2022\/08\/Urbanisme-durable-interculturel-au-service-de-la-ville-africaine-de-demain.jpg\" \/>\n\t<meta property=\"og:image:width\" content=\"350\" \/>\n\t<meta property=\"og:image:height\" content=\"527\" \/>\n\t<meta property=\"og:image:type\" content=\"image\/jpeg\" \/>\n<meta name=\"twitter:card\" content=\"summary_large_image\" \/>\n<meta name=\"twitter:label1\" content=\"Est. reading time\" \/>\n\t<meta name=\"twitter:data1\" content=\"1 minute\" \/>\n<script type=\"application\/ld+json\" class=\"yoast-schema-graph\">{\"@context\":\"https:\/\/schema.org\",\"@graph\":[{\"@type\":\"WebPage\",\"@id\":\"https:\/\/www.istegroup.com\/en\/produit\/urbanisme-durable-interculturel-au-service-de-la-ville-africaine-de-demain\/\",\"url\":\"https:\/\/www.istegroup.com\/en\/produit\/urbanisme-durable-interculturel-au-service-de-la-ville-africaine-de-demain\/\",\"name\":\"Urbanisme durable interculturel au service de la ville africaine de demain - ISTE Group\",\"isPartOf\":{\"@id\":\"https:\/\/www.istegroup.com\/#website\"},\"primaryImageOfPage\":{\"@id\":\"https:\/\/www.istegroup.com\/en\/produit\/urbanisme-durable-interculturel-au-service-de-la-ville-africaine-de-demain\/#primaryimage\"},\"image\":{\"@id\":\"https:\/\/www.istegroup.com\/en\/produit\/urbanisme-durable-interculturel-au-service-de-la-ville-africaine-de-demain\/#primaryimage\"},\"thumbnailUrl\":\"https:\/\/www.istegroup.com\/wp-content\/uploads\/2022\/08\/Urbanisme-durable-interculturel-au-service-de-la-ville-africaine-de-demain.jpg\",\"datePublished\":\"2022-08-30T10:18:19+00:00\",\"dateModified\":\"2024-01-03T13:46:27+00:00\",\"description\":\"Urbanisme durable interculturel au service de la ville africaine de demain pose les jalons de la restauration de l\u2019urbanisme dans les villes africaines.\",\"breadcrumb\":{\"@id\":\"https:\/\/www.istegroup.com\/en\/produit\/urbanisme-durable-interculturel-au-service-de-la-ville-africaine-de-demain\/#breadcrumb\"},\"inLanguage\":\"fr-FR\",\"potentialAction\":[{\"@type\":\"ReadAction\",\"target\":[\"https:\/\/www.istegroup.com\/en\/produit\/urbanisme-durable-interculturel-au-service-de-la-ville-africaine-de-demain\/\"]}]},{\"@type\":\"ImageObject\",\"inLanguage\":\"fr-FR\",\"@id\":\"https:\/\/www.istegroup.com\/en\/produit\/urbanisme-durable-interculturel-au-service-de-la-ville-africaine-de-demain\/#primaryimage\",\"url\":\"https:\/\/www.istegroup.com\/wp-content\/uploads\/2022\/08\/Urbanisme-durable-interculturel-au-service-de-la-ville-africaine-de-demain.jpg\",\"contentUrl\":\"https:\/\/www.istegroup.com\/wp-content\/uploads\/2022\/08\/Urbanisme-durable-interculturel-au-service-de-la-ville-africaine-de-demain.jpg\",\"width\":350,\"height\":527,\"caption\":\"Livre scientifique - Urbanisme durable interculturel au service de la ville africaine de demain - Encyclop\u00e9die SCIENCES\"},{\"@type\":\"BreadcrumbList\",\"@id\":\"https:\/\/www.istegroup.com\/en\/produit\/urbanisme-durable-interculturel-au-service-de-la-ville-africaine-de-demain\/#breadcrumb\",\"itemListElement\":[{\"@type\":\"ListItem\",\"position\":1,\"name\":\"Home\",\"item\":\"https:\/\/www.istegroup.com\/\"},{\"@type\":\"ListItem\",\"position\":2,\"name\":\"Shop\",\"item\":\"https:\/\/www.istegroup.com\/fr\/nouveautes\/\"},{\"@type\":\"ListItem\",\"position\":3,\"name\":\"Urbanisme durable interculturel au service de la ville africaine de demain\"}]},{\"@type\":\"WebSite\",\"@id\":\"https:\/\/www.istegroup.com\/#website\",\"url\":\"https:\/\/www.istegroup.com\/\",\"name\":\"ISTE Group\",\"description\":\"\u00c9diteur des Sciences\",\"potentialAction\":[{\"@type\":\"SearchAction\",\"target\":{\"@type\":\"EntryPoint\",\"urlTemplate\":\"https:\/\/www.istegroup.com\/?s={search_term_string}\"},\"query-input\":{\"@type\":\"PropertyValueSpecification\",\"valueRequired\":true,\"valueName\":\"search_term_string\"}}],\"inLanguage\":\"fr-FR\"}]}<\/script>\n<!-- \/ Yoast SEO plugin. -->","yoast_head_json":{"title":"Urbanisme durable interculturel au service de la ville africaine de demain - ISTE Group","description":"Urbanisme durable interculturel au service de la ville africaine de demain pose les jalons de la restauration de l\u2019urbanisme dans les villes africaines.","robots":{"index":"index","follow":"follow","max-snippet":"max-snippet:-1","max-image-preview":"max-image-preview:large","max-video-preview":"max-video-preview:-1"},"canonical":"https:\/\/www.istegroup.com\/en\/produit\/urbanisme-durable-interculturel-au-service-de-la-ville-africaine-de-demain\/","og_locale":"fr_FR","og_type":"article","og_title":"Urbanisme durable interculturel au service de la ville africaine de demain - ISTE Group","og_description":"Urbanisme durable interculturel au service de la ville africaine de demain pose les jalons de la restauration de l\u2019urbanisme dans les villes africaines.","og_url":"https:\/\/www.istegroup.com\/en\/produit\/urbanisme-durable-interculturel-au-service-de-la-ville-africaine-de-demain\/","og_site_name":"ISTE Group","article_modified_time":"2024-01-03T13:46:27+00:00","og_image":[{"width":350,"height":527,"url":"https:\/\/www.istegroup.com\/wp-content\/uploads\/2022\/08\/Urbanisme-durable-interculturel-au-service-de-la-ville-africaine-de-demain.jpg","type":"image\/jpeg"}],"twitter_card":"summary_large_image","twitter_misc":{"Est. reading time":"1 minute"},"schema":{"@context":"https:\/\/schema.org","@graph":[{"@type":"WebPage","@id":"https:\/\/www.istegroup.com\/en\/produit\/urbanisme-durable-interculturel-au-service-de-la-ville-africaine-de-demain\/","url":"https:\/\/www.istegroup.com\/en\/produit\/urbanisme-durable-interculturel-au-service-de-la-ville-africaine-de-demain\/","name":"Urbanisme durable interculturel au service de la ville africaine de demain - ISTE Group","isPartOf":{"@id":"https:\/\/www.istegroup.com\/#website"},"primaryImageOfPage":{"@id":"https:\/\/www.istegroup.com\/en\/produit\/urbanisme-durable-interculturel-au-service-de-la-ville-africaine-de-demain\/#primaryimage"},"image":{"@id":"https:\/\/www.istegroup.com\/en\/produit\/urbanisme-durable-interculturel-au-service-de-la-ville-africaine-de-demain\/#primaryimage"},"thumbnailUrl":"https:\/\/www.istegroup.com\/wp-content\/uploads\/2022\/08\/Urbanisme-durable-interculturel-au-service-de-la-ville-africaine-de-demain.jpg","datePublished":"2022-08-30T10:18:19+00:00","dateModified":"2024-01-03T13:46:27+00:00","description":"Urbanisme durable interculturel au service de la ville africaine de demain pose les jalons de la restauration de l\u2019urbanisme dans les villes africaines.","breadcrumb":{"@id":"https:\/\/www.istegroup.com\/en\/produit\/urbanisme-durable-interculturel-au-service-de-la-ville-africaine-de-demain\/#breadcrumb"},"inLanguage":"fr-FR","potentialAction":[{"@type":"ReadAction","target":["https:\/\/www.istegroup.com\/en\/produit\/urbanisme-durable-interculturel-au-service-de-la-ville-africaine-de-demain\/"]}]},{"@type":"ImageObject","inLanguage":"fr-FR","@id":"https:\/\/www.istegroup.com\/en\/produit\/urbanisme-durable-interculturel-au-service-de-la-ville-africaine-de-demain\/#primaryimage","url":"https:\/\/www.istegroup.com\/wp-content\/uploads\/2022\/08\/Urbanisme-durable-interculturel-au-service-de-la-ville-africaine-de-demain.jpg","contentUrl":"https:\/\/www.istegroup.com\/wp-content\/uploads\/2022\/08\/Urbanisme-durable-interculturel-au-service-de-la-ville-africaine-de-demain.jpg","width":350,"height":527,"caption":"Livre scientifique - Urbanisme durable interculturel au service de la ville africaine de demain - Encyclop\u00e9die SCIENCES"},{"@type":"BreadcrumbList","@id":"https:\/\/www.istegroup.com\/en\/produit\/urbanisme-durable-interculturel-au-service-de-la-ville-africaine-de-demain\/#breadcrumb","itemListElement":[{"@type":"ListItem","position":1,"name":"Home","item":"https:\/\/www.istegroup.com\/"},{"@type":"ListItem","position":2,"name":"Shop","item":"https:\/\/www.istegroup.com\/fr\/nouveautes\/"},{"@type":"ListItem","position":3,"name":"Urbanisme durable interculturel au service de la ville africaine de demain"}]},{"@type":"WebSite","@id":"https:\/\/www.istegroup.com\/#website","url":"https:\/\/www.istegroup.com\/","name":"ISTE Group","description":"\u00c9diteur des Sciences","potentialAction":[{"@type":"SearchAction","target":{"@type":"EntryPoint","urlTemplate":"https:\/\/www.istegroup.com\/?s={search_term_string}"},"query-input":{"@type":"PropertyValueSpecification","valueRequired":true,"valueName":"search_term_string"}}],"inLanguage":"fr-FR"}]}},"_links":{"self":[{"href":"https:\/\/www.istegroup.com\/fr\/wp-json\/wp\/v2\/product\/47695","targetHints":{"allow":["GET"]}}],"collection":[{"href":"https:\/\/www.istegroup.com\/fr\/wp-json\/wp\/v2\/product"}],"about":[{"href":"https:\/\/www.istegroup.com\/fr\/wp-json\/wp\/v2\/types\/product"}],"wp:featuredmedia":[{"embeddable":true,"href":"https:\/\/www.istegroup.com\/fr\/wp-json\/wp\/v2\/media\/47707"}],"wp:attachment":[{"href":"https:\/\/www.istegroup.com\/fr\/wp-json\/wp\/v2\/media?parent=47695"}],"wp:term":[{"taxonomy":"product_brand","embeddable":true,"href":"https:\/\/www.istegroup.com\/fr\/wp-json\/wp\/v2\/product_brand?post=47695"},{"taxonomy":"product_cat","embeddable":true,"href":"https:\/\/www.istegroup.com\/fr\/wp-json\/wp\/v2\/product_cat?post=47695"},{"taxonomy":"product_tag","embeddable":true,"href":"https:\/\/www.istegroup.com\/fr\/wp-json\/wp\/v2\/product_tag?post=47695"}],"curies":[{"name":"wp","href":"https:\/\/api.w.org\/{rel}","templated":true}]}}