{"id":475,"date":"2017-07-28T14:51:16","date_gmt":"2017-07-28T12:51:16","guid":{"rendered":"https:\/\/iste.yhello.co\/product\/mathematiques-et-philosophie\/"},"modified":"2024-01-03T13:40:12","modified_gmt":"2024-01-03T13:40:12","slug":"mathematiques-et-philosophie","status":"publish","type":"product","link":"https:\/\/www.istegroup.com\/fr\/produit\/mathematiques-et-philosophie\/","title":{"rendered":"Math\u00e9matiques et philosophie"},"content":{"rendered":"<p>Les math\u00e9matiques n\u2019ont jamais cess\u00e9 de fournir au philosophe des occasions, des outils ainsi que des instruments pour penser, et ce, quels que soient les progr\u00e8s et les r\u00e9volutions qu\u2019elles aient connues.<\/p>\n<p><em>Math\u00e9matiques et philosophie<\/em>\u00a0retrace les rapports riches et complexes qu\u2019entretiennent ces deux disciplines de l\u2019Antiquit\u00e9 (Platon) \u00e0 nos jours (Grothendieck), en passant par le Moyen Age (de Cues), les XVIIe (Descartes, Pascal, Leibniz), XIXe (Hegel, Comte, Wronski, Clifford) et XXe si\u00e8cles (Husserl, Whitehead, Lautman, Thom). Il examine l\u2019impact des math\u00e9matiques sur les repr\u00e9sentations philosophiques en Occident au cours du temps, afin d\u2019en d\u00e9gager des enseignements pour l\u2019\u00e9poque pr\u00e9sente.<\/p>\n<p>Cet ouvrage r\u00e9pond \u00e0 des probl\u00e9matiques essentielles : comprendre ce que le philosophe peut aujourd\u2019hui encore tirer des math\u00e9matiques et identifier la mesure dans laquelle cette science peut aider les philosophes \u00e0 b\u00e2tir une nouvelle vision du monde.<\/p>\n","protected":false},"excerpt":{"rendered":"<p>Les math\u00e9matiques n\u2019ont jamais cess\u00e9 de fournir au philosophe des occasions, des outils ainsi que des instruments pour penser, et ce, quels que soient les progr\u00e8s et les r\u00e9volutions qu\u2019elles aient connues. Math\u00e9matiques et philosophie\u00a0retrace les rapports riches et complexes qu\u2019entretiennent ces deux disciplines de l\u2019Antiquit\u00e9 (Platon) \u00e0 nos jours (Grothendieck), en passant par le [&hellip;]<\/p>\n","protected":false},"featured_media":476,"template":"","meta":{"_acf_changed":false,"_links_to":"","_links_to_target":""},"product_brand":[],"product_cat":[671,675],"product_tag":[35,36,18,19,20,21,22,26,27,37,38,28],"class_list":{"0":"post-475","1":"product","2":"type-product","3":"status-publish","4":"has-post-thumbnail","6":"product_cat-mathmatiques-et-statistiques-12506494","7":"product_cat-nouveauts-12519446","8":"product_tag-daniel-parrochia","9":"product_tag-des-irrationnels-aux-motifs","10":"product_tag-edition-scientifique","11":"product_tag-editions-francaise","12":"product_tag-editions-technique","13":"product_tag-iste-group","14":"product_tag-istegroup","15":"product_tag-livre-scientifique-francais","16":"product_tag-livre-technique-francais","17":"product_tag-mathematiques-et-philosophie","18":"product_tag-ouvrage-numerique","19":"product_tag-ouvrage-scientifique-francais","21":"first","22":"instock","23":"shipping-taxable","24":"purchasable","25":"product-type-variable"},"acf":[],"yoast_head":"<!-- This site is optimized with the Yoast SEO plugin v27.2 - https:\/\/yoast.com\/product\/yoast-seo-wordpress\/ -->\n<title>Math\u00e9matiques et philosophie - ISTE Group<\/title>\n<meta name=\"description\" content=\"Cet ouvrage retrace les rapports riches et complexes qu\u2019entretiennent math\u00e9matiques et philosophie de l\u2019Antiquit\u00e9 \u00e0 nos jours, en passant par le Moyen Age, les XVIIe, XIXe et XXe si\u00e8cles.\" \/>\n<meta name=\"robots\" content=\"index, follow, max-snippet:-1, max-image-preview:large, max-video-preview:-1\" \/>\n<link rel=\"canonical\" href=\"https:\/\/www.istegroup.com\/fr\/produit\/mathematiques-et-philosophie\/\" \/>\n<meta property=\"og:locale\" content=\"fr_FR\" \/>\n<meta property=\"og:type\" content=\"article\" \/>\n<meta property=\"og:title\" content=\"Math\u00e9matiques et philosophie - ISTE Group\" \/>\n<meta property=\"og:description\" content=\"Cet ouvrage retrace les rapports riches et complexes qu\u2019entretiennent math\u00e9matiques et philosophie de l\u2019Antiquit\u00e9 \u00e0 nos jours, en passant par le Moyen Age, les XVIIe, XIXe et XXe si\u00e8cles.\" \/>\n<meta property=\"og:url\" content=\"https:\/\/www.istegroup.com\/fr\/produit\/mathematiques-et-philosophie\/\" \/>\n<meta property=\"og:site_name\" content=\"ISTE Group\" \/>\n<meta property=\"article:modified_time\" content=\"2024-01-03T13:40:12+00:00\" \/>\n<meta property=\"og:image\" content=\"https:\/\/www.istegroup.com\/wp-content\/uploads\/2017\/07\/21852485393_9744073809-1.jpg\" \/>\n\t<meta property=\"og:image:width\" content=\"300\" \/>\n\t<meta property=\"og:image:height\" content=\"450\" \/>\n\t<meta property=\"og:image:type\" content=\"image\/jpeg\" \/>\n<meta name=\"twitter:card\" content=\"summary_large_image\" \/>\n<meta name=\"twitter:label1\" content=\"Est. reading time\" \/>\n\t<meta name=\"twitter:data1\" content=\"1 minute\" \/>\n<script type=\"application\/ld+json\" class=\"yoast-schema-graph\">{\"@context\":\"https:\/\/schema.org\",\"@graph\":[{\"@type\":\"WebPage\",\"@id\":\"https:\/\/www.istegroup.com\/fr\/produit\/mathematiques-et-philosophie\/\",\"url\":\"https:\/\/www.istegroup.com\/fr\/produit\/mathematiques-et-philosophie\/\",\"name\":\"Math\u00e9matiques et philosophie - ISTE Group\",\"isPartOf\":{\"@id\":\"https:\/\/www.istegroup.com\/#website\"},\"primaryImageOfPage\":{\"@id\":\"https:\/\/www.istegroup.com\/fr\/produit\/mathematiques-et-philosophie\/#primaryimage\"},\"image\":{\"@id\":\"https:\/\/www.istegroup.com\/fr\/produit\/mathematiques-et-philosophie\/#primaryimage\"},\"thumbnailUrl\":\"https:\/\/www.istegroup.com\/wp-content\/uploads\/2017\/07\/21852485393_9744073809-1.jpg\",\"datePublished\":\"2017-07-28T12:51:16+00:00\",\"dateModified\":\"2024-01-03T13:40:12+00:00\",\"description\":\"Cet ouvrage retrace les rapports riches et complexes qu\u2019entretiennent math\u00e9matiques et philosophie de l\u2019Antiquit\u00e9 \u00e0 nos jours, en passant par le Moyen Age, les XVIIe, XIXe et XXe si\u00e8cles.\",\"breadcrumb\":{\"@id\":\"https:\/\/www.istegroup.com\/fr\/produit\/mathematiques-et-philosophie\/#breadcrumb\"},\"inLanguage\":\"fr-FR\",\"potentialAction\":[{\"@type\":\"ReadAction\",\"target\":[\"https:\/\/www.istegroup.com\/fr\/produit\/mathematiques-et-philosophie\/\"]}]},{\"@type\":\"ImageObject\",\"inLanguage\":\"fr-FR\",\"@id\":\"https:\/\/www.istegroup.com\/fr\/produit\/mathematiques-et-philosophie\/#primaryimage\",\"url\":\"https:\/\/www.istegroup.com\/wp-content\/uploads\/2017\/07\/21852485393_9744073809-1.jpg\",\"contentUrl\":\"https:\/\/www.istegroup.com\/wp-content\/uploads\/2017\/07\/21852485393_9744073809-1.jpg\",\"width\":300,\"height\":450,\"caption\":\"Des irrationnels aux motifs\"},{\"@type\":\"BreadcrumbList\",\"@id\":\"https:\/\/www.istegroup.com\/fr\/produit\/mathematiques-et-philosophie\/#breadcrumb\",\"itemListElement\":[{\"@type\":\"ListItem\",\"position\":1,\"name\":\"Home\",\"item\":\"https:\/\/www.istegroup.com\/\"},{\"@type\":\"ListItem\",\"position\":2,\"name\":\"Shop\",\"item\":\"https:\/\/www.istegroup.com\/fr\/nouveautes\/\"},{\"@type\":\"ListItem\",\"position\":3,\"name\":\"Math\u00e9matiques et philosophie\"}]},{\"@type\":\"WebSite\",\"@id\":\"https:\/\/www.istegroup.com\/#website\",\"url\":\"https:\/\/www.istegroup.com\/\",\"name\":\"ISTE Group\",\"description\":\"\u00c9diteur des Sciences\",\"potentialAction\":[{\"@type\":\"SearchAction\",\"target\":{\"@type\":\"EntryPoint\",\"urlTemplate\":\"https:\/\/www.istegroup.com\/?s={search_term_string}\"},\"query-input\":{\"@type\":\"PropertyValueSpecification\",\"valueRequired\":true,\"valueName\":\"search_term_string\"}}],\"inLanguage\":\"fr-FR\"}]}<\/script>\n<!-- \/ Yoast SEO plugin. -->","yoast_head_json":{"title":"Math\u00e9matiques et philosophie - ISTE Group","description":"Cet ouvrage retrace les rapports riches et complexes qu\u2019entretiennent math\u00e9matiques et philosophie de l\u2019Antiquit\u00e9 \u00e0 nos jours, en passant par le Moyen Age, les XVIIe, XIXe et XXe si\u00e8cles.","robots":{"index":"index","follow":"follow","max-snippet":"max-snippet:-1","max-image-preview":"max-image-preview:large","max-video-preview":"max-video-preview:-1"},"canonical":"https:\/\/www.istegroup.com\/fr\/produit\/mathematiques-et-philosophie\/","og_locale":"fr_FR","og_type":"article","og_title":"Math\u00e9matiques et philosophie - ISTE Group","og_description":"Cet ouvrage retrace les rapports riches et complexes qu\u2019entretiennent math\u00e9matiques et philosophie de l\u2019Antiquit\u00e9 \u00e0 nos jours, en passant par le Moyen Age, les XVIIe, XIXe et XXe si\u00e8cles.","og_url":"https:\/\/www.istegroup.com\/fr\/produit\/mathematiques-et-philosophie\/","og_site_name":"ISTE Group","article_modified_time":"2024-01-03T13:40:12+00:00","og_image":[{"width":300,"height":450,"url":"https:\/\/www.istegroup.com\/wp-content\/uploads\/2017\/07\/21852485393_9744073809-1.jpg","type":"image\/jpeg"}],"twitter_card":"summary_large_image","twitter_misc":{"Est. reading time":"1 minute"},"schema":{"@context":"https:\/\/schema.org","@graph":[{"@type":"WebPage","@id":"https:\/\/www.istegroup.com\/fr\/produit\/mathematiques-et-philosophie\/","url":"https:\/\/www.istegroup.com\/fr\/produit\/mathematiques-et-philosophie\/","name":"Math\u00e9matiques et philosophie - ISTE Group","isPartOf":{"@id":"https:\/\/www.istegroup.com\/#website"},"primaryImageOfPage":{"@id":"https:\/\/www.istegroup.com\/fr\/produit\/mathematiques-et-philosophie\/#primaryimage"},"image":{"@id":"https:\/\/www.istegroup.com\/fr\/produit\/mathematiques-et-philosophie\/#primaryimage"},"thumbnailUrl":"https:\/\/www.istegroup.com\/wp-content\/uploads\/2017\/07\/21852485393_9744073809-1.jpg","datePublished":"2017-07-28T12:51:16+00:00","dateModified":"2024-01-03T13:40:12+00:00","description":"Cet ouvrage retrace les rapports riches et complexes qu\u2019entretiennent math\u00e9matiques et philosophie de l\u2019Antiquit\u00e9 \u00e0 nos jours, en passant par le Moyen Age, les XVIIe, XIXe et XXe si\u00e8cles.","breadcrumb":{"@id":"https:\/\/www.istegroup.com\/fr\/produit\/mathematiques-et-philosophie\/#breadcrumb"},"inLanguage":"fr-FR","potentialAction":[{"@type":"ReadAction","target":["https:\/\/www.istegroup.com\/fr\/produit\/mathematiques-et-philosophie\/"]}]},{"@type":"ImageObject","inLanguage":"fr-FR","@id":"https:\/\/www.istegroup.com\/fr\/produit\/mathematiques-et-philosophie\/#primaryimage","url":"https:\/\/www.istegroup.com\/wp-content\/uploads\/2017\/07\/21852485393_9744073809-1.jpg","contentUrl":"https:\/\/www.istegroup.com\/wp-content\/uploads\/2017\/07\/21852485393_9744073809-1.jpg","width":300,"height":450,"caption":"Des irrationnels aux motifs"},{"@type":"BreadcrumbList","@id":"https:\/\/www.istegroup.com\/fr\/produit\/mathematiques-et-philosophie\/#breadcrumb","itemListElement":[{"@type":"ListItem","position":1,"name":"Home","item":"https:\/\/www.istegroup.com\/"},{"@type":"ListItem","position":2,"name":"Shop","item":"https:\/\/www.istegroup.com\/fr\/nouveautes\/"},{"@type":"ListItem","position":3,"name":"Math\u00e9matiques et philosophie"}]},{"@type":"WebSite","@id":"https:\/\/www.istegroup.com\/#website","url":"https:\/\/www.istegroup.com\/","name":"ISTE Group","description":"\u00c9diteur des Sciences","potentialAction":[{"@type":"SearchAction","target":{"@type":"EntryPoint","urlTemplate":"https:\/\/www.istegroup.com\/?s={search_term_string}"},"query-input":{"@type":"PropertyValueSpecification","valueRequired":true,"valueName":"search_term_string"}}],"inLanguage":"fr-FR"}]}},"_links":{"self":[{"href":"https:\/\/www.istegroup.com\/fr\/wp-json\/wp\/v2\/product\/475","targetHints":{"allow":["GET"]}}],"collection":[{"href":"https:\/\/www.istegroup.com\/fr\/wp-json\/wp\/v2\/product"}],"about":[{"href":"https:\/\/www.istegroup.com\/fr\/wp-json\/wp\/v2\/types\/product"}],"wp:featuredmedia":[{"embeddable":true,"href":"https:\/\/www.istegroup.com\/fr\/wp-json\/wp\/v2\/media\/476"}],"wp:attachment":[{"href":"https:\/\/www.istegroup.com\/fr\/wp-json\/wp\/v2\/media?parent=475"}],"wp:term":[{"taxonomy":"product_brand","embeddable":true,"href":"https:\/\/www.istegroup.com\/fr\/wp-json\/wp\/v2\/product_brand?post=475"},{"taxonomy":"product_cat","embeddable":true,"href":"https:\/\/www.istegroup.com\/fr\/wp-json\/wp\/v2\/product_cat?post=475"},{"taxonomy":"product_tag","embeddable":true,"href":"https:\/\/www.istegroup.com\/fr\/wp-json\/wp\/v2\/product_tag?post=475"}],"curies":[{"name":"wp","href":"https:\/\/api.w.org\/{rel}","templated":true}]}}