{"id":47338,"date":"2022-07-27T15:05:59","date_gmt":"2022-07-27T14:05:59","guid":{"rendered":"https:\/\/www.istegroup.com\/?post_type=product&#038;p=47338"},"modified":"2024-01-03T13:46:03","modified_gmt":"2024-01-03T13:46:03","slug":"decision-et-decideur-en-milieu-industriel","status":"publish","type":"product","link":"https:\/\/www.istegroup.com\/fr\/produit\/decision-et-decideur-en-milieu-industriel\/","title":{"rendered":"D\u00e9cision et d\u00e9cideur en milieu industriel"},"content":{"rendered":"<p><em>D\u00e9cision et d\u00e9cideur en milieu industriel<\/em> s\u2019articule autour du constat que deux d\u00e9cideurs diff\u00e9rents, confront\u00e9s \u00e0 une m\u00eame situation, peuvent ne pas prendre la m\u00eame d\u00e9cision. Cet ouvrage propose des explications plus ou moins rationnelles \u00e0 cela et analyse diff\u00e9rentes facettes de la prise de d\u00e9cision telles que l\u2019intention du d\u00e9cideur, l\u2019environnement de la d\u00e9cision ou le processus\/la m\u00e9thode de d\u00e9cision.<\/p>\n<p>Il est commun de croire que tout est raisonn\u00e9 en milieu industriel, mais l\u2019analyse des pratiques montre que cela n\u2019est pas toujours le cas. Cette r\u00e9flexion originale pr\u00e9sente le m\u00e9canisme de prise de d\u00e9cision du point de vue du d\u00e9cideur et de sa mani\u00e8re de r\u00e9agir face \u00e0 un probl\u00e8me de d\u00e9cision.<\/p>\n<p>Pour en savoir davantage sur les ressorts du d\u00e9cideur face \u00e0 ces situations, les auteurs proposent une relecture de l\u2019histoire de la prise de d\u00e9cision ainsi que des grands courants de pens\u00e9e. Les concepts et les m\u00e9thodes sont pr\u00e9sent\u00e9s en s\u2019aidant d\u2019une illustration fond\u00e9e sur le choix d\u2019un MES, progiciel de gestion industrielle.<\/p>","protected":false},"excerpt":{"rendered":"<p>D\u00e9cision et d\u00e9cideur en milieu industriel s\u2019articule autour du constat que deux d\u00e9cideurs diff\u00e9rents, confront\u00e9s \u00e0 une m\u00eame situation, peuvent ne pas prendre la m\u00eame d\u00e9cision. Cet ouvrage propose des explications plus ou moins rationnelles \u00e0 cela et analyse diff\u00e9rentes facettes de la prise de d\u00e9cision telles que l\u2019intention du d\u00e9cideur, l\u2019environnement de la d\u00e9cision [&hellip;]<\/p>\n","protected":false},"featured_media":47344,"template":"","meta":{"_acf_changed":false,"_links_to":"","_links_to_target":""},"product_brand":[],"product_cat":[708],"product_tag":[],"class_list":{"0":"post-47338","1":"product","2":"type-product","3":"status-publish","4":"has-post-thumbnail","6":"product_cat-systmes-et-gnie-industriel-11476925","8":"first","9":"instock","10":"shipping-taxable","11":"purchasable","12":"product-type-variable"},"acf":[],"yoast_head":"<!-- This site is optimized with the Yoast SEO plugin v27.2 - https:\/\/yoast.com\/product\/yoast-seo-wordpress\/ -->\n<title>D\u00e9cision et d\u00e9cideur en milieu industriel - ISTE Group<\/title>\n<meta name=\"description\" content=\"D\u00e9cision et d\u00e9cideur en milieu industriel s\u2019articule autour du constat que deux d\u00e9cideurs diff\u00e9rents, confront\u00e9s \u00e0 une m\u00eame situation, peuvent ne pas prendre la m\u00eame d\u00e9cision. Cet\" \/>\n<meta name=\"robots\" content=\"index, follow, max-snippet:-1, max-image-preview:large, max-video-preview:-1\" \/>\n<link rel=\"canonical\" href=\"https:\/\/www.istegroup.com\/fr\/produit\/decision-et-decideur-en-milieu-industriel\/\" \/>\n<meta property=\"og:locale\" content=\"fr_FR\" \/>\n<meta property=\"og:type\" content=\"article\" \/>\n<meta property=\"og:title\" content=\"D\u00e9cision et d\u00e9cideur en milieu industriel - ISTE Group\" \/>\n<meta property=\"og:description\" content=\"D\u00e9cision et d\u00e9cideur en milieu industriel s\u2019articule autour du constat que deux d\u00e9cideurs diff\u00e9rents, confront\u00e9s \u00e0 une m\u00eame situation, peuvent ne pas prendre la m\u00eame d\u00e9cision. Cet\" \/>\n<meta property=\"og:url\" content=\"https:\/\/www.istegroup.com\/fr\/produit\/decision-et-decideur-en-milieu-industriel\/\" \/>\n<meta property=\"og:site_name\" content=\"ISTE Group\" \/>\n<meta property=\"article:modified_time\" content=\"2024-01-03T13:46:03+00:00\" \/>\n<meta property=\"og:image\" content=\"https:\/\/www.istegroup.com\/wp-content\/uploads\/2022\/07\/Decision-et-decideur-en-milieu-industriel.jpg\" \/>\n\t<meta property=\"og:image:width\" content=\"350\" \/>\n\t<meta property=\"og:image:height\" content=\"524\" \/>\n\t<meta property=\"og:image:type\" content=\"image\/jpeg\" \/>\n<meta name=\"twitter:card\" content=\"summary_large_image\" \/>\n<meta name=\"twitter:label1\" content=\"Est. reading time\" \/>\n\t<meta name=\"twitter:data1\" content=\"1 minute\" \/>\n<script type=\"application\/ld+json\" class=\"yoast-schema-graph\">{\"@context\":\"https:\/\/schema.org\",\"@graph\":[{\"@type\":\"WebPage\",\"@id\":\"https:\/\/www.istegroup.com\/fr\/produit\/decision-et-decideur-en-milieu-industriel\/\",\"url\":\"https:\/\/www.istegroup.com\/fr\/produit\/decision-et-decideur-en-milieu-industriel\/\",\"name\":\"D\u00e9cision et d\u00e9cideur en milieu industriel - ISTE Group\",\"isPartOf\":{\"@id\":\"https:\/\/www.istegroup.com\/#website\"},\"primaryImageOfPage\":{\"@id\":\"https:\/\/www.istegroup.com\/fr\/produit\/decision-et-decideur-en-milieu-industriel\/#primaryimage\"},\"image\":{\"@id\":\"https:\/\/www.istegroup.com\/fr\/produit\/decision-et-decideur-en-milieu-industriel\/#primaryimage\"},\"thumbnailUrl\":\"https:\/\/www.istegroup.com\/wp-content\/uploads\/2022\/07\/Decision-et-decideur-en-milieu-industriel.jpg\",\"datePublished\":\"2022-07-27T14:05:59+00:00\",\"dateModified\":\"2024-01-03T13:46:03+00:00\",\"description\":\"D\u00e9cision et d\u00e9cideur en milieu industriel s\u2019articule autour du constat que deux d\u00e9cideurs diff\u00e9rents, confront\u00e9s \u00e0 une m\u00eame situation, peuvent ne pas prendre la m\u00eame d\u00e9cision. Cet\",\"breadcrumb\":{\"@id\":\"https:\/\/www.istegroup.com\/fr\/produit\/decision-et-decideur-en-milieu-industriel\/#breadcrumb\"},\"inLanguage\":\"fr-FR\",\"potentialAction\":[{\"@type\":\"ReadAction\",\"target\":[\"https:\/\/www.istegroup.com\/fr\/produit\/decision-et-decideur-en-milieu-industriel\/\"]}]},{\"@type\":\"ImageObject\",\"inLanguage\":\"fr-FR\",\"@id\":\"https:\/\/www.istegroup.com\/fr\/produit\/decision-et-decideur-en-milieu-industriel\/#primaryimage\",\"url\":\"https:\/\/www.istegroup.com\/wp-content\/uploads\/2022\/07\/Decision-et-decideur-en-milieu-industriel.jpg\",\"contentUrl\":\"https:\/\/www.istegroup.com\/wp-content\/uploads\/2022\/07\/Decision-et-decideur-en-milieu-industriel.jpg\",\"width\":350,\"height\":524,\"caption\":\"Livre scientifique - D\u00e9cision et d\u00e9cideur en milieu industriel - Lamia Berrah et Vincent Clivill\u00e9\"},{\"@type\":\"BreadcrumbList\",\"@id\":\"https:\/\/www.istegroup.com\/fr\/produit\/decision-et-decideur-en-milieu-industriel\/#breadcrumb\",\"itemListElement\":[{\"@type\":\"ListItem\",\"position\":1,\"name\":\"Home\",\"item\":\"https:\/\/www.istegroup.com\/\"},{\"@type\":\"ListItem\",\"position\":2,\"name\":\"Shop\",\"item\":\"https:\/\/www.istegroup.com\/fr\/nouveautes\/\"},{\"@type\":\"ListItem\",\"position\":3,\"name\":\"D\u00e9cision et d\u00e9cideur en milieu industriel\"}]},{\"@type\":\"WebSite\",\"@id\":\"https:\/\/www.istegroup.com\/#website\",\"url\":\"https:\/\/www.istegroup.com\/\",\"name\":\"ISTE Group\",\"description\":\"\u00c9diteur des Sciences\",\"potentialAction\":[{\"@type\":\"SearchAction\",\"target\":{\"@type\":\"EntryPoint\",\"urlTemplate\":\"https:\/\/www.istegroup.com\/?s={search_term_string}\"},\"query-input\":{\"@type\":\"PropertyValueSpecification\",\"valueRequired\":true,\"valueName\":\"search_term_string\"}}],\"inLanguage\":\"fr-FR\"}]}<\/script>\n<!-- \/ Yoast SEO plugin. -->","yoast_head_json":{"title":"D\u00e9cision et d\u00e9cideur en milieu industriel - ISTE Group","description":"D\u00e9cision et d\u00e9cideur en milieu industriel s\u2019articule autour du constat que deux d\u00e9cideurs diff\u00e9rents, confront\u00e9s \u00e0 une m\u00eame situation, peuvent ne pas prendre la m\u00eame d\u00e9cision. Cet","robots":{"index":"index","follow":"follow","max-snippet":"max-snippet:-1","max-image-preview":"max-image-preview:large","max-video-preview":"max-video-preview:-1"},"canonical":"https:\/\/www.istegroup.com\/fr\/produit\/decision-et-decideur-en-milieu-industriel\/","og_locale":"fr_FR","og_type":"article","og_title":"D\u00e9cision et d\u00e9cideur en milieu industriel - ISTE Group","og_description":"D\u00e9cision et d\u00e9cideur en milieu industriel s\u2019articule autour du constat que deux d\u00e9cideurs diff\u00e9rents, confront\u00e9s \u00e0 une m\u00eame situation, peuvent ne pas prendre la m\u00eame d\u00e9cision. Cet","og_url":"https:\/\/www.istegroup.com\/fr\/produit\/decision-et-decideur-en-milieu-industriel\/","og_site_name":"ISTE Group","article_modified_time":"2024-01-03T13:46:03+00:00","og_image":[{"width":350,"height":524,"url":"https:\/\/www.istegroup.com\/wp-content\/uploads\/2022\/07\/Decision-et-decideur-en-milieu-industriel.jpg","type":"image\/jpeg"}],"twitter_card":"summary_large_image","twitter_misc":{"Est. reading time":"1 minute"},"schema":{"@context":"https:\/\/schema.org","@graph":[{"@type":"WebPage","@id":"https:\/\/www.istegroup.com\/fr\/produit\/decision-et-decideur-en-milieu-industriel\/","url":"https:\/\/www.istegroup.com\/fr\/produit\/decision-et-decideur-en-milieu-industriel\/","name":"D\u00e9cision et d\u00e9cideur en milieu industriel - ISTE Group","isPartOf":{"@id":"https:\/\/www.istegroup.com\/#website"},"primaryImageOfPage":{"@id":"https:\/\/www.istegroup.com\/fr\/produit\/decision-et-decideur-en-milieu-industriel\/#primaryimage"},"image":{"@id":"https:\/\/www.istegroup.com\/fr\/produit\/decision-et-decideur-en-milieu-industriel\/#primaryimage"},"thumbnailUrl":"https:\/\/www.istegroup.com\/wp-content\/uploads\/2022\/07\/Decision-et-decideur-en-milieu-industriel.jpg","datePublished":"2022-07-27T14:05:59+00:00","dateModified":"2024-01-03T13:46:03+00:00","description":"D\u00e9cision et d\u00e9cideur en milieu industriel s\u2019articule autour du constat que deux d\u00e9cideurs diff\u00e9rents, confront\u00e9s \u00e0 une m\u00eame situation, peuvent ne pas prendre la m\u00eame d\u00e9cision. Cet","breadcrumb":{"@id":"https:\/\/www.istegroup.com\/fr\/produit\/decision-et-decideur-en-milieu-industriel\/#breadcrumb"},"inLanguage":"fr-FR","potentialAction":[{"@type":"ReadAction","target":["https:\/\/www.istegroup.com\/fr\/produit\/decision-et-decideur-en-milieu-industriel\/"]}]},{"@type":"ImageObject","inLanguage":"fr-FR","@id":"https:\/\/www.istegroup.com\/fr\/produit\/decision-et-decideur-en-milieu-industriel\/#primaryimage","url":"https:\/\/www.istegroup.com\/wp-content\/uploads\/2022\/07\/Decision-et-decideur-en-milieu-industriel.jpg","contentUrl":"https:\/\/www.istegroup.com\/wp-content\/uploads\/2022\/07\/Decision-et-decideur-en-milieu-industriel.jpg","width":350,"height":524,"caption":"Livre scientifique - D\u00e9cision et d\u00e9cideur en milieu industriel - Lamia Berrah et Vincent Clivill\u00e9"},{"@type":"BreadcrumbList","@id":"https:\/\/www.istegroup.com\/fr\/produit\/decision-et-decideur-en-milieu-industriel\/#breadcrumb","itemListElement":[{"@type":"ListItem","position":1,"name":"Home","item":"https:\/\/www.istegroup.com\/"},{"@type":"ListItem","position":2,"name":"Shop","item":"https:\/\/www.istegroup.com\/fr\/nouveautes\/"},{"@type":"ListItem","position":3,"name":"D\u00e9cision et d\u00e9cideur en milieu industriel"}]},{"@type":"WebSite","@id":"https:\/\/www.istegroup.com\/#website","url":"https:\/\/www.istegroup.com\/","name":"ISTE Group","description":"\u00c9diteur des Sciences","potentialAction":[{"@type":"SearchAction","target":{"@type":"EntryPoint","urlTemplate":"https:\/\/www.istegroup.com\/?s={search_term_string}"},"query-input":{"@type":"PropertyValueSpecification","valueRequired":true,"valueName":"search_term_string"}}],"inLanguage":"fr-FR"}]}},"_links":{"self":[{"href":"https:\/\/www.istegroup.com\/fr\/wp-json\/wp\/v2\/product\/47338","targetHints":{"allow":["GET"]}}],"collection":[{"href":"https:\/\/www.istegroup.com\/fr\/wp-json\/wp\/v2\/product"}],"about":[{"href":"https:\/\/www.istegroup.com\/fr\/wp-json\/wp\/v2\/types\/product"}],"wp:featuredmedia":[{"embeddable":true,"href":"https:\/\/www.istegroup.com\/fr\/wp-json\/wp\/v2\/media\/47344"}],"wp:attachment":[{"href":"https:\/\/www.istegroup.com\/fr\/wp-json\/wp\/v2\/media?parent=47338"}],"wp:term":[{"taxonomy":"product_brand","embeddable":true,"href":"https:\/\/www.istegroup.com\/fr\/wp-json\/wp\/v2\/product_brand?post=47338"},{"taxonomy":"product_cat","embeddable":true,"href":"https:\/\/www.istegroup.com\/fr\/wp-json\/wp\/v2\/product_cat?post=47338"},{"taxonomy":"product_tag","embeddable":true,"href":"https:\/\/www.istegroup.com\/fr\/wp-json\/wp\/v2\/product_tag?post=47338"}],"curies":[{"name":"wp","href":"https:\/\/api.w.org\/{rel}","templated":true}]}}