{"id":47306,"date":"2022-07-27T12:04:08","date_gmt":"2022-07-27T11:04:08","guid":{"rendered":"https:\/\/www.istegroup.com\/?post_type=product&#038;p=47306"},"modified":"2024-03-22T13:07:34","modified_gmt":"2024-03-22T13:07:34","slug":"theorie-des-systemes-une-approche-moderne-1","status":"publish","type":"product","link":"https:\/\/www.istegroup.com\/fr\/produit\/theorie-des-systemes-une-approche-moderne-1\/","title":{"rendered":"Th\u00e9orie des syst\u00e8mes Une approche moderne 1"},"content":{"rendered":"<p>La th\u00e9orie des syst\u00e8mes dynamiques est ici trait\u00e9e conform\u00e9ment \u00e0 l\u2019approche \u00ab moderne \u00bb, h\u00e9riti\u00e8re de l\u2019analyse alg\u00e9brique, qui s\u2019est impos\u00e9e depuis la derni\u00e8re d\u00e9cennie du XXe si\u00e8cle.<\/p>\n<p>Apr\u00e8s un rappel sur l\u2019\u00e9volution de la repr\u00e9sentation des syst\u00e8mes fond\u00e9e sur les fonctions ou matrices de transfert, la dualit\u00e9 entre commandabilit\u00e9 et observabilit\u00e9 est revisit\u00e9e et de nouveaux r\u00e9sultats sont \u00e9tablis concernant les syst\u00e8mes \u00e0 temps discret instationnaires.<\/p>\n<p>Pour compl\u00e9ter et am\u00e9liorer les analyses d\u00e9j\u00e0 existantes, les p\u00f4les et z\u00e9ros des syst\u00e8mes lin\u00e9aires et de leurs interconnexions sont pr\u00e9sent\u00e9s d&rsquo;une mani\u00e8re nouvelle ainsi que la probl\u00e9matique des syst\u00e8mes r\u00e9gis par des \u00e9quations diff\u00e9rentielles aux diff\u00e9rences (retard\u00e9es ou neutres) et de leur stabilisation. L\u2019ouvrage propose \u00e9galement des compl\u00e9ments math\u00e9matiques connus ou originaux.<\/p>","protected":false},"excerpt":{"rendered":"<p>La th\u00e9orie des syst\u00e8mes dynamiques est ici trait\u00e9e conform\u00e9ment \u00e0 l\u2019approche \u00ab moderne \u00bb, h\u00e9riti\u00e8re de l\u2019analyse alg\u00e9brique, qui s\u2019est impos\u00e9e depuis la derni\u00e8re d\u00e9cennie du XXe si\u00e8cle. Apr\u00e8s un rappel sur l\u2019\u00e9volution de la repr\u00e9sentation des syst\u00e8mes fond\u00e9e sur les fonctions ou matrices de transfert, la dualit\u00e9 entre commandabilit\u00e9 et observabilit\u00e9 est revisit\u00e9e et [&hellip;]<\/p>\n","protected":false},"featured_media":47311,"template":"","meta":{"_acf_changed":false,"_links_to":"","_links_to_target":""},"product_brand":[],"product_cat":[671],"product_tag":[],"class_list":{"0":"post-47306","1":"product","2":"type-product","3":"status-publish","4":"has-post-thumbnail","6":"product_cat-mathmatiques-et-statistiques-12506494","8":"first","9":"instock","10":"shipping-taxable","11":"purchasable","12":"product-type-variable"},"acf":[],"yoast_head":"<!-- This site is optimized with the Yoast SEO plugin v27.2 - https:\/\/yoast.com\/product\/yoast-seo-wordpress\/ -->\n<title>Th\u00e9orie des syst\u00e8mes Une approche moderne 1 - ISTE Group<\/title>\n<meta name=\"description\" content=\"La th\u00e9orie des syst\u00e8mes dynamiques est ici trait\u00e9e conform\u00e9ment \u00e0 l\u2019approche \u00ab moderne \u00bb, h\u00e9riti\u00e8re de l\u2019analyse alg\u00e9brique, qui s\u2019est impos\u00e9e depuis la derni\u00e8re d\u00e9cennie du XXe si\u00e8cle.\" \/>\n<meta name=\"robots\" content=\"index, follow, max-snippet:-1, max-image-preview:large, max-video-preview:-1\" \/>\n<link rel=\"canonical\" href=\"https:\/\/www.istegroup.com\/fr\/produit\/theorie-des-systemes-une-approche-moderne-1\/\" \/>\n<meta property=\"og:locale\" content=\"fr_FR\" \/>\n<meta property=\"og:type\" content=\"article\" \/>\n<meta property=\"og:title\" content=\"Th\u00e9orie des syst\u00e8mes Une approche moderne 1 - ISTE Group\" \/>\n<meta property=\"og:description\" content=\"La th\u00e9orie des syst\u00e8mes dynamiques est ici trait\u00e9e conform\u00e9ment \u00e0 l\u2019approche \u00ab moderne \u00bb, h\u00e9riti\u00e8re de l\u2019analyse alg\u00e9brique, qui s\u2019est impos\u00e9e depuis la derni\u00e8re d\u00e9cennie du XXe si\u00e8cle.\" \/>\n<meta property=\"og:url\" content=\"https:\/\/www.istegroup.com\/fr\/produit\/theorie-des-systemes-une-approche-moderne-1\/\" \/>\n<meta property=\"og:site_name\" content=\"ISTE Group\" \/>\n<meta property=\"article:modified_time\" content=\"2024-03-22T13:07:34+00:00\" \/>\n<meta property=\"og:image\" content=\"https:\/\/www.istegroup.com\/wp-content\/uploads\/2022\/07\/Theories-des-systemes.-Une-approche-moderne-1.jpg\" \/>\n\t<meta property=\"og:image:width\" content=\"350\" \/>\n\t<meta property=\"og:image:height\" content=\"529\" \/>\n\t<meta property=\"og:image:type\" content=\"image\/jpeg\" \/>\n<meta name=\"twitter:card\" content=\"summary_large_image\" \/>\n<meta name=\"twitter:label1\" content=\"Est. reading time\" \/>\n\t<meta name=\"twitter:data1\" content=\"1 minute\" \/>\n<script type=\"application\/ld+json\" class=\"yoast-schema-graph\">{\"@context\":\"https:\/\/schema.org\",\"@graph\":[{\"@type\":\"WebPage\",\"@id\":\"https:\/\/www.istegroup.com\/fr\/produit\/theorie-des-systemes-une-approche-moderne-1\/\",\"url\":\"https:\/\/www.istegroup.com\/fr\/produit\/theorie-des-systemes-une-approche-moderne-1\/\",\"name\":\"Th\u00e9orie des syst\u00e8mes Une approche moderne 1 - ISTE Group\",\"isPartOf\":{\"@id\":\"https:\/\/www.istegroup.com\/#website\"},\"primaryImageOfPage\":{\"@id\":\"https:\/\/www.istegroup.com\/fr\/produit\/theorie-des-systemes-une-approche-moderne-1\/#primaryimage\"},\"image\":{\"@id\":\"https:\/\/www.istegroup.com\/fr\/produit\/theorie-des-systemes-une-approche-moderne-1\/#primaryimage\"},\"thumbnailUrl\":\"https:\/\/www.istegroup.com\/wp-content\/uploads\/2022\/07\/Theories-des-systemes.-Une-approche-moderne-1.jpg\",\"datePublished\":\"2022-07-27T11:04:08+00:00\",\"dateModified\":\"2024-03-22T13:07:34+00:00\",\"description\":\"La th\u00e9orie des syst\u00e8mes dynamiques est ici trait\u00e9e conform\u00e9ment \u00e0 l\u2019approche \u00ab moderne \u00bb, h\u00e9riti\u00e8re de l\u2019analyse alg\u00e9brique, qui s\u2019est impos\u00e9e depuis la derni\u00e8re d\u00e9cennie du XXe si\u00e8cle.\",\"breadcrumb\":{\"@id\":\"https:\/\/www.istegroup.com\/fr\/produit\/theorie-des-systemes-une-approche-moderne-1\/#breadcrumb\"},\"inLanguage\":\"fr-FR\",\"potentialAction\":[{\"@type\":\"ReadAction\",\"target\":[\"https:\/\/www.istegroup.com\/fr\/produit\/theorie-des-systemes-une-approche-moderne-1\/\"]}]},{\"@type\":\"ImageObject\",\"inLanguage\":\"fr-FR\",\"@id\":\"https:\/\/www.istegroup.com\/fr\/produit\/theorie-des-systemes-une-approche-moderne-1\/#primaryimage\",\"url\":\"https:\/\/www.istegroup.com\/wp-content\/uploads\/2022\/07\/Theories-des-systemes.-Une-approche-moderne-1.jpg\",\"contentUrl\":\"https:\/\/www.istegroup.com\/wp-content\/uploads\/2022\/07\/Theories-des-systemes.-Une-approche-moderne-1.jpg\",\"width\":350,\"height\":529,\"caption\":\"Livre scientifique - Th\u00e9ories des syst\u00e8mes. Une approche moderne 1 - Henri Bourl\u00e8s\"},{\"@type\":\"BreadcrumbList\",\"@id\":\"https:\/\/www.istegroup.com\/fr\/produit\/theorie-des-systemes-une-approche-moderne-1\/#breadcrumb\",\"itemListElement\":[{\"@type\":\"ListItem\",\"position\":1,\"name\":\"Home\",\"item\":\"https:\/\/www.istegroup.com\/\"},{\"@type\":\"ListItem\",\"position\":2,\"name\":\"Shop\",\"item\":\"https:\/\/www.istegroup.com\/fr\/nouveautes\/\"},{\"@type\":\"ListItem\",\"position\":3,\"name\":\"Th\u00e9orie des syst\u00e8mes Une approche moderne 1\"}]},{\"@type\":\"WebSite\",\"@id\":\"https:\/\/www.istegroup.com\/#website\",\"url\":\"https:\/\/www.istegroup.com\/\",\"name\":\"ISTE Group\",\"description\":\"\u00c9diteur des Sciences\",\"potentialAction\":[{\"@type\":\"SearchAction\",\"target\":{\"@type\":\"EntryPoint\",\"urlTemplate\":\"https:\/\/www.istegroup.com\/?s={search_term_string}\"},\"query-input\":{\"@type\":\"PropertyValueSpecification\",\"valueRequired\":true,\"valueName\":\"search_term_string\"}}],\"inLanguage\":\"fr-FR\"}]}<\/script>\n<!-- \/ Yoast SEO plugin. -->","yoast_head_json":{"title":"Th\u00e9orie des syst\u00e8mes Une approche moderne 1 - ISTE Group","description":"La th\u00e9orie des syst\u00e8mes dynamiques est ici trait\u00e9e conform\u00e9ment \u00e0 l\u2019approche \u00ab moderne \u00bb, h\u00e9riti\u00e8re de l\u2019analyse alg\u00e9brique, qui s\u2019est impos\u00e9e depuis la derni\u00e8re d\u00e9cennie du XXe si\u00e8cle.","robots":{"index":"index","follow":"follow","max-snippet":"max-snippet:-1","max-image-preview":"max-image-preview:large","max-video-preview":"max-video-preview:-1"},"canonical":"https:\/\/www.istegroup.com\/fr\/produit\/theorie-des-systemes-une-approche-moderne-1\/","og_locale":"fr_FR","og_type":"article","og_title":"Th\u00e9orie des syst\u00e8mes Une approche moderne 1 - ISTE Group","og_description":"La th\u00e9orie des syst\u00e8mes dynamiques est ici trait\u00e9e conform\u00e9ment \u00e0 l\u2019approche \u00ab moderne \u00bb, h\u00e9riti\u00e8re de l\u2019analyse alg\u00e9brique, qui s\u2019est impos\u00e9e depuis la derni\u00e8re d\u00e9cennie du XXe si\u00e8cle.","og_url":"https:\/\/www.istegroup.com\/fr\/produit\/theorie-des-systemes-une-approche-moderne-1\/","og_site_name":"ISTE Group","article_modified_time":"2024-03-22T13:07:34+00:00","og_image":[{"width":350,"height":529,"url":"https:\/\/www.istegroup.com\/wp-content\/uploads\/2022\/07\/Theories-des-systemes.-Une-approche-moderne-1.jpg","type":"image\/jpeg"}],"twitter_card":"summary_large_image","twitter_misc":{"Est. reading time":"1 minute"},"schema":{"@context":"https:\/\/schema.org","@graph":[{"@type":"WebPage","@id":"https:\/\/www.istegroup.com\/fr\/produit\/theorie-des-systemes-une-approche-moderne-1\/","url":"https:\/\/www.istegroup.com\/fr\/produit\/theorie-des-systemes-une-approche-moderne-1\/","name":"Th\u00e9orie des syst\u00e8mes Une approche moderne 1 - ISTE Group","isPartOf":{"@id":"https:\/\/www.istegroup.com\/#website"},"primaryImageOfPage":{"@id":"https:\/\/www.istegroup.com\/fr\/produit\/theorie-des-systemes-une-approche-moderne-1\/#primaryimage"},"image":{"@id":"https:\/\/www.istegroup.com\/fr\/produit\/theorie-des-systemes-une-approche-moderne-1\/#primaryimage"},"thumbnailUrl":"https:\/\/www.istegroup.com\/wp-content\/uploads\/2022\/07\/Theories-des-systemes.-Une-approche-moderne-1.jpg","datePublished":"2022-07-27T11:04:08+00:00","dateModified":"2024-03-22T13:07:34+00:00","description":"La th\u00e9orie des syst\u00e8mes dynamiques est ici trait\u00e9e conform\u00e9ment \u00e0 l\u2019approche \u00ab moderne \u00bb, h\u00e9riti\u00e8re de l\u2019analyse alg\u00e9brique, qui s\u2019est impos\u00e9e depuis la derni\u00e8re d\u00e9cennie du XXe si\u00e8cle.","breadcrumb":{"@id":"https:\/\/www.istegroup.com\/fr\/produit\/theorie-des-systemes-une-approche-moderne-1\/#breadcrumb"},"inLanguage":"fr-FR","potentialAction":[{"@type":"ReadAction","target":["https:\/\/www.istegroup.com\/fr\/produit\/theorie-des-systemes-une-approche-moderne-1\/"]}]},{"@type":"ImageObject","inLanguage":"fr-FR","@id":"https:\/\/www.istegroup.com\/fr\/produit\/theorie-des-systemes-une-approche-moderne-1\/#primaryimage","url":"https:\/\/www.istegroup.com\/wp-content\/uploads\/2022\/07\/Theories-des-systemes.-Une-approche-moderne-1.jpg","contentUrl":"https:\/\/www.istegroup.com\/wp-content\/uploads\/2022\/07\/Theories-des-systemes.-Une-approche-moderne-1.jpg","width":350,"height":529,"caption":"Livre scientifique - Th\u00e9ories des syst\u00e8mes. Une approche moderne 1 - Henri Bourl\u00e8s"},{"@type":"BreadcrumbList","@id":"https:\/\/www.istegroup.com\/fr\/produit\/theorie-des-systemes-une-approche-moderne-1\/#breadcrumb","itemListElement":[{"@type":"ListItem","position":1,"name":"Home","item":"https:\/\/www.istegroup.com\/"},{"@type":"ListItem","position":2,"name":"Shop","item":"https:\/\/www.istegroup.com\/fr\/nouveautes\/"},{"@type":"ListItem","position":3,"name":"Th\u00e9orie des syst\u00e8mes Une approche moderne 1"}]},{"@type":"WebSite","@id":"https:\/\/www.istegroup.com\/#website","url":"https:\/\/www.istegroup.com\/","name":"ISTE Group","description":"\u00c9diteur des Sciences","potentialAction":[{"@type":"SearchAction","target":{"@type":"EntryPoint","urlTemplate":"https:\/\/www.istegroup.com\/?s={search_term_string}"},"query-input":{"@type":"PropertyValueSpecification","valueRequired":true,"valueName":"search_term_string"}}],"inLanguage":"fr-FR"}]}},"_links":{"self":[{"href":"https:\/\/www.istegroup.com\/fr\/wp-json\/wp\/v2\/product\/47306","targetHints":{"allow":["GET"]}}],"collection":[{"href":"https:\/\/www.istegroup.com\/fr\/wp-json\/wp\/v2\/product"}],"about":[{"href":"https:\/\/www.istegroup.com\/fr\/wp-json\/wp\/v2\/types\/product"}],"wp:featuredmedia":[{"embeddable":true,"href":"https:\/\/www.istegroup.com\/fr\/wp-json\/wp\/v2\/media\/47311"}],"wp:attachment":[{"href":"https:\/\/www.istegroup.com\/fr\/wp-json\/wp\/v2\/media?parent=47306"}],"wp:term":[{"taxonomy":"product_brand","embeddable":true,"href":"https:\/\/www.istegroup.com\/fr\/wp-json\/wp\/v2\/product_brand?post=47306"},{"taxonomy":"product_cat","embeddable":true,"href":"https:\/\/www.istegroup.com\/fr\/wp-json\/wp\/v2\/product_cat?post=47306"},{"taxonomy":"product_tag","embeddable":true,"href":"https:\/\/www.istegroup.com\/fr\/wp-json\/wp\/v2\/product_tag?post=47306"}],"curies":[{"name":"wp","href":"https:\/\/api.w.org\/{rel}","templated":true}]}}