{"id":47297,"date":"2022-07-27T10:27:20","date_gmt":"2022-07-27T09:27:20","guid":{"rendered":"https:\/\/www.istegroup.com\/?post_type=product&#038;p=47297"},"modified":"2024-03-20T15:32:19","modified_gmt":"2024-03-20T15:32:19","slug":"echangeurs-de-chaleur","status":"publish","type":"product","link":"https:\/\/www.istegroup.com\/fr\/produit\/echangeurs-de-chaleur\/","title":{"rendered":"\u00c9changeurs de chaleur"},"content":{"rendered":"<p>Les derni\u00e8res d\u00e9cennies ont enregistr\u00e9 d\u2019immenses d\u00e9veloppements dans les utilisations des centrales solaires \u00e0 concentration, dans les technologies de communication (t\u00e9l\u00e9phonie mobile et r\u00e9seaux 5G) ou encore dans la fili\u00e8re nucl\u00e9aire des petits r\u00e9acteurs modulaires. Ces d\u00e9veloppements ont impos\u00e9 une nouvelle g\u00e9n\u00e9ration d\u2019\u00e9changeurs de chaleur.<\/p>\n<p>Tout en pr\u00e9sentant les \u00e9changeurs classiques (tubulaires, \u00e0 plaques) et leurs techniques de conception et algorithmes de calcul, cet ouvrage pr\u00e9sente les \u00e9changeurs compacts de nouvelle g\u00e9n\u00e9ration, notamment les \u00e9changeurs \u00e0 circuits imprim\u00e9s, les \u00e9changeurs \u00e0 plaques-ailettes, les \u00e9changeurs \u00e0 spirales, les \u00e9changeurs tubes-ailettes \u00e0 courants crois\u00e9s, les micro-\u00e9changeurs \u00e0 changement de phase, les <em>spray coolers<\/em>, les \u00e9changeurs \u00e0 caloducs et les chambres d\u2019\u00e9vaporation.<\/p>\n<p>Cette classe d\u2019\u00e9changeurs conna\u00eet actuellement un grand essor, avec des applications comme \u00e9quipements embarqu\u00e9s dans les avions, dans les locomotives, dans les navettes spatiales ou encore dans la t\u00e9l\u00e9phonie mobile o\u00f9 le volume d\u2019un \u00e9quipement est un des param\u00e8tres les plus importants du design.<\/p>","protected":false},"excerpt":{"rendered":"<p>Les derni\u00e8res d\u00e9cennies ont enregistr\u00e9 d\u2019immenses d\u00e9veloppements dans les utilisations des centrales solaires \u00e0 concentration, dans les technologies de communication (t\u00e9l\u00e9phonie mobile et r\u00e9seaux 5G) ou encore dans la fili\u00e8re nucl\u00e9aire des petits r\u00e9acteurs modulaires. Ces d\u00e9veloppements ont impos\u00e9 une nouvelle g\u00e9n\u00e9ration d\u2019\u00e9changeurs de chaleur. Tout en pr\u00e9sentant les \u00e9changeurs classiques (tubulaires, \u00e0 plaques) et [&hellip;]<\/p>\n","protected":false},"featured_media":47301,"template":"","meta":{"_acf_changed":false,"_links_to":"","_links_to_target":""},"product_brand":[],"product_cat":[660],"product_tag":[],"class_list":{"0":"post-47297","1":"product","2":"type-product","3":"status-publish","4":"has-post-thumbnail","6":"product_cat-energie-12506414","8":"first","9":"instock","10":"shipping-taxable","11":"purchasable","12":"product-type-variable"},"acf":[],"yoast_head":"<!-- This site is optimized with the Yoast SEO plugin v27.2 - https:\/\/yoast.com\/product\/yoast-seo-wordpress\/ -->\n<title>\u00c9changeurs de chaleur - ISTE Group<\/title>\n<meta name=\"description\" content=\"Cet ouvrage pr\u00e9sente les \u00e9changeurs compacts de nouvelle g\u00e9n\u00e9ration, notamment les \u00e9changeurs \u00e0 circuits imprim\u00e9s, les \u00e9changeurs \u00e0 plaques-ailettes, les \u00e9changeurs \u00e0 spirales, les \u00e9changeurs tubes-ailettes \u00e0 courants crois\u00e9s, les micro-\u00e9changeurs \u00e0 changement de phase, les spray coolers, les \u00e9changeurs \u00e0 caloducs et les chambres d\u2019\u00e9vaporation.\" \/>\n<meta name=\"robots\" content=\"index, follow, max-snippet:-1, max-image-preview:large, max-video-preview:-1\" \/>\n<link rel=\"canonical\" href=\"https:\/\/www.istegroup.com\/en\/produit\/echangeurs-de-chaleur\/\" \/>\n<meta property=\"og:locale\" content=\"fr_FR\" \/>\n<meta property=\"og:type\" content=\"article\" \/>\n<meta property=\"og:title\" content=\"\u00c9changeurs de chaleur - ISTE Group\" \/>\n<meta property=\"og:description\" content=\"Cet ouvrage pr\u00e9sente les \u00e9changeurs compacts de nouvelle g\u00e9n\u00e9ration, notamment les \u00e9changeurs \u00e0 circuits imprim\u00e9s, les \u00e9changeurs \u00e0 plaques-ailettes, les \u00e9changeurs \u00e0 spirales, les \u00e9changeurs tubes-ailettes \u00e0 courants crois\u00e9s, les micro-\u00e9changeurs \u00e0 changement de phase, les spray coolers, les \u00e9changeurs \u00e0 caloducs et les chambres d\u2019\u00e9vaporation.\" \/>\n<meta property=\"og:url\" content=\"https:\/\/www.istegroup.com\/en\/produit\/echangeurs-de-chaleur\/\" \/>\n<meta property=\"og:site_name\" content=\"ISTE Group\" \/>\n<meta property=\"article:modified_time\" content=\"2024-03-20T15:32:19+00:00\" \/>\n<meta property=\"og:image\" content=\"https:\/\/www.istegroup.com\/wp-content\/uploads\/2022\/07\/Echangeurs-de-chaleur.jpg\" \/>\n\t<meta property=\"og:image:width\" content=\"350\" \/>\n\t<meta property=\"og:image:height\" content=\"528\" \/>\n\t<meta property=\"og:image:type\" content=\"image\/jpeg\" \/>\n<meta name=\"twitter:card\" content=\"summary_large_image\" \/>\n<meta name=\"twitter:label1\" content=\"Est. reading time\" \/>\n\t<meta name=\"twitter:data1\" content=\"1 minute\" \/>\n<script type=\"application\/ld+json\" class=\"yoast-schema-graph\">{\"@context\":\"https:\/\/schema.org\",\"@graph\":[{\"@type\":\"WebPage\",\"@id\":\"https:\/\/www.istegroup.com\/en\/produit\/echangeurs-de-chaleur\/\",\"url\":\"https:\/\/www.istegroup.com\/en\/produit\/echangeurs-de-chaleur\/\",\"name\":\"\u00c9changeurs de chaleur - ISTE Group\",\"isPartOf\":{\"@id\":\"https:\/\/www.istegroup.com\/#website\"},\"primaryImageOfPage\":{\"@id\":\"https:\/\/www.istegroup.com\/en\/produit\/echangeurs-de-chaleur\/#primaryimage\"},\"image\":{\"@id\":\"https:\/\/www.istegroup.com\/en\/produit\/echangeurs-de-chaleur\/#primaryimage\"},\"thumbnailUrl\":\"https:\/\/www.istegroup.com\/wp-content\/uploads\/2022\/07\/Echangeurs-de-chaleur.jpg\",\"datePublished\":\"2022-07-27T09:27:20+00:00\",\"dateModified\":\"2024-03-20T15:32:19+00:00\",\"description\":\"Cet ouvrage pr\u00e9sente les \u00e9changeurs compacts de nouvelle g\u00e9n\u00e9ration, notamment les \u00e9changeurs \u00e0 circuits imprim\u00e9s, les \u00e9changeurs \u00e0 plaques-ailettes, les \u00e9changeurs \u00e0 spirales, les \u00e9changeurs tubes-ailettes \u00e0 courants crois\u00e9s, les micro-\u00e9changeurs \u00e0 changement de phase, les spray coolers, les \u00e9changeurs \u00e0 caloducs et les chambres d\u2019\u00e9vaporation.\",\"breadcrumb\":{\"@id\":\"https:\/\/www.istegroup.com\/en\/produit\/echangeurs-de-chaleur\/#breadcrumb\"},\"inLanguage\":\"fr-FR\",\"potentialAction\":[{\"@type\":\"ReadAction\",\"target\":[\"https:\/\/www.istegroup.com\/en\/produit\/echangeurs-de-chaleur\/\"]}]},{\"@type\":\"ImageObject\",\"inLanguage\":\"fr-FR\",\"@id\":\"https:\/\/www.istegroup.com\/en\/produit\/echangeurs-de-chaleur\/#primaryimage\",\"url\":\"https:\/\/www.istegroup.com\/wp-content\/uploads\/2022\/07\/Echangeurs-de-chaleur.jpg\",\"contentUrl\":\"https:\/\/www.istegroup.com\/wp-content\/uploads\/2022\/07\/Echangeurs-de-chaleur.jpg\",\"width\":350,\"height\":528,\"caption\":\"Livre scientifique - \u00c9changeurs de chaleur - Abdelhanine Benallou\"},{\"@type\":\"BreadcrumbList\",\"@id\":\"https:\/\/www.istegroup.com\/en\/produit\/echangeurs-de-chaleur\/#breadcrumb\",\"itemListElement\":[{\"@type\":\"ListItem\",\"position\":1,\"name\":\"Home\",\"item\":\"https:\/\/www.istegroup.com\/\"},{\"@type\":\"ListItem\",\"position\":2,\"name\":\"Shop\",\"item\":\"https:\/\/www.istegroup.com\/fr\/nouveautes\/\"},{\"@type\":\"ListItem\",\"position\":3,\"name\":\"\u00c9changeurs de chaleur\"}]},{\"@type\":\"WebSite\",\"@id\":\"https:\/\/www.istegroup.com\/#website\",\"url\":\"https:\/\/www.istegroup.com\/\",\"name\":\"ISTE Group\",\"description\":\"\u00c9diteur des Sciences\",\"potentialAction\":[{\"@type\":\"SearchAction\",\"target\":{\"@type\":\"EntryPoint\",\"urlTemplate\":\"https:\/\/www.istegroup.com\/?s={search_term_string}\"},\"query-input\":{\"@type\":\"PropertyValueSpecification\",\"valueRequired\":true,\"valueName\":\"search_term_string\"}}],\"inLanguage\":\"fr-FR\"}]}<\/script>\n<!-- \/ Yoast SEO plugin. -->","yoast_head_json":{"title":"\u00c9changeurs de chaleur - ISTE Group","description":"Cet ouvrage pr\u00e9sente les \u00e9changeurs compacts de nouvelle g\u00e9n\u00e9ration, notamment les \u00e9changeurs \u00e0 circuits imprim\u00e9s, les \u00e9changeurs \u00e0 plaques-ailettes, les \u00e9changeurs \u00e0 spirales, les \u00e9changeurs tubes-ailettes \u00e0 courants crois\u00e9s, les micro-\u00e9changeurs \u00e0 changement de phase, les spray coolers, les \u00e9changeurs \u00e0 caloducs et les chambres d\u2019\u00e9vaporation.","robots":{"index":"index","follow":"follow","max-snippet":"max-snippet:-1","max-image-preview":"max-image-preview:large","max-video-preview":"max-video-preview:-1"},"canonical":"https:\/\/www.istegroup.com\/en\/produit\/echangeurs-de-chaleur\/","og_locale":"fr_FR","og_type":"article","og_title":"\u00c9changeurs de chaleur - ISTE Group","og_description":"Cet ouvrage pr\u00e9sente les \u00e9changeurs compacts de nouvelle g\u00e9n\u00e9ration, notamment les \u00e9changeurs \u00e0 circuits imprim\u00e9s, les \u00e9changeurs \u00e0 plaques-ailettes, les \u00e9changeurs \u00e0 spirales, les \u00e9changeurs tubes-ailettes \u00e0 courants crois\u00e9s, les micro-\u00e9changeurs \u00e0 changement de phase, les spray coolers, les \u00e9changeurs \u00e0 caloducs et les chambres d\u2019\u00e9vaporation.","og_url":"https:\/\/www.istegroup.com\/en\/produit\/echangeurs-de-chaleur\/","og_site_name":"ISTE Group","article_modified_time":"2024-03-20T15:32:19+00:00","og_image":[{"width":350,"height":528,"url":"https:\/\/www.istegroup.com\/wp-content\/uploads\/2022\/07\/Echangeurs-de-chaleur.jpg","type":"image\/jpeg"}],"twitter_card":"summary_large_image","twitter_misc":{"Est. reading time":"1 minute"},"schema":{"@context":"https:\/\/schema.org","@graph":[{"@type":"WebPage","@id":"https:\/\/www.istegroup.com\/en\/produit\/echangeurs-de-chaleur\/","url":"https:\/\/www.istegroup.com\/en\/produit\/echangeurs-de-chaleur\/","name":"\u00c9changeurs de chaleur - ISTE Group","isPartOf":{"@id":"https:\/\/www.istegroup.com\/#website"},"primaryImageOfPage":{"@id":"https:\/\/www.istegroup.com\/en\/produit\/echangeurs-de-chaleur\/#primaryimage"},"image":{"@id":"https:\/\/www.istegroup.com\/en\/produit\/echangeurs-de-chaleur\/#primaryimage"},"thumbnailUrl":"https:\/\/www.istegroup.com\/wp-content\/uploads\/2022\/07\/Echangeurs-de-chaleur.jpg","datePublished":"2022-07-27T09:27:20+00:00","dateModified":"2024-03-20T15:32:19+00:00","description":"Cet ouvrage pr\u00e9sente les \u00e9changeurs compacts de nouvelle g\u00e9n\u00e9ration, notamment les \u00e9changeurs \u00e0 circuits imprim\u00e9s, les \u00e9changeurs \u00e0 plaques-ailettes, les \u00e9changeurs \u00e0 spirales, les \u00e9changeurs tubes-ailettes \u00e0 courants crois\u00e9s, les micro-\u00e9changeurs \u00e0 changement de phase, les spray coolers, les \u00e9changeurs \u00e0 caloducs et les chambres d\u2019\u00e9vaporation.","breadcrumb":{"@id":"https:\/\/www.istegroup.com\/en\/produit\/echangeurs-de-chaleur\/#breadcrumb"},"inLanguage":"fr-FR","potentialAction":[{"@type":"ReadAction","target":["https:\/\/www.istegroup.com\/en\/produit\/echangeurs-de-chaleur\/"]}]},{"@type":"ImageObject","inLanguage":"fr-FR","@id":"https:\/\/www.istegroup.com\/en\/produit\/echangeurs-de-chaleur\/#primaryimage","url":"https:\/\/www.istegroup.com\/wp-content\/uploads\/2022\/07\/Echangeurs-de-chaleur.jpg","contentUrl":"https:\/\/www.istegroup.com\/wp-content\/uploads\/2022\/07\/Echangeurs-de-chaleur.jpg","width":350,"height":528,"caption":"Livre scientifique - \u00c9changeurs de chaleur - Abdelhanine Benallou"},{"@type":"BreadcrumbList","@id":"https:\/\/www.istegroup.com\/en\/produit\/echangeurs-de-chaleur\/#breadcrumb","itemListElement":[{"@type":"ListItem","position":1,"name":"Home","item":"https:\/\/www.istegroup.com\/"},{"@type":"ListItem","position":2,"name":"Shop","item":"https:\/\/www.istegroup.com\/fr\/nouveautes\/"},{"@type":"ListItem","position":3,"name":"\u00c9changeurs de chaleur"}]},{"@type":"WebSite","@id":"https:\/\/www.istegroup.com\/#website","url":"https:\/\/www.istegroup.com\/","name":"ISTE Group","description":"\u00c9diteur des Sciences","potentialAction":[{"@type":"SearchAction","target":{"@type":"EntryPoint","urlTemplate":"https:\/\/www.istegroup.com\/?s={search_term_string}"},"query-input":{"@type":"PropertyValueSpecification","valueRequired":true,"valueName":"search_term_string"}}],"inLanguage":"fr-FR"}]}},"_links":{"self":[{"href":"https:\/\/www.istegroup.com\/fr\/wp-json\/wp\/v2\/product\/47297","targetHints":{"allow":["GET"]}}],"collection":[{"href":"https:\/\/www.istegroup.com\/fr\/wp-json\/wp\/v2\/product"}],"about":[{"href":"https:\/\/www.istegroup.com\/fr\/wp-json\/wp\/v2\/types\/product"}],"wp:featuredmedia":[{"embeddable":true,"href":"https:\/\/www.istegroup.com\/fr\/wp-json\/wp\/v2\/media\/47301"}],"wp:attachment":[{"href":"https:\/\/www.istegroup.com\/fr\/wp-json\/wp\/v2\/media?parent=47297"}],"wp:term":[{"taxonomy":"product_brand","embeddable":true,"href":"https:\/\/www.istegroup.com\/fr\/wp-json\/wp\/v2\/product_brand?post=47297"},{"taxonomy":"product_cat","embeddable":true,"href":"https:\/\/www.istegroup.com\/fr\/wp-json\/wp\/v2\/product_cat?post=47297"},{"taxonomy":"product_tag","embeddable":true,"href":"https:\/\/www.istegroup.com\/fr\/wp-json\/wp\/v2\/product_tag?post=47297"}],"curies":[{"name":"wp","href":"https:\/\/api.w.org\/{rel}","templated":true}]}}