{"id":47242,"date":"2022-07-18T15:36:07","date_gmt":"2022-07-18T14:36:07","guid":{"rendered":"https:\/\/www.istegroup.com\/?post_type=product&#038;p=47242"},"modified":"2024-01-03T13:45:59","modified_gmt":"2024-01-03T13:45:59","slug":"cindyniques-la-science-du-danger","status":"publish","type":"product","link":"https:\/\/www.istegroup.com\/fr\/produit\/cindyniques-la-science-du-danger\/","title":{"rendered":"Cindyniques, la science du danger"},"content":{"rendered":"<p>Accidents et catastrophes ne sont pas seulement des fatalit\u00e9s. Au-del\u00e0 des causes techniques, les facteurs humains et organisationnels peuvent cr\u00e9er incompr\u00e9hensions, conflits et sources de dangers m\u00e9connus ou totalement inconnus.<\/p>\n<p><em>Cindyniques, la science du danger<\/em> s\u2019appuie sur des exemples choisis parmi de nombreux accidents pour d\u00e9montrer que l\u2019analyse seule des cha\u00eenes causales n\u2019est pas suffisante, notamment en raison de la complexit\u00e9 g\u00e9n\u00e9r\u00e9e par toutes les interactions. Il est \u00e9galement imp\u00e9ratif d\u2019explorer le r\u00f4le des acteurs, qu\u2019ils agissent au plan op\u00e9rationnel ou manag\u00e9rial. Gr\u00e2ce aux concepts cindyniques int\u00e9grant une \u00e9tude des dangers adapt\u00e9e, une m\u00e9thode, des outils et des processus, il est d\u00e9sormais possible de comprendre la naissance des dangers.<\/p>\n<p>Cr\u00e9\u00e9 dans le cadre d\u2019\u00e9tudes de l\u2019Institut pour la ma\u00eetrise des risques, cet ouvrage facilite l\u2019identification des dangers qui peuvent aussi appara\u00eetre lors des \u00e9volutions in\u00e9luctables des organisations.<\/p>","protected":false},"excerpt":{"rendered":"<p>Accidents et catastrophes ne sont pas seulement des fatalit\u00e9s. Au-del\u00e0 des causes techniques, les facteurs humains et organisationnels peuvent cr\u00e9er incompr\u00e9hensions, conflits et sources de dangers m\u00e9connus ou totalement inconnus. Cindyniques, la science du danger s\u2019appuie sur des exemples choisis parmi de nombreux accidents pour d\u00e9montrer que l\u2019analyse seule des cha\u00eenes causales n\u2019est pas suffisante, [&hellip;]<\/p>\n","protected":false},"featured_media":47254,"template":"","meta":{"_acf_changed":false,"_links_to":"","_links_to_target":""},"product_brand":[],"product_cat":[664],"product_tag":[],"class_list":{"0":"post-47242","1":"product","2":"type-product","3":"status-publish","4":"has-post-thumbnail","6":"product_cat-gnie-mcanique-et-mcanique-des-solides-12506462","8":"first","9":"instock","10":"shipping-taxable","11":"purchasable","12":"product-type-variable"},"acf":[],"yoast_head":"<!-- This site is optimized with the Yoast SEO plugin v27.2 - https:\/\/yoast.com\/product\/yoast-seo-wordpress\/ -->\n<title>Cindyniques, la science du danger - ISTE Group<\/title>\n<meta name=\"description\" content=\"Cindyniques, la science du danger s\u2019appuie sur des exemples choisis parmi de nombreux accidents pour d\u00e9montrer que l\u2019analyse seule des cha\u00eenes causales n\u2019est pas suffisante, notamment en raison de la complexit\u00e9 g\u00e9n\u00e9r\u00e9e par toutes les interactions.\" \/>\n<meta name=\"robots\" content=\"index, follow, max-snippet:-1, max-image-preview:large, max-video-preview:-1\" \/>\n<link rel=\"canonical\" href=\"https:\/\/www.istegroup.com\/fr\/produit\/cindyniques-la-science-du-danger\/\" \/>\n<meta property=\"og:locale\" content=\"fr_FR\" \/>\n<meta property=\"og:type\" content=\"article\" \/>\n<meta property=\"og:title\" content=\"Cindyniques, la science du danger - ISTE Group\" \/>\n<meta property=\"og:description\" content=\"Cindyniques, la science du danger s\u2019appuie sur des exemples choisis parmi de nombreux accidents pour d\u00e9montrer que l\u2019analyse seule des cha\u00eenes causales n\u2019est pas suffisante, notamment en raison de la complexit\u00e9 g\u00e9n\u00e9r\u00e9e par toutes les interactions.\" \/>\n<meta property=\"og:url\" content=\"https:\/\/www.istegroup.com\/fr\/produit\/cindyniques-la-science-du-danger\/\" \/>\n<meta property=\"og:site_name\" content=\"ISTE Group\" \/>\n<meta property=\"article:modified_time\" content=\"2024-01-03T13:45:59+00:00\" \/>\n<meta property=\"og:image\" content=\"https:\/\/www.istegroup.com\/wp-content\/uploads\/2022\/07\/Cindyniques-la-science-du-danger.jpg\" \/>\n\t<meta property=\"og:image:width\" content=\"598\" \/>\n\t<meta property=\"og:image:height\" content=\"901\" \/>\n\t<meta property=\"og:image:type\" content=\"image\/jpeg\" \/>\n<meta name=\"twitter:card\" content=\"summary_large_image\" \/>\n<meta name=\"twitter:label1\" content=\"Est. reading time\" \/>\n\t<meta name=\"twitter:data1\" content=\"1 minute\" \/>\n<script type=\"application\/ld+json\" class=\"yoast-schema-graph\">{\"@context\":\"https:\/\/schema.org\",\"@graph\":[{\"@type\":\"WebPage\",\"@id\":\"https:\/\/www.istegroup.com\/fr\/produit\/cindyniques-la-science-du-danger\/\",\"url\":\"https:\/\/www.istegroup.com\/fr\/produit\/cindyniques-la-science-du-danger\/\",\"name\":\"Cindyniques, la science du danger - ISTE Group\",\"isPartOf\":{\"@id\":\"https:\/\/www.istegroup.com\/#website\"},\"primaryImageOfPage\":{\"@id\":\"https:\/\/www.istegroup.com\/fr\/produit\/cindyniques-la-science-du-danger\/#primaryimage\"},\"image\":{\"@id\":\"https:\/\/www.istegroup.com\/fr\/produit\/cindyniques-la-science-du-danger\/#primaryimage\"},\"thumbnailUrl\":\"https:\/\/www.istegroup.com\/wp-content\/uploads\/2022\/07\/Cindyniques-la-science-du-danger.jpg\",\"datePublished\":\"2022-07-18T14:36:07+00:00\",\"dateModified\":\"2024-01-03T13:45:59+00:00\",\"description\":\"Cindyniques, la science du danger s\u2019appuie sur des exemples choisis parmi de nombreux accidents pour d\u00e9montrer que l\u2019analyse seule des cha\u00eenes causales n\u2019est pas suffisante, notamment en raison de la complexit\u00e9 g\u00e9n\u00e9r\u00e9e par toutes les interactions.\",\"breadcrumb\":{\"@id\":\"https:\/\/www.istegroup.com\/fr\/produit\/cindyniques-la-science-du-danger\/#breadcrumb\"},\"inLanguage\":\"fr-FR\",\"potentialAction\":[{\"@type\":\"ReadAction\",\"target\":[\"https:\/\/www.istegroup.com\/fr\/produit\/cindyniques-la-science-du-danger\/\"]}]},{\"@type\":\"ImageObject\",\"inLanguage\":\"fr-FR\",\"@id\":\"https:\/\/www.istegroup.com\/fr\/produit\/cindyniques-la-science-du-danger\/#primaryimage\",\"url\":\"https:\/\/www.istegroup.com\/wp-content\/uploads\/2022\/07\/Cindyniques-la-science-du-danger.jpg\",\"contentUrl\":\"https:\/\/www.istegroup.com\/wp-content\/uploads\/2022\/07\/Cindyniques-la-science-du-danger.jpg\",\"width\":598,\"height\":901,\"caption\":\"Livre scientifique - Cindyniques, la science du danger - Guy Planchette\"},{\"@type\":\"BreadcrumbList\",\"@id\":\"https:\/\/www.istegroup.com\/fr\/produit\/cindyniques-la-science-du-danger\/#breadcrumb\",\"itemListElement\":[{\"@type\":\"ListItem\",\"position\":1,\"name\":\"Home\",\"item\":\"https:\/\/www.istegroup.com\/\"},{\"@type\":\"ListItem\",\"position\":2,\"name\":\"Shop\",\"item\":\"https:\/\/www.istegroup.com\/fr\/nouveautes\/\"},{\"@type\":\"ListItem\",\"position\":3,\"name\":\"Cindyniques, la science du danger\"}]},{\"@type\":\"WebSite\",\"@id\":\"https:\/\/www.istegroup.com\/#website\",\"url\":\"https:\/\/www.istegroup.com\/\",\"name\":\"ISTE Group\",\"description\":\"\u00c9diteur des Sciences\",\"potentialAction\":[{\"@type\":\"SearchAction\",\"target\":{\"@type\":\"EntryPoint\",\"urlTemplate\":\"https:\/\/www.istegroup.com\/?s={search_term_string}\"},\"query-input\":{\"@type\":\"PropertyValueSpecification\",\"valueRequired\":true,\"valueName\":\"search_term_string\"}}],\"inLanguage\":\"fr-FR\"}]}<\/script>\n<!-- \/ Yoast SEO plugin. -->","yoast_head_json":{"title":"Cindyniques, la science du danger - ISTE Group","description":"Cindyniques, la science du danger s\u2019appuie sur des exemples choisis parmi de nombreux accidents pour d\u00e9montrer que l\u2019analyse seule des cha\u00eenes causales n\u2019est pas suffisante, notamment en raison de la complexit\u00e9 g\u00e9n\u00e9r\u00e9e par toutes les interactions.","robots":{"index":"index","follow":"follow","max-snippet":"max-snippet:-1","max-image-preview":"max-image-preview:large","max-video-preview":"max-video-preview:-1"},"canonical":"https:\/\/www.istegroup.com\/fr\/produit\/cindyniques-la-science-du-danger\/","og_locale":"fr_FR","og_type":"article","og_title":"Cindyniques, la science du danger - ISTE Group","og_description":"Cindyniques, la science du danger s\u2019appuie sur des exemples choisis parmi de nombreux accidents pour d\u00e9montrer que l\u2019analyse seule des cha\u00eenes causales n\u2019est pas suffisante, notamment en raison de la complexit\u00e9 g\u00e9n\u00e9r\u00e9e par toutes les interactions.","og_url":"https:\/\/www.istegroup.com\/fr\/produit\/cindyniques-la-science-du-danger\/","og_site_name":"ISTE Group","article_modified_time":"2024-01-03T13:45:59+00:00","og_image":[{"width":598,"height":901,"url":"https:\/\/www.istegroup.com\/wp-content\/uploads\/2022\/07\/Cindyniques-la-science-du-danger.jpg","type":"image\/jpeg"}],"twitter_card":"summary_large_image","twitter_misc":{"Est. reading time":"1 minute"},"schema":{"@context":"https:\/\/schema.org","@graph":[{"@type":"WebPage","@id":"https:\/\/www.istegroup.com\/fr\/produit\/cindyniques-la-science-du-danger\/","url":"https:\/\/www.istegroup.com\/fr\/produit\/cindyniques-la-science-du-danger\/","name":"Cindyniques, la science du danger - ISTE Group","isPartOf":{"@id":"https:\/\/www.istegroup.com\/#website"},"primaryImageOfPage":{"@id":"https:\/\/www.istegroup.com\/fr\/produit\/cindyniques-la-science-du-danger\/#primaryimage"},"image":{"@id":"https:\/\/www.istegroup.com\/fr\/produit\/cindyniques-la-science-du-danger\/#primaryimage"},"thumbnailUrl":"https:\/\/www.istegroup.com\/wp-content\/uploads\/2022\/07\/Cindyniques-la-science-du-danger.jpg","datePublished":"2022-07-18T14:36:07+00:00","dateModified":"2024-01-03T13:45:59+00:00","description":"Cindyniques, la science du danger s\u2019appuie sur des exemples choisis parmi de nombreux accidents pour d\u00e9montrer que l\u2019analyse seule des cha\u00eenes causales n\u2019est pas suffisante, notamment en raison de la complexit\u00e9 g\u00e9n\u00e9r\u00e9e par toutes les interactions.","breadcrumb":{"@id":"https:\/\/www.istegroup.com\/fr\/produit\/cindyniques-la-science-du-danger\/#breadcrumb"},"inLanguage":"fr-FR","potentialAction":[{"@type":"ReadAction","target":["https:\/\/www.istegroup.com\/fr\/produit\/cindyniques-la-science-du-danger\/"]}]},{"@type":"ImageObject","inLanguage":"fr-FR","@id":"https:\/\/www.istegroup.com\/fr\/produit\/cindyniques-la-science-du-danger\/#primaryimage","url":"https:\/\/www.istegroup.com\/wp-content\/uploads\/2022\/07\/Cindyniques-la-science-du-danger.jpg","contentUrl":"https:\/\/www.istegroup.com\/wp-content\/uploads\/2022\/07\/Cindyniques-la-science-du-danger.jpg","width":598,"height":901,"caption":"Livre scientifique - Cindyniques, la science du danger - Guy Planchette"},{"@type":"BreadcrumbList","@id":"https:\/\/www.istegroup.com\/fr\/produit\/cindyniques-la-science-du-danger\/#breadcrumb","itemListElement":[{"@type":"ListItem","position":1,"name":"Home","item":"https:\/\/www.istegroup.com\/"},{"@type":"ListItem","position":2,"name":"Shop","item":"https:\/\/www.istegroup.com\/fr\/nouveautes\/"},{"@type":"ListItem","position":3,"name":"Cindyniques, la science du danger"}]},{"@type":"WebSite","@id":"https:\/\/www.istegroup.com\/#website","url":"https:\/\/www.istegroup.com\/","name":"ISTE Group","description":"\u00c9diteur des Sciences","potentialAction":[{"@type":"SearchAction","target":{"@type":"EntryPoint","urlTemplate":"https:\/\/www.istegroup.com\/?s={search_term_string}"},"query-input":{"@type":"PropertyValueSpecification","valueRequired":true,"valueName":"search_term_string"}}],"inLanguage":"fr-FR"}]}},"_links":{"self":[{"href":"https:\/\/www.istegroup.com\/fr\/wp-json\/wp\/v2\/product\/47242","targetHints":{"allow":["GET"]}}],"collection":[{"href":"https:\/\/www.istegroup.com\/fr\/wp-json\/wp\/v2\/product"}],"about":[{"href":"https:\/\/www.istegroup.com\/fr\/wp-json\/wp\/v2\/types\/product"}],"wp:featuredmedia":[{"embeddable":true,"href":"https:\/\/www.istegroup.com\/fr\/wp-json\/wp\/v2\/media\/47254"}],"wp:attachment":[{"href":"https:\/\/www.istegroup.com\/fr\/wp-json\/wp\/v2\/media?parent=47242"}],"wp:term":[{"taxonomy":"product_brand","embeddable":true,"href":"https:\/\/www.istegroup.com\/fr\/wp-json\/wp\/v2\/product_brand?post=47242"},{"taxonomy":"product_cat","embeddable":true,"href":"https:\/\/www.istegroup.com\/fr\/wp-json\/wp\/v2\/product_cat?post=47242"},{"taxonomy":"product_tag","embeddable":true,"href":"https:\/\/www.istegroup.com\/fr\/wp-json\/wp\/v2\/product_tag?post=47242"}],"curies":[{"name":"wp","href":"https:\/\/api.w.org\/{rel}","templated":true}]}}