{"id":47219,"date":"2022-07-18T15:14:00","date_gmt":"2022-07-18T14:14:00","guid":{"rendered":"https:\/\/www.istegroup.com\/?post_type=product&#038;p=47219"},"modified":"2024-01-03T13:45:59","modified_gmt":"2024-01-03T13:45:59","slug":"citoyennete-identite-alterite","status":"publish","type":"product","link":"https:\/\/www.istegroup.com\/fr\/produit\/citoyennete-identite-alterite\/","title":{"rendered":"Citoyennet\u00e9, identit\u00e9, alt\u00e9rit\u00e9"},"content":{"rendered":"<p><em>Citoyennet\u00e9, identit\u00e9, alt\u00e9rit\u00e9<\/em> \u00e9tudie les diff\u00e9rentes fa\u00e7ons dont ces trois principes sont envisag\u00e9s et pris en compte dans le cadre scolaire, notamment l\u2019histoire, la g\u00e9ographie et les sciences sociales. Consid\u00e9r\u00e9es ensemble, la citoyennet\u00e9, l\u2019identit\u00e9 et l\u2019alt\u00e9rit\u00e9 font \u00e9merger des questions sensibles au sein de la soci\u00e9t\u00e9 contemporaine o\u00f9 l\u2019\u00e9cole est g\u00e9n\u00e9ralement envisag\u00e9e comme la pierre angulaire de leur construction.<\/p>\n<p>Ainsi, les mod\u00e8les de citoyennet\u00e9 sont divers, entre adh\u00e9sion \u00e0 la nation, \u00e0 des principes d\u00e9mocratiques et r\u00e9publicains, \u00e0 la question europ\u00e9enne, ou encore \u00e0 des principes d\u2019ouverture interculturels et d\u2019engagement dans la soci\u00e9t\u00e9. La premi\u00e8re partie traite de la citoyennet\u00e9 d\u2019adh\u00e9sion, implicitement pr\u00e9sente dans de nombreux <em>curricula<\/em>, en regroupant les analyses de plusieurs programmes et manuels scolaires provenant d\u2019organisations politiques diverses. La seconde examine des formes encore \u00e9mergentes de citoyennet\u00e9 inclusive, o\u00f9 chacun se trouve alors en situation de devenir citoyen, quelle que soit l\u2019\u00e9chelle de cette citoyennet\u00e9.<\/p>","protected":false},"excerpt":{"rendered":"<p>Citoyennet\u00e9, identit\u00e9, alt\u00e9rit\u00e9 \u00e9tudie les diff\u00e9rentes fa\u00e7ons dont ces trois principes sont envisag\u00e9s et pris en compte dans le cadre scolaire, notamment l\u2019histoire, la g\u00e9ographie et les sciences sociales. Consid\u00e9r\u00e9es ensemble, la citoyennet\u00e9, l\u2019identit\u00e9 et l\u2019alt\u00e9rit\u00e9 font \u00e9merger des questions sensibles au sein de la soci\u00e9t\u00e9 contemporaine o\u00f9 l\u2019\u00e9cole est g\u00e9n\u00e9ralement envisag\u00e9e comme la pierre [&hellip;]<\/p>\n","protected":false},"featured_media":47231,"template":"","meta":{"_acf_changed":false,"_links_to":"","_links_to_target":""},"product_brand":[],"product_cat":[669],"product_tag":[],"class_list":{"0":"post-47219","1":"product","2":"type-product","3":"status-publish","4":"has-post-thumbnail","6":"product_cat-innovation-en-sciences-de-lducation-433942033","8":"first","9":"instock","10":"shipping-taxable","11":"purchasable","12":"product-type-variable"},"acf":[],"yoast_head":"<!-- This site is optimized with the Yoast SEO plugin v27.2 - https:\/\/yoast.com\/product\/yoast-seo-wordpress\/ -->\n<title>Citoyennet\u00e9, identit\u00e9, alt\u00e9rit\u00e9 - ISTE Group<\/title>\n<meta name=\"robots\" content=\"index, follow, max-snippet:-1, max-image-preview:large, max-video-preview:-1\" \/>\n<link rel=\"canonical\" href=\"https:\/\/www.istegroup.com\/en\/produit\/citoyennete-identite-alterite\/\" \/>\n<meta property=\"og:locale\" content=\"fr_FR\" \/>\n<meta property=\"og:type\" content=\"article\" \/>\n<meta property=\"og:title\" content=\"Citoyennet\u00e9, identit\u00e9, alt\u00e9rit\u00e9 - ISTE Group\" \/>\n<meta property=\"og:description\" content=\"Citoyennet\u00e9, identit\u00e9, alt\u00e9rit\u00e9 \u00e9tudie les diff\u00e9rentes fa\u00e7ons dont ces trois principes sont envisag\u00e9s et pris en compte dans le cadre scolaire, notamment l\u2019histoire, la g\u00e9ographie et les sciences sociales. Consid\u00e9r\u00e9es ensemble, la citoyennet\u00e9, l\u2019identit\u00e9 et l\u2019alt\u00e9rit\u00e9 font \u00e9merger des questions sensibles au sein de la soci\u00e9t\u00e9 contemporaine o\u00f9 l\u2019\u00e9cole est g\u00e9n\u00e9ralement envisag\u00e9e comme la pierre [&hellip;]\" \/>\n<meta property=\"og:url\" content=\"https:\/\/www.istegroup.com\/en\/produit\/citoyennete-identite-alterite\/\" \/>\n<meta property=\"og:site_name\" content=\"ISTE Group\" \/>\n<meta property=\"article:modified_time\" content=\"2024-01-03T13:45:59+00:00\" \/>\n<meta property=\"og:image\" content=\"https:\/\/www.istegroup.com\/wp-content\/uploads\/2022\/07\/Citoyennete-identite-alterite.jpg\" \/>\n\t<meta property=\"og:image:width\" content=\"596\" \/>\n\t<meta property=\"og:image:height\" content=\"901\" \/>\n\t<meta property=\"og:image:type\" content=\"image\/jpeg\" \/>\n<meta name=\"twitter:card\" content=\"summary_large_image\" \/>\n<meta name=\"twitter:label1\" content=\"Est. reading time\" \/>\n\t<meta name=\"twitter:data1\" content=\"1 minute\" \/>\n<script type=\"application\/ld+json\" class=\"yoast-schema-graph\">{\"@context\":\"https:\/\/schema.org\",\"@graph\":[{\"@type\":\"WebPage\",\"@id\":\"https:\/\/www.istegroup.com\/en\/produit\/citoyennete-identite-alterite\/\",\"url\":\"https:\/\/www.istegroup.com\/en\/produit\/citoyennete-identite-alterite\/\",\"name\":\"Citoyennet\u00e9, identit\u00e9, alt\u00e9rit\u00e9 - ISTE Group\",\"isPartOf\":{\"@id\":\"https:\/\/www.istegroup.com\/#website\"},\"primaryImageOfPage\":{\"@id\":\"https:\/\/www.istegroup.com\/en\/produit\/citoyennete-identite-alterite\/#primaryimage\"},\"image\":{\"@id\":\"https:\/\/www.istegroup.com\/en\/produit\/citoyennete-identite-alterite\/#primaryimage\"},\"thumbnailUrl\":\"https:\/\/www.istegroup.com\/wp-content\/uploads\/2022\/07\/Citoyennete-identite-alterite.jpg\",\"datePublished\":\"2022-07-18T14:14:00+00:00\",\"dateModified\":\"2024-01-03T13:45:59+00:00\",\"breadcrumb\":{\"@id\":\"https:\/\/www.istegroup.com\/en\/produit\/citoyennete-identite-alterite\/#breadcrumb\"},\"inLanguage\":\"fr-FR\",\"potentialAction\":[{\"@type\":\"ReadAction\",\"target\":[\"https:\/\/www.istegroup.com\/en\/produit\/citoyennete-identite-alterite\/\"]}]},{\"@type\":\"ImageObject\",\"inLanguage\":\"fr-FR\",\"@id\":\"https:\/\/www.istegroup.com\/en\/produit\/citoyennete-identite-alterite\/#primaryimage\",\"url\":\"https:\/\/www.istegroup.com\/wp-content\/uploads\/2022\/07\/Citoyennete-identite-alterite.jpg\",\"contentUrl\":\"https:\/\/www.istegroup.com\/wp-content\/uploads\/2022\/07\/Citoyennete-identite-alterite.jpg\",\"width\":596,\"height\":901,\"caption\":\"Livre scientifique - Citoyennet\u00e9, identit\u00e9, alt\u00e9rit\u00e9\"},{\"@type\":\"BreadcrumbList\",\"@id\":\"https:\/\/www.istegroup.com\/en\/produit\/citoyennete-identite-alterite\/#breadcrumb\",\"itemListElement\":[{\"@type\":\"ListItem\",\"position\":1,\"name\":\"Home\",\"item\":\"https:\/\/www.istegroup.com\/\"},{\"@type\":\"ListItem\",\"position\":2,\"name\":\"Shop\",\"item\":\"https:\/\/www.istegroup.com\/fr\/nouveautes\/\"},{\"@type\":\"ListItem\",\"position\":3,\"name\":\"Citoyennet\u00e9, identit\u00e9, alt\u00e9rit\u00e9\"}]},{\"@type\":\"WebSite\",\"@id\":\"https:\/\/www.istegroup.com\/#website\",\"url\":\"https:\/\/www.istegroup.com\/\",\"name\":\"ISTE Group\",\"description\":\"\u00c9diteur des Sciences\",\"potentialAction\":[{\"@type\":\"SearchAction\",\"target\":{\"@type\":\"EntryPoint\",\"urlTemplate\":\"https:\/\/www.istegroup.com\/?s={search_term_string}\"},\"query-input\":{\"@type\":\"PropertyValueSpecification\",\"valueRequired\":true,\"valueName\":\"search_term_string\"}}],\"inLanguage\":\"fr-FR\"}]}<\/script>\n<!-- \/ Yoast SEO plugin. -->","yoast_head_json":{"title":"Citoyennet\u00e9, identit\u00e9, alt\u00e9rit\u00e9 - ISTE Group","robots":{"index":"index","follow":"follow","max-snippet":"max-snippet:-1","max-image-preview":"max-image-preview:large","max-video-preview":"max-video-preview:-1"},"canonical":"https:\/\/www.istegroup.com\/en\/produit\/citoyennete-identite-alterite\/","og_locale":"fr_FR","og_type":"article","og_title":"Citoyennet\u00e9, identit\u00e9, alt\u00e9rit\u00e9 - ISTE Group","og_description":"Citoyennet\u00e9, identit\u00e9, alt\u00e9rit\u00e9 \u00e9tudie les diff\u00e9rentes fa\u00e7ons dont ces trois principes sont envisag\u00e9s et pris en compte dans le cadre scolaire, notamment l\u2019histoire, la g\u00e9ographie et les sciences sociales. Consid\u00e9r\u00e9es ensemble, la citoyennet\u00e9, l\u2019identit\u00e9 et l\u2019alt\u00e9rit\u00e9 font \u00e9merger des questions sensibles au sein de la soci\u00e9t\u00e9 contemporaine o\u00f9 l\u2019\u00e9cole est g\u00e9n\u00e9ralement envisag\u00e9e comme la pierre [&hellip;]","og_url":"https:\/\/www.istegroup.com\/en\/produit\/citoyennete-identite-alterite\/","og_site_name":"ISTE Group","article_modified_time":"2024-01-03T13:45:59+00:00","og_image":[{"width":596,"height":901,"url":"https:\/\/www.istegroup.com\/wp-content\/uploads\/2022\/07\/Citoyennete-identite-alterite.jpg","type":"image\/jpeg"}],"twitter_card":"summary_large_image","twitter_misc":{"Est. reading time":"1 minute"},"schema":{"@context":"https:\/\/schema.org","@graph":[{"@type":"WebPage","@id":"https:\/\/www.istegroup.com\/en\/produit\/citoyennete-identite-alterite\/","url":"https:\/\/www.istegroup.com\/en\/produit\/citoyennete-identite-alterite\/","name":"Citoyennet\u00e9, identit\u00e9, alt\u00e9rit\u00e9 - ISTE Group","isPartOf":{"@id":"https:\/\/www.istegroup.com\/#website"},"primaryImageOfPage":{"@id":"https:\/\/www.istegroup.com\/en\/produit\/citoyennete-identite-alterite\/#primaryimage"},"image":{"@id":"https:\/\/www.istegroup.com\/en\/produit\/citoyennete-identite-alterite\/#primaryimage"},"thumbnailUrl":"https:\/\/www.istegroup.com\/wp-content\/uploads\/2022\/07\/Citoyennete-identite-alterite.jpg","datePublished":"2022-07-18T14:14:00+00:00","dateModified":"2024-01-03T13:45:59+00:00","breadcrumb":{"@id":"https:\/\/www.istegroup.com\/en\/produit\/citoyennete-identite-alterite\/#breadcrumb"},"inLanguage":"fr-FR","potentialAction":[{"@type":"ReadAction","target":["https:\/\/www.istegroup.com\/en\/produit\/citoyennete-identite-alterite\/"]}]},{"@type":"ImageObject","inLanguage":"fr-FR","@id":"https:\/\/www.istegroup.com\/en\/produit\/citoyennete-identite-alterite\/#primaryimage","url":"https:\/\/www.istegroup.com\/wp-content\/uploads\/2022\/07\/Citoyennete-identite-alterite.jpg","contentUrl":"https:\/\/www.istegroup.com\/wp-content\/uploads\/2022\/07\/Citoyennete-identite-alterite.jpg","width":596,"height":901,"caption":"Livre scientifique - Citoyennet\u00e9, identit\u00e9, alt\u00e9rit\u00e9"},{"@type":"BreadcrumbList","@id":"https:\/\/www.istegroup.com\/en\/produit\/citoyennete-identite-alterite\/#breadcrumb","itemListElement":[{"@type":"ListItem","position":1,"name":"Home","item":"https:\/\/www.istegroup.com\/"},{"@type":"ListItem","position":2,"name":"Shop","item":"https:\/\/www.istegroup.com\/fr\/nouveautes\/"},{"@type":"ListItem","position":3,"name":"Citoyennet\u00e9, identit\u00e9, alt\u00e9rit\u00e9"}]},{"@type":"WebSite","@id":"https:\/\/www.istegroup.com\/#website","url":"https:\/\/www.istegroup.com\/","name":"ISTE Group","description":"\u00c9diteur des Sciences","potentialAction":[{"@type":"SearchAction","target":{"@type":"EntryPoint","urlTemplate":"https:\/\/www.istegroup.com\/?s={search_term_string}"},"query-input":{"@type":"PropertyValueSpecification","valueRequired":true,"valueName":"search_term_string"}}],"inLanguage":"fr-FR"}]}},"_links":{"self":[{"href":"https:\/\/www.istegroup.com\/fr\/wp-json\/wp\/v2\/product\/47219","targetHints":{"allow":["GET"]}}],"collection":[{"href":"https:\/\/www.istegroup.com\/fr\/wp-json\/wp\/v2\/product"}],"about":[{"href":"https:\/\/www.istegroup.com\/fr\/wp-json\/wp\/v2\/types\/product"}],"wp:featuredmedia":[{"embeddable":true,"href":"https:\/\/www.istegroup.com\/fr\/wp-json\/wp\/v2\/media\/47231"}],"wp:attachment":[{"href":"https:\/\/www.istegroup.com\/fr\/wp-json\/wp\/v2\/media?parent=47219"}],"wp:term":[{"taxonomy":"product_brand","embeddable":true,"href":"https:\/\/www.istegroup.com\/fr\/wp-json\/wp\/v2\/product_brand?post=47219"},{"taxonomy":"product_cat","embeddable":true,"href":"https:\/\/www.istegroup.com\/fr\/wp-json\/wp\/v2\/product_cat?post=47219"},{"taxonomy":"product_tag","embeddable":true,"href":"https:\/\/www.istegroup.com\/fr\/wp-json\/wp\/v2\/product_tag?post=47219"}],"curies":[{"name":"wp","href":"https:\/\/api.w.org\/{rel}","templated":true}]}}