{"id":471,"date":"2017-07-28T14:51:06","date_gmt":"2017-07-28T12:51:06","guid":{"rendered":"https:\/\/iste.yhello.co\/product\/lecocatalyse\/"},"modified":"2024-01-03T13:40:11","modified_gmt":"2024-01-03T13:40:11","slug":"lecocatalyse","status":"publish","type":"product","link":"https:\/\/www.istegroup.com\/fr\/produit\/lecocatalyse\/","title":{"rendered":"L\u2019\u00e9cocatalyse"},"content":{"rendered":"<p>Les effets non ma\u00eetris\u00e9s des multiples activit\u00e9s humaines menacent l\u2019environnement en affectant la dynamique biologique et les \u00e9quilibres biog\u00e9ochimiques. Afin de participer au renouveau industriel, il est d\u00e9sormais n\u00e9cessaire de s\u2019appuyer sur une approche interdisciplinaire de l\u2019\u00e9cologie qui permette de concilier protection de l\u2019environnement, technologie et \u00e9conomie.<\/p>\n<p><em>L\u2019\u00e9cocatalyse<\/em>\u00a0pr\u00e9sente une valorisation originale de la phytoextraction et de la rhizofiltration. Gr\u00e2ce \u00e0 cette chimie verte innovante et bio-inspir\u00e9e, les d\u00e9chets v\u00e9g\u00e9taux g\u00e9n\u00e9r\u00e9s sont transform\u00e9s par recyclage \u00e9cologique. Combin\u00e9 \u00e0 des phytotechnologies adapt\u00e9es \u00e0 la pollution et \u00e0 la r\u00e9habilitation biologique de sites contamin\u00e9s, ce syst\u00e8me naturel de restauration contribue \u00e0 la valorisation de la biomasse et conduit \u00e0 la transition des ressources fossiles vers le renouvelable.<\/p>\n<p>L\u2019\u00e9cocatalyse propose une vision globale, int\u00e9gr\u00e9e, de tous les composants du syst\u00e8me industriel et de leurs relations durables avec les syst\u00e8mes naturels et la biosph\u00e8re.<\/p>\n","protected":false},"excerpt":{"rendered":"<p>Les effets non ma\u00eetris\u00e9s des multiples activit\u00e9s humaines menacent l\u2019environnement en affectant la dynamique biologique et les \u00e9quilibres biog\u00e9ochimiques. Afin de participer au renouveau industriel, il est d\u00e9sormais n\u00e9cessaire de s\u2019appuyer sur une approche interdisciplinaire de l\u2019\u00e9cologie qui permette de concilier protection de l\u2019environnement, technologie et \u00e9conomie. L\u2019\u00e9cocatalyse\u00a0pr\u00e9sente une valorisation originale de la phytoextraction et [&hellip;]<\/p>\n","protected":false},"featured_media":472,"template":"","meta":{"_acf_changed":false,"_links_to":"","_links_to_target":""},"product_brand":[],"product_cat":[658],"product_tag":[1893,1894,1895,1896,1897,31,196,1907,1908,1114,329,197,198,199,21,200,22,1898,201,1899,203,204,63,25,172,209,212,38,192,145,28,1900,1901,1902,1903,1904,1905,253,1906],"class_list":{"0":"post-471","1":"product","2":"type-product","3":"status-publish","4":"has-post-thumbnail","6":"product_cat-ecologie-14419669","7":"product_tag-biogeochimiques","8":"product_tag-biologique","9":"product_tag-biomasse","10":"product_tag-biosphere","11":"product_tag-claude-grison","12":"product_tag-ebook","13":"product_tag-ebooks","14":"product_tag-ecocatalyse","15":"product_tag-ecologie-scientifique","16":"product_tag-economie","17":"product_tag-environnement","18":"product_tag-iste","19":"product_tag-iste-edition","20":"product_tag-iste-editions","21":"product_tag-iste-group","22":"product_tag-isteedition","23":"product_tag-istegroup","24":"product_tag-jacques-biton","25":"product_tag-kindle","26":"product_tag-lecocatalyse","27":"product_tag-liseuse","28":"product_tag-livre","29":"product_tag-livre-electronique","30":"product_tag-livre-numerique","31":"product_tag-livre-scientifique","32":"product_tag-livres-scientifiques","33":"product_tag-ouvrage","34":"product_tag-ouvrage-numerique","35":"product_tag-ouvrage-science","36":"product_tag-ouvrage-scientifique","37":"product_tag-ouvrage-scientifique-francais","38":"product_tag-phytoextraction","39":"product_tag-phytotechnologies","40":"product_tag-pollution","41":"product_tag-recyclage","42":"product_tag-rhizofiltration","43":"product_tag-systemes-naturels","44":"product_tag-technologie","45":"product_tag-vincent-escande","47":"first","48":"instock","49":"shipping-taxable","50":"purchasable","51":"product-type-variable"},"acf":[],"yoast_head":"<!-- This site is optimized with the Yoast SEO plugin v27.2 - https:\/\/yoast.com\/product\/yoast-seo-wordpress\/ -->\n<title>L\u2019\u00e9cocatalyse - ISTE Group<\/title>\n<meta name=\"description\" content=\"L\u2019\u00e9cocatalyse\u00a0pr\u00e9sente une valorisation originale de la phytoextraction et de la rhizofiltration. Gr\u00e2ce \u00e0 cette chimie verte innovante et bio-inspir\u00e9e, les d\u00e9chets v\u00e9g\u00e9taux g\u00e9n\u00e9r\u00e9s sont transform\u00e9s par recyclage \u00e9cologique.\" \/>\n<meta name=\"robots\" content=\"index, follow, max-snippet:-1, max-image-preview:large, max-video-preview:-1\" \/>\n<link rel=\"canonical\" href=\"https:\/\/www.istegroup.com\/fr\/produit\/lecocatalyse\/\" \/>\n<meta property=\"og:locale\" content=\"fr_FR\" \/>\n<meta property=\"og:type\" content=\"article\" \/>\n<meta property=\"og:title\" content=\"L\u2019\u00e9cocatalyse - ISTE Group\" \/>\n<meta property=\"og:description\" content=\"L\u2019\u00e9cocatalyse\u00a0pr\u00e9sente une valorisation originale de la phytoextraction et de la rhizofiltration. Gr\u00e2ce \u00e0 cette chimie verte innovante et bio-inspir\u00e9e, les d\u00e9chets v\u00e9g\u00e9taux g\u00e9n\u00e9r\u00e9s sont transform\u00e9s par recyclage \u00e9cologique.\" \/>\n<meta property=\"og:url\" content=\"https:\/\/www.istegroup.com\/fr\/produit\/lecocatalyse\/\" \/>\n<meta property=\"og:site_name\" content=\"ISTE Group\" \/>\n<meta property=\"article:modified_time\" content=\"2024-01-03T13:40:11+00:00\" \/>\n<meta property=\"og:image\" content=\"https:\/\/www.istegroup.com\/wp-content\/uploads\/2017\/07\/1359524420_459747068-1.jpg\" \/>\n\t<meta property=\"og:image:width\" content=\"299\" \/>\n\t<meta property=\"og:image:height\" content=\"452\" \/>\n\t<meta property=\"og:image:type\" content=\"image\/jpeg\" \/>\n<meta name=\"twitter:card\" content=\"summary_large_image\" \/>\n<meta name=\"twitter:label1\" content=\"Est. reading time\" \/>\n\t<meta name=\"twitter:data1\" content=\"1 minute\" \/>\n<script type=\"application\/ld+json\" class=\"yoast-schema-graph\">{\"@context\":\"https:\/\/schema.org\",\"@graph\":[{\"@type\":\"WebPage\",\"@id\":\"https:\/\/www.istegroup.com\/fr\/produit\/lecocatalyse\/\",\"url\":\"https:\/\/www.istegroup.com\/fr\/produit\/lecocatalyse\/\",\"name\":\"L\u2019\u00e9cocatalyse - ISTE Group\",\"isPartOf\":{\"@id\":\"https:\/\/www.istegroup.com\/#website\"},\"primaryImageOfPage\":{\"@id\":\"https:\/\/www.istegroup.com\/fr\/produit\/lecocatalyse\/#primaryimage\"},\"image\":{\"@id\":\"https:\/\/www.istegroup.com\/fr\/produit\/lecocatalyse\/#primaryimage\"},\"thumbnailUrl\":\"https:\/\/www.istegroup.com\/wp-content\/uploads\/2017\/07\/1359524420_459747068-1.jpg\",\"datePublished\":\"2017-07-28T12:51:06+00:00\",\"dateModified\":\"2024-01-03T13:40:11+00:00\",\"description\":\"L\u2019\u00e9cocatalyse\u00a0pr\u00e9sente une valorisation originale de la phytoextraction et de la rhizofiltration. Gr\u00e2ce \u00e0 cette chimie verte innovante et bio-inspir\u00e9e, les d\u00e9chets v\u00e9g\u00e9taux g\u00e9n\u00e9r\u00e9s sont transform\u00e9s par recyclage \u00e9cologique.\",\"breadcrumb\":{\"@id\":\"https:\/\/www.istegroup.com\/fr\/produit\/lecocatalyse\/#breadcrumb\"},\"inLanguage\":\"fr-FR\",\"potentialAction\":[{\"@type\":\"ReadAction\",\"target\":[\"https:\/\/www.istegroup.com\/fr\/produit\/lecocatalyse\/\"]}]},{\"@type\":\"ImageObject\",\"inLanguage\":\"fr-FR\",\"@id\":\"https:\/\/www.istegroup.com\/fr\/produit\/lecocatalyse\/#primaryimage\",\"url\":\"https:\/\/www.istegroup.com\/wp-content\/uploads\/2017\/07\/1359524420_459747068-1.jpg\",\"contentUrl\":\"https:\/\/www.istegroup.com\/wp-content\/uploads\/2017\/07\/1359524420_459747068-1.jpg\",\"width\":299,\"height\":452,\"caption\":\"Nouvelle approche int\u00e9gr\u00e9e de l\u2019\u00e9cologie scientifique\"},{\"@type\":\"BreadcrumbList\",\"@id\":\"https:\/\/www.istegroup.com\/fr\/produit\/lecocatalyse\/#breadcrumb\",\"itemListElement\":[{\"@type\":\"ListItem\",\"position\":1,\"name\":\"Home\",\"item\":\"https:\/\/www.istegroup.com\/\"},{\"@type\":\"ListItem\",\"position\":2,\"name\":\"Shop\",\"item\":\"https:\/\/www.istegroup.com\/fr\/nouveautes\/\"},{\"@type\":\"ListItem\",\"position\":3,\"name\":\"L\u2019\u00e9cocatalyse\"}]},{\"@type\":\"WebSite\",\"@id\":\"https:\/\/www.istegroup.com\/#website\",\"url\":\"https:\/\/www.istegroup.com\/\",\"name\":\"ISTE Group\",\"description\":\"\u00c9diteur des Sciences\",\"potentialAction\":[{\"@type\":\"SearchAction\",\"target\":{\"@type\":\"EntryPoint\",\"urlTemplate\":\"https:\/\/www.istegroup.com\/?s={search_term_string}\"},\"query-input\":{\"@type\":\"PropertyValueSpecification\",\"valueRequired\":true,\"valueName\":\"search_term_string\"}}],\"inLanguage\":\"fr-FR\"}]}<\/script>\n<!-- \/ Yoast SEO plugin. -->","yoast_head_json":{"title":"L\u2019\u00e9cocatalyse - ISTE Group","description":"L\u2019\u00e9cocatalyse\u00a0pr\u00e9sente une valorisation originale de la phytoextraction et de la rhizofiltration. Gr\u00e2ce \u00e0 cette chimie verte innovante et bio-inspir\u00e9e, les d\u00e9chets v\u00e9g\u00e9taux g\u00e9n\u00e9r\u00e9s sont transform\u00e9s par recyclage \u00e9cologique.","robots":{"index":"index","follow":"follow","max-snippet":"max-snippet:-1","max-image-preview":"max-image-preview:large","max-video-preview":"max-video-preview:-1"},"canonical":"https:\/\/www.istegroup.com\/fr\/produit\/lecocatalyse\/","og_locale":"fr_FR","og_type":"article","og_title":"L\u2019\u00e9cocatalyse - ISTE Group","og_description":"L\u2019\u00e9cocatalyse\u00a0pr\u00e9sente une valorisation originale de la phytoextraction et de la rhizofiltration. Gr\u00e2ce \u00e0 cette chimie verte innovante et bio-inspir\u00e9e, les d\u00e9chets v\u00e9g\u00e9taux g\u00e9n\u00e9r\u00e9s sont transform\u00e9s par recyclage \u00e9cologique.","og_url":"https:\/\/www.istegroup.com\/fr\/produit\/lecocatalyse\/","og_site_name":"ISTE Group","article_modified_time":"2024-01-03T13:40:11+00:00","og_image":[{"width":299,"height":452,"url":"https:\/\/www.istegroup.com\/wp-content\/uploads\/2017\/07\/1359524420_459747068-1.jpg","type":"image\/jpeg"}],"twitter_card":"summary_large_image","twitter_misc":{"Est. reading time":"1 minute"},"schema":{"@context":"https:\/\/schema.org","@graph":[{"@type":"WebPage","@id":"https:\/\/www.istegroup.com\/fr\/produit\/lecocatalyse\/","url":"https:\/\/www.istegroup.com\/fr\/produit\/lecocatalyse\/","name":"L\u2019\u00e9cocatalyse - ISTE Group","isPartOf":{"@id":"https:\/\/www.istegroup.com\/#website"},"primaryImageOfPage":{"@id":"https:\/\/www.istegroup.com\/fr\/produit\/lecocatalyse\/#primaryimage"},"image":{"@id":"https:\/\/www.istegroup.com\/fr\/produit\/lecocatalyse\/#primaryimage"},"thumbnailUrl":"https:\/\/www.istegroup.com\/wp-content\/uploads\/2017\/07\/1359524420_459747068-1.jpg","datePublished":"2017-07-28T12:51:06+00:00","dateModified":"2024-01-03T13:40:11+00:00","description":"L\u2019\u00e9cocatalyse\u00a0pr\u00e9sente une valorisation originale de la phytoextraction et de la rhizofiltration. Gr\u00e2ce \u00e0 cette chimie verte innovante et bio-inspir\u00e9e, les d\u00e9chets v\u00e9g\u00e9taux g\u00e9n\u00e9r\u00e9s sont transform\u00e9s par recyclage \u00e9cologique.","breadcrumb":{"@id":"https:\/\/www.istegroup.com\/fr\/produit\/lecocatalyse\/#breadcrumb"},"inLanguage":"fr-FR","potentialAction":[{"@type":"ReadAction","target":["https:\/\/www.istegroup.com\/fr\/produit\/lecocatalyse\/"]}]},{"@type":"ImageObject","inLanguage":"fr-FR","@id":"https:\/\/www.istegroup.com\/fr\/produit\/lecocatalyse\/#primaryimage","url":"https:\/\/www.istegroup.com\/wp-content\/uploads\/2017\/07\/1359524420_459747068-1.jpg","contentUrl":"https:\/\/www.istegroup.com\/wp-content\/uploads\/2017\/07\/1359524420_459747068-1.jpg","width":299,"height":452,"caption":"Nouvelle approche int\u00e9gr\u00e9e de l\u2019\u00e9cologie scientifique"},{"@type":"BreadcrumbList","@id":"https:\/\/www.istegroup.com\/fr\/produit\/lecocatalyse\/#breadcrumb","itemListElement":[{"@type":"ListItem","position":1,"name":"Home","item":"https:\/\/www.istegroup.com\/"},{"@type":"ListItem","position":2,"name":"Shop","item":"https:\/\/www.istegroup.com\/fr\/nouveautes\/"},{"@type":"ListItem","position":3,"name":"L\u2019\u00e9cocatalyse"}]},{"@type":"WebSite","@id":"https:\/\/www.istegroup.com\/#website","url":"https:\/\/www.istegroup.com\/","name":"ISTE Group","description":"\u00c9diteur des Sciences","potentialAction":[{"@type":"SearchAction","target":{"@type":"EntryPoint","urlTemplate":"https:\/\/www.istegroup.com\/?s={search_term_string}"},"query-input":{"@type":"PropertyValueSpecification","valueRequired":true,"valueName":"search_term_string"}}],"inLanguage":"fr-FR"}]}},"_links":{"self":[{"href":"https:\/\/www.istegroup.com\/fr\/wp-json\/wp\/v2\/product\/471","targetHints":{"allow":["GET"]}}],"collection":[{"href":"https:\/\/www.istegroup.com\/fr\/wp-json\/wp\/v2\/product"}],"about":[{"href":"https:\/\/www.istegroup.com\/fr\/wp-json\/wp\/v2\/types\/product"}],"wp:featuredmedia":[{"embeddable":true,"href":"https:\/\/www.istegroup.com\/fr\/wp-json\/wp\/v2\/media\/472"}],"wp:attachment":[{"href":"https:\/\/www.istegroup.com\/fr\/wp-json\/wp\/v2\/media?parent=471"}],"wp:term":[{"taxonomy":"product_brand","embeddable":true,"href":"https:\/\/www.istegroup.com\/fr\/wp-json\/wp\/v2\/product_brand?post=471"},{"taxonomy":"product_cat","embeddable":true,"href":"https:\/\/www.istegroup.com\/fr\/wp-json\/wp\/v2\/product_cat?post=471"},{"taxonomy":"product_tag","embeddable":true,"href":"https:\/\/www.istegroup.com\/fr\/wp-json\/wp\/v2\/product_tag?post=471"}],"curies":[{"name":"wp","href":"https:\/\/api.w.org\/{rel}","templated":true}]}}