{"id":46976,"date":"2022-07-04T12:48:26","date_gmt":"2022-07-04T11:48:26","guid":{"rendered":"https:\/\/www.istegroup.com\/?post_type=product&#038;p=46976"},"modified":"2024-01-03T13:45:55","modified_gmt":"2024-01-03T13:45:55","slug":"connaissance-et-ideation","status":"publish","type":"product","link":"https:\/\/www.istegroup.com\/fr\/produit\/connaissance-et-ideation\/","title":{"rendered":"Connaissance et id\u00e9ation"},"content":{"rendered":"<p>Le monde qui nous entoure nous submerge de donn\u00e9es chaque jour davantage. Pourtant, nombreux sont les d\u00e9fis \u00e0 relever pour en affronter la complexit\u00e9, notamment pour y discerner l\u2019essentiel de l\u2019accessoire, exploiter la qualit\u00e9 et non la quantit\u00e9, explorer la profondeur de nos connaissances et en faire jaillir de fa\u00e7on raisonn\u00e9e des id\u00e9es efficaces \u00e0 mettre en action.<\/p>\n<p>Synth\u00e8se d\u2019une triple exp\u00e9rience industrielle, p\u00e9dagogique et acad\u00e9mique, <em>Connaissance et id\u00e9ation<\/em> pr\u00e9sente de nombreux concepts, comme l\u2019objet de connaissances d\u00e9mat\u00e9rialis\u00e9, le patrimoine intellectuel inventif, le potentiel inventif, l\u2019id\u00e9ation fond\u00e9e sur la connaissance, etc. Cet ouvrage d\u00e9veloppe et d\u00e9crit des applications sous forme d\u2019\u00e9tudes de cas tout en proposant des prospections.<\/p>","protected":false},"excerpt":{"rendered":"<p>Le monde qui nous entoure nous submerge de donn\u00e9es chaque jour davantage. Pourtant, nombreux sont les d\u00e9fis \u00e0 relever pour en affronter la complexit\u00e9, notamment pour y discerner l\u2019essentiel de l\u2019accessoire, exploiter la qualit\u00e9 et non la quantit\u00e9, explorer la profondeur de nos connaissances et en faire jaillir de fa\u00e7on raisonn\u00e9e des id\u00e9es efficaces \u00e0 [&hellip;]<\/p>\n","protected":false},"featured_media":46980,"template":"","meta":{"_acf_changed":false,"_links_to":"","_links_to_target":""},"product_brand":[],"product_cat":[670],"product_tag":[],"class_list":{"0":"post-46976","1":"product","2":"type-product","3":"status-publish","4":"has-post-thumbnail","6":"product_cat-innovation-entrepreneuriat-et-gestion-11041751","8":"first","9":"instock","10":"shipping-taxable","11":"purchasable","12":"product-type-variable"},"acf":[],"yoast_head":"<!-- This site is optimized with the Yoast SEO plugin v27.2 - https:\/\/yoast.com\/product\/yoast-seo-wordpress\/ -->\n<title>Connaissance et id\u00e9ation - ISTE Group<\/title>\n<meta name=\"description\" content=\"Synth\u00e8se d\u2019une triple exp\u00e9rience industrielle, p\u00e9dagogique et acad\u00e9mique, Connaissance et id\u00e9ation pr\u00e9sente de nombreux concepts, comme l\u2019objet de connaissances d\u00e9mat\u00e9rialis\u00e9, le patrimoine intellectuel inventif, le potentiel inventif, l\u2019id\u00e9ation fond\u00e9e sur la connaissance, etc.\" \/>\n<meta name=\"robots\" content=\"index, follow, max-snippet:-1, max-image-preview:large, max-video-preview:-1\" \/>\n<link rel=\"canonical\" href=\"https:\/\/www.istegroup.com\/fr\/produit\/connaissance-et-ideation\/\" \/>\n<meta property=\"og:locale\" content=\"fr_FR\" \/>\n<meta property=\"og:type\" content=\"article\" \/>\n<meta property=\"og:title\" content=\"Connaissance et id\u00e9ation - ISTE Group\" \/>\n<meta property=\"og:description\" content=\"Synth\u00e8se d\u2019une triple exp\u00e9rience industrielle, p\u00e9dagogique et acad\u00e9mique, Connaissance et id\u00e9ation pr\u00e9sente de nombreux concepts, comme l\u2019objet de connaissances d\u00e9mat\u00e9rialis\u00e9, le patrimoine intellectuel inventif, le potentiel inventif, l\u2019id\u00e9ation fond\u00e9e sur la connaissance, etc.\" \/>\n<meta property=\"og:url\" content=\"https:\/\/www.istegroup.com\/fr\/produit\/connaissance-et-ideation\/\" \/>\n<meta property=\"og:site_name\" content=\"ISTE Group\" \/>\n<meta property=\"article:modified_time\" content=\"2024-01-03T13:45:55+00:00\" \/>\n<meta property=\"og:image\" content=\"https:\/\/www.istegroup.com\/wp-content\/uploads\/2022\/06\/Connaissance-et-ideation.jpg\" \/>\n\t<meta property=\"og:image:width\" content=\"350\" \/>\n\t<meta property=\"og:image:height\" content=\"526\" \/>\n\t<meta property=\"og:image:type\" content=\"image\/jpeg\" \/>\n<meta name=\"twitter:card\" content=\"summary_large_image\" \/>\n<meta name=\"twitter:label1\" content=\"Est. reading time\" \/>\n\t<meta name=\"twitter:data1\" content=\"1 minute\" \/>\n<script type=\"application\/ld+json\" class=\"yoast-schema-graph\">{\"@context\":\"https:\/\/schema.org\",\"@graph\":[{\"@type\":\"WebPage\",\"@id\":\"https:\/\/www.istegroup.com\/fr\/produit\/connaissance-et-ideation\/\",\"url\":\"https:\/\/www.istegroup.com\/fr\/produit\/connaissance-et-ideation\/\",\"name\":\"Connaissance et id\u00e9ation - ISTE Group\",\"isPartOf\":{\"@id\":\"https:\/\/www.istegroup.com\/#website\"},\"primaryImageOfPage\":{\"@id\":\"https:\/\/www.istegroup.com\/fr\/produit\/connaissance-et-ideation\/#primaryimage\"},\"image\":{\"@id\":\"https:\/\/www.istegroup.com\/fr\/produit\/connaissance-et-ideation\/#primaryimage\"},\"thumbnailUrl\":\"https:\/\/www.istegroup.com\/wp-content\/uploads\/2022\/06\/Connaissance-et-ideation.jpg\",\"datePublished\":\"2022-07-04T11:48:26+00:00\",\"dateModified\":\"2024-01-03T13:45:55+00:00\",\"description\":\"Synth\u00e8se d\u2019une triple exp\u00e9rience industrielle, p\u00e9dagogique et acad\u00e9mique, Connaissance et id\u00e9ation pr\u00e9sente de nombreux concepts, comme l\u2019objet de connaissances d\u00e9mat\u00e9rialis\u00e9, le patrimoine intellectuel inventif, le potentiel inventif, l\u2019id\u00e9ation fond\u00e9e sur la connaissance, etc.\",\"breadcrumb\":{\"@id\":\"https:\/\/www.istegroup.com\/fr\/produit\/connaissance-et-ideation\/#breadcrumb\"},\"inLanguage\":\"fr-FR\",\"potentialAction\":[{\"@type\":\"ReadAction\",\"target\":[\"https:\/\/www.istegroup.com\/fr\/produit\/connaissance-et-ideation\/\"]}]},{\"@type\":\"ImageObject\",\"inLanguage\":\"fr-FR\",\"@id\":\"https:\/\/www.istegroup.com\/fr\/produit\/connaissance-et-ideation\/#primaryimage\",\"url\":\"https:\/\/www.istegroup.com\/wp-content\/uploads\/2022\/06\/Connaissance-et-ideation.jpg\",\"contentUrl\":\"https:\/\/www.istegroup.com\/wp-content\/uploads\/2022\/06\/Connaissance-et-ideation.jpg\",\"width\":350,\"height\":526,\"caption\":\"Livre scientifique - Connaissance et id\u00e9ation - Pierre Saulais\"},{\"@type\":\"BreadcrumbList\",\"@id\":\"https:\/\/www.istegroup.com\/fr\/produit\/connaissance-et-ideation\/#breadcrumb\",\"itemListElement\":[{\"@type\":\"ListItem\",\"position\":1,\"name\":\"Home\",\"item\":\"https:\/\/www.istegroup.com\/\"},{\"@type\":\"ListItem\",\"position\":2,\"name\":\"Shop\",\"item\":\"https:\/\/www.istegroup.com\/fr\/nouveautes\/\"},{\"@type\":\"ListItem\",\"position\":3,\"name\":\"Connaissance et id\u00e9ation\"}]},{\"@type\":\"WebSite\",\"@id\":\"https:\/\/www.istegroup.com\/#website\",\"url\":\"https:\/\/www.istegroup.com\/\",\"name\":\"ISTE Group\",\"description\":\"\u00c9diteur des Sciences\",\"potentialAction\":[{\"@type\":\"SearchAction\",\"target\":{\"@type\":\"EntryPoint\",\"urlTemplate\":\"https:\/\/www.istegroup.com\/?s={search_term_string}\"},\"query-input\":{\"@type\":\"PropertyValueSpecification\",\"valueRequired\":true,\"valueName\":\"search_term_string\"}}],\"inLanguage\":\"fr-FR\"}]}<\/script>\n<!-- \/ Yoast SEO plugin. -->","yoast_head_json":{"title":"Connaissance et id\u00e9ation - ISTE Group","description":"Synth\u00e8se d\u2019une triple exp\u00e9rience industrielle, p\u00e9dagogique et acad\u00e9mique, Connaissance et id\u00e9ation pr\u00e9sente de nombreux concepts, comme l\u2019objet de connaissances d\u00e9mat\u00e9rialis\u00e9, le patrimoine intellectuel inventif, le potentiel inventif, l\u2019id\u00e9ation fond\u00e9e sur la connaissance, etc.","robots":{"index":"index","follow":"follow","max-snippet":"max-snippet:-1","max-image-preview":"max-image-preview:large","max-video-preview":"max-video-preview:-1"},"canonical":"https:\/\/www.istegroup.com\/fr\/produit\/connaissance-et-ideation\/","og_locale":"fr_FR","og_type":"article","og_title":"Connaissance et id\u00e9ation - ISTE Group","og_description":"Synth\u00e8se d\u2019une triple exp\u00e9rience industrielle, p\u00e9dagogique et acad\u00e9mique, Connaissance et id\u00e9ation pr\u00e9sente de nombreux concepts, comme l\u2019objet de connaissances d\u00e9mat\u00e9rialis\u00e9, le patrimoine intellectuel inventif, le potentiel inventif, l\u2019id\u00e9ation fond\u00e9e sur la connaissance, etc.","og_url":"https:\/\/www.istegroup.com\/fr\/produit\/connaissance-et-ideation\/","og_site_name":"ISTE Group","article_modified_time":"2024-01-03T13:45:55+00:00","og_image":[{"width":350,"height":526,"url":"https:\/\/www.istegroup.com\/wp-content\/uploads\/2022\/06\/Connaissance-et-ideation.jpg","type":"image\/jpeg"}],"twitter_card":"summary_large_image","twitter_misc":{"Est. reading time":"1 minute"},"schema":{"@context":"https:\/\/schema.org","@graph":[{"@type":"WebPage","@id":"https:\/\/www.istegroup.com\/fr\/produit\/connaissance-et-ideation\/","url":"https:\/\/www.istegroup.com\/fr\/produit\/connaissance-et-ideation\/","name":"Connaissance et id\u00e9ation - ISTE Group","isPartOf":{"@id":"https:\/\/www.istegroup.com\/#website"},"primaryImageOfPage":{"@id":"https:\/\/www.istegroup.com\/fr\/produit\/connaissance-et-ideation\/#primaryimage"},"image":{"@id":"https:\/\/www.istegroup.com\/fr\/produit\/connaissance-et-ideation\/#primaryimage"},"thumbnailUrl":"https:\/\/www.istegroup.com\/wp-content\/uploads\/2022\/06\/Connaissance-et-ideation.jpg","datePublished":"2022-07-04T11:48:26+00:00","dateModified":"2024-01-03T13:45:55+00:00","description":"Synth\u00e8se d\u2019une triple exp\u00e9rience industrielle, p\u00e9dagogique et acad\u00e9mique, Connaissance et id\u00e9ation pr\u00e9sente de nombreux concepts, comme l\u2019objet de connaissances d\u00e9mat\u00e9rialis\u00e9, le patrimoine intellectuel inventif, le potentiel inventif, l\u2019id\u00e9ation fond\u00e9e sur la connaissance, etc.","breadcrumb":{"@id":"https:\/\/www.istegroup.com\/fr\/produit\/connaissance-et-ideation\/#breadcrumb"},"inLanguage":"fr-FR","potentialAction":[{"@type":"ReadAction","target":["https:\/\/www.istegroup.com\/fr\/produit\/connaissance-et-ideation\/"]}]},{"@type":"ImageObject","inLanguage":"fr-FR","@id":"https:\/\/www.istegroup.com\/fr\/produit\/connaissance-et-ideation\/#primaryimage","url":"https:\/\/www.istegroup.com\/wp-content\/uploads\/2022\/06\/Connaissance-et-ideation.jpg","contentUrl":"https:\/\/www.istegroup.com\/wp-content\/uploads\/2022\/06\/Connaissance-et-ideation.jpg","width":350,"height":526,"caption":"Livre scientifique - Connaissance et id\u00e9ation - Pierre Saulais"},{"@type":"BreadcrumbList","@id":"https:\/\/www.istegroup.com\/fr\/produit\/connaissance-et-ideation\/#breadcrumb","itemListElement":[{"@type":"ListItem","position":1,"name":"Home","item":"https:\/\/www.istegroup.com\/"},{"@type":"ListItem","position":2,"name":"Shop","item":"https:\/\/www.istegroup.com\/fr\/nouveautes\/"},{"@type":"ListItem","position":3,"name":"Connaissance et id\u00e9ation"}]},{"@type":"WebSite","@id":"https:\/\/www.istegroup.com\/#website","url":"https:\/\/www.istegroup.com\/","name":"ISTE Group","description":"\u00c9diteur des Sciences","potentialAction":[{"@type":"SearchAction","target":{"@type":"EntryPoint","urlTemplate":"https:\/\/www.istegroup.com\/?s={search_term_string}"},"query-input":{"@type":"PropertyValueSpecification","valueRequired":true,"valueName":"search_term_string"}}],"inLanguage":"fr-FR"}]}},"_links":{"self":[{"href":"https:\/\/www.istegroup.com\/fr\/wp-json\/wp\/v2\/product\/46976","targetHints":{"allow":["GET"]}}],"collection":[{"href":"https:\/\/www.istegroup.com\/fr\/wp-json\/wp\/v2\/product"}],"about":[{"href":"https:\/\/www.istegroup.com\/fr\/wp-json\/wp\/v2\/types\/product"}],"wp:featuredmedia":[{"embeddable":true,"href":"https:\/\/www.istegroup.com\/fr\/wp-json\/wp\/v2\/media\/46980"}],"wp:attachment":[{"href":"https:\/\/www.istegroup.com\/fr\/wp-json\/wp\/v2\/media?parent=46976"}],"wp:term":[{"taxonomy":"product_brand","embeddable":true,"href":"https:\/\/www.istegroup.com\/fr\/wp-json\/wp\/v2\/product_brand?post=46976"},{"taxonomy":"product_cat","embeddable":true,"href":"https:\/\/www.istegroup.com\/fr\/wp-json\/wp\/v2\/product_cat?post=46976"},{"taxonomy":"product_tag","embeddable":true,"href":"https:\/\/www.istegroup.com\/fr\/wp-json\/wp\/v2\/product_tag?post=46976"}],"curies":[{"name":"wp","href":"https:\/\/api.w.org\/{rel}","templated":true}]}}