{"id":46967,"date":"2022-07-05T10:35:56","date_gmt":"2022-07-05T09:35:56","guid":{"rendered":"https:\/\/www.istegroup.com\/?post_type=product&#038;p=46967"},"modified":"2024-01-03T13:45:55","modified_gmt":"2024-01-03T13:45:55","slug":"physique-nucleaire-1","status":"publish","type":"product","link":"https:\/\/www.istegroup.com\/fr\/produit\/physique-nucleaire-1\/","title":{"rendered":"Physique nucl\u00e9aire 1"},"content":{"rendered":"<p>Cet ouvrage analyse les fondements de la physique nucl\u00e9aire et traite de th\u00e9matiques allant des particules subatomiques aux \u00e9toiles.<\/p>\n<p><em>Physique nucl\u00e9aire 1<\/em> d\u00e9crit les faits exp\u00e9rimentaux relatifs \u00e0 la d\u00e9couverte de l\u2019\u00e9lectron, du positon, du proton, du neutron et du neutrino. Il \u00e9tudie les propri\u00e9t\u00e9s g\u00e9n\u00e9rales des noyaux et d\u00e9taille les divers processus de d\u00e9sexcitation nucl\u00e9aire bas\u00e9s sur le mod\u00e8le en couches de nucl\u00e9ons. Il pr\u00e9sente les lois de conservation du moment angulaire et de la parit\u00e9, les probabilit\u00e9s de transition multipolaires <em>E<\/em> et <em>M<\/em>, les processus de d\u00e9sexcitation gamma, de conversion interne et de d\u00e9sexcitation par \u00e9mission de nucl\u00e9ons. Les propri\u00e9t\u00e9s fondamentales des d\u00e9sint\u00e9grations <em>\u03b1 <\/em>et <em>\u03b2<\/em>, de la capture \u00e9lectronique, des filiations radioactives et des \u00e9quations de Bateman sont \u00e9galement expos\u00e9es.<\/p>\n<p>Cet ouvrage s\u2019adresse aux ing\u00e9nieurs, aux enseignantschercheurs et aux historiens des sciences sp\u00e9cialis\u00e9s en physique nucl\u00e9aire.<\/p>","protected":false},"excerpt":{"rendered":"<p>Cet ouvrage analyse les fondements de la physique nucl\u00e9aire et traite de th\u00e9matiques allant des particules subatomiques aux \u00e9toiles. Physique nucl\u00e9aire 1 d\u00e9crit les faits exp\u00e9rimentaux relatifs \u00e0 la d\u00e9couverte de l\u2019\u00e9lectron, du positon, du proton, du neutron et du neutrino. Il \u00e9tudie les propri\u00e9t\u00e9s g\u00e9n\u00e9rales des noyaux et d\u00e9taille les divers processus de d\u00e9sexcitation [&hellip;]<\/p>\n","protected":false},"featured_media":46975,"template":"","meta":{"_acf_changed":false,"_links_to":"","_links_to_target":""},"product_brand":[],"product_cat":[3262],"product_tag":[],"class_list":{"0":"post-46967","1":"product","2":"type-product","3":"status-publish","4":"has-post-thumbnail","6":"product_cat-non-classe","8":"first","9":"instock","10":"shipping-taxable","11":"purchasable","12":"product-type-variable"},"acf":[],"yoast_head":"<!-- This site is optimized with the Yoast SEO plugin v27.2 - https:\/\/yoast.com\/product\/yoast-seo-wordpress\/ -->\n<title>Physique nucl\u00e9aire 1 - ISTE Group<\/title>\n<meta name=\"description\" content=\"Cet ouvrage analyse les fondements de la physique nucl\u00e9aire et traite de th\u00e9matiques allant des particules subatomiques aux \u00e9toiles.\" \/>\n<meta name=\"robots\" content=\"index, follow, max-snippet:-1, max-image-preview:large, max-video-preview:-1\" \/>\n<link rel=\"canonical\" href=\"https:\/\/www.istegroup.com\/en\/produit\/physique-nucleaire-1\/\" \/>\n<meta property=\"og:locale\" content=\"fr_FR\" \/>\n<meta property=\"og:type\" content=\"article\" \/>\n<meta property=\"og:title\" content=\"Physique nucl\u00e9aire 1 - ISTE Group\" \/>\n<meta property=\"og:description\" content=\"Cet ouvrage analyse les fondements de la physique nucl\u00e9aire et traite de th\u00e9matiques allant des particules subatomiques aux \u00e9toiles.\" \/>\n<meta property=\"og:url\" content=\"https:\/\/www.istegroup.com\/en\/produit\/physique-nucleaire-1\/\" \/>\n<meta property=\"og:site_name\" content=\"ISTE Group\" \/>\n<meta property=\"article:modified_time\" content=\"2024-01-03T13:45:55+00:00\" \/>\n<meta property=\"og:image\" content=\"https:\/\/www.istegroup.com\/wp-content\/uploads\/2022\/06\/Physique-nucleaire-1.jpg\" \/>\n\t<meta property=\"og:image:width\" content=\"350\" \/>\n\t<meta property=\"og:image:height\" content=\"525\" \/>\n\t<meta property=\"og:image:type\" content=\"image\/jpeg\" \/>\n<meta name=\"twitter:card\" content=\"summary_large_image\" \/>\n<meta name=\"twitter:label1\" content=\"Est. reading time\" \/>\n\t<meta name=\"twitter:data1\" content=\"1 minute\" \/>\n<script type=\"application\/ld+json\" class=\"yoast-schema-graph\">{\"@context\":\"https:\/\/schema.org\",\"@graph\":[{\"@type\":\"WebPage\",\"@id\":\"https:\/\/www.istegroup.com\/en\/produit\/physique-nucleaire-1\/\",\"url\":\"https:\/\/www.istegroup.com\/en\/produit\/physique-nucleaire-1\/\",\"name\":\"Physique nucl\u00e9aire 1 - ISTE Group\",\"isPartOf\":{\"@id\":\"https:\/\/www.istegroup.com\/#website\"},\"primaryImageOfPage\":{\"@id\":\"https:\/\/www.istegroup.com\/en\/produit\/physique-nucleaire-1\/#primaryimage\"},\"image\":{\"@id\":\"https:\/\/www.istegroup.com\/en\/produit\/physique-nucleaire-1\/#primaryimage\"},\"thumbnailUrl\":\"https:\/\/www.istegroup.com\/wp-content\/uploads\/2022\/06\/Physique-nucleaire-1.jpg\",\"datePublished\":\"2022-07-05T09:35:56+00:00\",\"dateModified\":\"2024-01-03T13:45:55+00:00\",\"description\":\"Cet ouvrage analyse les fondements de la physique nucl\u00e9aire et traite de th\u00e9matiques allant des particules subatomiques aux \u00e9toiles.\",\"breadcrumb\":{\"@id\":\"https:\/\/www.istegroup.com\/en\/produit\/physique-nucleaire-1\/#breadcrumb\"},\"inLanguage\":\"fr-FR\",\"potentialAction\":[{\"@type\":\"ReadAction\",\"target\":[\"https:\/\/www.istegroup.com\/en\/produit\/physique-nucleaire-1\/\"]}]},{\"@type\":\"ImageObject\",\"inLanguage\":\"fr-FR\",\"@id\":\"https:\/\/www.istegroup.com\/en\/produit\/physique-nucleaire-1\/#primaryimage\",\"url\":\"https:\/\/www.istegroup.com\/wp-content\/uploads\/2022\/06\/Physique-nucleaire-1.jpg\",\"contentUrl\":\"https:\/\/www.istegroup.com\/wp-content\/uploads\/2022\/06\/Physique-nucleaire-1.jpg\",\"width\":350,\"height\":525,\"caption\":\"Livre scientifique - Physique nucl\u00e9aire 1 - Ibrahima Sakho\"},{\"@type\":\"BreadcrumbList\",\"@id\":\"https:\/\/www.istegroup.com\/en\/produit\/physique-nucleaire-1\/#breadcrumb\",\"itemListElement\":[{\"@type\":\"ListItem\",\"position\":1,\"name\":\"Home\",\"item\":\"https:\/\/www.istegroup.com\/\"},{\"@type\":\"ListItem\",\"position\":2,\"name\":\"Shop\",\"item\":\"https:\/\/www.istegroup.com\/fr\/nouveautes\/\"},{\"@type\":\"ListItem\",\"position\":3,\"name\":\"Physique nucl\u00e9aire 1\"}]},{\"@type\":\"WebSite\",\"@id\":\"https:\/\/www.istegroup.com\/#website\",\"url\":\"https:\/\/www.istegroup.com\/\",\"name\":\"ISTE Group\",\"description\":\"\u00c9diteur des Sciences\",\"potentialAction\":[{\"@type\":\"SearchAction\",\"target\":{\"@type\":\"EntryPoint\",\"urlTemplate\":\"https:\/\/www.istegroup.com\/?s={search_term_string}\"},\"query-input\":{\"@type\":\"PropertyValueSpecification\",\"valueRequired\":true,\"valueName\":\"search_term_string\"}}],\"inLanguage\":\"fr-FR\"}]}<\/script>\n<!-- \/ Yoast SEO plugin. -->","yoast_head_json":{"title":"Physique nucl\u00e9aire 1 - ISTE Group","description":"Cet ouvrage analyse les fondements de la physique nucl\u00e9aire et traite de th\u00e9matiques allant des particules subatomiques aux \u00e9toiles.","robots":{"index":"index","follow":"follow","max-snippet":"max-snippet:-1","max-image-preview":"max-image-preview:large","max-video-preview":"max-video-preview:-1"},"canonical":"https:\/\/www.istegroup.com\/en\/produit\/physique-nucleaire-1\/","og_locale":"fr_FR","og_type":"article","og_title":"Physique nucl\u00e9aire 1 - ISTE Group","og_description":"Cet ouvrage analyse les fondements de la physique nucl\u00e9aire et traite de th\u00e9matiques allant des particules subatomiques aux \u00e9toiles.","og_url":"https:\/\/www.istegroup.com\/en\/produit\/physique-nucleaire-1\/","og_site_name":"ISTE Group","article_modified_time":"2024-01-03T13:45:55+00:00","og_image":[{"width":350,"height":525,"url":"https:\/\/www.istegroup.com\/wp-content\/uploads\/2022\/06\/Physique-nucleaire-1.jpg","type":"image\/jpeg"}],"twitter_card":"summary_large_image","twitter_misc":{"Est. reading time":"1 minute"},"schema":{"@context":"https:\/\/schema.org","@graph":[{"@type":"WebPage","@id":"https:\/\/www.istegroup.com\/en\/produit\/physique-nucleaire-1\/","url":"https:\/\/www.istegroup.com\/en\/produit\/physique-nucleaire-1\/","name":"Physique nucl\u00e9aire 1 - ISTE Group","isPartOf":{"@id":"https:\/\/www.istegroup.com\/#website"},"primaryImageOfPage":{"@id":"https:\/\/www.istegroup.com\/en\/produit\/physique-nucleaire-1\/#primaryimage"},"image":{"@id":"https:\/\/www.istegroup.com\/en\/produit\/physique-nucleaire-1\/#primaryimage"},"thumbnailUrl":"https:\/\/www.istegroup.com\/wp-content\/uploads\/2022\/06\/Physique-nucleaire-1.jpg","datePublished":"2022-07-05T09:35:56+00:00","dateModified":"2024-01-03T13:45:55+00:00","description":"Cet ouvrage analyse les fondements de la physique nucl\u00e9aire et traite de th\u00e9matiques allant des particules subatomiques aux \u00e9toiles.","breadcrumb":{"@id":"https:\/\/www.istegroup.com\/en\/produit\/physique-nucleaire-1\/#breadcrumb"},"inLanguage":"fr-FR","potentialAction":[{"@type":"ReadAction","target":["https:\/\/www.istegroup.com\/en\/produit\/physique-nucleaire-1\/"]}]},{"@type":"ImageObject","inLanguage":"fr-FR","@id":"https:\/\/www.istegroup.com\/en\/produit\/physique-nucleaire-1\/#primaryimage","url":"https:\/\/www.istegroup.com\/wp-content\/uploads\/2022\/06\/Physique-nucleaire-1.jpg","contentUrl":"https:\/\/www.istegroup.com\/wp-content\/uploads\/2022\/06\/Physique-nucleaire-1.jpg","width":350,"height":525,"caption":"Livre scientifique - Physique nucl\u00e9aire 1 - Ibrahima Sakho"},{"@type":"BreadcrumbList","@id":"https:\/\/www.istegroup.com\/en\/produit\/physique-nucleaire-1\/#breadcrumb","itemListElement":[{"@type":"ListItem","position":1,"name":"Home","item":"https:\/\/www.istegroup.com\/"},{"@type":"ListItem","position":2,"name":"Shop","item":"https:\/\/www.istegroup.com\/fr\/nouveautes\/"},{"@type":"ListItem","position":3,"name":"Physique nucl\u00e9aire 1"}]},{"@type":"WebSite","@id":"https:\/\/www.istegroup.com\/#website","url":"https:\/\/www.istegroup.com\/","name":"ISTE Group","description":"\u00c9diteur des Sciences","potentialAction":[{"@type":"SearchAction","target":{"@type":"EntryPoint","urlTemplate":"https:\/\/www.istegroup.com\/?s={search_term_string}"},"query-input":{"@type":"PropertyValueSpecification","valueRequired":true,"valueName":"search_term_string"}}],"inLanguage":"fr-FR"}]}},"_links":{"self":[{"href":"https:\/\/www.istegroup.com\/fr\/wp-json\/wp\/v2\/product\/46967","targetHints":{"allow":["GET"]}}],"collection":[{"href":"https:\/\/www.istegroup.com\/fr\/wp-json\/wp\/v2\/product"}],"about":[{"href":"https:\/\/www.istegroup.com\/fr\/wp-json\/wp\/v2\/types\/product"}],"wp:featuredmedia":[{"embeddable":true,"href":"https:\/\/www.istegroup.com\/fr\/wp-json\/wp\/v2\/media\/46975"}],"wp:attachment":[{"href":"https:\/\/www.istegroup.com\/fr\/wp-json\/wp\/v2\/media?parent=46967"}],"wp:term":[{"taxonomy":"product_brand","embeddable":true,"href":"https:\/\/www.istegroup.com\/fr\/wp-json\/wp\/v2\/product_brand?post=46967"},{"taxonomy":"product_cat","embeddable":true,"href":"https:\/\/www.istegroup.com\/fr\/wp-json\/wp\/v2\/product_cat?post=46967"},{"taxonomy":"product_tag","embeddable":true,"href":"https:\/\/www.istegroup.com\/fr\/wp-json\/wp\/v2\/product_tag?post=46967"}],"curies":[{"name":"wp","href":"https:\/\/api.w.org\/{rel}","templated":true}]}}