{"id":46956,"date":"2022-07-03T16:20:26","date_gmt":"2022-07-03T15:20:26","guid":{"rendered":"https:\/\/www.istegroup.com\/?post_type=product&#038;p=46956"},"modified":"2024-01-03T13:45:55","modified_gmt":"2024-01-03T13:45:55","slug":"la-methode-des-elements-finis","status":"publish","type":"product","link":"https:\/\/www.istegroup.com\/fr\/produit\/la-methode-des-elements-finis\/","title":{"rendered":"La m\u00e9thode des \u00e9l\u00e9ments finis"},"content":{"rendered":"<p>La m\u00e9thode des \u00e9l\u00e9ments finis, apparue dans les ann\u00e9es 1950 pour traiter des probl\u00e8mes de m\u00e9canique des structures, a connu depuis lors un d\u00e9veloppement continu. Faisant intervenir des mod\u00e8les d\u2019\u00e9quations aux d\u00e9riv\u00e9es partielles, elle est aujourd\u2019hui pr\u00e9sente dans tous les domaines d\u2019application comme la m\u00e9canique, la physique, la chimie, l\u2019\u00e9conomie et la finance ou la biologie. Elle est aussi utilis\u00e9e dans la plupart des logiciels de calcul scientifique et de nombreux ing\u00e9nieurs y sont confront\u00e9s dans le cadre de leur activit\u00e9 de mod\u00e9lisation et de simulation num\u00e9rique.<\/p>\n<p>Cet ouvrage pr\u00e9sente de fa\u00e7on progressive et didactique tous les \u00e9l\u00e9ments essentiels de la m\u00e9thode des \u00e9l\u00e9ments finis : les fondements th\u00e9oriques, les consid\u00e9rations pratiques de mise en oeuvre, les algorithmes ainsi que des illustrations num\u00e9riques r\u00e9alis\u00e9es avec MATLAB. Des exercices originaux avec corrig\u00e9s sont propos\u00e9s \u00e0 la fin de chaque chapitre.<\/p>","protected":false},"excerpt":{"rendered":"<p>La m\u00e9thode des \u00e9l\u00e9ments finis, apparue dans les ann\u00e9es 1950 pour traiter des probl\u00e8mes de m\u00e9canique des structures, a connu depuis lors un d\u00e9veloppement continu. Faisant intervenir des mod\u00e8les d\u2019\u00e9quations aux d\u00e9riv\u00e9es partielles, elle est aujourd\u2019hui pr\u00e9sente dans tous les domaines d\u2019application comme la m\u00e9canique, la physique, la chimie, l\u2019\u00e9conomie et la finance ou la [&hellip;]<\/p>\n","protected":false},"featured_media":46966,"template":"","meta":{"_acf_changed":false,"_links_to":"","_links_to_target":""},"product_brand":[],"product_cat":[673],"product_tag":[],"class_list":{"0":"post-46956","1":"product","2":"type-product","3":"status-publish","4":"has-post-thumbnail","6":"product_cat-mthodes-numriques-12506508","8":"first","9":"instock","10":"shipping-taxable","11":"purchasable","12":"product-type-variable"},"acf":[],"yoast_head":"<!-- This site is optimized with the Yoast SEO plugin v27.2 - https:\/\/yoast.com\/product\/yoast-seo-wordpress\/ -->\n<title>La m\u00e9thode des \u00e9l\u00e9ments finis - ISTE Group<\/title>\n<meta name=\"description\" content=\"Cet ouvrage pr\u00e9sente de fa\u00e7on progressive et didactique tous les \u00e9l\u00e9ments essentiels de la m\u00e9thode des \u00e9l\u00e9ments finis : les fondements th\u00e9oriques, les consid\u00e9rations pratiques de mise en oeuvre, les algorithmes ainsi que des illustrations num\u00e9riques r\u00e9alis\u00e9es avec MATLAB. Des exercices originaux avec corrig\u00e9s sont propos\u00e9s \u00e0 la fin de chaque chapitre.\" \/>\n<meta name=\"robots\" content=\"index, follow, max-snippet:-1, max-image-preview:large, max-video-preview:-1\" \/>\n<link rel=\"canonical\" href=\"https:\/\/www.istegroup.com\/fr\/produit\/la-methode-des-elements-finis\/\" \/>\n<meta property=\"og:locale\" content=\"fr_FR\" \/>\n<meta property=\"og:type\" content=\"article\" \/>\n<meta property=\"og:title\" content=\"La m\u00e9thode des \u00e9l\u00e9ments finis - ISTE Group\" \/>\n<meta property=\"og:description\" content=\"Cet ouvrage pr\u00e9sente de fa\u00e7on progressive et didactique tous les \u00e9l\u00e9ments essentiels de la m\u00e9thode des \u00e9l\u00e9ments finis : les fondements th\u00e9oriques, les consid\u00e9rations pratiques de mise en oeuvre, les algorithmes ainsi que des illustrations num\u00e9riques r\u00e9alis\u00e9es avec MATLAB. Des exercices originaux avec corrig\u00e9s sont propos\u00e9s \u00e0 la fin de chaque chapitre.\" \/>\n<meta property=\"og:url\" content=\"https:\/\/www.istegroup.com\/fr\/produit\/la-methode-des-elements-finis\/\" \/>\n<meta property=\"og:site_name\" content=\"ISTE Group\" \/>\n<meta property=\"article:modified_time\" content=\"2024-01-03T13:45:55+00:00\" \/>\n<meta property=\"og:image\" content=\"https:\/\/www.istegroup.com\/wp-content\/uploads\/2022\/06\/La-methode-des-elements-finis.jpg\" \/>\n\t<meta property=\"og:image:width\" content=\"350\" \/>\n\t<meta property=\"og:image:height\" content=\"525\" \/>\n\t<meta property=\"og:image:type\" content=\"image\/jpeg\" \/>\n<meta name=\"twitter:card\" content=\"summary_large_image\" \/>\n<meta name=\"twitter:label1\" content=\"Est. reading time\" \/>\n\t<meta name=\"twitter:data1\" content=\"1 minute\" \/>\n<script type=\"application\/ld+json\" class=\"yoast-schema-graph\">{\"@context\":\"https:\/\/schema.org\",\"@graph\":[{\"@type\":\"WebPage\",\"@id\":\"https:\/\/www.istegroup.com\/fr\/produit\/la-methode-des-elements-finis\/\",\"url\":\"https:\/\/www.istegroup.com\/fr\/produit\/la-methode-des-elements-finis\/\",\"name\":\"La m\u00e9thode des \u00e9l\u00e9ments finis - ISTE Group\",\"isPartOf\":{\"@id\":\"https:\/\/www.istegroup.com\/#website\"},\"primaryImageOfPage\":{\"@id\":\"https:\/\/www.istegroup.com\/fr\/produit\/la-methode-des-elements-finis\/#primaryimage\"},\"image\":{\"@id\":\"https:\/\/www.istegroup.com\/fr\/produit\/la-methode-des-elements-finis\/#primaryimage\"},\"thumbnailUrl\":\"https:\/\/www.istegroup.com\/wp-content\/uploads\/2022\/06\/La-methode-des-elements-finis.jpg\",\"datePublished\":\"2022-07-03T15:20:26+00:00\",\"dateModified\":\"2024-01-03T13:45:55+00:00\",\"description\":\"Cet ouvrage pr\u00e9sente de fa\u00e7on progressive et didactique tous les \u00e9l\u00e9ments essentiels de la m\u00e9thode des \u00e9l\u00e9ments finis : les fondements th\u00e9oriques, les consid\u00e9rations pratiques de mise en oeuvre, les algorithmes ainsi que des illustrations num\u00e9riques r\u00e9alis\u00e9es avec MATLAB. Des exercices originaux avec corrig\u00e9s sont propos\u00e9s \u00e0 la fin de chaque chapitre.\",\"breadcrumb\":{\"@id\":\"https:\/\/www.istegroup.com\/fr\/produit\/la-methode-des-elements-finis\/#breadcrumb\"},\"inLanguage\":\"fr-FR\",\"potentialAction\":[{\"@type\":\"ReadAction\",\"target\":[\"https:\/\/www.istegroup.com\/fr\/produit\/la-methode-des-elements-finis\/\"]}]},{\"@type\":\"ImageObject\",\"inLanguage\":\"fr-FR\",\"@id\":\"https:\/\/www.istegroup.com\/fr\/produit\/la-methode-des-elements-finis\/#primaryimage\",\"url\":\"https:\/\/www.istegroup.com\/wp-content\/uploads\/2022\/06\/La-methode-des-elements-finis.jpg\",\"contentUrl\":\"https:\/\/www.istegroup.com\/wp-content\/uploads\/2022\/06\/La-methode-des-elements-finis.jpg\",\"width\":350,\"height\":525,\"caption\":\"Livre scientifique - La m\u00e9thode des \u00e9l\u00e9ments finis\"},{\"@type\":\"BreadcrumbList\",\"@id\":\"https:\/\/www.istegroup.com\/fr\/produit\/la-methode-des-elements-finis\/#breadcrumb\",\"itemListElement\":[{\"@type\":\"ListItem\",\"position\":1,\"name\":\"Home\",\"item\":\"https:\/\/www.istegroup.com\/\"},{\"@type\":\"ListItem\",\"position\":2,\"name\":\"Shop\",\"item\":\"https:\/\/www.istegroup.com\/fr\/nouveautes\/\"},{\"@type\":\"ListItem\",\"position\":3,\"name\":\"La m\u00e9thode des \u00e9l\u00e9ments finis\"}]},{\"@type\":\"WebSite\",\"@id\":\"https:\/\/www.istegroup.com\/#website\",\"url\":\"https:\/\/www.istegroup.com\/\",\"name\":\"ISTE Group\",\"description\":\"\u00c9diteur des Sciences\",\"potentialAction\":[{\"@type\":\"SearchAction\",\"target\":{\"@type\":\"EntryPoint\",\"urlTemplate\":\"https:\/\/www.istegroup.com\/?s={search_term_string}\"},\"query-input\":{\"@type\":\"PropertyValueSpecification\",\"valueRequired\":true,\"valueName\":\"search_term_string\"}}],\"inLanguage\":\"fr-FR\"}]}<\/script>\n<!-- \/ Yoast SEO plugin. -->","yoast_head_json":{"title":"La m\u00e9thode des \u00e9l\u00e9ments finis - ISTE Group","description":"Cet ouvrage pr\u00e9sente de fa\u00e7on progressive et didactique tous les \u00e9l\u00e9ments essentiels de la m\u00e9thode des \u00e9l\u00e9ments finis : les fondements th\u00e9oriques, les consid\u00e9rations pratiques de mise en oeuvre, les algorithmes ainsi que des illustrations num\u00e9riques r\u00e9alis\u00e9es avec MATLAB. Des exercices originaux avec corrig\u00e9s sont propos\u00e9s \u00e0 la fin de chaque chapitre.","robots":{"index":"index","follow":"follow","max-snippet":"max-snippet:-1","max-image-preview":"max-image-preview:large","max-video-preview":"max-video-preview:-1"},"canonical":"https:\/\/www.istegroup.com\/fr\/produit\/la-methode-des-elements-finis\/","og_locale":"fr_FR","og_type":"article","og_title":"La m\u00e9thode des \u00e9l\u00e9ments finis - ISTE Group","og_description":"Cet ouvrage pr\u00e9sente de fa\u00e7on progressive et didactique tous les \u00e9l\u00e9ments essentiels de la m\u00e9thode des \u00e9l\u00e9ments finis : les fondements th\u00e9oriques, les consid\u00e9rations pratiques de mise en oeuvre, les algorithmes ainsi que des illustrations num\u00e9riques r\u00e9alis\u00e9es avec MATLAB. Des exercices originaux avec corrig\u00e9s sont propos\u00e9s \u00e0 la fin de chaque chapitre.","og_url":"https:\/\/www.istegroup.com\/fr\/produit\/la-methode-des-elements-finis\/","og_site_name":"ISTE Group","article_modified_time":"2024-01-03T13:45:55+00:00","og_image":[{"width":350,"height":525,"url":"https:\/\/www.istegroup.com\/wp-content\/uploads\/2022\/06\/La-methode-des-elements-finis.jpg","type":"image\/jpeg"}],"twitter_card":"summary_large_image","twitter_misc":{"Est. reading time":"1 minute"},"schema":{"@context":"https:\/\/schema.org","@graph":[{"@type":"WebPage","@id":"https:\/\/www.istegroup.com\/fr\/produit\/la-methode-des-elements-finis\/","url":"https:\/\/www.istegroup.com\/fr\/produit\/la-methode-des-elements-finis\/","name":"La m\u00e9thode des \u00e9l\u00e9ments finis - ISTE Group","isPartOf":{"@id":"https:\/\/www.istegroup.com\/#website"},"primaryImageOfPage":{"@id":"https:\/\/www.istegroup.com\/fr\/produit\/la-methode-des-elements-finis\/#primaryimage"},"image":{"@id":"https:\/\/www.istegroup.com\/fr\/produit\/la-methode-des-elements-finis\/#primaryimage"},"thumbnailUrl":"https:\/\/www.istegroup.com\/wp-content\/uploads\/2022\/06\/La-methode-des-elements-finis.jpg","datePublished":"2022-07-03T15:20:26+00:00","dateModified":"2024-01-03T13:45:55+00:00","description":"Cet ouvrage pr\u00e9sente de fa\u00e7on progressive et didactique tous les \u00e9l\u00e9ments essentiels de la m\u00e9thode des \u00e9l\u00e9ments finis : les fondements th\u00e9oriques, les consid\u00e9rations pratiques de mise en oeuvre, les algorithmes ainsi que des illustrations num\u00e9riques r\u00e9alis\u00e9es avec MATLAB. Des exercices originaux avec corrig\u00e9s sont propos\u00e9s \u00e0 la fin de chaque chapitre.","breadcrumb":{"@id":"https:\/\/www.istegroup.com\/fr\/produit\/la-methode-des-elements-finis\/#breadcrumb"},"inLanguage":"fr-FR","potentialAction":[{"@type":"ReadAction","target":["https:\/\/www.istegroup.com\/fr\/produit\/la-methode-des-elements-finis\/"]}]},{"@type":"ImageObject","inLanguage":"fr-FR","@id":"https:\/\/www.istegroup.com\/fr\/produit\/la-methode-des-elements-finis\/#primaryimage","url":"https:\/\/www.istegroup.com\/wp-content\/uploads\/2022\/06\/La-methode-des-elements-finis.jpg","contentUrl":"https:\/\/www.istegroup.com\/wp-content\/uploads\/2022\/06\/La-methode-des-elements-finis.jpg","width":350,"height":525,"caption":"Livre scientifique - La m\u00e9thode des \u00e9l\u00e9ments finis"},{"@type":"BreadcrumbList","@id":"https:\/\/www.istegroup.com\/fr\/produit\/la-methode-des-elements-finis\/#breadcrumb","itemListElement":[{"@type":"ListItem","position":1,"name":"Home","item":"https:\/\/www.istegroup.com\/"},{"@type":"ListItem","position":2,"name":"Shop","item":"https:\/\/www.istegroup.com\/fr\/nouveautes\/"},{"@type":"ListItem","position":3,"name":"La m\u00e9thode des \u00e9l\u00e9ments finis"}]},{"@type":"WebSite","@id":"https:\/\/www.istegroup.com\/#website","url":"https:\/\/www.istegroup.com\/","name":"ISTE Group","description":"\u00c9diteur des Sciences","potentialAction":[{"@type":"SearchAction","target":{"@type":"EntryPoint","urlTemplate":"https:\/\/www.istegroup.com\/?s={search_term_string}"},"query-input":{"@type":"PropertyValueSpecification","valueRequired":true,"valueName":"search_term_string"}}],"inLanguage":"fr-FR"}]}},"_links":{"self":[{"href":"https:\/\/www.istegroup.com\/fr\/wp-json\/wp\/v2\/product\/46956","targetHints":{"allow":["GET"]}}],"collection":[{"href":"https:\/\/www.istegroup.com\/fr\/wp-json\/wp\/v2\/product"}],"about":[{"href":"https:\/\/www.istegroup.com\/fr\/wp-json\/wp\/v2\/types\/product"}],"wp:featuredmedia":[{"embeddable":true,"href":"https:\/\/www.istegroup.com\/fr\/wp-json\/wp\/v2\/media\/46966"}],"wp:attachment":[{"href":"https:\/\/www.istegroup.com\/fr\/wp-json\/wp\/v2\/media?parent=46956"}],"wp:term":[{"taxonomy":"product_brand","embeddable":true,"href":"https:\/\/www.istegroup.com\/fr\/wp-json\/wp\/v2\/product_brand?post=46956"},{"taxonomy":"product_cat","embeddable":true,"href":"https:\/\/www.istegroup.com\/fr\/wp-json\/wp\/v2\/product_cat?post=46956"},{"taxonomy":"product_tag","embeddable":true,"href":"https:\/\/www.istegroup.com\/fr\/wp-json\/wp\/v2\/product_tag?post=46956"}],"curies":[{"name":"wp","href":"https:\/\/api.w.org\/{rel}","templated":true}]}}