{"id":46949,"date":"2022-07-04T16:06:22","date_gmt":"2022-07-04T15:06:22","guid":{"rendered":"https:\/\/www.istegroup.com\/?post_type=product&#038;p=46949"},"modified":"2024-01-03T13:45:55","modified_gmt":"2024-01-03T13:45:55","slug":"le-management-bienveillant-dans-les-etablissements-de-sante","status":"publish","type":"product","link":"https:\/\/www.istegroup.com\/fr\/produit\/le-management-bienveillant-dans-les-etablissements-de-sante\/","title":{"rendered":"Le management bienveillant dans les \u00e9tablissements de sant\u00e9"},"content":{"rendered":"<p>Les contraintes de productivit\u00e9, de vitesse d\u2019ex\u00e9cution, d\u2019efficience et de qualit\u00e9 n&rsquo;\u00e9pargnent pas les organisations de sant\u00e9 issues du secteur social, m\u00e9dico-social et sanitaire. La course contre le temps, plus probl\u00e9matique aujourd\u2019hui qu\u2019il y a 20 ans, rend la bienveillance au travail plus difficile \u00e0 mettre en oeuvre, bien qu\u2019elle soit indispensable. La pand\u00e9mie de la Covid- 19 en 2020 n\u2019a fait que renforcer cette posture.<\/p>\n<p><em>Le management bienveillant dans les \u00e9tablissements de sant\u00e9<\/em> questionne le caract\u00e8re bienveillant du management, ici entendu au sens de prendre soin, accordant une place centrale \u00e0 la relation. Il pose un regard politique, historique et international sur le management en sant\u00e9. Il examine les exp\u00e9riences r\u00e9ussies d\u2019\u00e9tablissements de sant\u00e9 l\u2019ayant appliqu\u00e9, avec toutes ses difficult\u00e9s, ses \u00e9cueils et ses richesses. D\u2019autres secteurs d\u2019activit\u00e9 sont \u00e9galement explor\u00e9s.<\/p>\n<p>Cet ouvrage porte un regard critique sur les fondements m\u00eames du management \u00ab bienveillant \u00bb. Il ouvre le d\u00e9bat entre chercheurs de diff\u00e9rents horizons et professionnels de terrain.<\/p>","protected":false},"excerpt":{"rendered":"<p>Les contraintes de productivit\u00e9, de vitesse d\u2019ex\u00e9cution, d\u2019efficience et de qualit\u00e9 n&rsquo;\u00e9pargnent pas les organisations de sant\u00e9 issues du secteur social, m\u00e9dico-social et sanitaire. La course contre le temps, plus probl\u00e9matique aujourd\u2019hui qu\u2019il y a 20 ans, rend la bienveillance au travail plus difficile \u00e0 mettre en oeuvre, bien qu\u2019elle soit indispensable. La pand\u00e9mie de [&hellip;]<\/p>\n","protected":false},"featured_media":46955,"template":"","meta":{"_acf_changed":false,"_links_to":"","_links_to_target":""},"product_brand":[],"product_cat":[670],"product_tag":[],"class_list":{"0":"post-46949","1":"product","2":"type-product","3":"status-publish","4":"has-post-thumbnail","6":"product_cat-innovation-entrepreneuriat-et-gestion-11041751","8":"first","9":"instock","10":"shipping-taxable","11":"purchasable","12":"product-type-variable"},"acf":[],"yoast_head":"<!-- This site is optimized with the Yoast SEO plugin v27.2 - https:\/\/yoast.com\/product\/yoast-seo-wordpress\/ -->\n<title>Le management bienveillant dans les \u00e9tablissements de sant\u00e9 - ISTE Group<\/title>\n<meta name=\"description\" content=\"Le management bienveillant dans les \u00e9tablissements de sant\u00e9 questionne le caract\u00e8re bienveillant du management, ici entendu au sens de prendre soin, accordant une place centrale \u00e0 la relation.\" \/>\n<meta name=\"robots\" content=\"index, follow, max-snippet:-1, max-image-preview:large, max-video-preview:-1\" \/>\n<link rel=\"canonical\" href=\"https:\/\/www.istegroup.com\/fr\/produit\/le-management-bienveillant-dans-les-etablissements-de-sante\/\" \/>\n<meta property=\"og:locale\" content=\"fr_FR\" \/>\n<meta property=\"og:type\" content=\"article\" \/>\n<meta property=\"og:title\" content=\"Le management bienveillant dans les \u00e9tablissements de sant\u00e9 - ISTE Group\" \/>\n<meta property=\"og:description\" content=\"Le management bienveillant dans les \u00e9tablissements de sant\u00e9 questionne le caract\u00e8re bienveillant du management, ici entendu au sens de prendre soin, accordant une place centrale \u00e0 la relation.\" \/>\n<meta property=\"og:url\" content=\"https:\/\/www.istegroup.com\/fr\/produit\/le-management-bienveillant-dans-les-etablissements-de-sante\/\" \/>\n<meta property=\"og:site_name\" content=\"ISTE Group\" \/>\n<meta property=\"article:modified_time\" content=\"2024-01-03T13:45:55+00:00\" \/>\n<meta property=\"og:image\" content=\"https:\/\/www.istegroup.com\/wp-content\/uploads\/2022\/06\/Le-management-bienveillant-dans-les-etablissements-de-sante.jpg\" \/>\n\t<meta property=\"og:image:width\" content=\"350\" \/>\n\t<meta property=\"og:image:height\" content=\"529\" \/>\n\t<meta property=\"og:image:type\" content=\"image\/jpeg\" \/>\n<meta name=\"twitter:card\" content=\"summary_large_image\" \/>\n<meta name=\"twitter:label1\" content=\"Est. reading time\" \/>\n\t<meta name=\"twitter:data1\" content=\"1 minute\" \/>\n<script type=\"application\/ld+json\" class=\"yoast-schema-graph\">{\"@context\":\"https:\/\/schema.org\",\"@graph\":[{\"@type\":\"WebPage\",\"@id\":\"https:\/\/www.istegroup.com\/fr\/produit\/le-management-bienveillant-dans-les-etablissements-de-sante\/\",\"url\":\"https:\/\/www.istegroup.com\/fr\/produit\/le-management-bienveillant-dans-les-etablissements-de-sante\/\",\"name\":\"Le management bienveillant dans les \u00e9tablissements de sant\u00e9 - ISTE Group\",\"isPartOf\":{\"@id\":\"https:\/\/www.istegroup.com\/#website\"},\"primaryImageOfPage\":{\"@id\":\"https:\/\/www.istegroup.com\/fr\/produit\/le-management-bienveillant-dans-les-etablissements-de-sante\/#primaryimage\"},\"image\":{\"@id\":\"https:\/\/www.istegroup.com\/fr\/produit\/le-management-bienveillant-dans-les-etablissements-de-sante\/#primaryimage\"},\"thumbnailUrl\":\"https:\/\/www.istegroup.com\/wp-content\/uploads\/2022\/06\/Le-management-bienveillant-dans-les-etablissements-de-sante.jpg\",\"datePublished\":\"2022-07-04T15:06:22+00:00\",\"dateModified\":\"2024-01-03T13:45:55+00:00\",\"description\":\"Le management bienveillant dans les \u00e9tablissements de sant\u00e9 questionne le caract\u00e8re bienveillant du management, ici entendu au sens de prendre soin, accordant une place centrale \u00e0 la relation.\",\"breadcrumb\":{\"@id\":\"https:\/\/www.istegroup.com\/fr\/produit\/le-management-bienveillant-dans-les-etablissements-de-sante\/#breadcrumb\"},\"inLanguage\":\"fr-FR\",\"potentialAction\":[{\"@type\":\"ReadAction\",\"target\":[\"https:\/\/www.istegroup.com\/fr\/produit\/le-management-bienveillant-dans-les-etablissements-de-sante\/\"]}]},{\"@type\":\"ImageObject\",\"inLanguage\":\"fr-FR\",\"@id\":\"https:\/\/www.istegroup.com\/fr\/produit\/le-management-bienveillant-dans-les-etablissements-de-sante\/#primaryimage\",\"url\":\"https:\/\/www.istegroup.com\/wp-content\/uploads\/2022\/06\/Le-management-bienveillant-dans-les-etablissements-de-sante.jpg\",\"contentUrl\":\"https:\/\/www.istegroup.com\/wp-content\/uploads\/2022\/06\/Le-management-bienveillant-dans-les-etablissements-de-sante.jpg\",\"width\":350,\"height\":529,\"caption\":\"Livre scientifique - Le management bienveillant dans les \u00e9tablissements de sant\u00e9 - Christelle Bruy\u00e8re\"},{\"@type\":\"BreadcrumbList\",\"@id\":\"https:\/\/www.istegroup.com\/fr\/produit\/le-management-bienveillant-dans-les-etablissements-de-sante\/#breadcrumb\",\"itemListElement\":[{\"@type\":\"ListItem\",\"position\":1,\"name\":\"Home\",\"item\":\"https:\/\/www.istegroup.com\/\"},{\"@type\":\"ListItem\",\"position\":2,\"name\":\"Shop\",\"item\":\"https:\/\/www.istegroup.com\/fr\/nouveautes\/\"},{\"@type\":\"ListItem\",\"position\":3,\"name\":\"Le management bienveillant dans les \u00e9tablissements de sant\u00e9\"}]},{\"@type\":\"WebSite\",\"@id\":\"https:\/\/www.istegroup.com\/#website\",\"url\":\"https:\/\/www.istegroup.com\/\",\"name\":\"ISTE Group\",\"description\":\"\u00c9diteur des Sciences\",\"potentialAction\":[{\"@type\":\"SearchAction\",\"target\":{\"@type\":\"EntryPoint\",\"urlTemplate\":\"https:\/\/www.istegroup.com\/?s={search_term_string}\"},\"query-input\":{\"@type\":\"PropertyValueSpecification\",\"valueRequired\":true,\"valueName\":\"search_term_string\"}}],\"inLanguage\":\"fr-FR\"}]}<\/script>\n<!-- \/ Yoast SEO plugin. -->","yoast_head_json":{"title":"Le management bienveillant dans les \u00e9tablissements de sant\u00e9 - ISTE Group","description":"Le management bienveillant dans les \u00e9tablissements de sant\u00e9 questionne le caract\u00e8re bienveillant du management, ici entendu au sens de prendre soin, accordant une place centrale \u00e0 la relation.","robots":{"index":"index","follow":"follow","max-snippet":"max-snippet:-1","max-image-preview":"max-image-preview:large","max-video-preview":"max-video-preview:-1"},"canonical":"https:\/\/www.istegroup.com\/fr\/produit\/le-management-bienveillant-dans-les-etablissements-de-sante\/","og_locale":"fr_FR","og_type":"article","og_title":"Le management bienveillant dans les \u00e9tablissements de sant\u00e9 - ISTE Group","og_description":"Le management bienveillant dans les \u00e9tablissements de sant\u00e9 questionne le caract\u00e8re bienveillant du management, ici entendu au sens de prendre soin, accordant une place centrale \u00e0 la relation.","og_url":"https:\/\/www.istegroup.com\/fr\/produit\/le-management-bienveillant-dans-les-etablissements-de-sante\/","og_site_name":"ISTE Group","article_modified_time":"2024-01-03T13:45:55+00:00","og_image":[{"width":350,"height":529,"url":"https:\/\/www.istegroup.com\/wp-content\/uploads\/2022\/06\/Le-management-bienveillant-dans-les-etablissements-de-sante.jpg","type":"image\/jpeg"}],"twitter_card":"summary_large_image","twitter_misc":{"Est. reading time":"1 minute"},"schema":{"@context":"https:\/\/schema.org","@graph":[{"@type":"WebPage","@id":"https:\/\/www.istegroup.com\/fr\/produit\/le-management-bienveillant-dans-les-etablissements-de-sante\/","url":"https:\/\/www.istegroup.com\/fr\/produit\/le-management-bienveillant-dans-les-etablissements-de-sante\/","name":"Le management bienveillant dans les \u00e9tablissements de sant\u00e9 - ISTE Group","isPartOf":{"@id":"https:\/\/www.istegroup.com\/#website"},"primaryImageOfPage":{"@id":"https:\/\/www.istegroup.com\/fr\/produit\/le-management-bienveillant-dans-les-etablissements-de-sante\/#primaryimage"},"image":{"@id":"https:\/\/www.istegroup.com\/fr\/produit\/le-management-bienveillant-dans-les-etablissements-de-sante\/#primaryimage"},"thumbnailUrl":"https:\/\/www.istegroup.com\/wp-content\/uploads\/2022\/06\/Le-management-bienveillant-dans-les-etablissements-de-sante.jpg","datePublished":"2022-07-04T15:06:22+00:00","dateModified":"2024-01-03T13:45:55+00:00","description":"Le management bienveillant dans les \u00e9tablissements de sant\u00e9 questionne le caract\u00e8re bienveillant du management, ici entendu au sens de prendre soin, accordant une place centrale \u00e0 la relation.","breadcrumb":{"@id":"https:\/\/www.istegroup.com\/fr\/produit\/le-management-bienveillant-dans-les-etablissements-de-sante\/#breadcrumb"},"inLanguage":"fr-FR","potentialAction":[{"@type":"ReadAction","target":["https:\/\/www.istegroup.com\/fr\/produit\/le-management-bienveillant-dans-les-etablissements-de-sante\/"]}]},{"@type":"ImageObject","inLanguage":"fr-FR","@id":"https:\/\/www.istegroup.com\/fr\/produit\/le-management-bienveillant-dans-les-etablissements-de-sante\/#primaryimage","url":"https:\/\/www.istegroup.com\/wp-content\/uploads\/2022\/06\/Le-management-bienveillant-dans-les-etablissements-de-sante.jpg","contentUrl":"https:\/\/www.istegroup.com\/wp-content\/uploads\/2022\/06\/Le-management-bienveillant-dans-les-etablissements-de-sante.jpg","width":350,"height":529,"caption":"Livre scientifique - Le management bienveillant dans les \u00e9tablissements de sant\u00e9 - Christelle Bruy\u00e8re"},{"@type":"BreadcrumbList","@id":"https:\/\/www.istegroup.com\/fr\/produit\/le-management-bienveillant-dans-les-etablissements-de-sante\/#breadcrumb","itemListElement":[{"@type":"ListItem","position":1,"name":"Home","item":"https:\/\/www.istegroup.com\/"},{"@type":"ListItem","position":2,"name":"Shop","item":"https:\/\/www.istegroup.com\/fr\/nouveautes\/"},{"@type":"ListItem","position":3,"name":"Le management bienveillant dans les \u00e9tablissements de sant\u00e9"}]},{"@type":"WebSite","@id":"https:\/\/www.istegroup.com\/#website","url":"https:\/\/www.istegroup.com\/","name":"ISTE Group","description":"\u00c9diteur des Sciences","potentialAction":[{"@type":"SearchAction","target":{"@type":"EntryPoint","urlTemplate":"https:\/\/www.istegroup.com\/?s={search_term_string}"},"query-input":{"@type":"PropertyValueSpecification","valueRequired":true,"valueName":"search_term_string"}}],"inLanguage":"fr-FR"}]}},"_links":{"self":[{"href":"https:\/\/www.istegroup.com\/fr\/wp-json\/wp\/v2\/product\/46949","targetHints":{"allow":["GET"]}}],"collection":[{"href":"https:\/\/www.istegroup.com\/fr\/wp-json\/wp\/v2\/product"}],"about":[{"href":"https:\/\/www.istegroup.com\/fr\/wp-json\/wp\/v2\/types\/product"}],"wp:featuredmedia":[{"embeddable":true,"href":"https:\/\/www.istegroup.com\/fr\/wp-json\/wp\/v2\/media\/46955"}],"wp:attachment":[{"href":"https:\/\/www.istegroup.com\/fr\/wp-json\/wp\/v2\/media?parent=46949"}],"wp:term":[{"taxonomy":"product_brand","embeddable":true,"href":"https:\/\/www.istegroup.com\/fr\/wp-json\/wp\/v2\/product_brand?post=46949"},{"taxonomy":"product_cat","embeddable":true,"href":"https:\/\/www.istegroup.com\/fr\/wp-json\/wp\/v2\/product_cat?post=46949"},{"taxonomy":"product_tag","embeddable":true,"href":"https:\/\/www.istegroup.com\/fr\/wp-json\/wp\/v2\/product_tag?post=46949"}],"curies":[{"name":"wp","href":"https:\/\/api.w.org\/{rel}","templated":true}]}}