{"id":46941,"date":"2022-07-05T17:10:32","date_gmt":"2022-07-05T16:10:32","guid":{"rendered":"https:\/\/www.istegroup.com\/?post_type=product&#038;p=46941"},"modified":"2024-01-03T13:45:55","modified_gmt":"2024-01-03T13:45:55","slug":"organisation-et-pedagogie-de-la-complexite","status":"publish","type":"product","link":"https:\/\/www.istegroup.com\/fr\/produit\/organisation-et-pedagogie-de-la-complexite\/","title":{"rendered":"Organisation et p\u00e9dagogie de la complexit\u00e9"},"content":{"rendered":"<p><em>Organisation et p\u00e9dagogie de la complexit\u00e9<\/em> traite des syst\u00e8mes r\u00e9els, de leur architecture, ainsi que de ceux qui les con\u00e7oivent, les d\u00e9veloppent et les maintiennent.<\/p>\n<p>Apr\u00e8s un rappel sur l\u2019architecture propos\u00e9 par Daniel Krob, pr\u00e9sident du CESAMES, l\u2019ouvrage s\u2019int\u00e9resse aux \u00e9quipements capteurs et effecteurs qui acheminent et convertissent l\u2019information du syst\u00e8me l\u00e0 o\u00f9 elle doit \u00eatre trait\u00e9e. Ce sont l\u2019\u00e9quivalent des organes des sens du syst\u00e8me. Il analyse \u00e9galement les racines de la complexit\u00e9 sous l\u2019angle de la combinatoire : dans les syst\u00e8mes r\u00e9els, tout se r\u00e9sout \u00e0 des cas et\/ou des configurations \u00e0 valider en plus ou moins grand nombre mais qui doivent \u00eatre sous contr\u00f4le.<\/p>\n<p>Cet ouvrage propose deux \u00e9tudes de cas afin de donner une vision globale de la complexit\u00e9. Il pr\u00e9sente enfin une prospective rapprochant l\u2019ing\u00e9nierie des syst\u00e8mes artificiels de celle des syst\u00e8mes biologiques, \u00e0 partir d\u2019informations de premi\u00e8re main fournies par Philippe Kourilsky, professeur \u00e9m\u00e9rite du Coll\u00e8ge de France.<\/p>","protected":false},"excerpt":{"rendered":"<p>Organisation et p\u00e9dagogie de la complexit\u00e9 traite des syst\u00e8mes r\u00e9els, de leur architecture, ainsi que de ceux qui les con\u00e7oivent, les d\u00e9veloppent et les maintiennent. Apr\u00e8s un rappel sur l\u2019architecture propos\u00e9 par Daniel Krob, pr\u00e9sident du CESAMES, l\u2019ouvrage s\u2019int\u00e9resse aux \u00e9quipements capteurs et effecteurs qui acheminent et convertissent l\u2019information du syst\u00e8me l\u00e0 o\u00f9 elle doit [&hellip;]<\/p>\n","protected":false},"featured_media":46944,"template":"","meta":{"_acf_changed":false,"_links_to":"","_links_to_target":""},"product_brand":[],"product_cat":[708],"product_tag":[],"class_list":{"0":"post-46941","1":"product","2":"type-product","3":"status-publish","4":"has-post-thumbnail","6":"product_cat-systmes-et-gnie-industriel-11476925","8":"first","9":"instock","10":"shipping-taxable","11":"purchasable","12":"product-type-variable"},"acf":[],"yoast_head":"<!-- This site is optimized with the Yoast SEO plugin v27.2 - https:\/\/yoast.com\/product\/yoast-seo-wordpress\/ -->\n<title>Organisation et p\u00e9dagogie de la complexit\u00e9 - ISTE Group<\/title>\n<meta name=\"robots\" content=\"index, follow, max-snippet:-1, max-image-preview:large, max-video-preview:-1\" \/>\n<link rel=\"canonical\" href=\"https:\/\/www.istegroup.com\/en\/produit\/organisation-et-pedagogie-de-la-complexite\/\" \/>\n<meta property=\"og:locale\" content=\"fr_FR\" \/>\n<meta property=\"og:type\" content=\"article\" \/>\n<meta property=\"og:title\" content=\"Organisation et p\u00e9dagogie de la complexit\u00e9 - ISTE Group\" \/>\n<meta property=\"og:description\" content=\"Organisation et p\u00e9dagogie de la complexit\u00e9 traite des syst\u00e8mes r\u00e9els, de leur architecture, ainsi que de ceux qui les con\u00e7oivent, les d\u00e9veloppent et les maintiennent. Apr\u00e8s un rappel sur l\u2019architecture propos\u00e9 par Daniel Krob, pr\u00e9sident du CESAMES, l\u2019ouvrage s\u2019int\u00e9resse aux \u00e9quipements capteurs et effecteurs qui acheminent et convertissent l\u2019information du syst\u00e8me l\u00e0 o\u00f9 elle doit [&hellip;]\" \/>\n<meta property=\"og:url\" content=\"https:\/\/www.istegroup.com\/en\/produit\/organisation-et-pedagogie-de-la-complexite\/\" \/>\n<meta property=\"og:site_name\" content=\"ISTE Group\" \/>\n<meta property=\"article:modified_time\" content=\"2024-01-03T13:45:55+00:00\" \/>\n<meta property=\"og:image\" content=\"https:\/\/www.istegroup.com\/wp-content\/uploads\/2022\/06\/Organisation-et-pedagogie-de-la-complexite.jpg\" \/>\n\t<meta property=\"og:image:width\" content=\"350\" \/>\n\t<meta property=\"og:image:height\" content=\"526\" \/>\n\t<meta property=\"og:image:type\" content=\"image\/jpeg\" \/>\n<meta name=\"twitter:card\" content=\"summary_large_image\" \/>\n<meta name=\"twitter:label1\" content=\"Est. reading time\" \/>\n\t<meta name=\"twitter:data1\" content=\"1 minute\" \/>\n<script type=\"application\/ld+json\" class=\"yoast-schema-graph\">{\"@context\":\"https:\/\/schema.org\",\"@graph\":[{\"@type\":\"WebPage\",\"@id\":\"https:\/\/www.istegroup.com\/en\/produit\/organisation-et-pedagogie-de-la-complexite\/\",\"url\":\"https:\/\/www.istegroup.com\/en\/produit\/organisation-et-pedagogie-de-la-complexite\/\",\"name\":\"Organisation et p\u00e9dagogie de la complexit\u00e9 - ISTE Group\",\"isPartOf\":{\"@id\":\"https:\/\/www.istegroup.com\/#website\"},\"primaryImageOfPage\":{\"@id\":\"https:\/\/www.istegroup.com\/en\/produit\/organisation-et-pedagogie-de-la-complexite\/#primaryimage\"},\"image\":{\"@id\":\"https:\/\/www.istegroup.com\/en\/produit\/organisation-et-pedagogie-de-la-complexite\/#primaryimage\"},\"thumbnailUrl\":\"https:\/\/www.istegroup.com\/wp-content\/uploads\/2022\/06\/Organisation-et-pedagogie-de-la-complexite.jpg\",\"datePublished\":\"2022-07-05T16:10:32+00:00\",\"dateModified\":\"2024-01-03T13:45:55+00:00\",\"breadcrumb\":{\"@id\":\"https:\/\/www.istegroup.com\/en\/produit\/organisation-et-pedagogie-de-la-complexite\/#breadcrumb\"},\"inLanguage\":\"fr-FR\",\"potentialAction\":[{\"@type\":\"ReadAction\",\"target\":[\"https:\/\/www.istegroup.com\/en\/produit\/organisation-et-pedagogie-de-la-complexite\/\"]}]},{\"@type\":\"ImageObject\",\"inLanguage\":\"fr-FR\",\"@id\":\"https:\/\/www.istegroup.com\/en\/produit\/organisation-et-pedagogie-de-la-complexite\/#primaryimage\",\"url\":\"https:\/\/www.istegroup.com\/wp-content\/uploads\/2022\/06\/Organisation-et-pedagogie-de-la-complexite.jpg\",\"contentUrl\":\"https:\/\/www.istegroup.com\/wp-content\/uploads\/2022\/06\/Organisation-et-pedagogie-de-la-complexite.jpg\",\"width\":350,\"height\":526,\"caption\":\"Livre scientifique - Organisation et p\u00e9dagogie de la complexit\u00e9 - Jacques Printz\"},{\"@type\":\"BreadcrumbList\",\"@id\":\"https:\/\/www.istegroup.com\/en\/produit\/organisation-et-pedagogie-de-la-complexite\/#breadcrumb\",\"itemListElement\":[{\"@type\":\"ListItem\",\"position\":1,\"name\":\"Home\",\"item\":\"https:\/\/www.istegroup.com\/\"},{\"@type\":\"ListItem\",\"position\":2,\"name\":\"Shop\",\"item\":\"https:\/\/www.istegroup.com\/fr\/nouveautes\/\"},{\"@type\":\"ListItem\",\"position\":3,\"name\":\"Organisation et p\u00e9dagogie de la complexit\u00e9\"}]},{\"@type\":\"WebSite\",\"@id\":\"https:\/\/www.istegroup.com\/#website\",\"url\":\"https:\/\/www.istegroup.com\/\",\"name\":\"ISTE Group\",\"description\":\"\u00c9diteur des Sciences\",\"potentialAction\":[{\"@type\":\"SearchAction\",\"target\":{\"@type\":\"EntryPoint\",\"urlTemplate\":\"https:\/\/www.istegroup.com\/?s={search_term_string}\"},\"query-input\":{\"@type\":\"PropertyValueSpecification\",\"valueRequired\":true,\"valueName\":\"search_term_string\"}}],\"inLanguage\":\"fr-FR\"}]}<\/script>\n<!-- \/ Yoast SEO plugin. -->","yoast_head_json":{"title":"Organisation et p\u00e9dagogie de la complexit\u00e9 - ISTE Group","robots":{"index":"index","follow":"follow","max-snippet":"max-snippet:-1","max-image-preview":"max-image-preview:large","max-video-preview":"max-video-preview:-1"},"canonical":"https:\/\/www.istegroup.com\/en\/produit\/organisation-et-pedagogie-de-la-complexite\/","og_locale":"fr_FR","og_type":"article","og_title":"Organisation et p\u00e9dagogie de la complexit\u00e9 - ISTE Group","og_description":"Organisation et p\u00e9dagogie de la complexit\u00e9 traite des syst\u00e8mes r\u00e9els, de leur architecture, ainsi que de ceux qui les con\u00e7oivent, les d\u00e9veloppent et les maintiennent. Apr\u00e8s un rappel sur l\u2019architecture propos\u00e9 par Daniel Krob, pr\u00e9sident du CESAMES, l\u2019ouvrage s\u2019int\u00e9resse aux \u00e9quipements capteurs et effecteurs qui acheminent et convertissent l\u2019information du syst\u00e8me l\u00e0 o\u00f9 elle doit [&hellip;]","og_url":"https:\/\/www.istegroup.com\/en\/produit\/organisation-et-pedagogie-de-la-complexite\/","og_site_name":"ISTE Group","article_modified_time":"2024-01-03T13:45:55+00:00","og_image":[{"width":350,"height":526,"url":"https:\/\/www.istegroup.com\/wp-content\/uploads\/2022\/06\/Organisation-et-pedagogie-de-la-complexite.jpg","type":"image\/jpeg"}],"twitter_card":"summary_large_image","twitter_misc":{"Est. reading time":"1 minute"},"schema":{"@context":"https:\/\/schema.org","@graph":[{"@type":"WebPage","@id":"https:\/\/www.istegroup.com\/en\/produit\/organisation-et-pedagogie-de-la-complexite\/","url":"https:\/\/www.istegroup.com\/en\/produit\/organisation-et-pedagogie-de-la-complexite\/","name":"Organisation et p\u00e9dagogie de la complexit\u00e9 - ISTE Group","isPartOf":{"@id":"https:\/\/www.istegroup.com\/#website"},"primaryImageOfPage":{"@id":"https:\/\/www.istegroup.com\/en\/produit\/organisation-et-pedagogie-de-la-complexite\/#primaryimage"},"image":{"@id":"https:\/\/www.istegroup.com\/en\/produit\/organisation-et-pedagogie-de-la-complexite\/#primaryimage"},"thumbnailUrl":"https:\/\/www.istegroup.com\/wp-content\/uploads\/2022\/06\/Organisation-et-pedagogie-de-la-complexite.jpg","datePublished":"2022-07-05T16:10:32+00:00","dateModified":"2024-01-03T13:45:55+00:00","breadcrumb":{"@id":"https:\/\/www.istegroup.com\/en\/produit\/organisation-et-pedagogie-de-la-complexite\/#breadcrumb"},"inLanguage":"fr-FR","potentialAction":[{"@type":"ReadAction","target":["https:\/\/www.istegroup.com\/en\/produit\/organisation-et-pedagogie-de-la-complexite\/"]}]},{"@type":"ImageObject","inLanguage":"fr-FR","@id":"https:\/\/www.istegroup.com\/en\/produit\/organisation-et-pedagogie-de-la-complexite\/#primaryimage","url":"https:\/\/www.istegroup.com\/wp-content\/uploads\/2022\/06\/Organisation-et-pedagogie-de-la-complexite.jpg","contentUrl":"https:\/\/www.istegroup.com\/wp-content\/uploads\/2022\/06\/Organisation-et-pedagogie-de-la-complexite.jpg","width":350,"height":526,"caption":"Livre scientifique - Organisation et p\u00e9dagogie de la complexit\u00e9 - Jacques Printz"},{"@type":"BreadcrumbList","@id":"https:\/\/www.istegroup.com\/en\/produit\/organisation-et-pedagogie-de-la-complexite\/#breadcrumb","itemListElement":[{"@type":"ListItem","position":1,"name":"Home","item":"https:\/\/www.istegroup.com\/"},{"@type":"ListItem","position":2,"name":"Shop","item":"https:\/\/www.istegroup.com\/fr\/nouveautes\/"},{"@type":"ListItem","position":3,"name":"Organisation et p\u00e9dagogie de la complexit\u00e9"}]},{"@type":"WebSite","@id":"https:\/\/www.istegroup.com\/#website","url":"https:\/\/www.istegroup.com\/","name":"ISTE Group","description":"\u00c9diteur des Sciences","potentialAction":[{"@type":"SearchAction","target":{"@type":"EntryPoint","urlTemplate":"https:\/\/www.istegroup.com\/?s={search_term_string}"},"query-input":{"@type":"PropertyValueSpecification","valueRequired":true,"valueName":"search_term_string"}}],"inLanguage":"fr-FR"}]}},"_links":{"self":[{"href":"https:\/\/www.istegroup.com\/fr\/wp-json\/wp\/v2\/product\/46941","targetHints":{"allow":["GET"]}}],"collection":[{"href":"https:\/\/www.istegroup.com\/fr\/wp-json\/wp\/v2\/product"}],"about":[{"href":"https:\/\/www.istegroup.com\/fr\/wp-json\/wp\/v2\/types\/product"}],"wp:featuredmedia":[{"embeddable":true,"href":"https:\/\/www.istegroup.com\/fr\/wp-json\/wp\/v2\/media\/46944"}],"wp:attachment":[{"href":"https:\/\/www.istegroup.com\/fr\/wp-json\/wp\/v2\/media?parent=46941"}],"wp:term":[{"taxonomy":"product_brand","embeddable":true,"href":"https:\/\/www.istegroup.com\/fr\/wp-json\/wp\/v2\/product_brand?post=46941"},{"taxonomy":"product_cat","embeddable":true,"href":"https:\/\/www.istegroup.com\/fr\/wp-json\/wp\/v2\/product_cat?post=46941"},{"taxonomy":"product_tag","embeddable":true,"href":"https:\/\/www.istegroup.com\/fr\/wp-json\/wp\/v2\/product_tag?post=46941"}],"curies":[{"name":"wp","href":"https:\/\/api.w.org\/{rel}","templated":true}]}}