{"id":46925,"date":"2022-07-05T17:16:52","date_gmt":"2022-07-05T16:16:52","guid":{"rendered":"https:\/\/www.istegroup.com\/?post_type=product&#038;p=46925"},"modified":"2024-01-03T13:45:54","modified_gmt":"2024-01-03T13:45:54","slug":"la-therapie-numerique","status":"publish","type":"product","link":"https:\/\/www.istegroup.com\/fr\/produit\/la-therapie-numerique\/","title":{"rendered":"La th\u00e9rapie num\u00e9rique"},"content":{"rendered":"<p>La multiplication des services m\u00e9dicaux propos\u00e9e par les applications de sant\u00e9 num\u00e9rique tend \u00e0 conqu\u00e9rir toute la sph\u00e8re m\u00e9dicale \u00e0 l\u2019\u00e9chelle plan\u00e9taire. Ces applications am\u00e9liorent le suivi des patients \u00e0 travers une m\u00e9decine pr\u00e9dictive, pr\u00e9ventive, personnalis\u00e9e, participative et de pr\u00e9cision. Cette nouvelle \u00e8re th\u00e9rapeutique apporte des approches innovantes dans la prise en charge m\u00e9dicale que l\u2019on qualifierait de th\u00e9rapies num\u00e9riques des soins.<\/p>\n<p><em>La th\u00e9rapie num\u00e9rique<\/em> pr\u00e9sente un panorama des nombreuses technologies incr\u00e9mentales dans le domaine de la sant\u00e9 num\u00e9rique. On y retrouve, par exemple, des robots humano\u00efdes d\u2019assistance pour relever des d\u00e9fis en mati\u00e8re de soins, ou encore les techniques d\u2019intelligence artificielle apportant des r\u00e9sultats prometteurs dans le diagnostic pr\u00e9coce de certaines maladies chroniques. Il expose \u00e9galement des recommandations pour r\u00e9duire les incapacit\u00e9s dues \u00e0 la gestion des syst\u00e8mes de sant\u00e9 durant les \u00e9pid\u00e9mies de maladies coronariennes.<\/p>","protected":false},"excerpt":{"rendered":"<p>La multiplication des services m\u00e9dicaux propos\u00e9e par les applications de sant\u00e9 num\u00e9rique tend \u00e0 conqu\u00e9rir toute la sph\u00e8re m\u00e9dicale \u00e0 l\u2019\u00e9chelle plan\u00e9taire. Ces applications am\u00e9liorent le suivi des patients \u00e0 travers une m\u00e9decine pr\u00e9dictive, pr\u00e9ventive, personnalis\u00e9e, participative et de pr\u00e9cision. Cette nouvelle \u00e8re th\u00e9rapeutique apporte des approches innovantes dans la prise en charge m\u00e9dicale que [&hellip;]<\/p>\n","protected":false},"featured_media":46930,"template":"","meta":{"_acf_changed":false,"_links_to":"","_links_to_target":""},"product_brand":[],"product_cat":[668],"product_tag":[],"class_list":{"0":"post-46925","1":"product","2":"type-product","3":"status-publish","4":"has-post-thumbnail","6":"product_cat-ingnierie-de-la-sant-et-socit-188418884","8":"first","9":"instock","10":"shipping-taxable","11":"purchasable","12":"product-type-variable"},"acf":[],"yoast_head":"<!-- This site is optimized with the Yoast SEO plugin v27.2 - https:\/\/yoast.com\/product\/yoast-seo-wordpress\/ -->\n<title>La th\u00e9rapie num\u00e9rique - ISTE Group<\/title>\n<meta name=\"description\" content=\"La th\u00e9rapie num\u00e9rique pr\u00e9sente un panorama des nombreuses technologies incr\u00e9mentales dans le domaine de la sant\u00e9 num\u00e9rique.\" \/>\n<meta name=\"robots\" content=\"index, follow, max-snippet:-1, max-image-preview:large, max-video-preview:-1\" \/>\n<link rel=\"canonical\" href=\"https:\/\/www.istegroup.com\/fr\/produit\/la-therapie-numerique\/\" \/>\n<meta property=\"og:locale\" content=\"fr_FR\" \/>\n<meta property=\"og:type\" content=\"article\" \/>\n<meta property=\"og:title\" content=\"La th\u00e9rapie num\u00e9rique - ISTE Group\" \/>\n<meta property=\"og:description\" content=\"La th\u00e9rapie num\u00e9rique pr\u00e9sente un panorama des nombreuses technologies incr\u00e9mentales dans le domaine de la sant\u00e9 num\u00e9rique.\" \/>\n<meta property=\"og:url\" content=\"https:\/\/www.istegroup.com\/fr\/produit\/la-therapie-numerique\/\" \/>\n<meta property=\"og:site_name\" content=\"ISTE Group\" \/>\n<meta property=\"article:modified_time\" content=\"2024-01-03T13:45:54+00:00\" \/>\n<meta property=\"og:image\" content=\"https:\/\/www.istegroup.com\/wp-content\/uploads\/2022\/06\/La-therapie-numerique.jpg\" \/>\n\t<meta property=\"og:image:width\" content=\"350\" \/>\n\t<meta property=\"og:image:height\" content=\"528\" \/>\n\t<meta property=\"og:image:type\" content=\"image\/jpeg\" \/>\n<meta name=\"twitter:card\" content=\"summary_large_image\" \/>\n<meta name=\"twitter:label1\" content=\"Est. reading time\" \/>\n\t<meta name=\"twitter:data1\" content=\"1 minute\" \/>\n<script type=\"application\/ld+json\" class=\"yoast-schema-graph\">{\"@context\":\"https:\/\/schema.org\",\"@graph\":[{\"@type\":\"WebPage\",\"@id\":\"https:\/\/www.istegroup.com\/fr\/produit\/la-therapie-numerique\/\",\"url\":\"https:\/\/www.istegroup.com\/fr\/produit\/la-therapie-numerique\/\",\"name\":\"La th\u00e9rapie num\u00e9rique - ISTE Group\",\"isPartOf\":{\"@id\":\"https:\/\/www.istegroup.com\/#website\"},\"primaryImageOfPage\":{\"@id\":\"https:\/\/www.istegroup.com\/fr\/produit\/la-therapie-numerique\/#primaryimage\"},\"image\":{\"@id\":\"https:\/\/www.istegroup.com\/fr\/produit\/la-therapie-numerique\/#primaryimage\"},\"thumbnailUrl\":\"https:\/\/www.istegroup.com\/wp-content\/uploads\/2022\/06\/La-therapie-numerique.jpg\",\"datePublished\":\"2022-07-05T16:16:52+00:00\",\"dateModified\":\"2024-01-03T13:45:54+00:00\",\"description\":\"La th\u00e9rapie num\u00e9rique pr\u00e9sente un panorama des nombreuses technologies incr\u00e9mentales dans le domaine de la sant\u00e9 num\u00e9rique.\",\"breadcrumb\":{\"@id\":\"https:\/\/www.istegroup.com\/fr\/produit\/la-therapie-numerique\/#breadcrumb\"},\"inLanguage\":\"fr-FR\",\"potentialAction\":[{\"@type\":\"ReadAction\",\"target\":[\"https:\/\/www.istegroup.com\/fr\/produit\/la-therapie-numerique\/\"]}]},{\"@type\":\"ImageObject\",\"inLanguage\":\"fr-FR\",\"@id\":\"https:\/\/www.istegroup.com\/fr\/produit\/la-therapie-numerique\/#primaryimage\",\"url\":\"https:\/\/www.istegroup.com\/wp-content\/uploads\/2022\/06\/La-therapie-numerique.jpg\",\"contentUrl\":\"https:\/\/www.istegroup.com\/wp-content\/uploads\/2022\/06\/La-therapie-numerique.jpg\",\"width\":350,\"height\":528,\"caption\":\"Livre scientifique - La th\u00e9rapie num\u00e9rique - Laure Beyala\"},{\"@type\":\"BreadcrumbList\",\"@id\":\"https:\/\/www.istegroup.com\/fr\/produit\/la-therapie-numerique\/#breadcrumb\",\"itemListElement\":[{\"@type\":\"ListItem\",\"position\":1,\"name\":\"Home\",\"item\":\"https:\/\/www.istegroup.com\/\"},{\"@type\":\"ListItem\",\"position\":2,\"name\":\"Shop\",\"item\":\"https:\/\/www.istegroup.com\/fr\/nouveautes\/\"},{\"@type\":\"ListItem\",\"position\":3,\"name\":\"La th\u00e9rapie num\u00e9rique\"}]},{\"@type\":\"WebSite\",\"@id\":\"https:\/\/www.istegroup.com\/#website\",\"url\":\"https:\/\/www.istegroup.com\/\",\"name\":\"ISTE Group\",\"description\":\"\u00c9diteur des Sciences\",\"potentialAction\":[{\"@type\":\"SearchAction\",\"target\":{\"@type\":\"EntryPoint\",\"urlTemplate\":\"https:\/\/www.istegroup.com\/?s={search_term_string}\"},\"query-input\":{\"@type\":\"PropertyValueSpecification\",\"valueRequired\":true,\"valueName\":\"search_term_string\"}}],\"inLanguage\":\"fr-FR\"}]}<\/script>\n<!-- \/ Yoast SEO plugin. -->","yoast_head_json":{"title":"La th\u00e9rapie num\u00e9rique - ISTE Group","description":"La th\u00e9rapie num\u00e9rique pr\u00e9sente un panorama des nombreuses technologies incr\u00e9mentales dans le domaine de la sant\u00e9 num\u00e9rique.","robots":{"index":"index","follow":"follow","max-snippet":"max-snippet:-1","max-image-preview":"max-image-preview:large","max-video-preview":"max-video-preview:-1"},"canonical":"https:\/\/www.istegroup.com\/fr\/produit\/la-therapie-numerique\/","og_locale":"fr_FR","og_type":"article","og_title":"La th\u00e9rapie num\u00e9rique - ISTE Group","og_description":"La th\u00e9rapie num\u00e9rique pr\u00e9sente un panorama des nombreuses technologies incr\u00e9mentales dans le domaine de la sant\u00e9 num\u00e9rique.","og_url":"https:\/\/www.istegroup.com\/fr\/produit\/la-therapie-numerique\/","og_site_name":"ISTE Group","article_modified_time":"2024-01-03T13:45:54+00:00","og_image":[{"width":350,"height":528,"url":"https:\/\/www.istegroup.com\/wp-content\/uploads\/2022\/06\/La-therapie-numerique.jpg","type":"image\/jpeg"}],"twitter_card":"summary_large_image","twitter_misc":{"Est. reading time":"1 minute"},"schema":{"@context":"https:\/\/schema.org","@graph":[{"@type":"WebPage","@id":"https:\/\/www.istegroup.com\/fr\/produit\/la-therapie-numerique\/","url":"https:\/\/www.istegroup.com\/fr\/produit\/la-therapie-numerique\/","name":"La th\u00e9rapie num\u00e9rique - ISTE Group","isPartOf":{"@id":"https:\/\/www.istegroup.com\/#website"},"primaryImageOfPage":{"@id":"https:\/\/www.istegroup.com\/fr\/produit\/la-therapie-numerique\/#primaryimage"},"image":{"@id":"https:\/\/www.istegroup.com\/fr\/produit\/la-therapie-numerique\/#primaryimage"},"thumbnailUrl":"https:\/\/www.istegroup.com\/wp-content\/uploads\/2022\/06\/La-therapie-numerique.jpg","datePublished":"2022-07-05T16:16:52+00:00","dateModified":"2024-01-03T13:45:54+00:00","description":"La th\u00e9rapie num\u00e9rique pr\u00e9sente un panorama des nombreuses technologies incr\u00e9mentales dans le domaine de la sant\u00e9 num\u00e9rique.","breadcrumb":{"@id":"https:\/\/www.istegroup.com\/fr\/produit\/la-therapie-numerique\/#breadcrumb"},"inLanguage":"fr-FR","potentialAction":[{"@type":"ReadAction","target":["https:\/\/www.istegroup.com\/fr\/produit\/la-therapie-numerique\/"]}]},{"@type":"ImageObject","inLanguage":"fr-FR","@id":"https:\/\/www.istegroup.com\/fr\/produit\/la-therapie-numerique\/#primaryimage","url":"https:\/\/www.istegroup.com\/wp-content\/uploads\/2022\/06\/La-therapie-numerique.jpg","contentUrl":"https:\/\/www.istegroup.com\/wp-content\/uploads\/2022\/06\/La-therapie-numerique.jpg","width":350,"height":528,"caption":"Livre scientifique - La th\u00e9rapie num\u00e9rique - Laure Beyala"},{"@type":"BreadcrumbList","@id":"https:\/\/www.istegroup.com\/fr\/produit\/la-therapie-numerique\/#breadcrumb","itemListElement":[{"@type":"ListItem","position":1,"name":"Home","item":"https:\/\/www.istegroup.com\/"},{"@type":"ListItem","position":2,"name":"Shop","item":"https:\/\/www.istegroup.com\/fr\/nouveautes\/"},{"@type":"ListItem","position":3,"name":"La th\u00e9rapie num\u00e9rique"}]},{"@type":"WebSite","@id":"https:\/\/www.istegroup.com\/#website","url":"https:\/\/www.istegroup.com\/","name":"ISTE Group","description":"\u00c9diteur des Sciences","potentialAction":[{"@type":"SearchAction","target":{"@type":"EntryPoint","urlTemplate":"https:\/\/www.istegroup.com\/?s={search_term_string}"},"query-input":{"@type":"PropertyValueSpecification","valueRequired":true,"valueName":"search_term_string"}}],"inLanguage":"fr-FR"}]}},"_links":{"self":[{"href":"https:\/\/www.istegroup.com\/fr\/wp-json\/wp\/v2\/product\/46925","targetHints":{"allow":["GET"]}}],"collection":[{"href":"https:\/\/www.istegroup.com\/fr\/wp-json\/wp\/v2\/product"}],"about":[{"href":"https:\/\/www.istegroup.com\/fr\/wp-json\/wp\/v2\/types\/product"}],"wp:featuredmedia":[{"embeddable":true,"href":"https:\/\/www.istegroup.com\/fr\/wp-json\/wp\/v2\/media\/46930"}],"wp:attachment":[{"href":"https:\/\/www.istegroup.com\/fr\/wp-json\/wp\/v2\/media?parent=46925"}],"wp:term":[{"taxonomy":"product_brand","embeddable":true,"href":"https:\/\/www.istegroup.com\/fr\/wp-json\/wp\/v2\/product_brand?post=46925"},{"taxonomy":"product_cat","embeddable":true,"href":"https:\/\/www.istegroup.com\/fr\/wp-json\/wp\/v2\/product_cat?post=46925"},{"taxonomy":"product_tag","embeddable":true,"href":"https:\/\/www.istegroup.com\/fr\/wp-json\/wp\/v2\/product_tag?post=46925"}],"curies":[{"name":"wp","href":"https:\/\/api.w.org\/{rel}","templated":true}]}}